{"id":690,"date":"2019-04-22T13:20:29","date_gmt":"2019-04-22T16:20:29","guid":{"rendered":"https:\/\/eirich.com.br\/es\/?page_id=690"},"modified":"2019-04-22T13:20:59","modified_gmt":"2019-04-22T16:20:59","slug":"aseguramiento-de-calidad","status":"publish","type":"page","link":"https:\/\/eirich.com.br\/es\/aplicaciones\/fundicion\/aseguramiento-de-calidad\/","title":{"rendered":"Aseguramiento de calidad"},"content":{"rendered":"<h3>Aseguramiento de calidad por tecnolog\u00eda de control 4.0 de Eirich<\/h3>\n<p><strong>Soluciones de control para la preparaci\u00f3n de arena de moldeo &#8211; todo de un solo proveedor.<\/strong><\/p>\n<p><strong>Regulaci\u00f3n del proceso<\/strong><\/p>\n<p>La v\u00eda hacia una arena de moldeo de calidad en 4 etapas:<\/p>\n<ol>\n<li>Medici\u00f3n de humedad<\/li>\n<li>Regulaci\u00f3n de la compactibilidad con QualiMaster AT1<\/li>\n<li>Regulaci\u00f3n de la resistencia al cizallamiento con QualiMaster AT1<\/li>\n<li>Control de la arena de moldeo con SandExpert<\/li>\n<\/ol>\n<p><strong>SandExpert<\/strong><\/p>\n<ul>\n<li>Perfecta herramienta software para el aseguramiento de calidad<\/li>\n<li>Control preventivo de la arena de moldeo sirvi\u00e9ndose de datos modelo y factores de desgaste<\/li>\n<li>Versi\u00f3n b\u00e1sica SandReport para el registro y la evaluaci\u00f3n continua de datos de carga<\/li>\n<\/ul>\n<p><strong>Visualizaci\u00f3n de procesos<\/strong><\/p>\n<ul>\n<li>F\u00e1cil manejo y sinopsis gr\u00e1fica de la planta<\/li>\n<li>Visualizaci\u00f3n detallada de estados de todos los sensores y actores de las mezcladoras y los componentes de la planta<\/li>\n<li>La ejecuci\u00f3n est\u00e1ndar se entrega con accesorios tales que la gesti\u00f3n de f\u00f3rmulas, el registro cronol\u00f3gico de cargas, registro de valores medidos etc.<\/li>\n<\/ul>\n<p><strong>Interfaces ERP<\/strong><\/p>\n<ul>\n<li>Intercambio de datos directo entre SandExpert y base de datos ERP<\/li>\n<li>Soporte de todos los sistemas comerciales de bases de datos<\/li>\n<li>Posibilidad de transmisi\u00f3n de registros cronol\u00f3gico de cargas, f\u00f3rmulas, datos de modelo y laboratorio<\/li>\n<\/ul>\n<p><strong>Distribuci\u00f3n de la arena de moldeo<\/strong><\/p>\n<ul>\n<li>Registro en l\u00ednea y visualizaci\u00f3n de la distribuci\u00f3n de la arena preparada en todo el sistema de transporte<\/li>\n<li>Mejor mantenimiento de las caracter\u00edsticas de la arena de moldeo debido al llenado a medida de las tolvas de la moldeadora<\/li>\n<li>Desgaste reducido de cintas y rascadores<\/li>\n<\/ul>\n<p><strong>Tele servicio<\/strong><\/p>\n<ul>\n<li>M\u00f3dulo para el tele mantenimiento de m\u00e1quinas e instalaciones<\/li>\n<li>Eficaz asistencia t\u00e9cnica<\/li>\n<li>Elevada disponibilidad de la planta gracias al tiempo de reacci\u00f3n m\u00e1s r\u00e1pido<\/li>\n<\/ul>\n<p><strong>Mantenimiento<\/strong><\/p>\n<ul>\n<li>Herramienta software para aumentar la disponibilidad de la planta<\/li>\n<li>Determinaci\u00f3n de la demanda de piezas de desgaste y repuestos a base de datos operacionales<\/li>\n<li>Optimizaci\u00f3n del empleo de personal sirvi\u00e9ndose de planos de trabajo indicando las actividades y los intervalos de mantenimiento<\/li>\n<li>Historial de operaciones de mantenimiento realizadas<\/li>\n<\/ul>\n<p><strong>Documentaci\u00f3n<\/strong><\/p>\n<ul>\n<li>Identificaci\u00f3n de los componentes instalados mediante navegaci\u00f3n gr\u00e1fica en el flujograma<\/li>\n<li>Simplificaci\u00f3n de la demanda de repuestos y del encargo<\/li>\n<li>Acceso r\u00e1pido a toda la documentaci\u00f3n entregada para el suministro de Eirich<\/li>\n<\/ul>\n<p><strong>Diagn\u00f3stico<\/strong><\/p>\n<ul>\n<li>M\u00f3dulo para el control en l\u00ednea del estado de su m\u00e1quina<\/li>\n<li>Evitaci\u00f3n de paradas imprevistas<\/li>\n<li>Permite un suministro \u00abjusto a tiempo\u00bb de repuestos reduciendo el almacenamiento<\/li>\n<\/ul>\n<p><strong>Sistemas de sensores inteligentes<\/strong><\/p>\n<ul>\n<li>Parametrizaci\u00f3n central de sensores interconectados (tambi\u00e9n por tele servicio de Eirich)<\/li>\n<li>Recambio de sensores sin herramientas de parametrizaci\u00f3n especiales<\/li>\n<li>Elevada seguridad de procesos gracias a tecnolog\u00eda de sensores con auto monitoreo<\/li>\n<\/ul>\n<hr \/>\n<p><strong>Volver a <a href=\"https:\/\/eirich.com.br\/es\/aplicaciones\/fundicion\/\">Fundici\u00f3n<\/a><\/strong><\/p>\n","protected":false},"excerpt":{"rendered":"<p>Aseguramiento de calidad por tecnolog\u00eda de control 4.0 de Eirich Soluciones de control para la preparaci\u00f3n de arena de moldeo &#8211; todo de un solo proveedor. Regulaci\u00f3n del proceso La v\u00eda hacia una arena de moldeo de calidad en 4 etapas: Medici\u00f3n de humedad Regulaci\u00f3n de la compactibilidad con QualiMaster AT1 Regulaci\u00f3n de la resistencia [&hellip;]<\/p>\n","protected":false},"author":1,"featured_media":0,"parent":34,"menu_order":3,"comment_status":"closed","ping_status":"closed","template":"","meta":{"footnotes":""},"class_list":["post-690","page","type-page","status-publish","hentry"],"yoast_head":"<!-- This site is optimized with the Yoast SEO plugin v26.6 - https:\/\/yoast.com\/wordpress\/plugins\/seo\/ -->\n<title>Aseguramiento de calidad - Eirich de Brasil<\/title>\n<meta name=\"robots\" content=\"index, follow, max-snippet:-1, max-image-preview:large, max-video-preview:-1\" \/>\n<link rel=\"canonical\" href=\"https:\/\/eirich.com.br\/es\/aplicaciones\/fundicion\/aseguramiento-de-calidad\/\" \/>\n<meta property=\"og:locale\" content=\"es_ES\" \/>\n<meta property=\"og:type\" content=\"article\" \/>\n<meta property=\"og:title\" content=\"Aseguramiento de calidad - Eirich de Brasil\" \/>\n<meta property=\"og:description\" content=\"Aseguramiento de calidad por tecnolog\u00eda de control 4.0 de Eirich Soluciones de control para la preparaci\u00f3n de arena de moldeo &#8211; todo de un solo proveedor. Regulaci\u00f3n del proceso La v\u00eda hacia una arena de moldeo de calidad en 4 etapas: Medici\u00f3n de humedad Regulaci\u00f3n de la compactibilidad con QualiMaster AT1 Regulaci\u00f3n de la resistencia [&hellip;]\" \/>\n<meta property=\"og:url\" content=\"https:\/\/eirich.com.br\/es\/aplicaciones\/fundicion\/aseguramiento-de-calidad\/\" \/>\n<meta property=\"og:site_name\" content=\"Eirich de Brasil\" \/>\n<meta property=\"article:modified_time\" content=\"2019-04-22T16:20:59+00:00\" \/>\n<meta name=\"twitter:card\" content=\"summary_large_image\" \/>\n<meta name=\"twitter:label1\" content=\"Tiempo de lectura\" \/>\n\t<meta name=\"twitter:data1\" content=\"2 minutos\" \/>\n<script type=\"application\/ld+json\" class=\"yoast-schema-graph\">{\"@context\":\"https:\/\/schema.org\",\"@graph\":[{\"@type\":\"WebPage\",\"@id\":\"https:\/\/eirich.com.br\/es\/aplicaciones\/fundicion\/aseguramiento-de-calidad\/\",\"url\":\"https:\/\/eirich.com.br\/es\/aplicaciones\/fundicion\/aseguramiento-de-calidad\/\",\"name\":\"Aseguramiento de calidad - Eirich de Brasil\",\"isPartOf\":{\"@id\":\"https:\/\/eirich.com.br\/es\/#website\"},\"datePublished\":\"2019-04-22T16:20:29+00:00\",\"dateModified\":\"2019-04-22T16:20:59+00:00\",\"breadcrumb\":{\"@id\":\"https:\/\/eirich.com.br\/es\/aplicaciones\/fundicion\/aseguramiento-de-calidad\/#breadcrumb\"},\"inLanguage\":\"es\",\"potentialAction\":[{\"@type\":\"ReadAction\",\"target\":[\"https:\/\/eirich.com.br\/es\/aplicaciones\/fundicion\/aseguramiento-de-calidad\/\"]}]},{\"@type\":\"BreadcrumbList\",\"@id\":\"https:\/\/eirich.com.br\/es\/aplicaciones\/fundicion\/aseguramiento-de-calidad\/#breadcrumb\",\"itemListElement\":[{\"@type\":\"ListItem\",\"position\":1,\"name\":\"In\u00edcio\",\"item\":\"https:\/\/eirich.com.br\/es\/\"},{\"@type\":\"ListItem\",\"position\":2,\"name\":\"Aplicaciones\",\"item\":\"https:\/\/eirich.com.br\/es\/aplicaciones\/\"},{\"@type\":\"ListItem\",\"position\":3,\"name\":\"Fundici\u00f3n\",\"item\":\"https:\/\/eirich.com.br\/es\/aplicaciones\/fundicion\/\"},{\"@type\":\"ListItem\",\"position\":4,\"name\":\"Aseguramiento de calidad\"}]},{\"@type\":\"WebSite\",\"@id\":\"https:\/\/eirich.com.br\/es\/#website\",\"url\":\"https:\/\/eirich.com.br\/es\/\",\"name\":\"Eirich de Brasil\",\"description\":\"Pionero en la tecnolog\u00eda de mezclado, granulaci\u00f3n, granulaci\u00f3n y molienda fina.\",\"potentialAction\":[{\"@type\":\"SearchAction\",\"target\":{\"@type\":\"EntryPoint\",\"urlTemplate\":\"https:\/\/eirich.com.br\/es\/?s={search_term_string}\"},\"query-input\":{\"@type\":\"PropertyValueSpecification\",\"valueRequired\":true,\"valueName\":\"search_term_string\"}}],\"inLanguage\":\"es\"}]}<\/script>\n<!-- \/ Yoast SEO plugin. -->","yoast_head_json":{"title":"Aseguramiento de calidad - Eirich de Brasil","robots":{"index":"index","follow":"follow","max-snippet":"max-snippet:-1","max-image-preview":"max-image-preview:large","max-video-preview":"max-video-preview:-1"},"canonical":"https:\/\/eirich.com.br\/es\/aplicaciones\/fundicion\/aseguramiento-de-calidad\/","og_locale":"es_ES","og_type":"article","og_title":"Aseguramiento de calidad - Eirich de Brasil","og_description":"Aseguramiento de calidad por tecnolog\u00eda de control 4.0 de Eirich Soluciones de control para la preparaci\u00f3n de arena de moldeo &#8211; todo de un solo proveedor. Regulaci\u00f3n del proceso La v\u00eda hacia una arena de moldeo de calidad en 4 etapas: Medici\u00f3n de humedad Regulaci\u00f3n de la compactibilidad con QualiMaster AT1 Regulaci\u00f3n de la resistencia [&hellip;]","og_url":"https:\/\/eirich.com.br\/es\/aplicaciones\/fundicion\/aseguramiento-de-calidad\/","og_site_name":"Eirich de Brasil","article_modified_time":"2019-04-22T16:20:59+00:00","twitter_card":"summary_large_image","twitter_misc":{"Tiempo de lectura":"2 minutos"},"schema":{"@context":"https:\/\/schema.org","@graph":[{"@type":"WebPage","@id":"https:\/\/eirich.com.br\/es\/aplicaciones\/fundicion\/aseguramiento-de-calidad\/","url":"https:\/\/eirich.com.br\/es\/aplicaciones\/fundicion\/aseguramiento-de-calidad\/","name":"Aseguramiento de calidad - Eirich de Brasil","isPartOf":{"@id":"https:\/\/eirich.com.br\/es\/#website"},"datePublished":"2019-04-22T16:20:29+00:00","dateModified":"2019-04-22T16:20:59+00:00","breadcrumb":{"@id":"https:\/\/eirich.com.br\/es\/aplicaciones\/fundicion\/aseguramiento-de-calidad\/#breadcrumb"},"inLanguage":"es","potentialAction":[{"@type":"ReadAction","target":["https:\/\/eirich.com.br\/es\/aplicaciones\/fundicion\/aseguramiento-de-calidad\/"]}]},{"@type":"BreadcrumbList","@id":"https:\/\/eirich.com.br\/es\/aplicaciones\/fundicion\/aseguramiento-de-calidad\/#breadcrumb","itemListElement":[{"@type":"ListItem","position":1,"name":"In\u00edcio","item":"https:\/\/eirich.com.br\/es\/"},{"@type":"ListItem","position":2,"name":"Aplicaciones","item":"https:\/\/eirich.com.br\/es\/aplicaciones\/"},{"@type":"ListItem","position":3,"name":"Fundici\u00f3n","item":"https:\/\/eirich.com.br\/es\/aplicaciones\/fundicion\/"},{"@type":"ListItem","position":4,"name":"Aseguramiento de calidad"}]},{"@type":"WebSite","@id":"https:\/\/eirich.com.br\/es\/#website","url":"https:\/\/eirich.com.br\/es\/","name":"Eirich de Brasil","description":"Pionero en la tecnolog\u00eda de mezclado, granulaci\u00f3n, granulaci\u00f3n y molienda fina.","potentialAction":[{"@type":"SearchAction","target":{"@type":"EntryPoint","urlTemplate":"https:\/\/eirich.com.br\/es\/?s={search_term_string}"},"query-input":{"@type":"PropertyValueSpecification","valueRequired":true,"valueName":"search_term_string"}}],"inLanguage":"es"}]}},"_links":{"self":[{"href":"https:\/\/eirich.com.br\/es\/wp-json\/wp\/v2\/pages\/690","targetHints":{"allow":["GET"]}}],"collection":[{"href":"https:\/\/eirich.com.br\/es\/wp-json\/wp\/v2\/pages"}],"about":[{"href":"https:\/\/eirich.com.br\/es\/wp-json\/wp\/v2\/types\/page"}],"author":[{"embeddable":true,"href":"https:\/\/eirich.com.br\/es\/wp-json\/wp\/v2\/users\/1"}],"replies":[{"embeddable":true,"href":"https:\/\/eirich.com.br\/es\/wp-json\/wp\/v2\/comments?post=690"}],"version-history":[{"count":2,"href":"https:\/\/eirich.com.br\/es\/wp-json\/wp\/v2\/pages\/690\/revisions"}],"predecessor-version":[{"id":692,"href":"https:\/\/eirich.com.br\/es\/wp-json\/wp\/v2\/pages\/690\/revisions\/692"}],"up":[{"embeddable":true,"href":"https:\/\/eirich.com.br\/es\/wp-json\/wp\/v2\/pages\/34"}],"wp:attachment":[{"href":"https:\/\/eirich.com.br\/es\/wp-json\/wp\/v2\/media?parent=690"}],"curies":[{"name":"wp","href":"https:\/\/api.w.org\/{rel}","templated":true}]}}