{"id":688,"date":"2019-04-22T11:49:32","date_gmt":"2019-04-22T14:49:32","guid":{"rendered":"https:\/\/eirich.com.br\/es\/?page_id=688"},"modified":"2019-04-22T13:27:24","modified_gmt":"2019-04-22T16:27:24","slug":"instalaciones-para-la-preparacion-de-arena-de-moldeo","status":"publish","type":"page","link":"https:\/\/eirich.com.br\/es\/aplicaciones\/fundicion\/instalaciones-para-la-preparacion-de-arena-de-moldeo\/","title":{"rendered":"Instalaciones para la preparaci\u00f3n de arena de moldeo"},"content":{"rendered":"<h3>Eirich dispone de m\u00e1s de 70 a\u00f1os de experiencia en ingenier\u00eda de plantas.<\/h3>\n<p>Abarca toda la cadena del proceso de preparaci\u00f3n de arena de moldeo:<\/p>\n<p>Desde el transporte, el pretratado y el almacenamiento hasta la preparaci\u00f3n de la arena de moldeo y la entrega de la arena a la l\u00ednea de moldeo.<\/p>\n<p>Eirich es su socio competente para una soluci\u00f3n hecha a medida, ya sea que se trate de la nueva construcci\u00f3n de una planta completa o la modernizaci\u00f3n o optimizaci\u00f3n de una planta existente.<\/p>\n<p>La gama de prestaciones Eirich para la ingenier\u00eda de plantas abarca todas las etapas:<\/p>\n<p>Asesoramiento, ingenier\u00eda, montaje, puesta en marcha y servicio<\/p>\n<p><strong>Eirich &#8211; el socio ideal para todos los componentes de una planta para la preparaci\u00f3n de arena.<\/strong><\/p>\n<hr \/>\n<p><strong>M\u00e1s informaciones al respecto del sistemas Eirich de preparac\u00edon de arena de moldeo:<\/strong><\/p>\n<ul>\n<li><a href=\"https:\/\/eirich.com.br\/es\/aplicaciones\/fundicion\/preparacion-de-arena-de-moldeo-con-refrigeracion-por-aire\/\">Preparaci\u00f3n de arena de moldeo con refrigeraci\u00f3n por aire<\/a><\/li>\n<li><a href=\"https:\/\/eirich.com.br\/es\/aplicaciones\/fundicion\/preparacion-de-arena-de-moldeo-al-vacio\">Preparaci\u00f3n de arena de moldeo al vac\u00edo<\/a><\/li>\n<li><a href=\"https:\/\/eirich.com.br\/es\/aplicaciones\/fundicion\/aseguramiento-de-calidad\">Aseguramiento de calidad<\/a><\/li>\n<\/ul>\n<hr \/>\n<p><strong><a href=\"https:\/\/eirich.com.br\/categoria_download\/fundicao\/\">Dowload<\/a> de los catalogos Eirich para la ind\u00fastria de <a href=\"https:\/\/eirich.com.br\/categoria_download\/fundicao\/\">Fundici\u00f3n<\/a>.<\/strong><\/p>\n","protected":false},"excerpt":{"rendered":"<p>Eirich dispone de m\u00e1s de 70 a\u00f1os de experiencia en ingenier\u00eda de plantas. Abarca toda la cadena del proceso de preparaci\u00f3n de arena de moldeo: Desde el transporte, el pretratado y el almacenamiento hasta la preparaci\u00f3n de la arena de moldeo y la entrega de la arena a la l\u00ednea de moldeo. Eirich es su [&hellip;]<\/p>\n","protected":false},"author":1,"featured_media":0,"parent":34,"menu_order":2,"comment_status":"closed","ping_status":"closed","template":"","meta":{"footnotes":""},"class_list":["post-688","page","type-page","status-publish","hentry"],"yoast_head":"<!-- This site is optimized with the Yoast SEO plugin v26.6 - https:\/\/yoast.com\/wordpress\/plugins\/seo\/ -->\n<title>Instalaciones para la preparaci\u00f3n de arena de moldeo - Eirich de Brasil<\/title>\n<meta name=\"robots\" content=\"index, follow, max-snippet:-1, max-image-preview:large, max-video-preview:-1\" \/>\n<link rel=\"canonical\" href=\"https:\/\/eirich.com.br\/es\/aplicaciones\/fundicion\/instalaciones-para-la-preparacion-de-arena-de-moldeo\/\" \/>\n<meta property=\"og:locale\" content=\"es_ES\" \/>\n<meta property=\"og:type\" content=\"article\" \/>\n<meta property=\"og:title\" content=\"Instalaciones para la preparaci\u00f3n de arena de moldeo - Eirich de Brasil\" \/>\n<meta property=\"og:description\" content=\"Eirich dispone de m\u00e1s de 70 a\u00f1os de experiencia en ingenier\u00eda de plantas. Abarca toda la cadena del proceso de preparaci\u00f3n de arena de moldeo: Desde el transporte, el pretratado y el almacenamiento hasta la preparaci\u00f3n de la arena de moldeo y la entrega de la arena a la l\u00ednea de moldeo. Eirich es su [&hellip;]\" \/>\n<meta property=\"og:url\" content=\"https:\/\/eirich.com.br\/es\/aplicaciones\/fundicion\/instalaciones-para-la-preparacion-de-arena-de-moldeo\/\" \/>\n<meta property=\"og:site_name\" content=\"Eirich de Brasil\" \/>\n<meta property=\"article:modified_time\" content=\"2019-04-22T16:27:24+00:00\" \/>\n<meta name=\"twitter:card\" content=\"summary_large_image\" \/>\n<meta name=\"twitter:label1\" content=\"Tiempo de lectura\" \/>\n\t<meta name=\"twitter:data1\" content=\"1 minuto\" \/>\n<script type=\"application\/ld+json\" class=\"yoast-schema-graph\">{\"@context\":\"https:\/\/schema.org\",\"@graph\":[{\"@type\":\"WebPage\",\"@id\":\"https:\/\/eirich.com.br\/es\/aplicaciones\/fundicion\/instalaciones-para-la-preparacion-de-arena-de-moldeo\/\",\"url\":\"https:\/\/eirich.com.br\/es\/aplicaciones\/fundicion\/instalaciones-para-la-preparacion-de-arena-de-moldeo\/\",\"name\":\"Instalaciones para la preparaci\u00f3n de arena de moldeo - Eirich de Brasil\",\"isPartOf\":{\"@id\":\"https:\/\/eirich.com.br\/es\/#website\"},\"datePublished\":\"2019-04-22T14:49:32+00:00\",\"dateModified\":\"2019-04-22T16:27:24+00:00\",\"breadcrumb\":{\"@id\":\"https:\/\/eirich.com.br\/es\/aplicaciones\/fundicion\/instalaciones-para-la-preparacion-de-arena-de-moldeo\/#breadcrumb\"},\"inLanguage\":\"es\",\"potentialAction\":[{\"@type\":\"ReadAction\",\"target\":[\"https:\/\/eirich.com.br\/es\/aplicaciones\/fundicion\/instalaciones-para-la-preparacion-de-arena-de-moldeo\/\"]}]},{\"@type\":\"BreadcrumbList\",\"@id\":\"https:\/\/eirich.com.br\/es\/aplicaciones\/fundicion\/instalaciones-para-la-preparacion-de-arena-de-moldeo\/#breadcrumb\",\"itemListElement\":[{\"@type\":\"ListItem\",\"position\":1,\"name\":\"In\u00edcio\",\"item\":\"https:\/\/eirich.com.br\/es\/\"},{\"@type\":\"ListItem\",\"position\":2,\"name\":\"Aplicaciones\",\"item\":\"https:\/\/eirich.com.br\/es\/aplicaciones\/\"},{\"@type\":\"ListItem\",\"position\":3,\"name\":\"Fundici\u00f3n\",\"item\":\"https:\/\/eirich.com.br\/es\/aplicaciones\/fundicion\/\"},{\"@type\":\"ListItem\",\"position\":4,\"name\":\"Instalaciones para la preparaci\u00f3n de arena de moldeo\"}]},{\"@type\":\"WebSite\",\"@id\":\"https:\/\/eirich.com.br\/es\/#website\",\"url\":\"https:\/\/eirich.com.br\/es\/\",\"name\":\"Eirich de Brasil\",\"description\":\"Pionero en la tecnolog\u00eda de mezclado, granulaci\u00f3n, granulaci\u00f3n y molienda fina.\",\"potentialAction\":[{\"@type\":\"SearchAction\",\"target\":{\"@type\":\"EntryPoint\",\"urlTemplate\":\"https:\/\/eirich.com.br\/es\/?s={search_term_string}\"},\"query-input\":{\"@type\":\"PropertyValueSpecification\",\"valueRequired\":true,\"valueName\":\"search_term_string\"}}],\"inLanguage\":\"es\"}]}<\/script>\n<!-- \/ Yoast SEO plugin. -->","yoast_head_json":{"title":"Instalaciones para la preparaci\u00f3n de arena de moldeo - Eirich de Brasil","robots":{"index":"index","follow":"follow","max-snippet":"max-snippet:-1","max-image-preview":"max-image-preview:large","max-video-preview":"max-video-preview:-1"},"canonical":"https:\/\/eirich.com.br\/es\/aplicaciones\/fundicion\/instalaciones-para-la-preparacion-de-arena-de-moldeo\/","og_locale":"es_ES","og_type":"article","og_title":"Instalaciones para la preparaci\u00f3n de arena de moldeo - Eirich de Brasil","og_description":"Eirich dispone de m\u00e1s de 70 a\u00f1os de experiencia en ingenier\u00eda de plantas. Abarca toda la cadena del proceso de preparaci\u00f3n de arena de moldeo: Desde el transporte, el pretratado y el almacenamiento hasta la preparaci\u00f3n de la arena de moldeo y la entrega de la arena a la l\u00ednea de moldeo. Eirich es su [&hellip;]","og_url":"https:\/\/eirich.com.br\/es\/aplicaciones\/fundicion\/instalaciones-para-la-preparacion-de-arena-de-moldeo\/","og_site_name":"Eirich de Brasil","article_modified_time":"2019-04-22T16:27:24+00:00","twitter_card":"summary_large_image","twitter_misc":{"Tiempo de lectura":"1 minuto"},"schema":{"@context":"https:\/\/schema.org","@graph":[{"@type":"WebPage","@id":"https:\/\/eirich.com.br\/es\/aplicaciones\/fundicion\/instalaciones-para-la-preparacion-de-arena-de-moldeo\/","url":"https:\/\/eirich.com.br\/es\/aplicaciones\/fundicion\/instalaciones-para-la-preparacion-de-arena-de-moldeo\/","name":"Instalaciones para la preparaci\u00f3n de arena de moldeo - Eirich de Brasil","isPartOf":{"@id":"https:\/\/eirich.com.br\/es\/#website"},"datePublished":"2019-04-22T14:49:32+00:00","dateModified":"2019-04-22T16:27:24+00:00","breadcrumb":{"@id":"https:\/\/eirich.com.br\/es\/aplicaciones\/fundicion\/instalaciones-para-la-preparacion-de-arena-de-moldeo\/#breadcrumb"},"inLanguage":"es","potentialAction":[{"@type":"ReadAction","target":["https:\/\/eirich.com.br\/es\/aplicaciones\/fundicion\/instalaciones-para-la-preparacion-de-arena-de-moldeo\/"]}]},{"@type":"BreadcrumbList","@id":"https:\/\/eirich.com.br\/es\/aplicaciones\/fundicion\/instalaciones-para-la-preparacion-de-arena-de-moldeo\/#breadcrumb","itemListElement":[{"@type":"ListItem","position":1,"name":"In\u00edcio","item":"https:\/\/eirich.com.br\/es\/"},{"@type":"ListItem","position":2,"name":"Aplicaciones","item":"https:\/\/eirich.com.br\/es\/aplicaciones\/"},{"@type":"ListItem","position":3,"name":"Fundici\u00f3n","item":"https:\/\/eirich.com.br\/es\/aplicaciones\/fundicion\/"},{"@type":"ListItem","position":4,"name":"Instalaciones para la preparaci\u00f3n de arena de moldeo"}]},{"@type":"WebSite","@id":"https:\/\/eirich.com.br\/es\/#website","url":"https:\/\/eirich.com.br\/es\/","name":"Eirich de Brasil","description":"Pionero en la tecnolog\u00eda de mezclado, granulaci\u00f3n, granulaci\u00f3n y molienda fina.","potentialAction":[{"@type":"SearchAction","target":{"@type":"EntryPoint","urlTemplate":"https:\/\/eirich.com.br\/es\/?s={search_term_string}"},"query-input":{"@type":"PropertyValueSpecification","valueRequired":true,"valueName":"search_term_string"}}],"inLanguage":"es"}]}},"_links":{"self":[{"href":"https:\/\/eirich.com.br\/es\/wp-json\/wp\/v2\/pages\/688","targetHints":{"allow":["GET"]}}],"collection":[{"href":"https:\/\/eirich.com.br\/es\/wp-json\/wp\/v2\/pages"}],"about":[{"href":"https:\/\/eirich.com.br\/es\/wp-json\/wp\/v2\/types\/page"}],"author":[{"embeddable":true,"href":"https:\/\/eirich.com.br\/es\/wp-json\/wp\/v2\/users\/1"}],"replies":[{"embeddable":true,"href":"https:\/\/eirich.com.br\/es\/wp-json\/wp\/v2\/comments?post=688"}],"version-history":[{"count":3,"href":"https:\/\/eirich.com.br\/es\/wp-json\/wp\/v2\/pages\/688\/revisions"}],"predecessor-version":[{"id":698,"href":"https:\/\/eirich.com.br\/es\/wp-json\/wp\/v2\/pages\/688\/revisions\/698"}],"up":[{"embeddable":true,"href":"https:\/\/eirich.com.br\/es\/wp-json\/wp\/v2\/pages\/34"}],"wp:attachment":[{"href":"https:\/\/eirich.com.br\/es\/wp-json\/wp\/v2\/media?parent=688"}],"curies":[{"name":"wp","href":"https:\/\/api.w.org\/{rel}","templated":true}]}}