{"id":684,"date":"2019-04-22T11:46:23","date_gmt":"2019-04-22T14:46:23","guid":{"rendered":"https:\/\/eirich.com.br\/es\/?page_id=684"},"modified":"2019-04-22T13:28:00","modified_gmt":"2019-04-22T16:28:00","slug":"preparacion-de-arena-de-moldeo-al-vacio","status":"publish","type":"page","link":"https:\/\/eirich.com.br\/es\/aplicaciones\/fundicion\/preparacion-de-arena-de-moldeo-al-vacio\/","title":{"rendered":"Preparaci\u00f3n de arena de moldeo al vac\u00edo"},"content":{"rendered":"<h3>EVACTHERM\u00ae &#8211; para satisfacer las exigencias m\u00e1s altas de rentabilidad y calidad<\/h3>\n<p>Mientras que el proceso tradicional con refrigeraci\u00f3n por aire necesita tres etapas separadas &#8211; refrigeraci\u00f3n, mezclado y activaci\u00f3n de la bentonita -, la mezcladora <a href=\"https:\/\/eirich.com.br\/es\/equipamento\/evactherm-mezclador-al-vacio\/\">EVACTHERM\u00ae<\/a> para la preparaci\u00f3n de arena de moldeo alcanza el mismo resultado en una sola etapa de proceso. El proceso de mezclado no s\u00f3lo abarca el proceso de refrigeraci\u00f3n sino tambi\u00e9n la activaci\u00f3n del poder aglutinante de la bentonita.<\/p>\n<p>Inicialmente concebido para la refrigeraci\u00f3n econ\u00f3mica, el proceso <a href=\"https:\/\/eirich.com.br\/es\/equipamento\/evactherm-mezclador-al-vacio\/\">EVACTHERM\u00ae<\/a> fue adaptado para responder a las necesidades espec\u00edficas de la preparaci\u00f3n de arena de moldeo. Lleg\u00f3 a establecerse y hoy es la tecnolog\u00eda l\u00edder en todas las industrias donde se deben cumplir las exigencias m\u00e1s altas de rentabilidad y calidad.<\/p>\n<hr \/>\n<p><strong>M\u00e1s informaciones al respecto del sistemas Eirich de preparac\u00edon de arena de moldeo:<\/strong><\/p>\n<ul>\n<li><a href=\"https:\/\/eirich.com.br\/es\/aplicaciones\/fundicion\/preparacion-de-arena-de-moldeo-con-refrigeracion-por-aire\/\">Preparaci\u00f3n de arena de moldeo con refrigeraci\u00f3n por aire<\/a><\/li>\n<li><a href=\"https:\/\/eirich.com.br\/es\/aplicaciones\/fundicion\/instalaciones-para-la-preparacion-de-arena-de-moldeo\">Instalaciones para la preparaci\u00f3n de arena de moldeo<\/a><\/li>\n<li><a href=\"https:\/\/eirich.com.br\/es\/aplicaciones\/fundicion\/aseguramiento-de-calidad\">Aseguramiento de calidad<\/a><\/li>\n<\/ul>\n<hr \/>\n<p><strong><a href=\"https:\/\/eirich.com.br\/categoria_download\/fundicao\/\">Dowload<\/a> de los catalogos Eirich para la ind\u00fastria de <a href=\"https:\/\/eirich.com.br\/categoria_download\/fundicao\/\">Fundici\u00f3n<\/a>.<\/strong><\/p>\n","protected":false},"excerpt":{"rendered":"<p>EVACTHERM\u00ae &#8211; para satisfacer las exigencias m\u00e1s altas de rentabilidad y calidad Mientras que el proceso tradicional con refrigeraci\u00f3n por aire necesita tres etapas separadas &#8211; refrigeraci\u00f3n, mezclado y activaci\u00f3n de la bentonita -, la mezcladora EVACTHERM\u00ae para la preparaci\u00f3n de arena de moldeo alcanza el mismo resultado en una sola etapa de proceso. El [&hellip;]<\/p>\n","protected":false},"author":1,"featured_media":0,"parent":34,"menu_order":1,"comment_status":"closed","ping_status":"closed","template":"","meta":{"footnotes":""},"class_list":["post-684","page","type-page","status-publish","hentry"],"yoast_head":"<!-- This site is optimized with the Yoast SEO plugin v26.6 - https:\/\/yoast.com\/wordpress\/plugins\/seo\/ -->\n<title>Preparaci\u00f3n de arena de moldeo al vac\u00edo - Eirich de Brasil<\/title>\n<meta name=\"robots\" content=\"index, follow, max-snippet:-1, max-image-preview:large, max-video-preview:-1\" \/>\n<link rel=\"canonical\" href=\"https:\/\/eirich.com.br\/es\/aplicaciones\/fundicion\/preparacion-de-arena-de-moldeo-al-vacio\/\" \/>\n<meta property=\"og:locale\" content=\"es_ES\" \/>\n<meta property=\"og:type\" content=\"article\" \/>\n<meta property=\"og:title\" content=\"Preparaci\u00f3n de arena de moldeo al vac\u00edo - Eirich de Brasil\" \/>\n<meta property=\"og:description\" content=\"EVACTHERM\u00ae &#8211; para satisfacer las exigencias m\u00e1s altas de rentabilidad y calidad Mientras que el proceso tradicional con refrigeraci\u00f3n por aire necesita tres etapas separadas &#8211; refrigeraci\u00f3n, mezclado y activaci\u00f3n de la bentonita -, la mezcladora EVACTHERM\u00ae para la preparaci\u00f3n de arena de moldeo alcanza el mismo resultado en una sola etapa de proceso. El [&hellip;]\" \/>\n<meta property=\"og:url\" content=\"https:\/\/eirich.com.br\/es\/aplicaciones\/fundicion\/preparacion-de-arena-de-moldeo-al-vacio\/\" \/>\n<meta property=\"og:site_name\" content=\"Eirich de Brasil\" \/>\n<meta property=\"article:modified_time\" content=\"2019-04-22T16:28:00+00:00\" \/>\n<meta name=\"twitter:card\" content=\"summary_large_image\" \/>\n<meta name=\"twitter:label1\" content=\"Tiempo de lectura\" \/>\n\t<meta name=\"twitter:data1\" content=\"1 minuto\" \/>\n<script type=\"application\/ld+json\" class=\"yoast-schema-graph\">{\"@context\":\"https:\/\/schema.org\",\"@graph\":[{\"@type\":\"WebPage\",\"@id\":\"https:\/\/eirich.com.br\/es\/aplicaciones\/fundicion\/preparacion-de-arena-de-moldeo-al-vacio\/\",\"url\":\"https:\/\/eirich.com.br\/es\/aplicaciones\/fundicion\/preparacion-de-arena-de-moldeo-al-vacio\/\",\"name\":\"Preparaci\u00f3n de arena de moldeo al vac\u00edo - Eirich de Brasil\",\"isPartOf\":{\"@id\":\"https:\/\/eirich.com.br\/es\/#website\"},\"datePublished\":\"2019-04-22T14:46:23+00:00\",\"dateModified\":\"2019-04-22T16:28:00+00:00\",\"breadcrumb\":{\"@id\":\"https:\/\/eirich.com.br\/es\/aplicaciones\/fundicion\/preparacion-de-arena-de-moldeo-al-vacio\/#breadcrumb\"},\"inLanguage\":\"es\",\"potentialAction\":[{\"@type\":\"ReadAction\",\"target\":[\"https:\/\/eirich.com.br\/es\/aplicaciones\/fundicion\/preparacion-de-arena-de-moldeo-al-vacio\/\"]}]},{\"@type\":\"BreadcrumbList\",\"@id\":\"https:\/\/eirich.com.br\/es\/aplicaciones\/fundicion\/preparacion-de-arena-de-moldeo-al-vacio\/#breadcrumb\",\"itemListElement\":[{\"@type\":\"ListItem\",\"position\":1,\"name\":\"In\u00edcio\",\"item\":\"https:\/\/eirich.com.br\/es\/\"},{\"@type\":\"ListItem\",\"position\":2,\"name\":\"Aplicaciones\",\"item\":\"https:\/\/eirich.com.br\/es\/aplicaciones\/\"},{\"@type\":\"ListItem\",\"position\":3,\"name\":\"Fundici\u00f3n\",\"item\":\"https:\/\/eirich.com.br\/es\/aplicaciones\/fundicion\/\"},{\"@type\":\"ListItem\",\"position\":4,\"name\":\"Preparaci\u00f3n de arena de moldeo al vac\u00edo\"}]},{\"@type\":\"WebSite\",\"@id\":\"https:\/\/eirich.com.br\/es\/#website\",\"url\":\"https:\/\/eirich.com.br\/es\/\",\"name\":\"Eirich de Brasil\",\"description\":\"Pionero en la tecnolog\u00eda de mezclado, granulaci\u00f3n, granulaci\u00f3n y molienda fina.\",\"potentialAction\":[{\"@type\":\"SearchAction\",\"target\":{\"@type\":\"EntryPoint\",\"urlTemplate\":\"https:\/\/eirich.com.br\/es\/?s={search_term_string}\"},\"query-input\":{\"@type\":\"PropertyValueSpecification\",\"valueRequired\":true,\"valueName\":\"search_term_string\"}}],\"inLanguage\":\"es\"}]}<\/script>\n<!-- \/ Yoast SEO plugin. -->","yoast_head_json":{"title":"Preparaci\u00f3n de arena de moldeo al vac\u00edo - Eirich de Brasil","robots":{"index":"index","follow":"follow","max-snippet":"max-snippet:-1","max-image-preview":"max-image-preview:large","max-video-preview":"max-video-preview:-1"},"canonical":"https:\/\/eirich.com.br\/es\/aplicaciones\/fundicion\/preparacion-de-arena-de-moldeo-al-vacio\/","og_locale":"es_ES","og_type":"article","og_title":"Preparaci\u00f3n de arena de moldeo al vac\u00edo - Eirich de Brasil","og_description":"EVACTHERM\u00ae &#8211; para satisfacer las exigencias m\u00e1s altas de rentabilidad y calidad Mientras que el proceso tradicional con refrigeraci\u00f3n por aire necesita tres etapas separadas &#8211; refrigeraci\u00f3n, mezclado y activaci\u00f3n de la bentonita -, la mezcladora EVACTHERM\u00ae para la preparaci\u00f3n de arena de moldeo alcanza el mismo resultado en una sola etapa de proceso. El [&hellip;]","og_url":"https:\/\/eirich.com.br\/es\/aplicaciones\/fundicion\/preparacion-de-arena-de-moldeo-al-vacio\/","og_site_name":"Eirich de Brasil","article_modified_time":"2019-04-22T16:28:00+00:00","twitter_card":"summary_large_image","twitter_misc":{"Tiempo de lectura":"1 minuto"},"schema":{"@context":"https:\/\/schema.org","@graph":[{"@type":"WebPage","@id":"https:\/\/eirich.com.br\/es\/aplicaciones\/fundicion\/preparacion-de-arena-de-moldeo-al-vacio\/","url":"https:\/\/eirich.com.br\/es\/aplicaciones\/fundicion\/preparacion-de-arena-de-moldeo-al-vacio\/","name":"Preparaci\u00f3n de arena de moldeo al vac\u00edo - Eirich de Brasil","isPartOf":{"@id":"https:\/\/eirich.com.br\/es\/#website"},"datePublished":"2019-04-22T14:46:23+00:00","dateModified":"2019-04-22T16:28:00+00:00","breadcrumb":{"@id":"https:\/\/eirich.com.br\/es\/aplicaciones\/fundicion\/preparacion-de-arena-de-moldeo-al-vacio\/#breadcrumb"},"inLanguage":"es","potentialAction":[{"@type":"ReadAction","target":["https:\/\/eirich.com.br\/es\/aplicaciones\/fundicion\/preparacion-de-arena-de-moldeo-al-vacio\/"]}]},{"@type":"BreadcrumbList","@id":"https:\/\/eirich.com.br\/es\/aplicaciones\/fundicion\/preparacion-de-arena-de-moldeo-al-vacio\/#breadcrumb","itemListElement":[{"@type":"ListItem","position":1,"name":"In\u00edcio","item":"https:\/\/eirich.com.br\/es\/"},{"@type":"ListItem","position":2,"name":"Aplicaciones","item":"https:\/\/eirich.com.br\/es\/aplicaciones\/"},{"@type":"ListItem","position":3,"name":"Fundici\u00f3n","item":"https:\/\/eirich.com.br\/es\/aplicaciones\/fundicion\/"},{"@type":"ListItem","position":4,"name":"Preparaci\u00f3n de arena de moldeo al vac\u00edo"}]},{"@type":"WebSite","@id":"https:\/\/eirich.com.br\/es\/#website","url":"https:\/\/eirich.com.br\/es\/","name":"Eirich de Brasil","description":"Pionero en la tecnolog\u00eda de mezclado, granulaci\u00f3n, granulaci\u00f3n y molienda fina.","potentialAction":[{"@type":"SearchAction","target":{"@type":"EntryPoint","urlTemplate":"https:\/\/eirich.com.br\/es\/?s={search_term_string}"},"query-input":{"@type":"PropertyValueSpecification","valueRequired":true,"valueName":"search_term_string"}}],"inLanguage":"es"}]}},"_links":{"self":[{"href":"https:\/\/eirich.com.br\/es\/wp-json\/wp\/v2\/pages\/684","targetHints":{"allow":["GET"]}}],"collection":[{"href":"https:\/\/eirich.com.br\/es\/wp-json\/wp\/v2\/pages"}],"about":[{"href":"https:\/\/eirich.com.br\/es\/wp-json\/wp\/v2\/types\/page"}],"author":[{"embeddable":true,"href":"https:\/\/eirich.com.br\/es\/wp-json\/wp\/v2\/users\/1"}],"replies":[{"embeddable":true,"href":"https:\/\/eirich.com.br\/es\/wp-json\/wp\/v2\/comments?post=684"}],"version-history":[{"count":4,"href":"https:\/\/eirich.com.br\/es\/wp-json\/wp\/v2\/pages\/684\/revisions"}],"predecessor-version":[{"id":699,"href":"https:\/\/eirich.com.br\/es\/wp-json\/wp\/v2\/pages\/684\/revisions\/699"}],"up":[{"embeddable":true,"href":"https:\/\/eirich.com.br\/es\/wp-json\/wp\/v2\/pages\/34"}],"wp:attachment":[{"href":"https:\/\/eirich.com.br\/es\/wp-json\/wp\/v2\/media?parent=684"}],"curies":[{"name":"wp","href":"https:\/\/api.w.org\/{rel}","templated":true}]}}