{"id":682,"date":"2019-04-22T11:43:33","date_gmt":"2019-04-22T14:43:33","guid":{"rendered":"https:\/\/eirich.com.br\/es\/?page_id=682"},"modified":"2019-04-22T13:29:07","modified_gmt":"2019-04-22T16:29:07","slug":"preparacion-de-arena-de-moldeo-con-refrigeracion-por-aire","status":"publish","type":"page","link":"https:\/\/eirich.com.br\/es\/aplicaciones\/fundicion\/preparacion-de-arena-de-moldeo-con-refrigeracion-por-aire\/","title":{"rendered":"Preparaci\u00f3n de arena de moldeo con refrigeraci\u00f3n por aire"},"content":{"rendered":"<h3>Arena de moldeo para una econ\u00f3mica producci\u00f3n de fundici\u00f3n<\/h3>\n<p>Procesos de compactaci\u00f3n modernos desarrollados para los moldes de arena permiten una producci\u00f3n muy econ\u00f3mica de fundici\u00f3n, supuesto que la arena de moldeo utilizada presente una alta calidad constante.<\/p>\n<p><strong>Las exigencias m\u00e1s importantes a cumplir por la arena de moldeo:<\/strong><\/p>\n<ul>\n<li>Observancia exacta de la compactibilidad predefinida<\/li>\n<li>Fluidez excelente<\/li>\n<li>Valores de resistencia constantes<\/li>\n<li>\u00d3ptima permeabilidad a los gases<\/li>\n<\/ul>\n<p><strong>El sistema de mezclado Eirich satisface estas exigencias por:<\/strong><\/p>\n<ul>\n<li>La homogeneizaci\u00f3n perfecta de arena de retorno, arena nueva y aditivos<\/li>\n<li>La distribuci\u00f3n r\u00e1pida y completa del agua dosificada<\/li>\n<li>Las etapas de mezclado en h\u00famedo suficientemente largas<\/li>\n<li>La desintegraci\u00f3n completa de la bentonita y el recubrimiento homog\u00e9neo de los granos de arena<\/li>\n<li>Gracias a las ventajas \u00fanicas que brinda el sistema de mezclado Eirich se consigue una calidad reproducible de arena al m\u00e1s alto nivel.<\/li>\n<\/ul>\n<hr \/>\n<p><strong>M\u00e1s informaciones al respecto del sistemas Eirich de preparac\u00edon de arena de moldeo:<\/strong><\/p>\n<ul>\n<li><a href=\"https:\/\/eirich.com.br\/es\/aplicaciones\/fundicion\/preparacion-de-arena-de-moldeo-al-vacio\">Preparaci\u00f3n de arena de moldeo al vac\u00edo<\/a><\/li>\n<li><a href=\"https:\/\/eirich.com.br\/es\/aplicaciones\/fundicion\/instalaciones-para-la-preparacion-de-arena-de-moldeo\">Instalaciones para la preparaci\u00f3n de arena de moldeo<\/a><\/li>\n<li><a href=\"https:\/\/eirich.com.br\/es\/aplicaciones\/fundicion\/aseguramiento-de-calidad\">Aseguramiento de calidad<\/a><\/li>\n<\/ul>\n<hr \/>\n<p><strong><a href=\"https:\/\/eirich.com.br\/categoria_download\/fundicao\/\">Dowload<\/a> de los catalogos Eirich para la ind\u00fastria de <a href=\"https:\/\/eirich.com.br\/categoria_download\/fundicao\/\">Fundici\u00f3n<\/a>.<\/strong><\/p>\n","protected":false},"excerpt":{"rendered":"<p>Arena de moldeo para una econ\u00f3mica producci\u00f3n de fundici\u00f3n Procesos de compactaci\u00f3n modernos desarrollados para los moldes de arena permiten una producci\u00f3n muy econ\u00f3mica de fundici\u00f3n, supuesto que la arena de moldeo utilizada presente una alta calidad constante. Las exigencias m\u00e1s importantes a cumplir por la arena de moldeo: Observancia exacta de la compactibilidad predefinida [&hellip;]<\/p>\n","protected":false},"author":1,"featured_media":0,"parent":34,"menu_order":0,"comment_status":"closed","ping_status":"closed","template":"","meta":{"footnotes":""},"class_list":["post-682","page","type-page","status-publish","hentry"],"yoast_head":"<!-- This site is optimized with the Yoast SEO plugin v26.6 - https:\/\/yoast.com\/wordpress\/plugins\/seo\/ -->\n<title>Preparaci\u00f3n de arena de moldeo con refrigeraci\u00f3n por aire - Eirich de Brasil<\/title>\n<meta name=\"robots\" content=\"index, follow, max-snippet:-1, max-image-preview:large, max-video-preview:-1\" \/>\n<link rel=\"canonical\" href=\"https:\/\/eirich.com.br\/es\/aplicaciones\/fundicion\/preparacion-de-arena-de-moldeo-con-refrigeracion-por-aire\/\" \/>\n<meta property=\"og:locale\" content=\"es_ES\" \/>\n<meta property=\"og:type\" content=\"article\" \/>\n<meta property=\"og:title\" content=\"Preparaci\u00f3n de arena de moldeo con refrigeraci\u00f3n por aire - Eirich de Brasil\" \/>\n<meta property=\"og:description\" content=\"Arena de moldeo para una econ\u00f3mica producci\u00f3n de fundici\u00f3n Procesos de compactaci\u00f3n modernos desarrollados para los moldes de arena permiten una producci\u00f3n muy econ\u00f3mica de fundici\u00f3n, supuesto que la arena de moldeo utilizada presente una alta calidad constante. Las exigencias m\u00e1s importantes a cumplir por la arena de moldeo: Observancia exacta de la compactibilidad predefinida [&hellip;]\" \/>\n<meta property=\"og:url\" content=\"https:\/\/eirich.com.br\/es\/aplicaciones\/fundicion\/preparacion-de-arena-de-moldeo-con-refrigeracion-por-aire\/\" \/>\n<meta property=\"og:site_name\" content=\"Eirich de Brasil\" \/>\n<meta property=\"article:modified_time\" content=\"2019-04-22T16:29:07+00:00\" \/>\n<meta name=\"twitter:card\" content=\"summary_large_image\" \/>\n<meta name=\"twitter:label1\" content=\"Tiempo de lectura\" \/>\n\t<meta name=\"twitter:data1\" content=\"1 minuto\" \/>\n<script type=\"application\/ld+json\" class=\"yoast-schema-graph\">{\"@context\":\"https:\/\/schema.org\",\"@graph\":[{\"@type\":\"WebPage\",\"@id\":\"https:\/\/eirich.com.br\/es\/aplicaciones\/fundicion\/preparacion-de-arena-de-moldeo-con-refrigeracion-por-aire\/\",\"url\":\"https:\/\/eirich.com.br\/es\/aplicaciones\/fundicion\/preparacion-de-arena-de-moldeo-con-refrigeracion-por-aire\/\",\"name\":\"Preparaci\u00f3n de arena de moldeo con refrigeraci\u00f3n por aire - Eirich de Brasil\",\"isPartOf\":{\"@id\":\"https:\/\/eirich.com.br\/es\/#website\"},\"datePublished\":\"2019-04-22T14:43:33+00:00\",\"dateModified\":\"2019-04-22T16:29:07+00:00\",\"breadcrumb\":{\"@id\":\"https:\/\/eirich.com.br\/es\/aplicaciones\/fundicion\/preparacion-de-arena-de-moldeo-con-refrigeracion-por-aire\/#breadcrumb\"},\"inLanguage\":\"es\",\"potentialAction\":[{\"@type\":\"ReadAction\",\"target\":[\"https:\/\/eirich.com.br\/es\/aplicaciones\/fundicion\/preparacion-de-arena-de-moldeo-con-refrigeracion-por-aire\/\"]}]},{\"@type\":\"BreadcrumbList\",\"@id\":\"https:\/\/eirich.com.br\/es\/aplicaciones\/fundicion\/preparacion-de-arena-de-moldeo-con-refrigeracion-por-aire\/#breadcrumb\",\"itemListElement\":[{\"@type\":\"ListItem\",\"position\":1,\"name\":\"In\u00edcio\",\"item\":\"https:\/\/eirich.com.br\/es\/\"},{\"@type\":\"ListItem\",\"position\":2,\"name\":\"Aplicaciones\",\"item\":\"https:\/\/eirich.com.br\/es\/aplicaciones\/\"},{\"@type\":\"ListItem\",\"position\":3,\"name\":\"Fundici\u00f3n\",\"item\":\"https:\/\/eirich.com.br\/es\/aplicaciones\/fundicion\/\"},{\"@type\":\"ListItem\",\"position\":4,\"name\":\"Preparaci\u00f3n de arena de moldeo con refrigeraci\u00f3n por aire\"}]},{\"@type\":\"WebSite\",\"@id\":\"https:\/\/eirich.com.br\/es\/#website\",\"url\":\"https:\/\/eirich.com.br\/es\/\",\"name\":\"Eirich de Brasil\",\"description\":\"Pionero en la tecnolog\u00eda de mezclado, granulaci\u00f3n, granulaci\u00f3n y molienda fina.\",\"potentialAction\":[{\"@type\":\"SearchAction\",\"target\":{\"@type\":\"EntryPoint\",\"urlTemplate\":\"https:\/\/eirich.com.br\/es\/?s={search_term_string}\"},\"query-input\":{\"@type\":\"PropertyValueSpecification\",\"valueRequired\":true,\"valueName\":\"search_term_string\"}}],\"inLanguage\":\"es\"}]}<\/script>\n<!-- \/ Yoast SEO plugin. -->","yoast_head_json":{"title":"Preparaci\u00f3n de arena de moldeo con refrigeraci\u00f3n por aire - Eirich de Brasil","robots":{"index":"index","follow":"follow","max-snippet":"max-snippet:-1","max-image-preview":"max-image-preview:large","max-video-preview":"max-video-preview:-1"},"canonical":"https:\/\/eirich.com.br\/es\/aplicaciones\/fundicion\/preparacion-de-arena-de-moldeo-con-refrigeracion-por-aire\/","og_locale":"es_ES","og_type":"article","og_title":"Preparaci\u00f3n de arena de moldeo con refrigeraci\u00f3n por aire - Eirich de Brasil","og_description":"Arena de moldeo para una econ\u00f3mica producci\u00f3n de fundici\u00f3n Procesos de compactaci\u00f3n modernos desarrollados para los moldes de arena permiten una producci\u00f3n muy econ\u00f3mica de fundici\u00f3n, supuesto que la arena de moldeo utilizada presente una alta calidad constante. Las exigencias m\u00e1s importantes a cumplir por la arena de moldeo: Observancia exacta de la compactibilidad predefinida [&hellip;]","og_url":"https:\/\/eirich.com.br\/es\/aplicaciones\/fundicion\/preparacion-de-arena-de-moldeo-con-refrigeracion-por-aire\/","og_site_name":"Eirich de Brasil","article_modified_time":"2019-04-22T16:29:07+00:00","twitter_card":"summary_large_image","twitter_misc":{"Tiempo de lectura":"1 minuto"},"schema":{"@context":"https:\/\/schema.org","@graph":[{"@type":"WebPage","@id":"https:\/\/eirich.com.br\/es\/aplicaciones\/fundicion\/preparacion-de-arena-de-moldeo-con-refrigeracion-por-aire\/","url":"https:\/\/eirich.com.br\/es\/aplicaciones\/fundicion\/preparacion-de-arena-de-moldeo-con-refrigeracion-por-aire\/","name":"Preparaci\u00f3n de arena de moldeo con refrigeraci\u00f3n por aire - Eirich de Brasil","isPartOf":{"@id":"https:\/\/eirich.com.br\/es\/#website"},"datePublished":"2019-04-22T14:43:33+00:00","dateModified":"2019-04-22T16:29:07+00:00","breadcrumb":{"@id":"https:\/\/eirich.com.br\/es\/aplicaciones\/fundicion\/preparacion-de-arena-de-moldeo-con-refrigeracion-por-aire\/#breadcrumb"},"inLanguage":"es","potentialAction":[{"@type":"ReadAction","target":["https:\/\/eirich.com.br\/es\/aplicaciones\/fundicion\/preparacion-de-arena-de-moldeo-con-refrigeracion-por-aire\/"]}]},{"@type":"BreadcrumbList","@id":"https:\/\/eirich.com.br\/es\/aplicaciones\/fundicion\/preparacion-de-arena-de-moldeo-con-refrigeracion-por-aire\/#breadcrumb","itemListElement":[{"@type":"ListItem","position":1,"name":"In\u00edcio","item":"https:\/\/eirich.com.br\/es\/"},{"@type":"ListItem","position":2,"name":"Aplicaciones","item":"https:\/\/eirich.com.br\/es\/aplicaciones\/"},{"@type":"ListItem","position":3,"name":"Fundici\u00f3n","item":"https:\/\/eirich.com.br\/es\/aplicaciones\/fundicion\/"},{"@type":"ListItem","position":4,"name":"Preparaci\u00f3n de arena de moldeo con refrigeraci\u00f3n por aire"}]},{"@type":"WebSite","@id":"https:\/\/eirich.com.br\/es\/#website","url":"https:\/\/eirich.com.br\/es\/","name":"Eirich de Brasil","description":"Pionero en la tecnolog\u00eda de mezclado, granulaci\u00f3n, granulaci\u00f3n y molienda fina.","potentialAction":[{"@type":"SearchAction","target":{"@type":"EntryPoint","urlTemplate":"https:\/\/eirich.com.br\/es\/?s={search_term_string}"},"query-input":{"@type":"PropertyValueSpecification","valueRequired":true,"valueName":"search_term_string"}}],"inLanguage":"es"}]}},"_links":{"self":[{"href":"https:\/\/eirich.com.br\/es\/wp-json\/wp\/v2\/pages\/682","targetHints":{"allow":["GET"]}}],"collection":[{"href":"https:\/\/eirich.com.br\/es\/wp-json\/wp\/v2\/pages"}],"about":[{"href":"https:\/\/eirich.com.br\/es\/wp-json\/wp\/v2\/types\/page"}],"author":[{"embeddable":true,"href":"https:\/\/eirich.com.br\/es\/wp-json\/wp\/v2\/users\/1"}],"replies":[{"embeddable":true,"href":"https:\/\/eirich.com.br\/es\/wp-json\/wp\/v2\/comments?post=682"}],"version-history":[{"count":3,"href":"https:\/\/eirich.com.br\/es\/wp-json\/wp\/v2\/pages\/682\/revisions"}],"predecessor-version":[{"id":700,"href":"https:\/\/eirich.com.br\/es\/wp-json\/wp\/v2\/pages\/682\/revisions\/700"}],"up":[{"embeddable":true,"href":"https:\/\/eirich.com.br\/es\/wp-json\/wp\/v2\/pages\/34"}],"wp:attachment":[{"href":"https:\/\/eirich.com.br\/es\/wp-json\/wp\/v2\/media?parent=682"}],"curies":[{"name":"wp","href":"https:\/\/api.w.org\/{rel}","templated":true}]}}