{"id":652,"date":"2019-02-19T10:35:07","date_gmt":"2019-02-19T13:35:07","guid":{"rendered":"https:\/\/eirich.com.br\/es\/?page_id=652"},"modified":"2019-02-19T10:46:49","modified_gmt":"2019-02-19T13:46:49","slug":"reciclaje-de-residuos-valiosos","status":"publish","type":"page","link":"https:\/\/eirich.com.br\/es\/aplicaciones\/metalurgia\/reciclaje-de-residuos-valiosos\/","title":{"rendered":"Reciclaje de residuos valiosos"},"content":{"rendered":"<p>Residuos tales como polvos y lodos producidos en plantas de sinterizaci\u00f3n, altos hornos, naves de fundici\u00f3n, acer\u00edas con oxiconvertidores y hornos de arco son preparados efectivamente con el sistema de mezclado Eirich.<\/p>\n<p><strong>En la mezcladora intensiva Eirich es posible realizar sucesivamente varios pasos de un proceso en una sola m\u00e1quina:<\/strong><\/p>\n<ul>\n<li>Mezclar<\/li>\n<li>Humedecer \/ distribuir la humedad \/ desecar<\/li>\n<li>Dispersar<\/li>\n<li>Compactar<\/li>\n<li>(Pre)granular<\/li>\n<li>Reaccionar<\/li>\n<li>Refrigerar<\/li>\n<\/ul>\n<p><strong>Ventajas del sistema de mezclado Eirich:<\/strong><\/p>\n<ul>\n<li>Excelentes resultados de mezcla<\/li>\n<li>Productos semielaborados con propiedades estables<\/li>\n<li>Sistema flexible que logra manipular las propiedades muy variables de los residuos<\/li>\n<li>Alta resistencia al desgaste<\/li>\n<li>Autolimpieza<\/li>\n<\/ul>\n<hr \/>\n<p><strong>M\u00e1s informaciones sobre las soluciones Eirich para Metalurgia, Mineraci\u00f3n y Siderurgia:<\/strong><\/p>\n<ul>\n<li><a href=\"https:\/\/eirich.com.br\/es\/aplicaciones\/metalurgia\/preparacion-de-pelets-y-micropelets\">Preparaci\u00f3n de pelets y micropelets<\/a><\/li>\n<li><a href=\"https:\/\/eirich.com.br\/es\/preparacion-de-mezclas-sinterizadas\">Preparaci\u00f3n de mezclas sinterizadas<\/a><\/li>\n<\/ul>\n<hr \/>\n<p><strong>Acceda al men\u00fa de <a href=\"https:\/\/eirich.com.br\/categoria_download\/metalurgia\/\">downloads<\/a> y descargue los cat\u00e1logos Eirich para el segmento de <a href=\"https:\/\/eirich.com.br\/es\/aplicaciones\/metalurgia\/\">Metalurgia<\/a>.<\/strong><\/p>\n","protected":false},"excerpt":{"rendered":"<p>Residuos tales como polvos y lodos producidos en plantas de sinterizaci\u00f3n, altos hornos, naves de fundici\u00f3n, acer\u00edas con oxiconvertidores y hornos de arco son preparados efectivamente con el sistema de mezclado Eirich. En la mezcladora intensiva Eirich es posible realizar sucesivamente varios pasos de un proceso en una sola m\u00e1quina: Mezclar Humedecer \/ distribuir la [&hellip;]<\/p>\n","protected":false},"author":1,"featured_media":0,"parent":38,"menu_order":2,"comment_status":"closed","ping_status":"closed","template":"","meta":{"footnotes":""},"class_list":["post-652","page","type-page","status-publish","hentry"],"yoast_head":"<!-- This site is optimized with the Yoast SEO plugin v26.6 - https:\/\/yoast.com\/wordpress\/plugins\/seo\/ -->\n<title>Reciclaje de residuos valiosos - Eirich de Brasil<\/title>\n<meta name=\"robots\" content=\"index, follow, max-snippet:-1, max-image-preview:large, max-video-preview:-1\" \/>\n<link rel=\"canonical\" href=\"https:\/\/eirich.com.br\/es\/aplicaciones\/metalurgia\/reciclaje-de-residuos-valiosos\/\" \/>\n<meta property=\"og:locale\" content=\"es_ES\" \/>\n<meta property=\"og:type\" content=\"article\" \/>\n<meta property=\"og:title\" content=\"Reciclaje de residuos valiosos - Eirich de Brasil\" \/>\n<meta property=\"og:description\" content=\"Residuos tales como polvos y lodos producidos en plantas de sinterizaci\u00f3n, altos hornos, naves de fundici\u00f3n, acer\u00edas con oxiconvertidores y hornos de arco son preparados efectivamente con el sistema de mezclado Eirich. En la mezcladora intensiva Eirich es posible realizar sucesivamente varios pasos de un proceso en una sola m\u00e1quina: Mezclar Humedecer \/ distribuir la [&hellip;]\" \/>\n<meta property=\"og:url\" content=\"https:\/\/eirich.com.br\/es\/aplicaciones\/metalurgia\/reciclaje-de-residuos-valiosos\/\" \/>\n<meta property=\"og:site_name\" content=\"Eirich de Brasil\" \/>\n<meta property=\"article:modified_time\" content=\"2019-02-19T13:46:49+00:00\" \/>\n<meta name=\"twitter:card\" content=\"summary_large_image\" \/>\n<meta name=\"twitter:label1\" content=\"Tiempo de lectura\" \/>\n\t<meta name=\"twitter:data1\" content=\"1 minuto\" \/>\n<script type=\"application\/ld+json\" class=\"yoast-schema-graph\">{\"@context\":\"https:\/\/schema.org\",\"@graph\":[{\"@type\":\"WebPage\",\"@id\":\"https:\/\/eirich.com.br\/es\/aplicaciones\/metalurgia\/reciclaje-de-residuos-valiosos\/\",\"url\":\"https:\/\/eirich.com.br\/es\/aplicaciones\/metalurgia\/reciclaje-de-residuos-valiosos\/\",\"name\":\"Reciclaje de residuos valiosos - Eirich de Brasil\",\"isPartOf\":{\"@id\":\"https:\/\/eirich.com.br\/es\/#website\"},\"datePublished\":\"2019-02-19T13:35:07+00:00\",\"dateModified\":\"2019-02-19T13:46:49+00:00\",\"breadcrumb\":{\"@id\":\"https:\/\/eirich.com.br\/es\/aplicaciones\/metalurgia\/reciclaje-de-residuos-valiosos\/#breadcrumb\"},\"inLanguage\":\"es\",\"potentialAction\":[{\"@type\":\"ReadAction\",\"target\":[\"https:\/\/eirich.com.br\/es\/aplicaciones\/metalurgia\/reciclaje-de-residuos-valiosos\/\"]}]},{\"@type\":\"BreadcrumbList\",\"@id\":\"https:\/\/eirich.com.br\/es\/aplicaciones\/metalurgia\/reciclaje-de-residuos-valiosos\/#breadcrumb\",\"itemListElement\":[{\"@type\":\"ListItem\",\"position\":1,\"name\":\"In\u00edcio\",\"item\":\"https:\/\/eirich.com.br\/es\/\"},{\"@type\":\"ListItem\",\"position\":2,\"name\":\"Aplicaciones\",\"item\":\"https:\/\/eirich.com.br\/es\/aplicaciones\/\"},{\"@type\":\"ListItem\",\"position\":3,\"name\":\"Metalurgia\",\"item\":\"https:\/\/eirich.com.br\/es\/aplicaciones\/metalurgia\/\"},{\"@type\":\"ListItem\",\"position\":4,\"name\":\"Reciclaje de residuos valiosos\"}]},{\"@type\":\"WebSite\",\"@id\":\"https:\/\/eirich.com.br\/es\/#website\",\"url\":\"https:\/\/eirich.com.br\/es\/\",\"name\":\"Eirich de Brasil\",\"description\":\"Pionero en la tecnolog\u00eda de mezclado, granulaci\u00f3n, granulaci\u00f3n y molienda fina.\",\"potentialAction\":[{\"@type\":\"SearchAction\",\"target\":{\"@type\":\"EntryPoint\",\"urlTemplate\":\"https:\/\/eirich.com.br\/es\/?s={search_term_string}\"},\"query-input\":{\"@type\":\"PropertyValueSpecification\",\"valueRequired\":true,\"valueName\":\"search_term_string\"}}],\"inLanguage\":\"es\"}]}<\/script>\n<!-- \/ Yoast SEO plugin. -->","yoast_head_json":{"title":"Reciclaje de residuos valiosos - Eirich de Brasil","robots":{"index":"index","follow":"follow","max-snippet":"max-snippet:-1","max-image-preview":"max-image-preview:large","max-video-preview":"max-video-preview:-1"},"canonical":"https:\/\/eirich.com.br\/es\/aplicaciones\/metalurgia\/reciclaje-de-residuos-valiosos\/","og_locale":"es_ES","og_type":"article","og_title":"Reciclaje de residuos valiosos - Eirich de Brasil","og_description":"Residuos tales como polvos y lodos producidos en plantas de sinterizaci\u00f3n, altos hornos, naves de fundici\u00f3n, acer\u00edas con oxiconvertidores y hornos de arco son preparados efectivamente con el sistema de mezclado Eirich. En la mezcladora intensiva Eirich es posible realizar sucesivamente varios pasos de un proceso en una sola m\u00e1quina: Mezclar Humedecer \/ distribuir la [&hellip;]","og_url":"https:\/\/eirich.com.br\/es\/aplicaciones\/metalurgia\/reciclaje-de-residuos-valiosos\/","og_site_name":"Eirich de Brasil","article_modified_time":"2019-02-19T13:46:49+00:00","twitter_card":"summary_large_image","twitter_misc":{"Tiempo de lectura":"1 minuto"},"schema":{"@context":"https:\/\/schema.org","@graph":[{"@type":"WebPage","@id":"https:\/\/eirich.com.br\/es\/aplicaciones\/metalurgia\/reciclaje-de-residuos-valiosos\/","url":"https:\/\/eirich.com.br\/es\/aplicaciones\/metalurgia\/reciclaje-de-residuos-valiosos\/","name":"Reciclaje de residuos valiosos - Eirich de Brasil","isPartOf":{"@id":"https:\/\/eirich.com.br\/es\/#website"},"datePublished":"2019-02-19T13:35:07+00:00","dateModified":"2019-02-19T13:46:49+00:00","breadcrumb":{"@id":"https:\/\/eirich.com.br\/es\/aplicaciones\/metalurgia\/reciclaje-de-residuos-valiosos\/#breadcrumb"},"inLanguage":"es","potentialAction":[{"@type":"ReadAction","target":["https:\/\/eirich.com.br\/es\/aplicaciones\/metalurgia\/reciclaje-de-residuos-valiosos\/"]}]},{"@type":"BreadcrumbList","@id":"https:\/\/eirich.com.br\/es\/aplicaciones\/metalurgia\/reciclaje-de-residuos-valiosos\/#breadcrumb","itemListElement":[{"@type":"ListItem","position":1,"name":"In\u00edcio","item":"https:\/\/eirich.com.br\/es\/"},{"@type":"ListItem","position":2,"name":"Aplicaciones","item":"https:\/\/eirich.com.br\/es\/aplicaciones\/"},{"@type":"ListItem","position":3,"name":"Metalurgia","item":"https:\/\/eirich.com.br\/es\/aplicaciones\/metalurgia\/"},{"@type":"ListItem","position":4,"name":"Reciclaje de residuos valiosos"}]},{"@type":"WebSite","@id":"https:\/\/eirich.com.br\/es\/#website","url":"https:\/\/eirich.com.br\/es\/","name":"Eirich de Brasil","description":"Pionero en la tecnolog\u00eda de mezclado, granulaci\u00f3n, granulaci\u00f3n y molienda fina.","potentialAction":[{"@type":"SearchAction","target":{"@type":"EntryPoint","urlTemplate":"https:\/\/eirich.com.br\/es\/?s={search_term_string}"},"query-input":{"@type":"PropertyValueSpecification","valueRequired":true,"valueName":"search_term_string"}}],"inLanguage":"es"}]}},"_links":{"self":[{"href":"https:\/\/eirich.com.br\/es\/wp-json\/wp\/v2\/pages\/652","targetHints":{"allow":["GET"]}}],"collection":[{"href":"https:\/\/eirich.com.br\/es\/wp-json\/wp\/v2\/pages"}],"about":[{"href":"https:\/\/eirich.com.br\/es\/wp-json\/wp\/v2\/types\/page"}],"author":[{"embeddable":true,"href":"https:\/\/eirich.com.br\/es\/wp-json\/wp\/v2\/users\/1"}],"replies":[{"embeddable":true,"href":"https:\/\/eirich.com.br\/es\/wp-json\/wp\/v2\/comments?post=652"}],"version-history":[{"count":3,"href":"https:\/\/eirich.com.br\/es\/wp-json\/wp\/v2\/pages\/652\/revisions"}],"predecessor-version":[{"id":664,"href":"https:\/\/eirich.com.br\/es\/wp-json\/wp\/v2\/pages\/652\/revisions\/664"}],"up":[{"embeddable":true,"href":"https:\/\/eirich.com.br\/es\/wp-json\/wp\/v2\/pages\/38"}],"wp:attachment":[{"href":"https:\/\/eirich.com.br\/es\/wp-json\/wp\/v2\/media?parent=652"}],"curies":[{"name":"wp","href":"https:\/\/api.w.org\/{rel}","templated":true}]}}