{"id":640,"date":"2019-02-19T10:05:42","date_gmt":"2019-02-19T13:05:42","guid":{"rendered":"https:\/\/eirich.com.br\/es\/?page_id=640"},"modified":"2019-02-19T10:47:32","modified_gmt":"2019-02-19T13:47:32","slug":"preparacion-de-pelets-y-micropelets","status":"publish","type":"page","link":"https:\/\/eirich.com.br\/es\/aplicaciones\/metalurgia\/preparacion-de-pelets-y-micropelets\/","title":{"rendered":"Preparaci\u00f3n de pelets y micropelets"},"content":{"rendered":"<p>Al transformar materias primas en pelets verdes se mezclan \u00f3xidos met\u00e1licos muy finos con aglomerantes (p. ej. bentonita) y aditivos (p. ej. piedra caliza, dolomita).<\/p>\n<p>En la mezcladora intensiva de Eirich la preparaci\u00f3n se realiza en modo de funcionamiento continuo.<\/p>\n<p><strong>Con ello resultan las ventajas siguientes:<\/strong><\/p>\n<ul>\n<li>Bajo consumo de aglomerantes<\/li>\n<li>Bajo consumo de energ\u00eda<\/li>\n<li>Elevada resistencia a la compresi\u00f3n en verde de los pelets, poco material de retorno<\/li>\n<li>Homogeneidad alta y constante del material con rendimientos de hasta 1400 t\/h<\/li>\n<li>Alta seguridad laboral y operativa con pocos gastos de mantenimiento<\/li>\n<li>Espectro granulom\u00e9trico estrecho \/ calidad constante<\/li>\n<li>Desgaste reducido<\/li>\n<\/ul>\n<hr \/>\n<p><strong>M\u00e1s informaciones sobre las soluciones Eirich para Metalurgia, Mineraci\u00f3n y Siderurgia:<\/strong><\/p>\n<ul>\n<li><a href=\"https:\/\/eirich.com.br\/es\/aplicaciones\/metalurgia\/preparacion-de-mezclas-sinterizadas\/\">Preparaci\u00f3n de mezclas sinterizadas<\/a><\/li>\n<li><a href=\"https:\/\/eirich.com.br\/es\/aplicaciones\/metalurgia\/reciclaje-de-residuos-valiosos\">Reciclaje de residuos valiosos<\/a><\/li>\n<\/ul>\n<hr \/>\n<p><strong>Acceda al men\u00fa de <a href=\"https:\/\/eirich.com.br\/categoria_download\/metalurgia\/\">downloads<\/a> y descargue los cat\u00e1logos Eirich para el segmento de <a href=\"https:\/\/eirich.com.br\/es\/aplicaciones\/metalurgia\/\">Metalurgia<\/a>.<\/strong><\/p>\n","protected":false},"excerpt":{"rendered":"<p>Al transformar materias primas en pelets verdes se mezclan \u00f3xidos met\u00e1licos muy finos con aglomerantes (p. ej. bentonita) y aditivos (p. ej. piedra caliza, dolomita). En la mezcladora intensiva de Eirich la preparaci\u00f3n se realiza en modo de funcionamiento continuo. Con ello resultan las ventajas siguientes: Bajo consumo de aglomerantes Bajo consumo de energ\u00eda Elevada [&hellip;]<\/p>\n","protected":false},"author":1,"featured_media":0,"parent":38,"menu_order":0,"comment_status":"closed","ping_status":"closed","template":"","meta":{"footnotes":""},"class_list":["post-640","page","type-page","status-publish","hentry"],"yoast_head":"<!-- This site is optimized with the Yoast SEO plugin v26.6 - https:\/\/yoast.com\/wordpress\/plugins\/seo\/ -->\n<title>Preparaci\u00f3n de pelets y micropelets - Eirich de Brasil<\/title>\n<meta name=\"robots\" content=\"index, follow, max-snippet:-1, max-image-preview:large, max-video-preview:-1\" \/>\n<link rel=\"canonical\" href=\"https:\/\/eirich.com.br\/es\/aplicaciones\/metalurgia\/preparacion-de-pelets-y-micropelets\/\" \/>\n<meta property=\"og:locale\" content=\"es_ES\" \/>\n<meta property=\"og:type\" content=\"article\" \/>\n<meta property=\"og:title\" content=\"Preparaci\u00f3n de pelets y micropelets - Eirich de Brasil\" \/>\n<meta property=\"og:description\" content=\"Al transformar materias primas en pelets verdes se mezclan \u00f3xidos met\u00e1licos muy finos con aglomerantes (p. ej. bentonita) y aditivos (p. ej. piedra caliza, dolomita). En la mezcladora intensiva de Eirich la preparaci\u00f3n se realiza en modo de funcionamiento continuo. Con ello resultan las ventajas siguientes: Bajo consumo de aglomerantes Bajo consumo de energ\u00eda Elevada [&hellip;]\" \/>\n<meta property=\"og:url\" content=\"https:\/\/eirich.com.br\/es\/aplicaciones\/metalurgia\/preparacion-de-pelets-y-micropelets\/\" \/>\n<meta property=\"og:site_name\" content=\"Eirich de Brasil\" \/>\n<meta property=\"article:modified_time\" content=\"2019-02-19T13:47:32+00:00\" \/>\n<meta name=\"twitter:card\" content=\"summary_large_image\" \/>\n<meta name=\"twitter:label1\" content=\"Tiempo de lectura\" \/>\n\t<meta name=\"twitter:data1\" content=\"1 minuto\" \/>\n<script type=\"application\/ld+json\" class=\"yoast-schema-graph\">{\"@context\":\"https:\/\/schema.org\",\"@graph\":[{\"@type\":\"WebPage\",\"@id\":\"https:\/\/eirich.com.br\/es\/aplicaciones\/metalurgia\/preparacion-de-pelets-y-micropelets\/\",\"url\":\"https:\/\/eirich.com.br\/es\/aplicaciones\/metalurgia\/preparacion-de-pelets-y-micropelets\/\",\"name\":\"Preparaci\u00f3n de pelets y micropelets - Eirich de Brasil\",\"isPartOf\":{\"@id\":\"https:\/\/eirich.com.br\/es\/#website\"},\"datePublished\":\"2019-02-19T13:05:42+00:00\",\"dateModified\":\"2019-02-19T13:47:32+00:00\",\"breadcrumb\":{\"@id\":\"https:\/\/eirich.com.br\/es\/aplicaciones\/metalurgia\/preparacion-de-pelets-y-micropelets\/#breadcrumb\"},\"inLanguage\":\"es\",\"potentialAction\":[{\"@type\":\"ReadAction\",\"target\":[\"https:\/\/eirich.com.br\/es\/aplicaciones\/metalurgia\/preparacion-de-pelets-y-micropelets\/\"]}]},{\"@type\":\"BreadcrumbList\",\"@id\":\"https:\/\/eirich.com.br\/es\/aplicaciones\/metalurgia\/preparacion-de-pelets-y-micropelets\/#breadcrumb\",\"itemListElement\":[{\"@type\":\"ListItem\",\"position\":1,\"name\":\"In\u00edcio\",\"item\":\"https:\/\/eirich.com.br\/es\/\"},{\"@type\":\"ListItem\",\"position\":2,\"name\":\"Aplicaciones\",\"item\":\"https:\/\/eirich.com.br\/es\/aplicaciones\/\"},{\"@type\":\"ListItem\",\"position\":3,\"name\":\"Metalurgia\",\"item\":\"https:\/\/eirich.com.br\/es\/aplicaciones\/metalurgia\/\"},{\"@type\":\"ListItem\",\"position\":4,\"name\":\"Preparaci\u00f3n de pelets y micropelets\"}]},{\"@type\":\"WebSite\",\"@id\":\"https:\/\/eirich.com.br\/es\/#website\",\"url\":\"https:\/\/eirich.com.br\/es\/\",\"name\":\"Eirich de Brasil\",\"description\":\"Pionero en la tecnolog\u00eda de mezclado, granulaci\u00f3n, granulaci\u00f3n y molienda fina.\",\"potentialAction\":[{\"@type\":\"SearchAction\",\"target\":{\"@type\":\"EntryPoint\",\"urlTemplate\":\"https:\/\/eirich.com.br\/es\/?s={search_term_string}\"},\"query-input\":{\"@type\":\"PropertyValueSpecification\",\"valueRequired\":true,\"valueName\":\"search_term_string\"}}],\"inLanguage\":\"es\"}]}<\/script>\n<!-- \/ Yoast SEO plugin. -->","yoast_head_json":{"title":"Preparaci\u00f3n de pelets y micropelets - Eirich de Brasil","robots":{"index":"index","follow":"follow","max-snippet":"max-snippet:-1","max-image-preview":"max-image-preview:large","max-video-preview":"max-video-preview:-1"},"canonical":"https:\/\/eirich.com.br\/es\/aplicaciones\/metalurgia\/preparacion-de-pelets-y-micropelets\/","og_locale":"es_ES","og_type":"article","og_title":"Preparaci\u00f3n de pelets y micropelets - Eirich de Brasil","og_description":"Al transformar materias primas en pelets verdes se mezclan \u00f3xidos met\u00e1licos muy finos con aglomerantes (p. ej. bentonita) y aditivos (p. ej. piedra caliza, dolomita). En la mezcladora intensiva de Eirich la preparaci\u00f3n se realiza en modo de funcionamiento continuo. Con ello resultan las ventajas siguientes: Bajo consumo de aglomerantes Bajo consumo de energ\u00eda Elevada [&hellip;]","og_url":"https:\/\/eirich.com.br\/es\/aplicaciones\/metalurgia\/preparacion-de-pelets-y-micropelets\/","og_site_name":"Eirich de Brasil","article_modified_time":"2019-02-19T13:47:32+00:00","twitter_card":"summary_large_image","twitter_misc":{"Tiempo de lectura":"1 minuto"},"schema":{"@context":"https:\/\/schema.org","@graph":[{"@type":"WebPage","@id":"https:\/\/eirich.com.br\/es\/aplicaciones\/metalurgia\/preparacion-de-pelets-y-micropelets\/","url":"https:\/\/eirich.com.br\/es\/aplicaciones\/metalurgia\/preparacion-de-pelets-y-micropelets\/","name":"Preparaci\u00f3n de pelets y micropelets - Eirich de Brasil","isPartOf":{"@id":"https:\/\/eirich.com.br\/es\/#website"},"datePublished":"2019-02-19T13:05:42+00:00","dateModified":"2019-02-19T13:47:32+00:00","breadcrumb":{"@id":"https:\/\/eirich.com.br\/es\/aplicaciones\/metalurgia\/preparacion-de-pelets-y-micropelets\/#breadcrumb"},"inLanguage":"es","potentialAction":[{"@type":"ReadAction","target":["https:\/\/eirich.com.br\/es\/aplicaciones\/metalurgia\/preparacion-de-pelets-y-micropelets\/"]}]},{"@type":"BreadcrumbList","@id":"https:\/\/eirich.com.br\/es\/aplicaciones\/metalurgia\/preparacion-de-pelets-y-micropelets\/#breadcrumb","itemListElement":[{"@type":"ListItem","position":1,"name":"In\u00edcio","item":"https:\/\/eirich.com.br\/es\/"},{"@type":"ListItem","position":2,"name":"Aplicaciones","item":"https:\/\/eirich.com.br\/es\/aplicaciones\/"},{"@type":"ListItem","position":3,"name":"Metalurgia","item":"https:\/\/eirich.com.br\/es\/aplicaciones\/metalurgia\/"},{"@type":"ListItem","position":4,"name":"Preparaci\u00f3n de pelets y micropelets"}]},{"@type":"WebSite","@id":"https:\/\/eirich.com.br\/es\/#website","url":"https:\/\/eirich.com.br\/es\/","name":"Eirich de Brasil","description":"Pionero en la tecnolog\u00eda de mezclado, granulaci\u00f3n, granulaci\u00f3n y molienda fina.","potentialAction":[{"@type":"SearchAction","target":{"@type":"EntryPoint","urlTemplate":"https:\/\/eirich.com.br\/es\/?s={search_term_string}"},"query-input":{"@type":"PropertyValueSpecification","valueRequired":true,"valueName":"search_term_string"}}],"inLanguage":"es"}]}},"_links":{"self":[{"href":"https:\/\/eirich.com.br\/es\/wp-json\/wp\/v2\/pages\/640","targetHints":{"allow":["GET"]}}],"collection":[{"href":"https:\/\/eirich.com.br\/es\/wp-json\/wp\/v2\/pages"}],"about":[{"href":"https:\/\/eirich.com.br\/es\/wp-json\/wp\/v2\/types\/page"}],"author":[{"embeddable":true,"href":"https:\/\/eirich.com.br\/es\/wp-json\/wp\/v2\/users\/1"}],"replies":[{"embeddable":true,"href":"https:\/\/eirich.com.br\/es\/wp-json\/wp\/v2\/comments?post=640"}],"version-history":[{"count":6,"href":"https:\/\/eirich.com.br\/es\/wp-json\/wp\/v2\/pages\/640\/revisions"}],"predecessor-version":[{"id":642,"href":"https:\/\/eirich.com.br\/es\/wp-json\/wp\/v2\/pages\/640\/revisions\/642"}],"up":[{"embeddable":true,"href":"https:\/\/eirich.com.br\/es\/wp-json\/wp\/v2\/pages\/38"}],"wp:attachment":[{"href":"https:\/\/eirich.com.br\/es\/wp-json\/wp\/v2\/media?parent=640"}],"curies":[{"name":"wp","href":"https:\/\/api.w.org\/{rel}","templated":true}]}}