{"id":632,"date":"2019-02-18T15:30:15","date_gmt":"2019-02-18T18:30:15","guid":{"rendered":"https:\/\/eirich.com.br\/es\/?page_id=632"},"modified":"2019-02-18T15:30:49","modified_gmt":"2019-02-18T18:30:49","slug":"refractarios","status":"publish","type":"page","link":"https:\/\/eirich.com.br\/es\/refractarios\/","title":{"rendered":"Refractarios"},"content":{"rendered":"<h3>La tecnolog\u00eda de preparaci\u00f3n en la industria refractaria<\/h3>\n<p>Desde hace muchas d\u00e9cadas, EIRICH es proveedor de tecnolog\u00eda punta para la preparaci\u00f3n de masas refractarias.<\/p>\n<p>Las crecientes exigencias de calidad para los productos finales requieren conceptos de dise\u00f1o de proceso sofisticados y orientados al futuro. Por ello, EIRICH se sirve de la optimizaci\u00f3n de procesos que elabora de forma conjunta con el cliente para proporcionar todo el equipamiento, desde la tecnolog\u00eda de mezclado, hasta l\u00edneas de producci\u00f3n completas, pasando por la tecnolog\u00eda de dosificaci\u00f3n y la tecnolog\u00eda de control.<\/p>\n<p><strong>Experiencia destacada en las siguientes \u00e1reas de producci\u00f3n:<\/strong><\/p>\n<p><strong>Productos conformados<\/strong><\/p>\n<ul>\n<li>Masas de moldeo para todo tipo de piedras, incluso mezclas calientes<\/li>\n<li>Masas para ladrillos refractarios ligeros<\/li>\n<li>Granulados para productos de prensado isost\u00e1tico<\/li>\n<\/ul>\n<p><strong>Productos no conformados<\/strong><\/p>\n<ul>\n<li>Masas densas vibrables, moldeables, apisonables e inyectables<\/li>\n<li>Masas termoaislantes<\/li>\n<li>Morteros y masillas<\/li>\n<li>Mezclas secas<\/li>\n<li>Elementos prefabricados<\/li>\n<\/ul>\n<p><strong>Materiales especiales<\/strong><\/p>\n<ul>\n<li>Mezclas y granulados para materiales cer\u00e1micos oxidados y no oxidados<\/li>\n<li>Mezclas para materiales de fibras cer\u00e1micas<\/li>\n<\/ul>\n","protected":false},"excerpt":{"rendered":"<p>La tecnolog\u00eda de preparaci\u00f3n en la industria refractaria Desde hace muchas d\u00e9cadas, EIRICH es proveedor de tecnolog\u00eda punta para la preparaci\u00f3n de masas refractarias. Las crecientes exigencias de calidad para los productos finales requieren conceptos de dise\u00f1o de proceso sofisticados y orientados al futuro. Por ello, EIRICH se sirve de la optimizaci\u00f3n de procesos que [&hellip;]<\/p>\n","protected":false},"author":1,"featured_media":0,"parent":0,"menu_order":0,"comment_status":"closed","ping_status":"closed","template":"","meta":{"footnotes":""},"class_list":["post-632","page","type-page","status-publish","hentry"],"yoast_head":"<!-- This site is optimized with the Yoast SEO plugin v26.6 - https:\/\/yoast.com\/wordpress\/plugins\/seo\/ -->\n<title>Refractarios - Eirich de Brasil<\/title>\n<meta name=\"robots\" content=\"index, follow, max-snippet:-1, max-image-preview:large, max-video-preview:-1\" \/>\n<link rel=\"canonical\" href=\"https:\/\/eirich.com.br\/es\/refractarios\/\" \/>\n<meta property=\"og:locale\" content=\"es_ES\" \/>\n<meta property=\"og:type\" content=\"article\" \/>\n<meta property=\"og:title\" content=\"Refractarios - Eirich de Brasil\" \/>\n<meta property=\"og:description\" content=\"La tecnolog\u00eda de preparaci\u00f3n en la industria refractaria Desde hace muchas d\u00e9cadas, EIRICH es proveedor de tecnolog\u00eda punta para la preparaci\u00f3n de masas refractarias. Las crecientes exigencias de calidad para los productos finales requieren conceptos de dise\u00f1o de proceso sofisticados y orientados al futuro. Por ello, EIRICH se sirve de la optimizaci\u00f3n de procesos que [&hellip;]\" \/>\n<meta property=\"og:url\" content=\"https:\/\/eirich.com.br\/es\/refractarios\/\" \/>\n<meta property=\"og:site_name\" content=\"Eirich de Brasil\" \/>\n<meta property=\"article:modified_time\" content=\"2019-02-18T18:30:49+00:00\" \/>\n<meta name=\"twitter:card\" content=\"summary_large_image\" \/>\n<meta name=\"twitter:label1\" content=\"Tiempo de lectura\" \/>\n\t<meta name=\"twitter:data1\" content=\"1 minuto\" \/>\n<script type=\"application\/ld+json\" class=\"yoast-schema-graph\">{\"@context\":\"https:\/\/schema.org\",\"@graph\":[{\"@type\":\"WebPage\",\"@id\":\"https:\/\/eirich.com.br\/es\/refractarios\/\",\"url\":\"https:\/\/eirich.com.br\/es\/refractarios\/\",\"name\":\"Refractarios - Eirich de Brasil\",\"isPartOf\":{\"@id\":\"https:\/\/eirich.com.br\/es\/#website\"},\"datePublished\":\"2019-02-18T18:30:15+00:00\",\"dateModified\":\"2019-02-18T18:30:49+00:00\",\"breadcrumb\":{\"@id\":\"https:\/\/eirich.com.br\/es\/refractarios\/#breadcrumb\"},\"inLanguage\":\"es\",\"potentialAction\":[{\"@type\":\"ReadAction\",\"target\":[\"https:\/\/eirich.com.br\/es\/refractarios\/\"]}]},{\"@type\":\"BreadcrumbList\",\"@id\":\"https:\/\/eirich.com.br\/es\/refractarios\/#breadcrumb\",\"itemListElement\":[{\"@type\":\"ListItem\",\"position\":1,\"name\":\"In\u00edcio\",\"item\":\"https:\/\/eirich.com.br\/es\/\"},{\"@type\":\"ListItem\",\"position\":2,\"name\":\"Refractarios\"}]},{\"@type\":\"WebSite\",\"@id\":\"https:\/\/eirich.com.br\/es\/#website\",\"url\":\"https:\/\/eirich.com.br\/es\/\",\"name\":\"Eirich de Brasil\",\"description\":\"Pionero en la tecnolog\u00eda de mezclado, granulaci\u00f3n, granulaci\u00f3n y molienda fina.\",\"potentialAction\":[{\"@type\":\"SearchAction\",\"target\":{\"@type\":\"EntryPoint\",\"urlTemplate\":\"https:\/\/eirich.com.br\/es\/?s={search_term_string}\"},\"query-input\":{\"@type\":\"PropertyValueSpecification\",\"valueRequired\":true,\"valueName\":\"search_term_string\"}}],\"inLanguage\":\"es\"}]}<\/script>\n<!-- \/ Yoast SEO plugin. -->","yoast_head_json":{"title":"Refractarios - Eirich de Brasil","robots":{"index":"index","follow":"follow","max-snippet":"max-snippet:-1","max-image-preview":"max-image-preview:large","max-video-preview":"max-video-preview:-1"},"canonical":"https:\/\/eirich.com.br\/es\/refractarios\/","og_locale":"es_ES","og_type":"article","og_title":"Refractarios - Eirich de Brasil","og_description":"La tecnolog\u00eda de preparaci\u00f3n en la industria refractaria Desde hace muchas d\u00e9cadas, EIRICH es proveedor de tecnolog\u00eda punta para la preparaci\u00f3n de masas refractarias. Las crecientes exigencias de calidad para los productos finales requieren conceptos de dise\u00f1o de proceso sofisticados y orientados al futuro. Por ello, EIRICH se sirve de la optimizaci\u00f3n de procesos que [&hellip;]","og_url":"https:\/\/eirich.com.br\/es\/refractarios\/","og_site_name":"Eirich de Brasil","article_modified_time":"2019-02-18T18:30:49+00:00","twitter_card":"summary_large_image","twitter_misc":{"Tiempo de lectura":"1 minuto"},"schema":{"@context":"https:\/\/schema.org","@graph":[{"@type":"WebPage","@id":"https:\/\/eirich.com.br\/es\/refractarios\/","url":"https:\/\/eirich.com.br\/es\/refractarios\/","name":"Refractarios - Eirich de Brasil","isPartOf":{"@id":"https:\/\/eirich.com.br\/es\/#website"},"datePublished":"2019-02-18T18:30:15+00:00","dateModified":"2019-02-18T18:30:49+00:00","breadcrumb":{"@id":"https:\/\/eirich.com.br\/es\/refractarios\/#breadcrumb"},"inLanguage":"es","potentialAction":[{"@type":"ReadAction","target":["https:\/\/eirich.com.br\/es\/refractarios\/"]}]},{"@type":"BreadcrumbList","@id":"https:\/\/eirich.com.br\/es\/refractarios\/#breadcrumb","itemListElement":[{"@type":"ListItem","position":1,"name":"In\u00edcio","item":"https:\/\/eirich.com.br\/es\/"},{"@type":"ListItem","position":2,"name":"Refractarios"}]},{"@type":"WebSite","@id":"https:\/\/eirich.com.br\/es\/#website","url":"https:\/\/eirich.com.br\/es\/","name":"Eirich de Brasil","description":"Pionero en la tecnolog\u00eda de mezclado, granulaci\u00f3n, granulaci\u00f3n y molienda fina.","potentialAction":[{"@type":"SearchAction","target":{"@type":"EntryPoint","urlTemplate":"https:\/\/eirich.com.br\/es\/?s={search_term_string}"},"query-input":{"@type":"PropertyValueSpecification","valueRequired":true,"valueName":"search_term_string"}}],"inLanguage":"es"}]}},"_links":{"self":[{"href":"https:\/\/eirich.com.br\/es\/wp-json\/wp\/v2\/pages\/632","targetHints":{"allow":["GET"]}}],"collection":[{"href":"https:\/\/eirich.com.br\/es\/wp-json\/wp\/v2\/pages"}],"about":[{"href":"https:\/\/eirich.com.br\/es\/wp-json\/wp\/v2\/types\/page"}],"author":[{"embeddable":true,"href":"https:\/\/eirich.com.br\/es\/wp-json\/wp\/v2\/users\/1"}],"replies":[{"embeddable":true,"href":"https:\/\/eirich.com.br\/es\/wp-json\/wp\/v2\/comments?post=632"}],"version-history":[{"count":3,"href":"https:\/\/eirich.com.br\/es\/wp-json\/wp\/v2\/pages\/632\/revisions"}],"predecessor-version":[{"id":635,"href":"https:\/\/eirich.com.br\/es\/wp-json\/wp\/v2\/pages\/632\/revisions\/635"}],"wp:attachment":[{"href":"https:\/\/eirich.com.br\/es\/wp-json\/wp\/v2\/media?parent=632"}],"curies":[{"name":"wp","href":"https:\/\/api.w.org\/{rel}","templated":true}]}}