{"id":624,"date":"2019-02-15T10:53:39","date_gmt":"2019-02-15T12:53:39","guid":{"rendered":"https:\/\/eirich.com.br\/es\/?page_id=624"},"modified":"2019-02-15T10:53:49","modified_gmt":"2019-02-15T12:53:49","slug":"concepto-de-sistema","status":"publish","type":"page","link":"https:\/\/eirich.com.br\/es\/aplicaciones\/fertilizantes\/concepto-de-sistema\/","title":{"rendered":"Concepto de sistema"},"content":{"rendered":"<h3>El concepto adecuado para su instalaci\u00f3n<\/h3>\n<p>Nosotros dise\u00f1amos un concepto individual para su instalaci\u00f3n de producci\u00f3n teniendo en cuenta todos los requisitos a satisfacer por su cartera de productos fertilizantes ofrecidos en el mercado.<\/p>\n<p>Nuestro concepto abarca todas las etapas del proceso, desde la entrega de las materias primas, considerando cada detalle de la cadena de producci\u00f3n.<\/p>\n<p>Desarrollamos y suministramos soluciones a medida.<\/p>\n<p>\u00a1Saque provecho de nuestra experiencia! Entre en <a href=\"https:\/\/eirich.com.br\/es\/contato\/\" target=\"_blank\" rel=\"noopener\">contacto<\/a>.<\/p>\n","protected":false},"excerpt":{"rendered":"<p>El concepto adecuado para su instalaci\u00f3n Nosotros dise\u00f1amos un concepto individual para su instalaci\u00f3n de producci\u00f3n teniendo en cuenta todos los requisitos a satisfacer por su cartera de productos fertilizantes ofrecidos en el mercado. Nuestro concepto abarca todas las etapas del proceso, desde la entrega de las materias primas, considerando cada detalle de la cadena [&hellip;]<\/p>\n","protected":false},"author":1,"featured_media":0,"parent":28,"menu_order":2,"comment_status":"closed","ping_status":"closed","template":"","meta":{"footnotes":""},"class_list":["post-624","page","type-page","status-publish","hentry"],"yoast_head":"<!-- This site is optimized with the Yoast SEO plugin v26.6 - https:\/\/yoast.com\/wordpress\/plugins\/seo\/ -->\n<title>Concepto de sistema - Eirich de Brasil<\/title>\n<meta name=\"robots\" content=\"index, follow, max-snippet:-1, max-image-preview:large, max-video-preview:-1\" \/>\n<link rel=\"canonical\" href=\"https:\/\/eirich.com.br\/es\/aplicaciones\/fertilizantes\/concepto-de-sistema\/\" \/>\n<meta property=\"og:locale\" content=\"es_ES\" \/>\n<meta property=\"og:type\" content=\"article\" \/>\n<meta property=\"og:title\" content=\"Concepto de sistema - Eirich de Brasil\" \/>\n<meta property=\"og:description\" content=\"El concepto adecuado para su instalaci\u00f3n Nosotros dise\u00f1amos un concepto individual para su instalaci\u00f3n de producci\u00f3n teniendo en cuenta todos los requisitos a satisfacer por su cartera de productos fertilizantes ofrecidos en el mercado. Nuestro concepto abarca todas las etapas del proceso, desde la entrega de las materias primas, considerando cada detalle de la cadena [&hellip;]\" \/>\n<meta property=\"og:url\" content=\"https:\/\/eirich.com.br\/es\/aplicaciones\/fertilizantes\/concepto-de-sistema\/\" \/>\n<meta property=\"og:site_name\" content=\"Eirich de Brasil\" \/>\n<meta property=\"article:modified_time\" content=\"2019-02-15T12:53:49+00:00\" \/>\n<meta name=\"twitter:card\" content=\"summary_large_image\" \/>\n<script type=\"application\/ld+json\" class=\"yoast-schema-graph\">{\"@context\":\"https:\/\/schema.org\",\"@graph\":[{\"@type\":\"WebPage\",\"@id\":\"https:\/\/eirich.com.br\/es\/aplicaciones\/fertilizantes\/concepto-de-sistema\/\",\"url\":\"https:\/\/eirich.com.br\/es\/aplicaciones\/fertilizantes\/concepto-de-sistema\/\",\"name\":\"Concepto de sistema - Eirich de Brasil\",\"isPartOf\":{\"@id\":\"https:\/\/eirich.com.br\/es\/#website\"},\"datePublished\":\"2019-02-15T12:53:39+00:00\",\"dateModified\":\"2019-02-15T12:53:49+00:00\",\"breadcrumb\":{\"@id\":\"https:\/\/eirich.com.br\/es\/aplicaciones\/fertilizantes\/concepto-de-sistema\/#breadcrumb\"},\"inLanguage\":\"es\",\"potentialAction\":[{\"@type\":\"ReadAction\",\"target\":[\"https:\/\/eirich.com.br\/es\/aplicaciones\/fertilizantes\/concepto-de-sistema\/\"]}]},{\"@type\":\"BreadcrumbList\",\"@id\":\"https:\/\/eirich.com.br\/es\/aplicaciones\/fertilizantes\/concepto-de-sistema\/#breadcrumb\",\"itemListElement\":[{\"@type\":\"ListItem\",\"position\":1,\"name\":\"In\u00edcio\",\"item\":\"https:\/\/eirich.com.br\/es\/\"},{\"@type\":\"ListItem\",\"position\":2,\"name\":\"Aplicaciones\",\"item\":\"https:\/\/eirich.com.br\/es\/aplicaciones\/\"},{\"@type\":\"ListItem\",\"position\":3,\"name\":\"Fertilizantes\",\"item\":\"https:\/\/eirich.com.br\/es\/aplicaciones\/fertilizantes\/\"},{\"@type\":\"ListItem\",\"position\":4,\"name\":\"Concepto de sistema\"}]},{\"@type\":\"WebSite\",\"@id\":\"https:\/\/eirich.com.br\/es\/#website\",\"url\":\"https:\/\/eirich.com.br\/es\/\",\"name\":\"Eirich de Brasil\",\"description\":\"Pionero en la tecnolog\u00eda de mezclado, granulaci\u00f3n, granulaci\u00f3n y molienda fina.\",\"potentialAction\":[{\"@type\":\"SearchAction\",\"target\":{\"@type\":\"EntryPoint\",\"urlTemplate\":\"https:\/\/eirich.com.br\/es\/?s={search_term_string}\"},\"query-input\":{\"@type\":\"PropertyValueSpecification\",\"valueRequired\":true,\"valueName\":\"search_term_string\"}}],\"inLanguage\":\"es\"}]}<\/script>\n<!-- \/ Yoast SEO plugin. -->","yoast_head_json":{"title":"Concepto de sistema - Eirich de Brasil","robots":{"index":"index","follow":"follow","max-snippet":"max-snippet:-1","max-image-preview":"max-image-preview:large","max-video-preview":"max-video-preview:-1"},"canonical":"https:\/\/eirich.com.br\/es\/aplicaciones\/fertilizantes\/concepto-de-sistema\/","og_locale":"es_ES","og_type":"article","og_title":"Concepto de sistema - Eirich de Brasil","og_description":"El concepto adecuado para su instalaci\u00f3n Nosotros dise\u00f1amos un concepto individual para su instalaci\u00f3n de producci\u00f3n teniendo en cuenta todos los requisitos a satisfacer por su cartera de productos fertilizantes ofrecidos en el mercado. Nuestro concepto abarca todas las etapas del proceso, desde la entrega de las materias primas, considerando cada detalle de la cadena [&hellip;]","og_url":"https:\/\/eirich.com.br\/es\/aplicaciones\/fertilizantes\/concepto-de-sistema\/","og_site_name":"Eirich de Brasil","article_modified_time":"2019-02-15T12:53:49+00:00","twitter_card":"summary_large_image","schema":{"@context":"https:\/\/schema.org","@graph":[{"@type":"WebPage","@id":"https:\/\/eirich.com.br\/es\/aplicaciones\/fertilizantes\/concepto-de-sistema\/","url":"https:\/\/eirich.com.br\/es\/aplicaciones\/fertilizantes\/concepto-de-sistema\/","name":"Concepto de sistema - Eirich de Brasil","isPartOf":{"@id":"https:\/\/eirich.com.br\/es\/#website"},"datePublished":"2019-02-15T12:53:39+00:00","dateModified":"2019-02-15T12:53:49+00:00","breadcrumb":{"@id":"https:\/\/eirich.com.br\/es\/aplicaciones\/fertilizantes\/concepto-de-sistema\/#breadcrumb"},"inLanguage":"es","potentialAction":[{"@type":"ReadAction","target":["https:\/\/eirich.com.br\/es\/aplicaciones\/fertilizantes\/concepto-de-sistema\/"]}]},{"@type":"BreadcrumbList","@id":"https:\/\/eirich.com.br\/es\/aplicaciones\/fertilizantes\/concepto-de-sistema\/#breadcrumb","itemListElement":[{"@type":"ListItem","position":1,"name":"In\u00edcio","item":"https:\/\/eirich.com.br\/es\/"},{"@type":"ListItem","position":2,"name":"Aplicaciones","item":"https:\/\/eirich.com.br\/es\/aplicaciones\/"},{"@type":"ListItem","position":3,"name":"Fertilizantes","item":"https:\/\/eirich.com.br\/es\/aplicaciones\/fertilizantes\/"},{"@type":"ListItem","position":4,"name":"Concepto de sistema"}]},{"@type":"WebSite","@id":"https:\/\/eirich.com.br\/es\/#website","url":"https:\/\/eirich.com.br\/es\/","name":"Eirich de Brasil","description":"Pionero en la tecnolog\u00eda de mezclado, granulaci\u00f3n, granulaci\u00f3n y molienda fina.","potentialAction":[{"@type":"SearchAction","target":{"@type":"EntryPoint","urlTemplate":"https:\/\/eirich.com.br\/es\/?s={search_term_string}"},"query-input":{"@type":"PropertyValueSpecification","valueRequired":true,"valueName":"search_term_string"}}],"inLanguage":"es"}]}},"_links":{"self":[{"href":"https:\/\/eirich.com.br\/es\/wp-json\/wp\/v2\/pages\/624","targetHints":{"allow":["GET"]}}],"collection":[{"href":"https:\/\/eirich.com.br\/es\/wp-json\/wp\/v2\/pages"}],"about":[{"href":"https:\/\/eirich.com.br\/es\/wp-json\/wp\/v2\/types\/page"}],"author":[{"embeddable":true,"href":"https:\/\/eirich.com.br\/es\/wp-json\/wp\/v2\/users\/1"}],"replies":[{"embeddable":true,"href":"https:\/\/eirich.com.br\/es\/wp-json\/wp\/v2\/comments?post=624"}],"version-history":[{"count":3,"href":"https:\/\/eirich.com.br\/es\/wp-json\/wp\/v2\/pages\/624\/revisions"}],"predecessor-version":[{"id":627,"href":"https:\/\/eirich.com.br\/es\/wp-json\/wp\/v2\/pages\/624\/revisions\/627"}],"up":[{"embeddable":true,"href":"https:\/\/eirich.com.br\/es\/wp-json\/wp\/v2\/pages\/28"}],"wp:attachment":[{"href":"https:\/\/eirich.com.br\/es\/wp-json\/wp\/v2\/media?parent=624"}],"curies":[{"name":"wp","href":"https:\/\/api.w.org\/{rel}","templated":true}]}}