{"id":621,"date":"2019-02-15T10:51:16","date_gmt":"2019-02-15T12:51:16","guid":{"rendered":"https:\/\/eirich.com.br\/es\/?page_id=621"},"modified":"2019-02-15T10:57:17","modified_gmt":"2019-02-15T12:57:17","slug":"diseno-de-fertilizantes","status":"publish","type":"page","link":"https:\/\/eirich.com.br\/es\/aplicaciones\/fertilizantes\/diseno-de-fertilizantes\/","title":{"rendered":"Dise\u00f1o de fertilizantes"},"content":{"rendered":"<h3>Dise\u00f1o de fertilizantes seg\u00fan los deseos del cliente<\/h3>\n<p>El tama\u00f1o y la forma determinan fundamentalmente las propiedades de sus fertilizantes.<\/p>\n<p><strong>Determine:<\/strong><\/p>\n<ul>\n<li>La acci\u00f3n y el efecto,<\/li>\n<li>La solubilidad y<\/li>\n<li>La estabilidad de los granulados mediante el recubrimiento dirigido con sustancias hidr\u00f3fugas y minerales.<\/li>\n<\/ul>\n<p><strong>Dise\u00f1e su producto en funci\u00f3n de los requisitos del cliente:<\/strong><\/p>\n<ul>\n<li>Ajuste individual de la distribuci\u00f3n granulom\u00e9trica<\/li>\n<li>Estrecha gama granulom\u00e9trica (p.ej. 0,2 \u2013 2,0 mm) y alto rendimiento<\/li>\n<li>Optimizaci\u00f3n de la forma y estructura superficial de los granos<\/li>\n<li>Recubrimiento con colorantes, caliza y mezclas de pigmentos<\/li>\n<li>Humectaci\u00f3n con antiaglomerantes y sustancias hidr\u00f3fugas<\/li>\n<li>Influencia en el aspecto visual y las propiedades t\u00e1ctiles agregando fibra vegetal<\/li>\n<li>Reducci\u00f3n del contenido de polvo de los granulados al m\u00ednimo<\/li>\n<\/ul>\n","protected":false},"excerpt":{"rendered":"<p>Dise\u00f1o de fertilizantes seg\u00fan los deseos del cliente El tama\u00f1o y la forma determinan fundamentalmente las propiedades de sus fertilizantes. Determine: La acci\u00f3n y el efecto, La solubilidad y La estabilidad de los granulados mediante el recubrimiento dirigido con sustancias hidr\u00f3fugas y minerales. Dise\u00f1e su producto en funci\u00f3n de los requisitos del cliente: Ajuste individual [&hellip;]<\/p>\n","protected":false},"author":1,"featured_media":0,"parent":28,"menu_order":1,"comment_status":"closed","ping_status":"closed","template":"","meta":{"footnotes":""},"class_list":["post-621","page","type-page","status-publish","hentry"],"yoast_head":"<!-- This site is optimized with the Yoast SEO plugin v26.6 - https:\/\/yoast.com\/wordpress\/plugins\/seo\/ -->\n<title>Dise\u00f1o de fertilizantes - Eirich de Brasil<\/title>\n<meta name=\"robots\" content=\"index, follow, max-snippet:-1, max-image-preview:large, max-video-preview:-1\" \/>\n<link rel=\"canonical\" href=\"https:\/\/eirich.com.br\/es\/aplicaciones\/fertilizantes\/diseno-de-fertilizantes\/\" \/>\n<meta property=\"og:locale\" content=\"es_ES\" \/>\n<meta property=\"og:type\" content=\"article\" \/>\n<meta property=\"og:title\" content=\"Dise\u00f1o de fertilizantes - Eirich de Brasil\" \/>\n<meta property=\"og:description\" content=\"Dise\u00f1o de fertilizantes seg\u00fan los deseos del cliente El tama\u00f1o y la forma determinan fundamentalmente las propiedades de sus fertilizantes. Determine: La acci\u00f3n y el efecto, La solubilidad y La estabilidad de los granulados mediante el recubrimiento dirigido con sustancias hidr\u00f3fugas y minerales. Dise\u00f1e su producto en funci\u00f3n de los requisitos del cliente: Ajuste individual [&hellip;]\" \/>\n<meta property=\"og:url\" content=\"https:\/\/eirich.com.br\/es\/aplicaciones\/fertilizantes\/diseno-de-fertilizantes\/\" \/>\n<meta property=\"og:site_name\" content=\"Eirich de Brasil\" \/>\n<meta property=\"article:modified_time\" content=\"2019-02-15T12:57:17+00:00\" \/>\n<meta name=\"twitter:card\" content=\"summary_large_image\" \/>\n<meta name=\"twitter:label1\" content=\"Tiempo de lectura\" \/>\n\t<meta name=\"twitter:data1\" content=\"1 minuto\" \/>\n<script type=\"application\/ld+json\" class=\"yoast-schema-graph\">{\"@context\":\"https:\/\/schema.org\",\"@graph\":[{\"@type\":\"WebPage\",\"@id\":\"https:\/\/eirich.com.br\/es\/aplicaciones\/fertilizantes\/diseno-de-fertilizantes\/\",\"url\":\"https:\/\/eirich.com.br\/es\/aplicaciones\/fertilizantes\/diseno-de-fertilizantes\/\",\"name\":\"Dise\u00f1o de fertilizantes - Eirich de Brasil\",\"isPartOf\":{\"@id\":\"https:\/\/eirich.com.br\/es\/#website\"},\"datePublished\":\"2019-02-15T12:51:16+00:00\",\"dateModified\":\"2019-02-15T12:57:17+00:00\",\"breadcrumb\":{\"@id\":\"https:\/\/eirich.com.br\/es\/aplicaciones\/fertilizantes\/diseno-de-fertilizantes\/#breadcrumb\"},\"inLanguage\":\"es\",\"potentialAction\":[{\"@type\":\"ReadAction\",\"target\":[\"https:\/\/eirich.com.br\/es\/aplicaciones\/fertilizantes\/diseno-de-fertilizantes\/\"]}]},{\"@type\":\"BreadcrumbList\",\"@id\":\"https:\/\/eirich.com.br\/es\/aplicaciones\/fertilizantes\/diseno-de-fertilizantes\/#breadcrumb\",\"itemListElement\":[{\"@type\":\"ListItem\",\"position\":1,\"name\":\"In\u00edcio\",\"item\":\"https:\/\/eirich.com.br\/es\/\"},{\"@type\":\"ListItem\",\"position\":2,\"name\":\"Aplicaciones\",\"item\":\"https:\/\/eirich.com.br\/es\/aplicaciones\/\"},{\"@type\":\"ListItem\",\"position\":3,\"name\":\"Fertilizantes\",\"item\":\"https:\/\/eirich.com.br\/es\/aplicaciones\/fertilizantes\/\"},{\"@type\":\"ListItem\",\"position\":4,\"name\":\"Dise\u00f1o de fertilizantes\"}]},{\"@type\":\"WebSite\",\"@id\":\"https:\/\/eirich.com.br\/es\/#website\",\"url\":\"https:\/\/eirich.com.br\/es\/\",\"name\":\"Eirich de Brasil\",\"description\":\"Pionero en la tecnolog\u00eda de mezclado, granulaci\u00f3n, granulaci\u00f3n y molienda fina.\",\"potentialAction\":[{\"@type\":\"SearchAction\",\"target\":{\"@type\":\"EntryPoint\",\"urlTemplate\":\"https:\/\/eirich.com.br\/es\/?s={search_term_string}\"},\"query-input\":{\"@type\":\"PropertyValueSpecification\",\"valueRequired\":true,\"valueName\":\"search_term_string\"}}],\"inLanguage\":\"es\"}]}<\/script>\n<!-- \/ Yoast SEO plugin. -->","yoast_head_json":{"title":"Dise\u00f1o de fertilizantes - Eirich de Brasil","robots":{"index":"index","follow":"follow","max-snippet":"max-snippet:-1","max-image-preview":"max-image-preview:large","max-video-preview":"max-video-preview:-1"},"canonical":"https:\/\/eirich.com.br\/es\/aplicaciones\/fertilizantes\/diseno-de-fertilizantes\/","og_locale":"es_ES","og_type":"article","og_title":"Dise\u00f1o de fertilizantes - Eirich de Brasil","og_description":"Dise\u00f1o de fertilizantes seg\u00fan los deseos del cliente El tama\u00f1o y la forma determinan fundamentalmente las propiedades de sus fertilizantes. Determine: La acci\u00f3n y el efecto, La solubilidad y La estabilidad de los granulados mediante el recubrimiento dirigido con sustancias hidr\u00f3fugas y minerales. Dise\u00f1e su producto en funci\u00f3n de los requisitos del cliente: Ajuste individual [&hellip;]","og_url":"https:\/\/eirich.com.br\/es\/aplicaciones\/fertilizantes\/diseno-de-fertilizantes\/","og_site_name":"Eirich de Brasil","article_modified_time":"2019-02-15T12:57:17+00:00","twitter_card":"summary_large_image","twitter_misc":{"Tiempo de lectura":"1 minuto"},"schema":{"@context":"https:\/\/schema.org","@graph":[{"@type":"WebPage","@id":"https:\/\/eirich.com.br\/es\/aplicaciones\/fertilizantes\/diseno-de-fertilizantes\/","url":"https:\/\/eirich.com.br\/es\/aplicaciones\/fertilizantes\/diseno-de-fertilizantes\/","name":"Dise\u00f1o de fertilizantes - Eirich de Brasil","isPartOf":{"@id":"https:\/\/eirich.com.br\/es\/#website"},"datePublished":"2019-02-15T12:51:16+00:00","dateModified":"2019-02-15T12:57:17+00:00","breadcrumb":{"@id":"https:\/\/eirich.com.br\/es\/aplicaciones\/fertilizantes\/diseno-de-fertilizantes\/#breadcrumb"},"inLanguage":"es","potentialAction":[{"@type":"ReadAction","target":["https:\/\/eirich.com.br\/es\/aplicaciones\/fertilizantes\/diseno-de-fertilizantes\/"]}]},{"@type":"BreadcrumbList","@id":"https:\/\/eirich.com.br\/es\/aplicaciones\/fertilizantes\/diseno-de-fertilizantes\/#breadcrumb","itemListElement":[{"@type":"ListItem","position":1,"name":"In\u00edcio","item":"https:\/\/eirich.com.br\/es\/"},{"@type":"ListItem","position":2,"name":"Aplicaciones","item":"https:\/\/eirich.com.br\/es\/aplicaciones\/"},{"@type":"ListItem","position":3,"name":"Fertilizantes","item":"https:\/\/eirich.com.br\/es\/aplicaciones\/fertilizantes\/"},{"@type":"ListItem","position":4,"name":"Dise\u00f1o de fertilizantes"}]},{"@type":"WebSite","@id":"https:\/\/eirich.com.br\/es\/#website","url":"https:\/\/eirich.com.br\/es\/","name":"Eirich de Brasil","description":"Pionero en la tecnolog\u00eda de mezclado, granulaci\u00f3n, granulaci\u00f3n y molienda fina.","potentialAction":[{"@type":"SearchAction","target":{"@type":"EntryPoint","urlTemplate":"https:\/\/eirich.com.br\/es\/?s={search_term_string}"},"query-input":{"@type":"PropertyValueSpecification","valueRequired":true,"valueName":"search_term_string"}}],"inLanguage":"es"}]}},"_links":{"self":[{"href":"https:\/\/eirich.com.br\/es\/wp-json\/wp\/v2\/pages\/621","targetHints":{"allow":["GET"]}}],"collection":[{"href":"https:\/\/eirich.com.br\/es\/wp-json\/wp\/v2\/pages"}],"about":[{"href":"https:\/\/eirich.com.br\/es\/wp-json\/wp\/v2\/types\/page"}],"author":[{"embeddable":true,"href":"https:\/\/eirich.com.br\/es\/wp-json\/wp\/v2\/users\/1"}],"replies":[{"embeddable":true,"href":"https:\/\/eirich.com.br\/es\/wp-json\/wp\/v2\/comments?post=621"}],"version-history":[{"count":2,"href":"https:\/\/eirich.com.br\/es\/wp-json\/wp\/v2\/pages\/621\/revisions"}],"predecessor-version":[{"id":628,"href":"https:\/\/eirich.com.br\/es\/wp-json\/wp\/v2\/pages\/621\/revisions\/628"}],"up":[{"embeddable":true,"href":"https:\/\/eirich.com.br\/es\/wp-json\/wp\/v2\/pages\/28"}],"wp:attachment":[{"href":"https:\/\/eirich.com.br\/es\/wp-json\/wp\/v2\/media?parent=621"}],"curies":[{"name":"wp","href":"https:\/\/api.w.org\/{rel}","templated":true}]}}