{"id":618,"date":"2019-02-15T10:43:24","date_gmt":"2019-02-15T12:43:24","guid":{"rendered":"https:\/\/eirich.com.br\/es\/?page_id=618"},"modified":"2019-02-15T10:43:24","modified_gmt":"2019-02-15T12:43:24","slug":"materias-primas","status":"publish","type":"page","link":"https:\/\/eirich.com.br\/es\/aplicaciones\/fertilizantes\/materias-primas\/","title":{"rendered":"Materias primas"},"content":{"rendered":"<h3>De la materia prima al producto fertilizante sostenible<\/h3>\n<p>Los sistemas de preparaci\u00f3n de fertilizantes org\u00e1nicos y minerales Eirich son capaces de mezclar un amplio rango de consistencias diferentes y ajustar la distribuci\u00f3n granulom\u00e9trica de acuerdo con la necesidad en su proceso de producci\u00f3n de fertilizantes. En la mayor\u00eda de los casos as\u00ed se evitan operaciones complicadas y costosas del proceso de fabricaci\u00f3n.<\/p>\n<ul>\n<li>Fertilizantes producidos a partir de una amplia gama de materias primas.<\/li>\n<li>Reduzca su presupuesto y recursos a trav\u00e9s del know-how Eirich.<\/li>\n<li>Posibilita el uso de materias primas primarias y secundarias.<\/li>\n<\/ul>\n<p><strong>Estamos a su disposici\u00f3n para cualquier informaci\u00f3n adicional.<\/strong><\/p>\n<p>Un equipo altamente motivado de qu\u00edmicos e ingenieros competentes estar\u00e1 encantado de asesorarle de manera duradera y sostenible en el desarrollo de sus procesos y productos.<\/p>\n<p>Para m\u00e1s informaci\u00f3n sobre las prestaciones ofrecidas por nuestro laboratorio t\u00e9cnico, haga clic <a href=\"https:\/\/eirich.com.br\/es\/servicios-eirich\/centro-de-testes\/\">aqu\u00ed<\/a>.<\/p>\n","protected":false},"excerpt":{"rendered":"<p>De la materia prima al producto fertilizante sostenible Los sistemas de preparaci\u00f3n de fertilizantes org\u00e1nicos y minerales Eirich son capaces de mezclar un amplio rango de consistencias diferentes y ajustar la distribuci\u00f3n granulom\u00e9trica de acuerdo con la necesidad en su proceso de producci\u00f3n de fertilizantes. En la mayor\u00eda de los casos as\u00ed se evitan operaciones [&hellip;]<\/p>\n","protected":false},"author":1,"featured_media":0,"parent":28,"menu_order":0,"comment_status":"closed","ping_status":"closed","template":"","meta":{"footnotes":""},"class_list":["post-618","page","type-page","status-publish","hentry"],"yoast_head":"<!-- This site is optimized with the Yoast SEO plugin v26.6 - https:\/\/yoast.com\/wordpress\/plugins\/seo\/ -->\n<title>Materias primas - Eirich de Brasil<\/title>\n<meta name=\"robots\" content=\"index, follow, max-snippet:-1, max-image-preview:large, max-video-preview:-1\" \/>\n<link rel=\"canonical\" href=\"https:\/\/eirich.com.br\/es\/aplicaciones\/fertilizantes\/materias-primas\/\" \/>\n<meta property=\"og:locale\" content=\"es_ES\" \/>\n<meta property=\"og:type\" content=\"article\" \/>\n<meta property=\"og:title\" content=\"Materias primas - Eirich de Brasil\" \/>\n<meta property=\"og:description\" content=\"De la materia prima al producto fertilizante sostenible Los sistemas de preparaci\u00f3n de fertilizantes org\u00e1nicos y minerales Eirich son capaces de mezclar un amplio rango de consistencias diferentes y ajustar la distribuci\u00f3n granulom\u00e9trica de acuerdo con la necesidad en su proceso de producci\u00f3n de fertilizantes. En la mayor\u00eda de los casos as\u00ed se evitan operaciones [&hellip;]\" \/>\n<meta property=\"og:url\" content=\"https:\/\/eirich.com.br\/es\/aplicaciones\/fertilizantes\/materias-primas\/\" \/>\n<meta property=\"og:site_name\" content=\"Eirich de Brasil\" \/>\n<meta name=\"twitter:card\" content=\"summary_large_image\" \/>\n<meta name=\"twitter:label1\" content=\"Tiempo de lectura\" \/>\n\t<meta name=\"twitter:data1\" content=\"1 minuto\" \/>\n<script type=\"application\/ld+json\" class=\"yoast-schema-graph\">{\"@context\":\"https:\/\/schema.org\",\"@graph\":[{\"@type\":\"WebPage\",\"@id\":\"https:\/\/eirich.com.br\/es\/aplicaciones\/fertilizantes\/materias-primas\/\",\"url\":\"https:\/\/eirich.com.br\/es\/aplicaciones\/fertilizantes\/materias-primas\/\",\"name\":\"Materias primas - Eirich de Brasil\",\"isPartOf\":{\"@id\":\"https:\/\/eirich.com.br\/es\/#website\"},\"datePublished\":\"2019-02-15T12:43:24+00:00\",\"breadcrumb\":{\"@id\":\"https:\/\/eirich.com.br\/es\/aplicaciones\/fertilizantes\/materias-primas\/#breadcrumb\"},\"inLanguage\":\"es\",\"potentialAction\":[{\"@type\":\"ReadAction\",\"target\":[\"https:\/\/eirich.com.br\/es\/aplicaciones\/fertilizantes\/materias-primas\/\"]}]},{\"@type\":\"BreadcrumbList\",\"@id\":\"https:\/\/eirich.com.br\/es\/aplicaciones\/fertilizantes\/materias-primas\/#breadcrumb\",\"itemListElement\":[{\"@type\":\"ListItem\",\"position\":1,\"name\":\"In\u00edcio\",\"item\":\"https:\/\/eirich.com.br\/es\/\"},{\"@type\":\"ListItem\",\"position\":2,\"name\":\"Aplicaciones\",\"item\":\"https:\/\/eirich.com.br\/es\/aplicaciones\/\"},{\"@type\":\"ListItem\",\"position\":3,\"name\":\"Fertilizantes\",\"item\":\"https:\/\/eirich.com.br\/es\/aplicaciones\/fertilizantes\/\"},{\"@type\":\"ListItem\",\"position\":4,\"name\":\"Materias primas\"}]},{\"@type\":\"WebSite\",\"@id\":\"https:\/\/eirich.com.br\/es\/#website\",\"url\":\"https:\/\/eirich.com.br\/es\/\",\"name\":\"Eirich de Brasil\",\"description\":\"Pionero en la tecnolog\u00eda de mezclado, granulaci\u00f3n, granulaci\u00f3n y molienda fina.\",\"potentialAction\":[{\"@type\":\"SearchAction\",\"target\":{\"@type\":\"EntryPoint\",\"urlTemplate\":\"https:\/\/eirich.com.br\/es\/?s={search_term_string}\"},\"query-input\":{\"@type\":\"PropertyValueSpecification\",\"valueRequired\":true,\"valueName\":\"search_term_string\"}}],\"inLanguage\":\"es\"}]}<\/script>\n<!-- \/ Yoast SEO plugin. -->","yoast_head_json":{"title":"Materias primas - Eirich de Brasil","robots":{"index":"index","follow":"follow","max-snippet":"max-snippet:-1","max-image-preview":"max-image-preview:large","max-video-preview":"max-video-preview:-1"},"canonical":"https:\/\/eirich.com.br\/es\/aplicaciones\/fertilizantes\/materias-primas\/","og_locale":"es_ES","og_type":"article","og_title":"Materias primas - Eirich de Brasil","og_description":"De la materia prima al producto fertilizante sostenible Los sistemas de preparaci\u00f3n de fertilizantes org\u00e1nicos y minerales Eirich son capaces de mezclar un amplio rango de consistencias diferentes y ajustar la distribuci\u00f3n granulom\u00e9trica de acuerdo con la necesidad en su proceso de producci\u00f3n de fertilizantes. En la mayor\u00eda de los casos as\u00ed se evitan operaciones [&hellip;]","og_url":"https:\/\/eirich.com.br\/es\/aplicaciones\/fertilizantes\/materias-primas\/","og_site_name":"Eirich de Brasil","twitter_card":"summary_large_image","twitter_misc":{"Tiempo de lectura":"1 minuto"},"schema":{"@context":"https:\/\/schema.org","@graph":[{"@type":"WebPage","@id":"https:\/\/eirich.com.br\/es\/aplicaciones\/fertilizantes\/materias-primas\/","url":"https:\/\/eirich.com.br\/es\/aplicaciones\/fertilizantes\/materias-primas\/","name":"Materias primas - Eirich de Brasil","isPartOf":{"@id":"https:\/\/eirich.com.br\/es\/#website"},"datePublished":"2019-02-15T12:43:24+00:00","breadcrumb":{"@id":"https:\/\/eirich.com.br\/es\/aplicaciones\/fertilizantes\/materias-primas\/#breadcrumb"},"inLanguage":"es","potentialAction":[{"@type":"ReadAction","target":["https:\/\/eirich.com.br\/es\/aplicaciones\/fertilizantes\/materias-primas\/"]}]},{"@type":"BreadcrumbList","@id":"https:\/\/eirich.com.br\/es\/aplicaciones\/fertilizantes\/materias-primas\/#breadcrumb","itemListElement":[{"@type":"ListItem","position":1,"name":"In\u00edcio","item":"https:\/\/eirich.com.br\/es\/"},{"@type":"ListItem","position":2,"name":"Aplicaciones","item":"https:\/\/eirich.com.br\/es\/aplicaciones\/"},{"@type":"ListItem","position":3,"name":"Fertilizantes","item":"https:\/\/eirich.com.br\/es\/aplicaciones\/fertilizantes\/"},{"@type":"ListItem","position":4,"name":"Materias primas"}]},{"@type":"WebSite","@id":"https:\/\/eirich.com.br\/es\/#website","url":"https:\/\/eirich.com.br\/es\/","name":"Eirich de Brasil","description":"Pionero en la tecnolog\u00eda de mezclado, granulaci\u00f3n, granulaci\u00f3n y molienda fina.","potentialAction":[{"@type":"SearchAction","target":{"@type":"EntryPoint","urlTemplate":"https:\/\/eirich.com.br\/es\/?s={search_term_string}"},"query-input":{"@type":"PropertyValueSpecification","valueRequired":true,"valueName":"search_term_string"}}],"inLanguage":"es"}]}},"_links":{"self":[{"href":"https:\/\/eirich.com.br\/es\/wp-json\/wp\/v2\/pages\/618","targetHints":{"allow":["GET"]}}],"collection":[{"href":"https:\/\/eirich.com.br\/es\/wp-json\/wp\/v2\/pages"}],"about":[{"href":"https:\/\/eirich.com.br\/es\/wp-json\/wp\/v2\/types\/page"}],"author":[{"embeddable":true,"href":"https:\/\/eirich.com.br\/es\/wp-json\/wp\/v2\/users\/1"}],"replies":[{"embeddable":true,"href":"https:\/\/eirich.com.br\/es\/wp-json\/wp\/v2\/comments?post=618"}],"version-history":[{"count":2,"href":"https:\/\/eirich.com.br\/es\/wp-json\/wp\/v2\/pages\/618\/revisions"}],"predecessor-version":[{"id":630,"href":"https:\/\/eirich.com.br\/es\/wp-json\/wp\/v2\/pages\/618\/revisions\/630"}],"up":[{"embeddable":true,"href":"https:\/\/eirich.com.br\/es\/wp-json\/wp\/v2\/pages\/28"}],"wp:attachment":[{"href":"https:\/\/eirich.com.br\/es\/wp-json\/wp\/v2\/media?parent=618"}],"curies":[{"name":"wp","href":"https:\/\/api.w.org\/{rel}","templated":true}]}}