{"id":603,"date":"2019-02-14T15:37:29","date_gmt":"2019-02-14T17:37:29","guid":{"rendered":"https:\/\/eirich.com.br\/es\/?page_id=603"},"modified":"2019-04-22T14:51:31","modified_gmt":"2019-04-22T17:51:31","slug":"masas-plasticas","status":"publish","type":"page","link":"https:\/\/eirich.com.br\/es\/aplicaciones\/ceramica\/masas-plasticas\/","title":{"rendered":"Masas pl\u00e1sticas"},"content":{"rendered":"<h3>Preparaci\u00f3n de masas pl\u00e1sticas<\/h3>\n<p>Para la deformaci\u00f3n pl\u00e1stica, las masas cer\u00e1micas tienen que tener unas propiedades definidas y constantes. Una preparaci\u00f3n intensiva es la condici\u00f3n previa para obtener una masa homog\u00e9nea de plasticidad elevada.<\/p>\n<p><strong>El singular principio de funcionamiento de EIRICH permite<\/strong><\/p>\n<ul>\n<li>El mezclado en seco y el amasado o la plastificaci\u00f3n, respectivamente, en una sola m\u00e1quina<\/li>\n<li>La \u00f3ptima distribuci\u00f3n de aditivos en el rango de ppm<\/li>\n<li>Una mezcla r\u00e1pida y homog\u00e9nea de los componentes l\u00edquidos, incluso en cantidades peque\u00f1as<\/li>\n<li>Correcciones ulteriores r\u00e1pidas de humedad<\/li>\n<li>Tiempos de proceso cortos con rendimientos elevados<\/li>\n<\/ul>\n<p><strong>Eirich ofrece la soluci\u00f3n de preparaci\u00f3n ideal para la fabricaci\u00f3n de masas de extrusi\u00f3n o modelables para muchos sectores como, por ejemplo:<\/strong><\/p>\n<ul>\n<li>Baldosas cer\u00e1micas<\/li>\n<li>Masas refractarias pl\u00e1sticas<\/li>\n<li>Ladrillos<\/li>\n<li>Baldosas de loza para estufas<\/li>\n<li>Cer\u00e1mica utilitaria<\/li>\n<li>Piedras refractarias<\/li>\n<li>Cer\u00e1mica t\u00e9cnica, como catalizadores basados en Al2O3 o TiO2 y materiales de alta temperatura<\/li>\n<\/ul>\n<hr \/>\n<p><strong>Otras preparaciones en Cer\u00e1mica:<\/strong><\/p>\n<ul>\n<li><a href=\"https:\/\/eirich.com.br\/es\/aplicaciones\/ceramica\/ecoprep-eirich\/\"><strong>EcoPrep\u00ae<\/strong><\/a><\/li>\n<li><a href=\"https:\/\/eirich.com.br\/es\/aplicaciones\/ceramica\/dispersion-y-disolucion\/\"><strong>Dispersi\u00f3n y disoluci\u00f3n<\/strong><\/a><\/li>\n<li><a href=\"https:\/\/eirich.com.br\/es\/aplicaciones\/ceramica\/materiales-especiales\/\"><strong>Materiales especiales<\/strong><\/a><\/li>\n<\/ul>\n","protected":false},"excerpt":{"rendered":"<p>Preparaci\u00f3n de masas pl\u00e1sticas Para la deformaci\u00f3n pl\u00e1stica, las masas cer\u00e1micas tienen que tener unas propiedades definidas y constantes. Una preparaci\u00f3n intensiva es la condici\u00f3n previa para obtener una masa homog\u00e9nea de plasticidad elevada. El singular principio de funcionamiento de EIRICH permite El mezclado en seco y el amasado o la plastificaci\u00f3n, respectivamente, en una [&hellip;]<\/p>\n","protected":false},"author":1,"featured_media":0,"parent":32,"menu_order":2,"comment_status":"closed","ping_status":"closed","template":"","meta":{"footnotes":""},"class_list":["post-603","page","type-page","status-publish","hentry"],"yoast_head":"<!-- This site is optimized with the Yoast SEO plugin v26.6 - https:\/\/yoast.com\/wordpress\/plugins\/seo\/ -->\n<title>Masas pl\u00e1sticas - Eirich de Brasil<\/title>\n<meta name=\"robots\" content=\"index, follow, max-snippet:-1, max-image-preview:large, max-video-preview:-1\" \/>\n<link rel=\"canonical\" href=\"https:\/\/eirich.com.br\/es\/aplicaciones\/ceramica\/masas-plasticas\/\" \/>\n<meta property=\"og:locale\" content=\"es_ES\" \/>\n<meta property=\"og:type\" content=\"article\" \/>\n<meta property=\"og:title\" content=\"Masas pl\u00e1sticas - Eirich de Brasil\" \/>\n<meta property=\"og:description\" content=\"Preparaci\u00f3n de masas pl\u00e1sticas Para la deformaci\u00f3n pl\u00e1stica, las masas cer\u00e1micas tienen que tener unas propiedades definidas y constantes. Una preparaci\u00f3n intensiva es la condici\u00f3n previa para obtener una masa homog\u00e9nea de plasticidad elevada. El singular principio de funcionamiento de EIRICH permite El mezclado en seco y el amasado o la plastificaci\u00f3n, respectivamente, en una [&hellip;]\" \/>\n<meta property=\"og:url\" content=\"https:\/\/eirich.com.br\/es\/aplicaciones\/ceramica\/masas-plasticas\/\" \/>\n<meta property=\"og:site_name\" content=\"Eirich de Brasil\" \/>\n<meta property=\"article:modified_time\" content=\"2019-04-22T17:51:31+00:00\" \/>\n<meta name=\"twitter:card\" content=\"summary_large_image\" \/>\n<meta name=\"twitter:label1\" content=\"Tiempo de lectura\" \/>\n\t<meta name=\"twitter:data1\" content=\"1 minuto\" \/>\n<script type=\"application\/ld+json\" class=\"yoast-schema-graph\">{\"@context\":\"https:\/\/schema.org\",\"@graph\":[{\"@type\":\"WebPage\",\"@id\":\"https:\/\/eirich.com.br\/es\/aplicaciones\/ceramica\/masas-plasticas\/\",\"url\":\"https:\/\/eirich.com.br\/es\/aplicaciones\/ceramica\/masas-plasticas\/\",\"name\":\"Masas pl\u00e1sticas - Eirich de Brasil\",\"isPartOf\":{\"@id\":\"https:\/\/eirich.com.br\/es\/#website\"},\"datePublished\":\"2019-02-14T17:37:29+00:00\",\"dateModified\":\"2019-04-22T17:51:31+00:00\",\"breadcrumb\":{\"@id\":\"https:\/\/eirich.com.br\/es\/aplicaciones\/ceramica\/masas-plasticas\/#breadcrumb\"},\"inLanguage\":\"es\",\"potentialAction\":[{\"@type\":\"ReadAction\",\"target\":[\"https:\/\/eirich.com.br\/es\/aplicaciones\/ceramica\/masas-plasticas\/\"]}]},{\"@type\":\"BreadcrumbList\",\"@id\":\"https:\/\/eirich.com.br\/es\/aplicaciones\/ceramica\/masas-plasticas\/#breadcrumb\",\"itemListElement\":[{\"@type\":\"ListItem\",\"position\":1,\"name\":\"In\u00edcio\",\"item\":\"https:\/\/eirich.com.br\/es\/\"},{\"@type\":\"ListItem\",\"position\":2,\"name\":\"Aplicaciones\",\"item\":\"https:\/\/eirich.com.br\/es\/aplicaciones\/\"},{\"@type\":\"ListItem\",\"position\":3,\"name\":\"Cer\u00e1mica\",\"item\":\"https:\/\/eirich.com.br\/es\/aplicaciones\/ceramica\/\"},{\"@type\":\"ListItem\",\"position\":4,\"name\":\"Masas pl\u00e1sticas\"}]},{\"@type\":\"WebSite\",\"@id\":\"https:\/\/eirich.com.br\/es\/#website\",\"url\":\"https:\/\/eirich.com.br\/es\/\",\"name\":\"Eirich de Brasil\",\"description\":\"Pionero en la tecnolog\u00eda de mezclado, granulaci\u00f3n, granulaci\u00f3n y molienda fina.\",\"potentialAction\":[{\"@type\":\"SearchAction\",\"target\":{\"@type\":\"EntryPoint\",\"urlTemplate\":\"https:\/\/eirich.com.br\/es\/?s={search_term_string}\"},\"query-input\":{\"@type\":\"PropertyValueSpecification\",\"valueRequired\":true,\"valueName\":\"search_term_string\"}}],\"inLanguage\":\"es\"}]}<\/script>\n<!-- \/ Yoast SEO plugin. -->","yoast_head_json":{"title":"Masas pl\u00e1sticas - Eirich de Brasil","robots":{"index":"index","follow":"follow","max-snippet":"max-snippet:-1","max-image-preview":"max-image-preview:large","max-video-preview":"max-video-preview:-1"},"canonical":"https:\/\/eirich.com.br\/es\/aplicaciones\/ceramica\/masas-plasticas\/","og_locale":"es_ES","og_type":"article","og_title":"Masas pl\u00e1sticas - Eirich de Brasil","og_description":"Preparaci\u00f3n de masas pl\u00e1sticas Para la deformaci\u00f3n pl\u00e1stica, las masas cer\u00e1micas tienen que tener unas propiedades definidas y constantes. Una preparaci\u00f3n intensiva es la condici\u00f3n previa para obtener una masa homog\u00e9nea de plasticidad elevada. El singular principio de funcionamiento de EIRICH permite El mezclado en seco y el amasado o la plastificaci\u00f3n, respectivamente, en una [&hellip;]","og_url":"https:\/\/eirich.com.br\/es\/aplicaciones\/ceramica\/masas-plasticas\/","og_site_name":"Eirich de Brasil","article_modified_time":"2019-04-22T17:51:31+00:00","twitter_card":"summary_large_image","twitter_misc":{"Tiempo de lectura":"1 minuto"},"schema":{"@context":"https:\/\/schema.org","@graph":[{"@type":"WebPage","@id":"https:\/\/eirich.com.br\/es\/aplicaciones\/ceramica\/masas-plasticas\/","url":"https:\/\/eirich.com.br\/es\/aplicaciones\/ceramica\/masas-plasticas\/","name":"Masas pl\u00e1sticas - Eirich de Brasil","isPartOf":{"@id":"https:\/\/eirich.com.br\/es\/#website"},"datePublished":"2019-02-14T17:37:29+00:00","dateModified":"2019-04-22T17:51:31+00:00","breadcrumb":{"@id":"https:\/\/eirich.com.br\/es\/aplicaciones\/ceramica\/masas-plasticas\/#breadcrumb"},"inLanguage":"es","potentialAction":[{"@type":"ReadAction","target":["https:\/\/eirich.com.br\/es\/aplicaciones\/ceramica\/masas-plasticas\/"]}]},{"@type":"BreadcrumbList","@id":"https:\/\/eirich.com.br\/es\/aplicaciones\/ceramica\/masas-plasticas\/#breadcrumb","itemListElement":[{"@type":"ListItem","position":1,"name":"In\u00edcio","item":"https:\/\/eirich.com.br\/es\/"},{"@type":"ListItem","position":2,"name":"Aplicaciones","item":"https:\/\/eirich.com.br\/es\/aplicaciones\/"},{"@type":"ListItem","position":3,"name":"Cer\u00e1mica","item":"https:\/\/eirich.com.br\/es\/aplicaciones\/ceramica\/"},{"@type":"ListItem","position":4,"name":"Masas pl\u00e1sticas"}]},{"@type":"WebSite","@id":"https:\/\/eirich.com.br\/es\/#website","url":"https:\/\/eirich.com.br\/es\/","name":"Eirich de Brasil","description":"Pionero en la tecnolog\u00eda de mezclado, granulaci\u00f3n, granulaci\u00f3n y molienda fina.","potentialAction":[{"@type":"SearchAction","target":{"@type":"EntryPoint","urlTemplate":"https:\/\/eirich.com.br\/es\/?s={search_term_string}"},"query-input":{"@type":"PropertyValueSpecification","valueRequired":true,"valueName":"search_term_string"}}],"inLanguage":"es"}]}},"_links":{"self":[{"href":"https:\/\/eirich.com.br\/es\/wp-json\/wp\/v2\/pages\/603","targetHints":{"allow":["GET"]}}],"collection":[{"href":"https:\/\/eirich.com.br\/es\/wp-json\/wp\/v2\/pages"}],"about":[{"href":"https:\/\/eirich.com.br\/es\/wp-json\/wp\/v2\/types\/page"}],"author":[{"embeddable":true,"href":"https:\/\/eirich.com.br\/es\/wp-json\/wp\/v2\/users\/1"}],"replies":[{"embeddable":true,"href":"https:\/\/eirich.com.br\/es\/wp-json\/wp\/v2\/comments?post=603"}],"version-history":[{"count":3,"href":"https:\/\/eirich.com.br\/es\/wp-json\/wp\/v2\/pages\/603\/revisions"}],"predecessor-version":[{"id":727,"href":"https:\/\/eirich.com.br\/es\/wp-json\/wp\/v2\/pages\/603\/revisions\/727"}],"up":[{"embeddable":true,"href":"https:\/\/eirich.com.br\/es\/wp-json\/wp\/v2\/pages\/32"}],"wp:attachment":[{"href":"https:\/\/eirich.com.br\/es\/wp-json\/wp\/v2\/media?parent=603"}],"curies":[{"name":"wp","href":"https:\/\/api.w.org\/{rel}","templated":true}]}}