{"id":599,"date":"2019-02-14T15:21:43","date_gmt":"2019-02-14T17:21:43","guid":{"rendered":"https:\/\/eirich.com.br\/es\/?page_id=599"},"modified":"2019-04-22T14:50:58","modified_gmt":"2019-04-22T17:50:58","slug":"dispersion-y-disolucion","status":"publish","type":"page","link":"https:\/\/eirich.com.br\/es\/aplicaciones\/ceramica\/dispersion-y-disolucion\/","title":{"rendered":"Dispersi\u00f3n y disoluci\u00f3n"},"content":{"rendered":"<h3>Dispersi\u00f3n y disoluci\u00f3n con el Mixsolver\u00ae Eirich<\/h3>\n<p>La preparaci\u00f3n de masas con un contenido alto en s\u00f3lidos, pastosas o de alta viscosidad implica unos requisitos especiales. La tecnolog\u00eda de dispersi\u00f3n de eirich se ha desarrollado especialmente para este campo de aplicaci\u00f3n y en la pr\u00e1ctica permite, gracias a sus excelentes caracter\u00edsticas de rendimiento, la obtenci\u00f3n de unos resultados adecuados a la tarea y especialmente rentables.<\/p>\n<p>El singular principio de funcionamiento de las mezcladoras dispersoras del tipo Mixsolver\u00ae\u00a0Eirich permite una t\u00e9cnica de dispersi\u00f3n extraordinariamente eficaz que no se puede conseguir con otras m\u00e1quinas.<\/p>\n<p><strong>Barbotina atomizable para<\/strong><\/p>\n<ul>\n<li>Baldosas de pared y suelo<\/li>\n<li>Cer\u00e1mica utilitaria<\/li>\n<li>Cer\u00e1mica t\u00e9cnica<\/li>\n<\/ul>\n<p><strong>Barbotina colable para<\/strong><\/p>\n<ul>\n<li>Cer\u00e1mica sanitaria<\/li>\n<li>Cer\u00e1mica t\u00e9cnica<\/li>\n<li>Cer\u00e1mica utilitaria<\/li>\n<\/ul>\n<p><strong>Dispersi\u00f3n de<\/strong><\/p>\n<ul>\n<li>Desechos de cer\u00e1mica cocida o sin cocer<\/li>\n<li>Desechos obtenidos de la fabricaci\u00f3n de cer\u00e1mica sanitaria (residuos procedentes del desbarbado de piezas, desechos de cer\u00e1mica cocida o sin cocer)<\/li>\n<li>Desperdicios de torno en la fabricaci\u00f3n de aislantes<\/li>\n<li>Tortas de filtraci\u00f3n<\/li>\n<\/ul>\n<hr \/>\n<p><strong>Otras preparaciones en Cer\u00e1mica:<\/strong><\/p>\n<ul>\n<li><a href=\"https:\/\/eirich.com.br\/es\/aplicaciones\/ceramica\/ecoprep-eirich\/\"><strong>EcoPrep\u00ae<\/strong><\/a><\/li>\n<li><a href=\"https:\/\/eirich.com.br\/es\/aplicaciones\/ceramica\/masas-plasticas\/\"><strong>Masas pl\u00e1sticas<\/strong><\/a><\/li>\n<li><a href=\"https:\/\/eirich.com.br\/es\/aplicaciones\/ceramica\/materiales-especiales\/\"><strong>Materiales especiales<\/strong><\/a><\/li>\n<\/ul>\n","protected":false},"excerpt":{"rendered":"<p>Dispersi\u00f3n y disoluci\u00f3n con el Mixsolver\u00ae Eirich La preparaci\u00f3n de masas con un contenido alto en s\u00f3lidos, pastosas o de alta viscosidad implica unos requisitos especiales. La tecnolog\u00eda de dispersi\u00f3n de eirich se ha desarrollado especialmente para este campo de aplicaci\u00f3n y en la pr\u00e1ctica permite, gracias a sus excelentes caracter\u00edsticas de rendimiento, la obtenci\u00f3n [&hellip;]<\/p>\n","protected":false},"author":1,"featured_media":0,"parent":32,"menu_order":1,"comment_status":"closed","ping_status":"closed","template":"","meta":{"footnotes":""},"class_list":["post-599","page","type-page","status-publish","hentry"],"yoast_head":"<!-- This site is optimized with the Yoast SEO plugin v26.6 - https:\/\/yoast.com\/wordpress\/plugins\/seo\/ -->\n<title>Dispersi\u00f3n y disoluci\u00f3n - Eirich de Brasil<\/title>\n<meta name=\"robots\" content=\"index, follow, max-snippet:-1, max-image-preview:large, max-video-preview:-1\" \/>\n<link rel=\"canonical\" href=\"https:\/\/eirich.com.br\/es\/aplicaciones\/ceramica\/dispersion-y-disolucion\/\" \/>\n<meta property=\"og:locale\" content=\"es_ES\" \/>\n<meta property=\"og:type\" content=\"article\" \/>\n<meta property=\"og:title\" content=\"Dispersi\u00f3n y disoluci\u00f3n - Eirich de Brasil\" \/>\n<meta property=\"og:description\" content=\"Dispersi\u00f3n y disoluci\u00f3n con el Mixsolver\u00ae Eirich La preparaci\u00f3n de masas con un contenido alto en s\u00f3lidos, pastosas o de alta viscosidad implica unos requisitos especiales. La tecnolog\u00eda de dispersi\u00f3n de eirich se ha desarrollado especialmente para este campo de aplicaci\u00f3n y en la pr\u00e1ctica permite, gracias a sus excelentes caracter\u00edsticas de rendimiento, la obtenci\u00f3n [&hellip;]\" \/>\n<meta property=\"og:url\" content=\"https:\/\/eirich.com.br\/es\/aplicaciones\/ceramica\/dispersion-y-disolucion\/\" \/>\n<meta property=\"og:site_name\" content=\"Eirich de Brasil\" \/>\n<meta property=\"article:modified_time\" content=\"2019-04-22T17:50:58+00:00\" \/>\n<meta name=\"twitter:card\" content=\"summary_large_image\" \/>\n<meta name=\"twitter:label1\" content=\"Tiempo de lectura\" \/>\n\t<meta name=\"twitter:data1\" content=\"1 minuto\" \/>\n<script type=\"application\/ld+json\" class=\"yoast-schema-graph\">{\"@context\":\"https:\/\/schema.org\",\"@graph\":[{\"@type\":\"WebPage\",\"@id\":\"https:\/\/eirich.com.br\/es\/aplicaciones\/ceramica\/dispersion-y-disolucion\/\",\"url\":\"https:\/\/eirich.com.br\/es\/aplicaciones\/ceramica\/dispersion-y-disolucion\/\",\"name\":\"Dispersi\u00f3n y disoluci\u00f3n - Eirich de Brasil\",\"isPartOf\":{\"@id\":\"https:\/\/eirich.com.br\/es\/#website\"},\"datePublished\":\"2019-02-14T17:21:43+00:00\",\"dateModified\":\"2019-04-22T17:50:58+00:00\",\"breadcrumb\":{\"@id\":\"https:\/\/eirich.com.br\/es\/aplicaciones\/ceramica\/dispersion-y-disolucion\/#breadcrumb\"},\"inLanguage\":\"es\",\"potentialAction\":[{\"@type\":\"ReadAction\",\"target\":[\"https:\/\/eirich.com.br\/es\/aplicaciones\/ceramica\/dispersion-y-disolucion\/\"]}]},{\"@type\":\"BreadcrumbList\",\"@id\":\"https:\/\/eirich.com.br\/es\/aplicaciones\/ceramica\/dispersion-y-disolucion\/#breadcrumb\",\"itemListElement\":[{\"@type\":\"ListItem\",\"position\":1,\"name\":\"In\u00edcio\",\"item\":\"https:\/\/eirich.com.br\/es\/\"},{\"@type\":\"ListItem\",\"position\":2,\"name\":\"Aplicaciones\",\"item\":\"https:\/\/eirich.com.br\/es\/aplicaciones\/\"},{\"@type\":\"ListItem\",\"position\":3,\"name\":\"Cer\u00e1mica\",\"item\":\"https:\/\/eirich.com.br\/es\/aplicaciones\/ceramica\/\"},{\"@type\":\"ListItem\",\"position\":4,\"name\":\"Dispersi\u00f3n y disoluci\u00f3n\"}]},{\"@type\":\"WebSite\",\"@id\":\"https:\/\/eirich.com.br\/es\/#website\",\"url\":\"https:\/\/eirich.com.br\/es\/\",\"name\":\"Eirich de Brasil\",\"description\":\"Pionero en la tecnolog\u00eda de mezclado, granulaci\u00f3n, granulaci\u00f3n y molienda fina.\",\"potentialAction\":[{\"@type\":\"SearchAction\",\"target\":{\"@type\":\"EntryPoint\",\"urlTemplate\":\"https:\/\/eirich.com.br\/es\/?s={search_term_string}\"},\"query-input\":{\"@type\":\"PropertyValueSpecification\",\"valueRequired\":true,\"valueName\":\"search_term_string\"}}],\"inLanguage\":\"es\"}]}<\/script>\n<!-- \/ Yoast SEO plugin. -->","yoast_head_json":{"title":"Dispersi\u00f3n y disoluci\u00f3n - Eirich de Brasil","robots":{"index":"index","follow":"follow","max-snippet":"max-snippet:-1","max-image-preview":"max-image-preview:large","max-video-preview":"max-video-preview:-1"},"canonical":"https:\/\/eirich.com.br\/es\/aplicaciones\/ceramica\/dispersion-y-disolucion\/","og_locale":"es_ES","og_type":"article","og_title":"Dispersi\u00f3n y disoluci\u00f3n - Eirich de Brasil","og_description":"Dispersi\u00f3n y disoluci\u00f3n con el Mixsolver\u00ae Eirich La preparaci\u00f3n de masas con un contenido alto en s\u00f3lidos, pastosas o de alta viscosidad implica unos requisitos especiales. La tecnolog\u00eda de dispersi\u00f3n de eirich se ha desarrollado especialmente para este campo de aplicaci\u00f3n y en la pr\u00e1ctica permite, gracias a sus excelentes caracter\u00edsticas de rendimiento, la obtenci\u00f3n [&hellip;]","og_url":"https:\/\/eirich.com.br\/es\/aplicaciones\/ceramica\/dispersion-y-disolucion\/","og_site_name":"Eirich de Brasil","article_modified_time":"2019-04-22T17:50:58+00:00","twitter_card":"summary_large_image","twitter_misc":{"Tiempo de lectura":"1 minuto"},"schema":{"@context":"https:\/\/schema.org","@graph":[{"@type":"WebPage","@id":"https:\/\/eirich.com.br\/es\/aplicaciones\/ceramica\/dispersion-y-disolucion\/","url":"https:\/\/eirich.com.br\/es\/aplicaciones\/ceramica\/dispersion-y-disolucion\/","name":"Dispersi\u00f3n y disoluci\u00f3n - Eirich de Brasil","isPartOf":{"@id":"https:\/\/eirich.com.br\/es\/#website"},"datePublished":"2019-02-14T17:21:43+00:00","dateModified":"2019-04-22T17:50:58+00:00","breadcrumb":{"@id":"https:\/\/eirich.com.br\/es\/aplicaciones\/ceramica\/dispersion-y-disolucion\/#breadcrumb"},"inLanguage":"es","potentialAction":[{"@type":"ReadAction","target":["https:\/\/eirich.com.br\/es\/aplicaciones\/ceramica\/dispersion-y-disolucion\/"]}]},{"@type":"BreadcrumbList","@id":"https:\/\/eirich.com.br\/es\/aplicaciones\/ceramica\/dispersion-y-disolucion\/#breadcrumb","itemListElement":[{"@type":"ListItem","position":1,"name":"In\u00edcio","item":"https:\/\/eirich.com.br\/es\/"},{"@type":"ListItem","position":2,"name":"Aplicaciones","item":"https:\/\/eirich.com.br\/es\/aplicaciones\/"},{"@type":"ListItem","position":3,"name":"Cer\u00e1mica","item":"https:\/\/eirich.com.br\/es\/aplicaciones\/ceramica\/"},{"@type":"ListItem","position":4,"name":"Dispersi\u00f3n y disoluci\u00f3n"}]},{"@type":"WebSite","@id":"https:\/\/eirich.com.br\/es\/#website","url":"https:\/\/eirich.com.br\/es\/","name":"Eirich de Brasil","description":"Pionero en la tecnolog\u00eda de mezclado, granulaci\u00f3n, granulaci\u00f3n y molienda fina.","potentialAction":[{"@type":"SearchAction","target":{"@type":"EntryPoint","urlTemplate":"https:\/\/eirich.com.br\/es\/?s={search_term_string}"},"query-input":{"@type":"PropertyValueSpecification","valueRequired":true,"valueName":"search_term_string"}}],"inLanguage":"es"}]}},"_links":{"self":[{"href":"https:\/\/eirich.com.br\/es\/wp-json\/wp\/v2\/pages\/599","targetHints":{"allow":["GET"]}}],"collection":[{"href":"https:\/\/eirich.com.br\/es\/wp-json\/wp\/v2\/pages"}],"about":[{"href":"https:\/\/eirich.com.br\/es\/wp-json\/wp\/v2\/types\/page"}],"author":[{"embeddable":true,"href":"https:\/\/eirich.com.br\/es\/wp-json\/wp\/v2\/users\/1"}],"replies":[{"embeddable":true,"href":"https:\/\/eirich.com.br\/es\/wp-json\/wp\/v2\/comments?post=599"}],"version-history":[{"count":4,"href":"https:\/\/eirich.com.br\/es\/wp-json\/wp\/v2\/pages\/599\/revisions"}],"predecessor-version":[{"id":726,"href":"https:\/\/eirich.com.br\/es\/wp-json\/wp\/v2\/pages\/599\/revisions\/726"}],"up":[{"embeddable":true,"href":"https:\/\/eirich.com.br\/es\/wp-json\/wp\/v2\/pages\/32"}],"wp:attachment":[{"href":"https:\/\/eirich.com.br\/es\/wp-json\/wp\/v2\/media?parent=599"}],"curies":[{"name":"wp","href":"https:\/\/api.w.org\/{rel}","templated":true}]}}