{"id":597,"date":"2019-02-14T15:17:16","date_gmt":"2019-02-14T17:17:16","guid":{"rendered":"https:\/\/eirich.com.br\/es\/?page_id=597"},"modified":"2019-04-22T14:50:28","modified_gmt":"2019-04-22T17:50:28","slug":"ecoprep-eirich","status":"publish","type":"page","link":"https:\/\/eirich.com.br\/es\/aplicaciones\/ceramica\/ecoprep-eirich\/","title":{"rendered":"EcoPrep\u00ae Eirich"},"content":{"rendered":"<h3>La preparaci\u00f3n rentable de masas cer\u00e1micas<\/h3>\n<p>EcoPrep\u00ae (Economical Preparation) es el proceso de preparaci\u00f3n de masas cer\u00e1micas energ\u00e9ticamente eficiente y con un consumo m\u00ednimo de recursos. Una ventaja esencial de este proceso radica en la enorme mejora del balance energ\u00e9tico respecto a los modos de preparaci\u00f3n convencionales con torre de atomizaci\u00f3n.<\/p>\n<p>Por todo ello, EcoPrep\u00ae permite una reducci\u00f3n notable de los costes de producci\u00f3n, convirtiendo en poco tiempo en rentable la inversi\u00f3n en esta tecnolog\u00eda.<\/p>\n<p><strong>Caracter\u00edsticas de fluidez del granulado EcoPrep\u00ae<\/strong><\/p>\n<p>La fluidez del granulado EcoPrep\u00ae es comparable a la del granulado atomizado convencional. Esto garantiza el llenado uniforme del molde y un buen prensado de los granulados.<\/p>\n<p>EcoPrep\u00ae: Calidad \u00f3ptima de las baldosas<\/p>\n<p>Con el granulado EcoPrep\u00ae se obtiene una elevada precisi\u00f3n dimensional, incluso en formatos especiales y superficies muy estructuradas.<br \/>\nCon el proceso EcoPrep\u00ae tambi\u00e9n es posible fabricar baldosas con requisitos especiales de elevada calidad, como baldosas con una absorci\u00f3n de agua de &lt; 1%, o bien baldosas con geometr\u00edas complejas o superficies muy estructuradas.<\/p>\n<hr \/>\n<p><strong>Otras preparaciones en Cer\u00e1mica:<\/strong><\/p>\n<ul>\n<li><a href=\"https:\/\/eirich.com.br\/es\/aplicaciones\/ceramica\/dispersion-y-disolucion\/\"><strong>Dispersi\u00f3n y disoluci\u00f3n<\/strong><\/a><\/li>\n<li><a href=\"https:\/\/eirich.com.br\/es\/aplicaciones\/ceramica\/masas-plasticas\/\"><strong>Masas pl\u00e1sticas<\/strong><\/a><\/li>\n<li><a href=\"https:\/\/eirich.com.br\/es\/aplicaciones\/ceramica\/materiales-especiales\/\"><strong>Materiales especiales<\/strong><\/a><\/li>\n<\/ul>\n","protected":false},"excerpt":{"rendered":"<p>La preparaci\u00f3n rentable de masas cer\u00e1micas EcoPrep\u00ae (Economical Preparation) es el proceso de preparaci\u00f3n de masas cer\u00e1micas energ\u00e9ticamente eficiente y con un consumo m\u00ednimo de recursos. Una ventaja esencial de este proceso radica en la enorme mejora del balance energ\u00e9tico respecto a los modos de preparaci\u00f3n convencionales con torre de atomizaci\u00f3n. Por todo ello, EcoPrep\u00ae [&hellip;]<\/p>\n","protected":false},"author":1,"featured_media":0,"parent":32,"menu_order":0,"comment_status":"closed","ping_status":"closed","template":"","meta":{"footnotes":""},"class_list":["post-597","page","type-page","status-publish","hentry"],"yoast_head":"<!-- This site is optimized with the Yoast SEO plugin v26.6 - https:\/\/yoast.com\/wordpress\/plugins\/seo\/ -->\n<title>EcoPrep\u00ae Eirich - Eirich de Brasil<\/title>\n<meta name=\"robots\" content=\"index, follow, max-snippet:-1, max-image-preview:large, max-video-preview:-1\" \/>\n<link rel=\"canonical\" href=\"https:\/\/eirich.com.br\/es\/aplicaciones\/ceramica\/ecoprep-eirich\/\" \/>\n<meta property=\"og:locale\" content=\"es_ES\" \/>\n<meta property=\"og:type\" content=\"article\" \/>\n<meta property=\"og:title\" content=\"EcoPrep\u00ae Eirich - Eirich de Brasil\" \/>\n<meta property=\"og:description\" content=\"La preparaci\u00f3n rentable de masas cer\u00e1micas EcoPrep\u00ae (Economical Preparation) es el proceso de preparaci\u00f3n de masas cer\u00e1micas energ\u00e9ticamente eficiente y con un consumo m\u00ednimo de recursos. Una ventaja esencial de este proceso radica en la enorme mejora del balance energ\u00e9tico respecto a los modos de preparaci\u00f3n convencionales con torre de atomizaci\u00f3n. Por todo ello, EcoPrep\u00ae [&hellip;]\" \/>\n<meta property=\"og:url\" content=\"https:\/\/eirich.com.br\/es\/aplicaciones\/ceramica\/ecoprep-eirich\/\" \/>\n<meta property=\"og:site_name\" content=\"Eirich de Brasil\" \/>\n<meta property=\"article:modified_time\" content=\"2019-04-22T17:50:28+00:00\" \/>\n<meta name=\"twitter:card\" content=\"summary_large_image\" \/>\n<meta name=\"twitter:label1\" content=\"Tiempo de lectura\" \/>\n\t<meta name=\"twitter:data1\" content=\"1 minuto\" \/>\n<script type=\"application\/ld+json\" class=\"yoast-schema-graph\">{\"@context\":\"https:\/\/schema.org\",\"@graph\":[{\"@type\":\"WebPage\",\"@id\":\"https:\/\/eirich.com.br\/es\/aplicaciones\/ceramica\/ecoprep-eirich\/\",\"url\":\"https:\/\/eirich.com.br\/es\/aplicaciones\/ceramica\/ecoprep-eirich\/\",\"name\":\"EcoPrep\u00ae Eirich - Eirich de Brasil\",\"isPartOf\":{\"@id\":\"https:\/\/eirich.com.br\/es\/#website\"},\"datePublished\":\"2019-02-14T17:17:16+00:00\",\"dateModified\":\"2019-04-22T17:50:28+00:00\",\"breadcrumb\":{\"@id\":\"https:\/\/eirich.com.br\/es\/aplicaciones\/ceramica\/ecoprep-eirich\/#breadcrumb\"},\"inLanguage\":\"es\",\"potentialAction\":[{\"@type\":\"ReadAction\",\"target\":[\"https:\/\/eirich.com.br\/es\/aplicaciones\/ceramica\/ecoprep-eirich\/\"]}]},{\"@type\":\"BreadcrumbList\",\"@id\":\"https:\/\/eirich.com.br\/es\/aplicaciones\/ceramica\/ecoprep-eirich\/#breadcrumb\",\"itemListElement\":[{\"@type\":\"ListItem\",\"position\":1,\"name\":\"In\u00edcio\",\"item\":\"https:\/\/eirich.com.br\/es\/\"},{\"@type\":\"ListItem\",\"position\":2,\"name\":\"Aplicaciones\",\"item\":\"https:\/\/eirich.com.br\/es\/aplicaciones\/\"},{\"@type\":\"ListItem\",\"position\":3,\"name\":\"Cer\u00e1mica\",\"item\":\"https:\/\/eirich.com.br\/es\/aplicaciones\/ceramica\/\"},{\"@type\":\"ListItem\",\"position\":4,\"name\":\"EcoPrep\u00ae Eirich\"}]},{\"@type\":\"WebSite\",\"@id\":\"https:\/\/eirich.com.br\/es\/#website\",\"url\":\"https:\/\/eirich.com.br\/es\/\",\"name\":\"Eirich de Brasil\",\"description\":\"Pionero en la tecnolog\u00eda de mezclado, granulaci\u00f3n, granulaci\u00f3n y molienda fina.\",\"potentialAction\":[{\"@type\":\"SearchAction\",\"target\":{\"@type\":\"EntryPoint\",\"urlTemplate\":\"https:\/\/eirich.com.br\/es\/?s={search_term_string}\"},\"query-input\":{\"@type\":\"PropertyValueSpecification\",\"valueRequired\":true,\"valueName\":\"search_term_string\"}}],\"inLanguage\":\"es\"}]}<\/script>\n<!-- \/ Yoast SEO plugin. -->","yoast_head_json":{"title":"EcoPrep\u00ae Eirich - Eirich de Brasil","robots":{"index":"index","follow":"follow","max-snippet":"max-snippet:-1","max-image-preview":"max-image-preview:large","max-video-preview":"max-video-preview:-1"},"canonical":"https:\/\/eirich.com.br\/es\/aplicaciones\/ceramica\/ecoprep-eirich\/","og_locale":"es_ES","og_type":"article","og_title":"EcoPrep\u00ae Eirich - Eirich de Brasil","og_description":"La preparaci\u00f3n rentable de masas cer\u00e1micas EcoPrep\u00ae (Economical Preparation) es el proceso de preparaci\u00f3n de masas cer\u00e1micas energ\u00e9ticamente eficiente y con un consumo m\u00ednimo de recursos. Una ventaja esencial de este proceso radica en la enorme mejora del balance energ\u00e9tico respecto a los modos de preparaci\u00f3n convencionales con torre de atomizaci\u00f3n. Por todo ello, EcoPrep\u00ae [&hellip;]","og_url":"https:\/\/eirich.com.br\/es\/aplicaciones\/ceramica\/ecoprep-eirich\/","og_site_name":"Eirich de Brasil","article_modified_time":"2019-04-22T17:50:28+00:00","twitter_card":"summary_large_image","twitter_misc":{"Tiempo de lectura":"1 minuto"},"schema":{"@context":"https:\/\/schema.org","@graph":[{"@type":"WebPage","@id":"https:\/\/eirich.com.br\/es\/aplicaciones\/ceramica\/ecoprep-eirich\/","url":"https:\/\/eirich.com.br\/es\/aplicaciones\/ceramica\/ecoprep-eirich\/","name":"EcoPrep\u00ae Eirich - Eirich de Brasil","isPartOf":{"@id":"https:\/\/eirich.com.br\/es\/#website"},"datePublished":"2019-02-14T17:17:16+00:00","dateModified":"2019-04-22T17:50:28+00:00","breadcrumb":{"@id":"https:\/\/eirich.com.br\/es\/aplicaciones\/ceramica\/ecoprep-eirich\/#breadcrumb"},"inLanguage":"es","potentialAction":[{"@type":"ReadAction","target":["https:\/\/eirich.com.br\/es\/aplicaciones\/ceramica\/ecoprep-eirich\/"]}]},{"@type":"BreadcrumbList","@id":"https:\/\/eirich.com.br\/es\/aplicaciones\/ceramica\/ecoprep-eirich\/#breadcrumb","itemListElement":[{"@type":"ListItem","position":1,"name":"In\u00edcio","item":"https:\/\/eirich.com.br\/es\/"},{"@type":"ListItem","position":2,"name":"Aplicaciones","item":"https:\/\/eirich.com.br\/es\/aplicaciones\/"},{"@type":"ListItem","position":3,"name":"Cer\u00e1mica","item":"https:\/\/eirich.com.br\/es\/aplicaciones\/ceramica\/"},{"@type":"ListItem","position":4,"name":"EcoPrep\u00ae Eirich"}]},{"@type":"WebSite","@id":"https:\/\/eirich.com.br\/es\/#website","url":"https:\/\/eirich.com.br\/es\/","name":"Eirich de Brasil","description":"Pionero en la tecnolog\u00eda de mezclado, granulaci\u00f3n, granulaci\u00f3n y molienda fina.","potentialAction":[{"@type":"SearchAction","target":{"@type":"EntryPoint","urlTemplate":"https:\/\/eirich.com.br\/es\/?s={search_term_string}"},"query-input":{"@type":"PropertyValueSpecification","valueRequired":true,"valueName":"search_term_string"}}],"inLanguage":"es"}]}},"_links":{"self":[{"href":"https:\/\/eirich.com.br\/es\/wp-json\/wp\/v2\/pages\/597","targetHints":{"allow":["GET"]}}],"collection":[{"href":"https:\/\/eirich.com.br\/es\/wp-json\/wp\/v2\/pages"}],"about":[{"href":"https:\/\/eirich.com.br\/es\/wp-json\/wp\/v2\/types\/page"}],"author":[{"embeddable":true,"href":"https:\/\/eirich.com.br\/es\/wp-json\/wp\/v2\/users\/1"}],"replies":[{"embeddable":true,"href":"https:\/\/eirich.com.br\/es\/wp-json\/wp\/v2\/comments?post=597"}],"version-history":[{"count":3,"href":"https:\/\/eirich.com.br\/es\/wp-json\/wp\/v2\/pages\/597\/revisions"}],"predecessor-version":[{"id":725,"href":"https:\/\/eirich.com.br\/es\/wp-json\/wp\/v2\/pages\/597\/revisions\/725"}],"up":[{"embeddable":true,"href":"https:\/\/eirich.com.br\/es\/wp-json\/wp\/v2\/pages\/32"}],"wp:attachment":[{"href":"https:\/\/eirich.com.br\/es\/wp-json\/wp\/v2\/media?parent=597"}],"curies":[{"name":"wp","href":"https:\/\/api.w.org\/{rel}","templated":true}]}}