{"id":588,"date":"2019-02-13T16:20:49","date_gmt":"2019-02-13T18:20:49","guid":{"rendered":"https:\/\/eirich.com.br\/es\/?page_id=588"},"modified":"2019-04-22T14:44:44","modified_gmt":"2019-04-22T17:44:44","slug":"pastas-para-acumuladores","status":"publish","type":"page","link":"https:\/\/eirich.com.br\/es\/aplicaciones\/baterias\/pastas-para-acumuladores\/","title":{"rendered":"Pastas para acumuladores"},"content":{"rendered":"<p>El proceso \u00fanico Evactherm\u00ae, desarrollado por Eirich, demuestra por todo el mundo su posici\u00f3n en cuanto a la fabricaci\u00f3n especialmente rentable y no contaminante de masas de plomo.<\/p>\n<p><strong>La refrigeraci\u00f3n por aire no es la que presenta las claras ventajas tecnol\u00f3gicas y de la t\u00e9cnica de procesos, sino el proceso EVACTHERM\u00ae con la refrigeraci\u00f3n al vac\u00edo:<\/strong><\/p>\n<ul>\n<li>Independencia de las fluctuaciones de la humedad y de la temperatura del aire<\/li>\n<li>Ninguna adulteraci\u00f3n por el transporte de materiales de partida con el aire de refrigeraci\u00f3n<\/li>\n<li>Atenci\u00f3n exacta al r\u00e9gimen de temperatura predefinido<\/li>\n<li>Ning\u00fan sobrecalentamiento local en el reactor de mezclas<\/li>\n<li>Control efectivo de los procesos<\/li>\n<li>Calidad de pastas reproducible y constante<\/li>\n<li>Regulaci\u00f3n autom\u00e1tica de penetraci\u00f3n<\/li>\n<li>Ninguna gran corriente de escape de aire que deba depurarse por separado<\/li>\n<li>Sistema cerrado y no contaminante<\/li>\n<\/ul>\n<hr \/>\n<p><strong>Conozca tambi\u00e9n la tecnolog\u00eda Eirich de preparaci\u00f3n de <a href=\"https:\/\/eirich.com.br\/es\/aplicaciones\/baterias\/baterias-de-iones-de-litio\">bater\u00edas de iones de litio<\/a>.<\/strong><\/p>\n","protected":false},"excerpt":{"rendered":"<p>El proceso \u00fanico Evactherm\u00ae, desarrollado por Eirich, demuestra por todo el mundo su posici\u00f3n en cuanto a la fabricaci\u00f3n especialmente rentable y no contaminante de masas de plomo. La refrigeraci\u00f3n por aire no es la que presenta las claras ventajas tecnol\u00f3gicas y de la t\u00e9cnica de procesos, sino el proceso EVACTHERM\u00ae con la refrigeraci\u00f3n al [&hellip;]<\/p>\n","protected":false},"author":1,"featured_media":0,"parent":42,"menu_order":0,"comment_status":"closed","ping_status":"closed","template":"","meta":{"footnotes":""},"class_list":["post-588","page","type-page","status-publish","hentry"],"yoast_head":"<!-- This site is optimized with the Yoast SEO plugin v26.6 - https:\/\/yoast.com\/wordpress\/plugins\/seo\/ -->\n<title>Pastas para acumuladores - Eirich de Brasil<\/title>\n<meta name=\"robots\" content=\"index, follow, max-snippet:-1, max-image-preview:large, max-video-preview:-1\" \/>\n<link rel=\"canonical\" href=\"https:\/\/eirich.com.br\/es\/aplicaciones\/baterias\/pastas-para-acumuladores\/\" \/>\n<meta property=\"og:locale\" content=\"es_ES\" \/>\n<meta property=\"og:type\" content=\"article\" \/>\n<meta property=\"og:title\" content=\"Pastas para acumuladores - Eirich de Brasil\" \/>\n<meta property=\"og:description\" content=\"El proceso \u00fanico Evactherm\u00ae, desarrollado por Eirich, demuestra por todo el mundo su posici\u00f3n en cuanto a la fabricaci\u00f3n especialmente rentable y no contaminante de masas de plomo. La refrigeraci\u00f3n por aire no es la que presenta las claras ventajas tecnol\u00f3gicas y de la t\u00e9cnica de procesos, sino el proceso EVACTHERM\u00ae con la refrigeraci\u00f3n al [&hellip;]\" \/>\n<meta property=\"og:url\" content=\"https:\/\/eirich.com.br\/es\/aplicaciones\/baterias\/pastas-para-acumuladores\/\" \/>\n<meta property=\"og:site_name\" content=\"Eirich de Brasil\" \/>\n<meta property=\"article:modified_time\" content=\"2019-04-22T17:44:44+00:00\" \/>\n<meta name=\"twitter:card\" content=\"summary_large_image\" \/>\n<meta name=\"twitter:label1\" content=\"Tiempo de lectura\" \/>\n\t<meta name=\"twitter:data1\" content=\"1 minuto\" \/>\n<script type=\"application\/ld+json\" class=\"yoast-schema-graph\">{\"@context\":\"https:\/\/schema.org\",\"@graph\":[{\"@type\":\"WebPage\",\"@id\":\"https:\/\/eirich.com.br\/es\/aplicaciones\/baterias\/pastas-para-acumuladores\/\",\"url\":\"https:\/\/eirich.com.br\/es\/aplicaciones\/baterias\/pastas-para-acumuladores\/\",\"name\":\"Pastas para acumuladores - Eirich de Brasil\",\"isPartOf\":{\"@id\":\"https:\/\/eirich.com.br\/es\/#website\"},\"datePublished\":\"2019-02-13T18:20:49+00:00\",\"dateModified\":\"2019-04-22T17:44:44+00:00\",\"breadcrumb\":{\"@id\":\"https:\/\/eirich.com.br\/es\/aplicaciones\/baterias\/pastas-para-acumuladores\/#breadcrumb\"},\"inLanguage\":\"es\",\"potentialAction\":[{\"@type\":\"ReadAction\",\"target\":[\"https:\/\/eirich.com.br\/es\/aplicaciones\/baterias\/pastas-para-acumuladores\/\"]}]},{\"@type\":\"BreadcrumbList\",\"@id\":\"https:\/\/eirich.com.br\/es\/aplicaciones\/baterias\/pastas-para-acumuladores\/#breadcrumb\",\"itemListElement\":[{\"@type\":\"ListItem\",\"position\":1,\"name\":\"In\u00edcio\",\"item\":\"https:\/\/eirich.com.br\/es\/\"},{\"@type\":\"ListItem\",\"position\":2,\"name\":\"Aplicaciones\",\"item\":\"https:\/\/eirich.com.br\/es\/aplicaciones\/\"},{\"@type\":\"ListItem\",\"position\":3,\"name\":\"Baterias\",\"item\":\"https:\/\/eirich.com.br\/es\/aplicaciones\/baterias\/\"},{\"@type\":\"ListItem\",\"position\":4,\"name\":\"Pastas para acumuladores\"}]},{\"@type\":\"WebSite\",\"@id\":\"https:\/\/eirich.com.br\/es\/#website\",\"url\":\"https:\/\/eirich.com.br\/es\/\",\"name\":\"Eirich de Brasil\",\"description\":\"Pionero en la tecnolog\u00eda de mezclado, granulaci\u00f3n, granulaci\u00f3n y molienda fina.\",\"potentialAction\":[{\"@type\":\"SearchAction\",\"target\":{\"@type\":\"EntryPoint\",\"urlTemplate\":\"https:\/\/eirich.com.br\/es\/?s={search_term_string}\"},\"query-input\":{\"@type\":\"PropertyValueSpecification\",\"valueRequired\":true,\"valueName\":\"search_term_string\"}}],\"inLanguage\":\"es\"}]}<\/script>\n<!-- \/ Yoast SEO plugin. -->","yoast_head_json":{"title":"Pastas para acumuladores - Eirich de Brasil","robots":{"index":"index","follow":"follow","max-snippet":"max-snippet:-1","max-image-preview":"max-image-preview:large","max-video-preview":"max-video-preview:-1"},"canonical":"https:\/\/eirich.com.br\/es\/aplicaciones\/baterias\/pastas-para-acumuladores\/","og_locale":"es_ES","og_type":"article","og_title":"Pastas para acumuladores - Eirich de Brasil","og_description":"El proceso \u00fanico Evactherm\u00ae, desarrollado por Eirich, demuestra por todo el mundo su posici\u00f3n en cuanto a la fabricaci\u00f3n especialmente rentable y no contaminante de masas de plomo. La refrigeraci\u00f3n por aire no es la que presenta las claras ventajas tecnol\u00f3gicas y de la t\u00e9cnica de procesos, sino el proceso EVACTHERM\u00ae con la refrigeraci\u00f3n al [&hellip;]","og_url":"https:\/\/eirich.com.br\/es\/aplicaciones\/baterias\/pastas-para-acumuladores\/","og_site_name":"Eirich de Brasil","article_modified_time":"2019-04-22T17:44:44+00:00","twitter_card":"summary_large_image","twitter_misc":{"Tiempo de lectura":"1 minuto"},"schema":{"@context":"https:\/\/schema.org","@graph":[{"@type":"WebPage","@id":"https:\/\/eirich.com.br\/es\/aplicaciones\/baterias\/pastas-para-acumuladores\/","url":"https:\/\/eirich.com.br\/es\/aplicaciones\/baterias\/pastas-para-acumuladores\/","name":"Pastas para acumuladores - Eirich de Brasil","isPartOf":{"@id":"https:\/\/eirich.com.br\/es\/#website"},"datePublished":"2019-02-13T18:20:49+00:00","dateModified":"2019-04-22T17:44:44+00:00","breadcrumb":{"@id":"https:\/\/eirich.com.br\/es\/aplicaciones\/baterias\/pastas-para-acumuladores\/#breadcrumb"},"inLanguage":"es","potentialAction":[{"@type":"ReadAction","target":["https:\/\/eirich.com.br\/es\/aplicaciones\/baterias\/pastas-para-acumuladores\/"]}]},{"@type":"BreadcrumbList","@id":"https:\/\/eirich.com.br\/es\/aplicaciones\/baterias\/pastas-para-acumuladores\/#breadcrumb","itemListElement":[{"@type":"ListItem","position":1,"name":"In\u00edcio","item":"https:\/\/eirich.com.br\/es\/"},{"@type":"ListItem","position":2,"name":"Aplicaciones","item":"https:\/\/eirich.com.br\/es\/aplicaciones\/"},{"@type":"ListItem","position":3,"name":"Baterias","item":"https:\/\/eirich.com.br\/es\/aplicaciones\/baterias\/"},{"@type":"ListItem","position":4,"name":"Pastas para acumuladores"}]},{"@type":"WebSite","@id":"https:\/\/eirich.com.br\/es\/#website","url":"https:\/\/eirich.com.br\/es\/","name":"Eirich de Brasil","description":"Pionero en la tecnolog\u00eda de mezclado, granulaci\u00f3n, granulaci\u00f3n y molienda fina.","potentialAction":[{"@type":"SearchAction","target":{"@type":"EntryPoint","urlTemplate":"https:\/\/eirich.com.br\/es\/?s={search_term_string}"},"query-input":{"@type":"PropertyValueSpecification","valueRequired":true,"valueName":"search_term_string"}}],"inLanguage":"es"}]}},"_links":{"self":[{"href":"https:\/\/eirich.com.br\/es\/wp-json\/wp\/v2\/pages\/588","targetHints":{"allow":["GET"]}}],"collection":[{"href":"https:\/\/eirich.com.br\/es\/wp-json\/wp\/v2\/pages"}],"about":[{"href":"https:\/\/eirich.com.br\/es\/wp-json\/wp\/v2\/types\/page"}],"author":[{"embeddable":true,"href":"https:\/\/eirich.com.br\/es\/wp-json\/wp\/v2\/users\/1"}],"replies":[{"embeddable":true,"href":"https:\/\/eirich.com.br\/es\/wp-json\/wp\/v2\/comments?post=588"}],"version-history":[{"count":4,"href":"https:\/\/eirich.com.br\/es\/wp-json\/wp\/v2\/pages\/588\/revisions"}],"predecessor-version":[{"id":723,"href":"https:\/\/eirich.com.br\/es\/wp-json\/wp\/v2\/pages\/588\/revisions\/723"}],"up":[{"embeddable":true,"href":"https:\/\/eirich.com.br\/es\/wp-json\/wp\/v2\/pages\/42"}],"wp:attachment":[{"href":"https:\/\/eirich.com.br\/es\/wp-json\/wp\/v2\/media?parent=588"}],"curies":[{"name":"wp","href":"https:\/\/api.w.org\/{rel}","templated":true}]}}