{"id":48,"date":"2016-06-29T17:13:20","date_gmt":"2016-06-29T20:13:20","guid":{"rendered":"https:\/\/eirich.com.br\/es\/?page_id=48"},"modified":"2021-06-01T08:52:06","modified_gmt":"2021-06-01T11:52:06","slug":"vidrio","status":"publish","type":"page","link":"https:\/\/eirich.com.br\/es\/aplicaciones\/vidrio\/","title":{"rendered":"Vidrio"},"content":{"rendered":"<p>Elaboraci\u00f3n de lotes de vidrio. La clave del vidrio de calidad: un lote homog\u00e9neo.<\/p>\n<p>Los mezcladores intensivos EIRICH logran resultados excepcionales en t\u00e9rminos de homogeneidad, disponibilidad y econom\u00eda en la producci\u00f3n de vidrio.<\/p>\n<p>La funci\u00f3n principal de la m\u00e1quina mezcladora es producir un lote de homogeneidad \u00f3ptima y la menor tendencia a la desintegraci\u00f3n posible.<\/p>\n<p>Los mezcladores intensivos EIRICH son m\u00e1quinas de alto rendimiento adaptadas a los requisitos espec\u00edficos de la industria del vidrio.<\/p>\n<hr \/>\n<p>Descargue <a href=\"https:\/\/eirich.com.br\/categoria_download\/vidro\/\"> aqu\u00ed <\/a> los cat\u00e1logos sobre tecnolog\u00eda de preparaci\u00f3n de vidrio.<\/p>\n<p><a href=\"https:\/\/eirich.com.br\/contato\/\"> Hable con <\/a> nuestros ingenieros.<\/p>\n","protected":false},"excerpt":{"rendered":"<p>Elaboraci\u00f3n de lotes de vidrio. La clave del vidrio de calidad: un lote homog\u00e9neo. Los mezcladores intensivos EIRICH logran resultados excepcionales en t\u00e9rminos de homogeneidad, disponibilidad y econom\u00eda en la producci\u00f3n de vidrio. La funci\u00f3n principal de la m\u00e1quina mezcladora es producir un lote de homogeneidad \u00f3ptima y la menor tendencia a la desintegraci\u00f3n posible. [&hellip;]<\/p>\n","protected":false},"author":1,"featured_media":0,"parent":26,"menu_order":0,"comment_status":"closed","ping_status":"closed","template":"","meta":{"footnotes":""},"class_list":["post-48","page","type-page","status-publish","hentry"],"yoast_head":"<!-- This site is optimized with the Yoast SEO plugin v26.6 - https:\/\/yoast.com\/wordpress\/plugins\/seo\/ -->\n<title>Vidrio - Eirich de Brasil<\/title>\n<meta name=\"robots\" content=\"index, follow, max-snippet:-1, max-image-preview:large, max-video-preview:-1\" \/>\n<link rel=\"canonical\" href=\"https:\/\/eirich.com.br\/es\/aplicaciones\/vidrio\/\" \/>\n<meta property=\"og:locale\" content=\"es_ES\" \/>\n<meta property=\"og:type\" content=\"article\" \/>\n<meta property=\"og:title\" content=\"Vidrio - Eirich de Brasil\" \/>\n<meta property=\"og:description\" content=\"Elaboraci\u00f3n de lotes de vidrio. La clave del vidrio de calidad: un lote homog\u00e9neo. Los mezcladores intensivos EIRICH logran resultados excepcionales en t\u00e9rminos de homogeneidad, disponibilidad y econom\u00eda en la producci\u00f3n de vidrio. La funci\u00f3n principal de la m\u00e1quina mezcladora es producir un lote de homogeneidad \u00f3ptima y la menor tendencia a la desintegraci\u00f3n posible. [&hellip;]\" \/>\n<meta property=\"og:url\" content=\"https:\/\/eirich.com.br\/es\/aplicaciones\/vidrio\/\" \/>\n<meta property=\"og:site_name\" content=\"Eirich de Brasil\" \/>\n<meta property=\"article:modified_time\" content=\"2021-06-01T11:52:06+00:00\" \/>\n<meta name=\"twitter:card\" content=\"summary_large_image\" \/>\n<meta name=\"twitter:label1\" content=\"Tiempo de lectura\" \/>\n\t<meta name=\"twitter:data1\" content=\"1 minuto\" \/>\n<script type=\"application\/ld+json\" class=\"yoast-schema-graph\">{\"@context\":\"https:\/\/schema.org\",\"@graph\":[{\"@type\":\"WebPage\",\"@id\":\"https:\/\/eirich.com.br\/es\/aplicaciones\/vidrio\/\",\"url\":\"https:\/\/eirich.com.br\/es\/aplicaciones\/vidrio\/\",\"name\":\"Vidrio - Eirich de Brasil\",\"isPartOf\":{\"@id\":\"https:\/\/eirich.com.br\/es\/#website\"},\"datePublished\":\"2016-06-29T20:13:20+00:00\",\"dateModified\":\"2021-06-01T11:52:06+00:00\",\"breadcrumb\":{\"@id\":\"https:\/\/eirich.com.br\/es\/aplicaciones\/vidrio\/#breadcrumb\"},\"inLanguage\":\"es\",\"potentialAction\":[{\"@type\":\"ReadAction\",\"target\":[\"https:\/\/eirich.com.br\/es\/aplicaciones\/vidrio\/\"]}]},{\"@type\":\"BreadcrumbList\",\"@id\":\"https:\/\/eirich.com.br\/es\/aplicaciones\/vidrio\/#breadcrumb\",\"itemListElement\":[{\"@type\":\"ListItem\",\"position\":1,\"name\":\"In\u00edcio\",\"item\":\"https:\/\/eirich.com.br\/es\/\"},{\"@type\":\"ListItem\",\"position\":2,\"name\":\"Aplicaciones\",\"item\":\"https:\/\/eirich.com.br\/es\/aplicaciones\/\"},{\"@type\":\"ListItem\",\"position\":3,\"name\":\"Vidrio\"}]},{\"@type\":\"WebSite\",\"@id\":\"https:\/\/eirich.com.br\/es\/#website\",\"url\":\"https:\/\/eirich.com.br\/es\/\",\"name\":\"Eirich de Brasil\",\"description\":\"Pionero en la tecnolog\u00eda de mezclado, granulaci\u00f3n, granulaci\u00f3n y molienda fina.\",\"potentialAction\":[{\"@type\":\"SearchAction\",\"target\":{\"@type\":\"EntryPoint\",\"urlTemplate\":\"https:\/\/eirich.com.br\/es\/?s={search_term_string}\"},\"query-input\":{\"@type\":\"PropertyValueSpecification\",\"valueRequired\":true,\"valueName\":\"search_term_string\"}}],\"inLanguage\":\"es\"}]}<\/script>\n<!-- \/ Yoast SEO plugin. -->","yoast_head_json":{"title":"Vidrio - Eirich de Brasil","robots":{"index":"index","follow":"follow","max-snippet":"max-snippet:-1","max-image-preview":"max-image-preview:large","max-video-preview":"max-video-preview:-1"},"canonical":"https:\/\/eirich.com.br\/es\/aplicaciones\/vidrio\/","og_locale":"es_ES","og_type":"article","og_title":"Vidrio - Eirich de Brasil","og_description":"Elaboraci\u00f3n de lotes de vidrio. La clave del vidrio de calidad: un lote homog\u00e9neo. Los mezcladores intensivos EIRICH logran resultados excepcionales en t\u00e9rminos de homogeneidad, disponibilidad y econom\u00eda en la producci\u00f3n de vidrio. La funci\u00f3n principal de la m\u00e1quina mezcladora es producir un lote de homogeneidad \u00f3ptima y la menor tendencia a la desintegraci\u00f3n posible. [&hellip;]","og_url":"https:\/\/eirich.com.br\/es\/aplicaciones\/vidrio\/","og_site_name":"Eirich de Brasil","article_modified_time":"2021-06-01T11:52:06+00:00","twitter_card":"summary_large_image","twitter_misc":{"Tiempo de lectura":"1 minuto"},"schema":{"@context":"https:\/\/schema.org","@graph":[{"@type":"WebPage","@id":"https:\/\/eirich.com.br\/es\/aplicaciones\/vidrio\/","url":"https:\/\/eirich.com.br\/es\/aplicaciones\/vidrio\/","name":"Vidrio - Eirich de Brasil","isPartOf":{"@id":"https:\/\/eirich.com.br\/es\/#website"},"datePublished":"2016-06-29T20:13:20+00:00","dateModified":"2021-06-01T11:52:06+00:00","breadcrumb":{"@id":"https:\/\/eirich.com.br\/es\/aplicaciones\/vidrio\/#breadcrumb"},"inLanguage":"es","potentialAction":[{"@type":"ReadAction","target":["https:\/\/eirich.com.br\/es\/aplicaciones\/vidrio\/"]}]},{"@type":"BreadcrumbList","@id":"https:\/\/eirich.com.br\/es\/aplicaciones\/vidrio\/#breadcrumb","itemListElement":[{"@type":"ListItem","position":1,"name":"In\u00edcio","item":"https:\/\/eirich.com.br\/es\/"},{"@type":"ListItem","position":2,"name":"Aplicaciones","item":"https:\/\/eirich.com.br\/es\/aplicaciones\/"},{"@type":"ListItem","position":3,"name":"Vidrio"}]},{"@type":"WebSite","@id":"https:\/\/eirich.com.br\/es\/#website","url":"https:\/\/eirich.com.br\/es\/","name":"Eirich de Brasil","description":"Pionero en la tecnolog\u00eda de mezclado, granulaci\u00f3n, granulaci\u00f3n y molienda fina.","potentialAction":[{"@type":"SearchAction","target":{"@type":"EntryPoint","urlTemplate":"https:\/\/eirich.com.br\/es\/?s={search_term_string}"},"query-input":{"@type":"PropertyValueSpecification","valueRequired":true,"valueName":"search_term_string"}}],"inLanguage":"es"}]}},"_links":{"self":[{"href":"https:\/\/eirich.com.br\/es\/wp-json\/wp\/v2\/pages\/48","targetHints":{"allow":["GET"]}}],"collection":[{"href":"https:\/\/eirich.com.br\/es\/wp-json\/wp\/v2\/pages"}],"about":[{"href":"https:\/\/eirich.com.br\/es\/wp-json\/wp\/v2\/types\/page"}],"author":[{"embeddable":true,"href":"https:\/\/eirich.com.br\/es\/wp-json\/wp\/v2\/users\/1"}],"replies":[{"embeddable":true,"href":"https:\/\/eirich.com.br\/es\/wp-json\/wp\/v2\/comments?post=48"}],"version-history":[{"count":3,"href":"https:\/\/eirich.com.br\/es\/wp-json\/wp\/v2\/pages\/48\/revisions"}],"predecessor-version":[{"id":891,"href":"https:\/\/eirich.com.br\/es\/wp-json\/wp\/v2\/pages\/48\/revisions\/891"}],"up":[{"embeddable":true,"href":"https:\/\/eirich.com.br\/es\/wp-json\/wp\/v2\/pages\/26"}],"wp:attachment":[{"href":"https:\/\/eirich.com.br\/es\/wp-json\/wp\/v2\/media?parent=48"}],"curies":[{"name":"wp","href":"https:\/\/api.w.org\/{rel}","templated":true}]}}