{"id":431,"date":"2018-02-20T09:43:19","date_gmt":"2018-02-20T12:43:19","guid":{"rendered":"https:\/\/eirich.com.br\/es\/?page_id=431"},"modified":"2020-11-13T12:59:17","modified_gmt":"2020-11-13T14:59:17","slug":"busqueda-de-satisfaccion","status":"publish","type":"page","link":"https:\/\/eirich.com.br\/es\/busqueda-de-satisfaccion\/","title":{"rendered":"B\u00fasqueda de Satisfacci\u00f3n"},"content":{"rendered":"<h3><a href=\"https:\/\/forms.gle\/qp1tkG9fBUSgKi2F6\">Acceda aqu\u00ed<\/a> al formulario on-line.<\/h3>\n<p>Nuestro objetivo es atender las expectativas de nuestros clientes, para garantizar los principios de <a href=\"https:\/\/eirich.com.br\/es\/maschinenfabrik-gustav-eirich\/eirich-brasil\/certificaciones\/\"><strong>Pol\u00edtica de Calidad Eirich<\/strong><\/a>. Por esta raz\u00f3n, ofrecemos servicios de asistencia t\u00e9cnica con profesionales especializados, piezas de repuesto originales, servicios de mejor\u00eda de procesos, visitas t\u00e9cnicas, reforma de equipos Eirich, entre otros, siempre ofreciendo un soporte r\u00e1pido y eficaz.<\/p>\n<p>El Cuestionario de Satisfacci\u00f3n forma parte de nuestra <strong>certificaci\u00f3n ISO 9001:2008<\/strong> y tiene como objetivo mejorar nuestros productos y servicios para mayor satisfacci\u00f3n de nuestros clientes.<\/p>\n<p>Est\u00e1 disponible a nuestros clientes un <strong>Formulario de Evaluaci\u00f3n de Satisfacci\u00f3n<\/strong> que puede ser completado on-line, clicando <a href=\"https:\/\/forms.gle\/qp1tkG9fBUSgKi2F6\" target=\"_blank\" rel=\"noopener noreferrer\">aqu\u00ed<\/a>.<\/p>\n<blockquote><p>Mantenimiento con <a href=\"https:\/\/eirich.com.br\/es\/sevicios\/repuestos-y-servicios\/\">repuestos originales<\/a> y supervisi\u00f3n Eirich es la mejor garant\u00eda de operaci\u00f3n con el menor tiempo de parada de l\u00ednea.<\/p><\/blockquote>\n<hr \/>\n<p>Para la compra de piezas originales y servicio especializado Eirich, entre en contacto con nuestro equipo.<\/p>\n<p>Entre en contacto con nosotros y programar una visita t\u00e9cnica con los profesionales Eirich.<\/p>\n<p>55 11 4619-8907 | vendas@eirich.com.br<\/p>\n","protected":false},"excerpt":{"rendered":"<p>Acceda aqu\u00ed al formulario on-line. Nuestro objetivo es atender las expectativas de nuestros clientes, para garantizar los principios de Pol\u00edtica de Calidad Eirich. Por esta raz\u00f3n, ofrecemos servicios de asistencia t\u00e9cnica con profesionales especializados, piezas de repuesto originales, servicios de mejor\u00eda de procesos, visitas t\u00e9cnicas, reforma de equipos Eirich, entre otros, siempre ofreciendo un soporte [&hellip;]<\/p>\n","protected":false},"author":1,"featured_media":0,"parent":0,"menu_order":0,"comment_status":"closed","ping_status":"closed","template":"","meta":{"footnotes":""},"class_list":["post-431","page","type-page","status-publish","hentry"],"yoast_head":"<!-- This site is optimized with the Yoast SEO plugin v26.6 - https:\/\/yoast.com\/wordpress\/plugins\/seo\/ -->\n<title>B\u00fasqueda de Satisfacci\u00f3n - Eirich de Brasil<\/title>\n<meta name=\"robots\" content=\"index, follow, max-snippet:-1, max-image-preview:large, max-video-preview:-1\" \/>\n<link rel=\"canonical\" href=\"https:\/\/eirich.com.br\/es\/busqueda-de-satisfaccion\/\" \/>\n<meta property=\"og:locale\" content=\"es_ES\" \/>\n<meta property=\"og:type\" content=\"article\" \/>\n<meta property=\"og:title\" content=\"B\u00fasqueda de Satisfacci\u00f3n - Eirich de Brasil\" \/>\n<meta property=\"og:description\" content=\"Acceda aqu\u00ed al formulario on-line. Nuestro objetivo es atender las expectativas de nuestros clientes, para garantizar los principios de Pol\u00edtica de Calidad Eirich. Por esta raz\u00f3n, ofrecemos servicios de asistencia t\u00e9cnica con profesionales especializados, piezas de repuesto originales, servicios de mejor\u00eda de procesos, visitas t\u00e9cnicas, reforma de equipos Eirich, entre otros, siempre ofreciendo un soporte [&hellip;]\" \/>\n<meta property=\"og:url\" content=\"https:\/\/eirich.com.br\/es\/busqueda-de-satisfaccion\/\" \/>\n<meta property=\"og:site_name\" content=\"Eirich de Brasil\" \/>\n<meta property=\"article:modified_time\" content=\"2020-11-13T14:59:17+00:00\" \/>\n<meta name=\"twitter:card\" content=\"summary_large_image\" \/>\n<meta name=\"twitter:label1\" content=\"Tiempo de lectura\" \/>\n\t<meta name=\"twitter:data1\" content=\"1 minuto\" \/>\n<script type=\"application\/ld+json\" class=\"yoast-schema-graph\">{\"@context\":\"https:\/\/schema.org\",\"@graph\":[{\"@type\":\"WebPage\",\"@id\":\"https:\/\/eirich.com.br\/es\/busqueda-de-satisfaccion\/\",\"url\":\"https:\/\/eirich.com.br\/es\/busqueda-de-satisfaccion\/\",\"name\":\"B\u00fasqueda de Satisfacci\u00f3n - Eirich de Brasil\",\"isPartOf\":{\"@id\":\"https:\/\/eirich.com.br\/es\/#website\"},\"datePublished\":\"2018-02-20T12:43:19+00:00\",\"dateModified\":\"2020-11-13T14:59:17+00:00\",\"breadcrumb\":{\"@id\":\"https:\/\/eirich.com.br\/es\/busqueda-de-satisfaccion\/#breadcrumb\"},\"inLanguage\":\"es\",\"potentialAction\":[{\"@type\":\"ReadAction\",\"target\":[\"https:\/\/eirich.com.br\/es\/busqueda-de-satisfaccion\/\"]}]},{\"@type\":\"BreadcrumbList\",\"@id\":\"https:\/\/eirich.com.br\/es\/busqueda-de-satisfaccion\/#breadcrumb\",\"itemListElement\":[{\"@type\":\"ListItem\",\"position\":1,\"name\":\"In\u00edcio\",\"item\":\"https:\/\/eirich.com.br\/es\/\"},{\"@type\":\"ListItem\",\"position\":2,\"name\":\"B\u00fasqueda de Satisfacci\u00f3n\"}]},{\"@type\":\"WebSite\",\"@id\":\"https:\/\/eirich.com.br\/es\/#website\",\"url\":\"https:\/\/eirich.com.br\/es\/\",\"name\":\"Eirich de Brasil\",\"description\":\"Pionero en la tecnolog\u00eda de mezclado, granulaci\u00f3n, granulaci\u00f3n y molienda fina.\",\"potentialAction\":[{\"@type\":\"SearchAction\",\"target\":{\"@type\":\"EntryPoint\",\"urlTemplate\":\"https:\/\/eirich.com.br\/es\/?s={search_term_string}\"},\"query-input\":{\"@type\":\"PropertyValueSpecification\",\"valueRequired\":true,\"valueName\":\"search_term_string\"}}],\"inLanguage\":\"es\"}]}<\/script>\n<!-- \/ Yoast SEO plugin. -->","yoast_head_json":{"title":"B\u00fasqueda de Satisfacci\u00f3n - Eirich de Brasil","robots":{"index":"index","follow":"follow","max-snippet":"max-snippet:-1","max-image-preview":"max-image-preview:large","max-video-preview":"max-video-preview:-1"},"canonical":"https:\/\/eirich.com.br\/es\/busqueda-de-satisfaccion\/","og_locale":"es_ES","og_type":"article","og_title":"B\u00fasqueda de Satisfacci\u00f3n - Eirich de Brasil","og_description":"Acceda aqu\u00ed al formulario on-line. Nuestro objetivo es atender las expectativas de nuestros clientes, para garantizar los principios de Pol\u00edtica de Calidad Eirich. Por esta raz\u00f3n, ofrecemos servicios de asistencia t\u00e9cnica con profesionales especializados, piezas de repuesto originales, servicios de mejor\u00eda de procesos, visitas t\u00e9cnicas, reforma de equipos Eirich, entre otros, siempre ofreciendo un soporte [&hellip;]","og_url":"https:\/\/eirich.com.br\/es\/busqueda-de-satisfaccion\/","og_site_name":"Eirich de Brasil","article_modified_time":"2020-11-13T14:59:17+00:00","twitter_card":"summary_large_image","twitter_misc":{"Tiempo de lectura":"1 minuto"},"schema":{"@context":"https:\/\/schema.org","@graph":[{"@type":"WebPage","@id":"https:\/\/eirich.com.br\/es\/busqueda-de-satisfaccion\/","url":"https:\/\/eirich.com.br\/es\/busqueda-de-satisfaccion\/","name":"B\u00fasqueda de Satisfacci\u00f3n - Eirich de Brasil","isPartOf":{"@id":"https:\/\/eirich.com.br\/es\/#website"},"datePublished":"2018-02-20T12:43:19+00:00","dateModified":"2020-11-13T14:59:17+00:00","breadcrumb":{"@id":"https:\/\/eirich.com.br\/es\/busqueda-de-satisfaccion\/#breadcrumb"},"inLanguage":"es","potentialAction":[{"@type":"ReadAction","target":["https:\/\/eirich.com.br\/es\/busqueda-de-satisfaccion\/"]}]},{"@type":"BreadcrumbList","@id":"https:\/\/eirich.com.br\/es\/busqueda-de-satisfaccion\/#breadcrumb","itemListElement":[{"@type":"ListItem","position":1,"name":"In\u00edcio","item":"https:\/\/eirich.com.br\/es\/"},{"@type":"ListItem","position":2,"name":"B\u00fasqueda de Satisfacci\u00f3n"}]},{"@type":"WebSite","@id":"https:\/\/eirich.com.br\/es\/#website","url":"https:\/\/eirich.com.br\/es\/","name":"Eirich de Brasil","description":"Pionero en la tecnolog\u00eda de mezclado, granulaci\u00f3n, granulaci\u00f3n y molienda fina.","potentialAction":[{"@type":"SearchAction","target":{"@type":"EntryPoint","urlTemplate":"https:\/\/eirich.com.br\/es\/?s={search_term_string}"},"query-input":{"@type":"PropertyValueSpecification","valueRequired":true,"valueName":"search_term_string"}}],"inLanguage":"es"}]}},"_links":{"self":[{"href":"https:\/\/eirich.com.br\/es\/wp-json\/wp\/v2\/pages\/431","targetHints":{"allow":["GET"]}}],"collection":[{"href":"https:\/\/eirich.com.br\/es\/wp-json\/wp\/v2\/pages"}],"about":[{"href":"https:\/\/eirich.com.br\/es\/wp-json\/wp\/v2\/types\/page"}],"author":[{"embeddable":true,"href":"https:\/\/eirich.com.br\/es\/wp-json\/wp\/v2\/users\/1"}],"replies":[{"embeddable":true,"href":"https:\/\/eirich.com.br\/es\/wp-json\/wp\/v2\/comments?post=431"}],"version-history":[{"count":6,"href":"https:\/\/eirich.com.br\/es\/wp-json\/wp\/v2\/pages\/431\/revisions"}],"predecessor-version":[{"id":815,"href":"https:\/\/eirich.com.br\/es\/wp-json\/wp\/v2\/pages\/431\/revisions\/815"}],"wp:attachment":[{"href":"https:\/\/eirich.com.br\/es\/wp-json\/wp\/v2\/media?parent=431"}],"curies":[{"name":"wp","href":"https:\/\/api.w.org\/{rel}","templated":true}]}}