{"id":42,"date":"2016-06-29T17:12:03","date_gmt":"2016-06-29T20:12:03","guid":{"rendered":"https:\/\/eirich.com.br\/es\/?page_id=42"},"modified":"2019-04-22T14:46:28","modified_gmt":"2019-04-22T17:46:28","slug":"baterias","status":"publish","type":"page","link":"https:\/\/eirich.com.br\/es\/aplicaciones\/baterias\/","title":{"rendered":"Baterias"},"content":{"rendered":"<p>Con la experiencia de l\u00edder mundial en tecnolog\u00eda de preparaci\u00f3n de bater\u00edas, Eirich ofrece soluciones innovadoras de preparaci\u00f3n para pastas de bater\u00edas de plomo-\u00e1cido y bater\u00edas de iones de litio.<\/p>\n<p><strong>Conozca m\u00e1s sobre la tecnolog\u00eda de preparaci\u00f3n de:<\/strong><\/p>\n<ul>\n<li><a href=\"https:\/\/eirich.com.br\/es\/aplicaciones\/quimico\/pastas-para-acumuladores\">Bater\u00edas de plomo-\u00e1cido<\/a><\/li>\n<li><a href=\"https:\/\/eirich.com.br\/es\/aplicaciones\/quimico\/baterias-de-iones-de-litio\">Bater\u00edas de iones de litio<\/a><\/li>\n<\/ul>\n<p><strong>Soluciones Eirich para el procesamiento de materias primas para la industria de las bater\u00edas en una sola m\u00e1quina!<\/strong><\/p>\n","protected":false},"excerpt":{"rendered":"<p>Con la experiencia de l\u00edder mundial en tecnolog\u00eda de preparaci\u00f3n de bater\u00edas, Eirich ofrece soluciones innovadoras de preparaci\u00f3n para pastas de bater\u00edas de plomo-\u00e1cido y bater\u00edas de iones de litio. Conozca m\u00e1s sobre la tecnolog\u00eda de preparaci\u00f3n de: Bater\u00edas de plomo-\u00e1cido Bater\u00edas de iones de litio Soluciones Eirich para el procesamiento de materias primas para [&hellip;]<\/p>\n","protected":false},"author":1,"featured_media":0,"parent":26,"menu_order":0,"comment_status":"closed","ping_status":"closed","template":"","meta":{"footnotes":""},"class_list":["post-42","page","type-page","status-publish","hentry"],"yoast_head":"<!-- This site is optimized with the Yoast SEO plugin v26.6 - https:\/\/yoast.com\/wordpress\/plugins\/seo\/ -->\n<title>Baterias - Eirich de Brasil<\/title>\n<meta name=\"robots\" content=\"index, follow, max-snippet:-1, max-image-preview:large, max-video-preview:-1\" \/>\n<link rel=\"canonical\" href=\"https:\/\/eirich.com.br\/es\/aplicaciones\/baterias\/\" \/>\n<meta property=\"og:locale\" content=\"es_ES\" \/>\n<meta property=\"og:type\" content=\"article\" \/>\n<meta property=\"og:title\" content=\"Baterias - Eirich de Brasil\" \/>\n<meta property=\"og:description\" content=\"Con la experiencia de l\u00edder mundial en tecnolog\u00eda de preparaci\u00f3n de bater\u00edas, Eirich ofrece soluciones innovadoras de preparaci\u00f3n para pastas de bater\u00edas de plomo-\u00e1cido y bater\u00edas de iones de litio. Conozca m\u00e1s sobre la tecnolog\u00eda de preparaci\u00f3n de: Bater\u00edas de plomo-\u00e1cido Bater\u00edas de iones de litio Soluciones Eirich para el procesamiento de materias primas para [&hellip;]\" \/>\n<meta property=\"og:url\" content=\"https:\/\/eirich.com.br\/es\/aplicaciones\/baterias\/\" \/>\n<meta property=\"og:site_name\" content=\"Eirich de Brasil\" \/>\n<meta property=\"article:modified_time\" content=\"2019-04-22T17:46:28+00:00\" \/>\n<meta name=\"twitter:card\" content=\"summary_large_image\" \/>\n<script type=\"application\/ld+json\" class=\"yoast-schema-graph\">{\"@context\":\"https:\/\/schema.org\",\"@graph\":[{\"@type\":\"WebPage\",\"@id\":\"https:\/\/eirich.com.br\/es\/aplicaciones\/baterias\/\",\"url\":\"https:\/\/eirich.com.br\/es\/aplicaciones\/baterias\/\",\"name\":\"Baterias - Eirich de Brasil\",\"isPartOf\":{\"@id\":\"https:\/\/eirich.com.br\/es\/#website\"},\"datePublished\":\"2016-06-29T20:12:03+00:00\",\"dateModified\":\"2019-04-22T17:46:28+00:00\",\"breadcrumb\":{\"@id\":\"https:\/\/eirich.com.br\/es\/aplicaciones\/baterias\/#breadcrumb\"},\"inLanguage\":\"es\",\"potentialAction\":[{\"@type\":\"ReadAction\",\"target\":[\"https:\/\/eirich.com.br\/es\/aplicaciones\/baterias\/\"]}]},{\"@type\":\"BreadcrumbList\",\"@id\":\"https:\/\/eirich.com.br\/es\/aplicaciones\/baterias\/#breadcrumb\",\"itemListElement\":[{\"@type\":\"ListItem\",\"position\":1,\"name\":\"In\u00edcio\",\"item\":\"https:\/\/eirich.com.br\/es\/\"},{\"@type\":\"ListItem\",\"position\":2,\"name\":\"Aplicaciones\",\"item\":\"https:\/\/eirich.com.br\/es\/aplicaciones\/\"},{\"@type\":\"ListItem\",\"position\":3,\"name\":\"Baterias\"}]},{\"@type\":\"WebSite\",\"@id\":\"https:\/\/eirich.com.br\/es\/#website\",\"url\":\"https:\/\/eirich.com.br\/es\/\",\"name\":\"Eirich de Brasil\",\"description\":\"Pionero en la tecnolog\u00eda de mezclado, granulaci\u00f3n, granulaci\u00f3n y molienda fina.\",\"potentialAction\":[{\"@type\":\"SearchAction\",\"target\":{\"@type\":\"EntryPoint\",\"urlTemplate\":\"https:\/\/eirich.com.br\/es\/?s={search_term_string}\"},\"query-input\":{\"@type\":\"PropertyValueSpecification\",\"valueRequired\":true,\"valueName\":\"search_term_string\"}}],\"inLanguage\":\"es\"}]}<\/script>\n<!-- \/ Yoast SEO plugin. -->","yoast_head_json":{"title":"Baterias - Eirich de Brasil","robots":{"index":"index","follow":"follow","max-snippet":"max-snippet:-1","max-image-preview":"max-image-preview:large","max-video-preview":"max-video-preview:-1"},"canonical":"https:\/\/eirich.com.br\/es\/aplicaciones\/baterias\/","og_locale":"es_ES","og_type":"article","og_title":"Baterias - Eirich de Brasil","og_description":"Con la experiencia de l\u00edder mundial en tecnolog\u00eda de preparaci\u00f3n de bater\u00edas, Eirich ofrece soluciones innovadoras de preparaci\u00f3n para pastas de bater\u00edas de plomo-\u00e1cido y bater\u00edas de iones de litio. Conozca m\u00e1s sobre la tecnolog\u00eda de preparaci\u00f3n de: Bater\u00edas de plomo-\u00e1cido Bater\u00edas de iones de litio Soluciones Eirich para el procesamiento de materias primas para [&hellip;]","og_url":"https:\/\/eirich.com.br\/es\/aplicaciones\/baterias\/","og_site_name":"Eirich de Brasil","article_modified_time":"2019-04-22T17:46:28+00:00","twitter_card":"summary_large_image","schema":{"@context":"https:\/\/schema.org","@graph":[{"@type":"WebPage","@id":"https:\/\/eirich.com.br\/es\/aplicaciones\/baterias\/","url":"https:\/\/eirich.com.br\/es\/aplicaciones\/baterias\/","name":"Baterias - Eirich de Brasil","isPartOf":{"@id":"https:\/\/eirich.com.br\/es\/#website"},"datePublished":"2016-06-29T20:12:03+00:00","dateModified":"2019-04-22T17:46:28+00:00","breadcrumb":{"@id":"https:\/\/eirich.com.br\/es\/aplicaciones\/baterias\/#breadcrumb"},"inLanguage":"es","potentialAction":[{"@type":"ReadAction","target":["https:\/\/eirich.com.br\/es\/aplicaciones\/baterias\/"]}]},{"@type":"BreadcrumbList","@id":"https:\/\/eirich.com.br\/es\/aplicaciones\/baterias\/#breadcrumb","itemListElement":[{"@type":"ListItem","position":1,"name":"In\u00edcio","item":"https:\/\/eirich.com.br\/es\/"},{"@type":"ListItem","position":2,"name":"Aplicaciones","item":"https:\/\/eirich.com.br\/es\/aplicaciones\/"},{"@type":"ListItem","position":3,"name":"Baterias"}]},{"@type":"WebSite","@id":"https:\/\/eirich.com.br\/es\/#website","url":"https:\/\/eirich.com.br\/es\/","name":"Eirich de Brasil","description":"Pionero en la tecnolog\u00eda de mezclado, granulaci\u00f3n, granulaci\u00f3n y molienda fina.","potentialAction":[{"@type":"SearchAction","target":{"@type":"EntryPoint","urlTemplate":"https:\/\/eirich.com.br\/es\/?s={search_term_string}"},"query-input":{"@type":"PropertyValueSpecification","valueRequired":true,"valueName":"search_term_string"}}],"inLanguage":"es"}]}},"_links":{"self":[{"href":"https:\/\/eirich.com.br\/es\/wp-json\/wp\/v2\/pages\/42","targetHints":{"allow":["GET"]}}],"collection":[{"href":"https:\/\/eirich.com.br\/es\/wp-json\/wp\/v2\/pages"}],"about":[{"href":"https:\/\/eirich.com.br\/es\/wp-json\/wp\/v2\/types\/page"}],"author":[{"embeddable":true,"href":"https:\/\/eirich.com.br\/es\/wp-json\/wp\/v2\/users\/1"}],"replies":[{"embeddable":true,"href":"https:\/\/eirich.com.br\/es\/wp-json\/wp\/v2\/comments?post=42"}],"version-history":[{"count":5,"href":"https:\/\/eirich.com.br\/es\/wp-json\/wp\/v2\/pages\/42\/revisions"}],"predecessor-version":[{"id":714,"href":"https:\/\/eirich.com.br\/es\/wp-json\/wp\/v2\/pages\/42\/revisions\/714"}],"up":[{"embeddable":true,"href":"https:\/\/eirich.com.br\/es\/wp-json\/wp\/v2\/pages\/26"}],"wp:attachment":[{"href":"https:\/\/eirich.com.br\/es\/wp-json\/wp\/v2\/media?parent=42"}],"curies":[{"name":"wp","href":"https:\/\/api.w.org\/{rel}","templated":true}]}}