{"id":34,"date":"2016-06-29T17:10:31","date_gmt":"2016-06-29T20:10:31","guid":{"rendered":"https:\/\/eirich.com.br\/es\/?page_id=34"},"modified":"2019-04-22T13:24:55","modified_gmt":"2019-04-22T16:24:55","slug":"fundicion","status":"publish","type":"page","link":"https:\/\/eirich.com.br\/es\/aplicaciones\/fundicion\/","title":{"rendered":"Fundici\u00f3n"},"content":{"rendered":"<h3>Preparaci\u00f3n de arena de moldeo a medida<\/h3>\n<p>Eirich se ha especializado en la preparaci\u00f3n de arenas de moldeo ligadas a la bentonita manteniendo, desde hace d\u00e9cadas, una estrecha colaboraci\u00f3n con fundidores, constructores de l\u00edneas de moldeo e institutos de investigaci\u00f3n.<\/p>\n<p>Un n\u00famero constantemente creciente de instalaciones de preparaci\u00f3n de arena para la fabricaci\u00f3n de piezas de fundici\u00f3n gris, acero colado o aluminio colado alimentan las l\u00edneas de moldeo de todos los fabricantes importantes. Permiten lograr un m\u00e1ximo de calidad, rendimiento y rentabilidad.<\/p>\n<hr \/>\n<p><strong>M\u00e1s informaciones al respecto del systemas Eirich de preparac\u00edon de arena de moldeo:<\/strong><\/p>\n<ul>\n<li><a href=\"https:\/\/eirich.com.br\/es\/aplicaciones\/fundicion\/preparacion-de-arena-de-moldeo-con-refrigeracion-por-aire\/\">Preparaci\u00f3n de arena de moldeo con refrigeraci\u00f3n por aire<\/a><\/li>\n<li><a href=\"https:\/\/eirich.com.br\/es\/aplicaciones\/fundicion\/preparacion-de-arena-de-moldeo-al-vacio\">Preparaci\u00f3n de arena de moldeo al vac\u00edo<\/a><\/li>\n<li><a href=\"https:\/\/eirich.com.br\/es\/aplicaciones\/fundicion\/instalaciones-para-la-preparacion-de-arena-de-moldeo\">Instalaciones para la preparaci\u00f3n de arena de moldeo<\/a><\/li>\n<li><a href=\"https:\/\/eirich.com.br\/es\/aplicaciones\/fundicion\/aseguramiento-de-calidad\">Aseguramiento de calidad<\/a><\/li>\n<\/ul>\n<hr \/>\n<p><strong><a href=\"https:\/\/eirich.com.br\/categoria_download\/fundicao\/\">Dowload<\/a> de los catalogos Eirich para la ind\u00fastria de <a href=\"https:\/\/eirich.com.br\/categoria_download\/fundicao\/\">Fundici\u00f3n<\/a>.<\/strong><\/p>\n","protected":false},"excerpt":{"rendered":"<p>Preparaci\u00f3n de arena de moldeo a medida Eirich se ha especializado en la preparaci\u00f3n de arenas de moldeo ligadas a la bentonita manteniendo, desde hace d\u00e9cadas, una estrecha colaboraci\u00f3n con fundidores, constructores de l\u00edneas de moldeo e institutos de investigaci\u00f3n. Un n\u00famero constantemente creciente de instalaciones de preparaci\u00f3n de arena para la fabricaci\u00f3n de piezas [&hellip;]<\/p>\n","protected":false},"author":1,"featured_media":0,"parent":26,"menu_order":0,"comment_status":"closed","ping_status":"closed","template":"","meta":{"footnotes":""},"class_list":["post-34","page","type-page","status-publish","hentry"],"yoast_head":"<!-- This site is optimized with the Yoast SEO plugin v26.6 - https:\/\/yoast.com\/wordpress\/plugins\/seo\/ -->\n<title>Fundici\u00f3n - Eirich de Brasil<\/title>\n<meta name=\"robots\" content=\"index, follow, max-snippet:-1, max-image-preview:large, max-video-preview:-1\" \/>\n<link rel=\"canonical\" href=\"https:\/\/eirich.com.br\/es\/aplicaciones\/fundicion\/\" \/>\n<meta property=\"og:locale\" content=\"es_ES\" \/>\n<meta property=\"og:type\" content=\"article\" \/>\n<meta property=\"og:title\" content=\"Fundici\u00f3n - Eirich de Brasil\" \/>\n<meta property=\"og:description\" content=\"Preparaci\u00f3n de arena de moldeo a medida Eirich se ha especializado en la preparaci\u00f3n de arenas de moldeo ligadas a la bentonita manteniendo, desde hace d\u00e9cadas, una estrecha colaboraci\u00f3n con fundidores, constructores de l\u00edneas de moldeo e institutos de investigaci\u00f3n. Un n\u00famero constantemente creciente de instalaciones de preparaci\u00f3n de arena para la fabricaci\u00f3n de piezas [&hellip;]\" \/>\n<meta property=\"og:url\" content=\"https:\/\/eirich.com.br\/es\/aplicaciones\/fundicion\/\" \/>\n<meta property=\"og:site_name\" content=\"Eirich de Brasil\" \/>\n<meta property=\"article:modified_time\" content=\"2019-04-22T16:24:55+00:00\" \/>\n<meta name=\"twitter:card\" content=\"summary_large_image\" \/>\n<meta name=\"twitter:label1\" content=\"Tiempo de lectura\" \/>\n\t<meta name=\"twitter:data1\" content=\"1 minuto\" \/>\n<script type=\"application\/ld+json\" class=\"yoast-schema-graph\">{\"@context\":\"https:\/\/schema.org\",\"@graph\":[{\"@type\":\"WebPage\",\"@id\":\"https:\/\/eirich.com.br\/es\/aplicaciones\/fundicion\/\",\"url\":\"https:\/\/eirich.com.br\/es\/aplicaciones\/fundicion\/\",\"name\":\"Fundici\u00f3n - Eirich de Brasil\",\"isPartOf\":{\"@id\":\"https:\/\/eirich.com.br\/es\/#website\"},\"datePublished\":\"2016-06-29T20:10:31+00:00\",\"dateModified\":\"2019-04-22T16:24:55+00:00\",\"breadcrumb\":{\"@id\":\"https:\/\/eirich.com.br\/es\/aplicaciones\/fundicion\/#breadcrumb\"},\"inLanguage\":\"es\",\"potentialAction\":[{\"@type\":\"ReadAction\",\"target\":[\"https:\/\/eirich.com.br\/es\/aplicaciones\/fundicion\/\"]}]},{\"@type\":\"BreadcrumbList\",\"@id\":\"https:\/\/eirich.com.br\/es\/aplicaciones\/fundicion\/#breadcrumb\",\"itemListElement\":[{\"@type\":\"ListItem\",\"position\":1,\"name\":\"In\u00edcio\",\"item\":\"https:\/\/eirich.com.br\/es\/\"},{\"@type\":\"ListItem\",\"position\":2,\"name\":\"Aplicaciones\",\"item\":\"https:\/\/eirich.com.br\/es\/aplicaciones\/\"},{\"@type\":\"ListItem\",\"position\":3,\"name\":\"Fundici\u00f3n\"}]},{\"@type\":\"WebSite\",\"@id\":\"https:\/\/eirich.com.br\/es\/#website\",\"url\":\"https:\/\/eirich.com.br\/es\/\",\"name\":\"Eirich de Brasil\",\"description\":\"Pionero en la tecnolog\u00eda de mezclado, granulaci\u00f3n, granulaci\u00f3n y molienda fina.\",\"potentialAction\":[{\"@type\":\"SearchAction\",\"target\":{\"@type\":\"EntryPoint\",\"urlTemplate\":\"https:\/\/eirich.com.br\/es\/?s={search_term_string}\"},\"query-input\":{\"@type\":\"PropertyValueSpecification\",\"valueRequired\":true,\"valueName\":\"search_term_string\"}}],\"inLanguage\":\"es\"}]}<\/script>\n<!-- \/ Yoast SEO plugin. -->","yoast_head_json":{"title":"Fundici\u00f3n - Eirich de Brasil","robots":{"index":"index","follow":"follow","max-snippet":"max-snippet:-1","max-image-preview":"max-image-preview:large","max-video-preview":"max-video-preview:-1"},"canonical":"https:\/\/eirich.com.br\/es\/aplicaciones\/fundicion\/","og_locale":"es_ES","og_type":"article","og_title":"Fundici\u00f3n - Eirich de Brasil","og_description":"Preparaci\u00f3n de arena de moldeo a medida Eirich se ha especializado en la preparaci\u00f3n de arenas de moldeo ligadas a la bentonita manteniendo, desde hace d\u00e9cadas, una estrecha colaboraci\u00f3n con fundidores, constructores de l\u00edneas de moldeo e institutos de investigaci\u00f3n. Un n\u00famero constantemente creciente de instalaciones de preparaci\u00f3n de arena para la fabricaci\u00f3n de piezas [&hellip;]","og_url":"https:\/\/eirich.com.br\/es\/aplicaciones\/fundicion\/","og_site_name":"Eirich de Brasil","article_modified_time":"2019-04-22T16:24:55+00:00","twitter_card":"summary_large_image","twitter_misc":{"Tiempo de lectura":"1 minuto"},"schema":{"@context":"https:\/\/schema.org","@graph":[{"@type":"WebPage","@id":"https:\/\/eirich.com.br\/es\/aplicaciones\/fundicion\/","url":"https:\/\/eirich.com.br\/es\/aplicaciones\/fundicion\/","name":"Fundici\u00f3n - Eirich de Brasil","isPartOf":{"@id":"https:\/\/eirich.com.br\/es\/#website"},"datePublished":"2016-06-29T20:10:31+00:00","dateModified":"2019-04-22T16:24:55+00:00","breadcrumb":{"@id":"https:\/\/eirich.com.br\/es\/aplicaciones\/fundicion\/#breadcrumb"},"inLanguage":"es","potentialAction":[{"@type":"ReadAction","target":["https:\/\/eirich.com.br\/es\/aplicaciones\/fundicion\/"]}]},{"@type":"BreadcrumbList","@id":"https:\/\/eirich.com.br\/es\/aplicaciones\/fundicion\/#breadcrumb","itemListElement":[{"@type":"ListItem","position":1,"name":"In\u00edcio","item":"https:\/\/eirich.com.br\/es\/"},{"@type":"ListItem","position":2,"name":"Aplicaciones","item":"https:\/\/eirich.com.br\/es\/aplicaciones\/"},{"@type":"ListItem","position":3,"name":"Fundici\u00f3n"}]},{"@type":"WebSite","@id":"https:\/\/eirich.com.br\/es\/#website","url":"https:\/\/eirich.com.br\/es\/","name":"Eirich de Brasil","description":"Pionero en la tecnolog\u00eda de mezclado, granulaci\u00f3n, granulaci\u00f3n y molienda fina.","potentialAction":[{"@type":"SearchAction","target":{"@type":"EntryPoint","urlTemplate":"https:\/\/eirich.com.br\/es\/?s={search_term_string}"},"query-input":{"@type":"PropertyValueSpecification","valueRequired":true,"valueName":"search_term_string"}}],"inLanguage":"es"}]}},"_links":{"self":[{"href":"https:\/\/eirich.com.br\/es\/wp-json\/wp\/v2\/pages\/34","targetHints":{"allow":["GET"]}}],"collection":[{"href":"https:\/\/eirich.com.br\/es\/wp-json\/wp\/v2\/pages"}],"about":[{"href":"https:\/\/eirich.com.br\/es\/wp-json\/wp\/v2\/types\/page"}],"author":[{"embeddable":true,"href":"https:\/\/eirich.com.br\/es\/wp-json\/wp\/v2\/users\/1"}],"replies":[{"embeddable":true,"href":"https:\/\/eirich.com.br\/es\/wp-json\/wp\/v2\/comments?post=34"}],"version-history":[{"count":5,"href":"https:\/\/eirich.com.br\/es\/wp-json\/wp\/v2\/pages\/34\/revisions"}],"predecessor-version":[{"id":694,"href":"https:\/\/eirich.com.br\/es\/wp-json\/wp\/v2\/pages\/34\/revisions\/694"}],"up":[{"embeddable":true,"href":"https:\/\/eirich.com.br\/es\/wp-json\/wp\/v2\/pages\/26"}],"wp:attachment":[{"href":"https:\/\/eirich.com.br\/es\/wp-json\/wp\/v2\/media?parent=34"}],"curies":[{"name":"wp","href":"https:\/\/api.w.org\/{rel}","templated":true}]}}