{"id":32,"date":"2016-06-29T17:09:44","date_gmt":"2016-06-29T20:09:44","guid":{"rendered":"https:\/\/eirich.com.br\/es\/?page_id=32"},"modified":"2019-02-14T16:30:15","modified_gmt":"2019-02-14T18:30:15","slug":"ceramica","status":"publish","type":"page","link":"https:\/\/eirich.com.br\/es\/aplicaciones\/ceramica\/","title":{"rendered":"Cer\u00e1mica"},"content":{"rendered":"<h3>Tecnolog\u00eda de preparaci\u00f3n para la industria cer\u00e1mica.<\/h3>\n<p>Desde hace muchas d\u00e9cadas, Eirich proporciona tecnolog\u00eda punta a la industria cer\u00e1mica de para la preparaci\u00f3n de materias primas y masas.<\/p>\n<p>Su actividad se concentra en las operaciones b\u00e1sicas de mezclado y molienda fina. Muchos perfeccionamientos en el sector de la cer\u00e1mica tosca y fina solo han sido posibles gracias a las soluciones innovadoras de Eirich.<\/p>\n<p><strong>Principales preparaciones:<\/strong><\/p>\n<ul>\n<li><a href=\"https:\/\/eirich.com.br\/es\/aplicaciones\/ceramica\/ecoprep-eirich\/\"><strong>EcoPrep\u00ae<\/strong><\/a><\/li>\n<li><a href=\"https:\/\/eirich.com.br\/es\/aplicaciones\/ceramica\/dispersion-y-disolucion\/\"><strong>Dispersi\u00f3n y disoluci\u00f3n<\/strong><\/a><\/li>\n<li><a href=\"https:\/\/eirich.com.br\/es\/aplicaciones\/ceramica\/masas-plasticas\/\"><strong>Masas pl\u00e1sticas<\/strong><\/a><\/li>\n<li><a href=\"https:\/\/eirich.com.br\/es\/aplicaciones\/ceramica\/materiales-especiales\/\"><strong>Materiales especiales<\/strong><\/a><\/li>\n<\/ul>\n<hr \/>\n<p><strong>La oferta de Eirich comprende t\u00e9cnica de preparaci\u00f3n para<\/strong><\/p>\n<ul>\n<li>Materias primas<\/li>\n<li>Mezclas<\/li>\n<li>Masas cer\u00e1micas<\/li>\n<li>Productos acabados como p.ej. Ladrillos<\/li>\n<\/ul>\n<p><strong>Con conocimientos de procedimientos especializados sobre la fabricaci\u00f3n de<\/strong><\/p>\n<ul>\n<li>Compuestos para prensado<\/li>\n<li>Granulados<\/li>\n<li>Masas pl\u00e1sticas<\/li>\n<li>Barbotinas<\/li>\n<li>Materiales de fibras<\/li>\n<\/ul>\n<p><strong>Destinados a pr\u00e1cticamente todos los campos de aplicaci\u00f3n de la industria cer\u00e1mica<\/strong><\/p>\n<ul>\n<li>Esmaltes<\/li>\n<li>Refractarios<\/li>\n<li>Cer\u00e1mica de construcci\u00f3n<\/li>\n<li>Cer\u00e1mica sanitaria<\/li>\n<li>Cer\u00e1mica oxidada<\/li>\n<li>Cer\u00e1mica no oxidada<\/li>\n<li>Ferritas<\/li>\n<\/ul>\n","protected":false},"excerpt":{"rendered":"<p>Tecnolog\u00eda de preparaci\u00f3n para la industria cer\u00e1mica. Desde hace muchas d\u00e9cadas, Eirich proporciona tecnolog\u00eda punta a la industria cer\u00e1mica de para la preparaci\u00f3n de materias primas y masas. Su actividad se concentra en las operaciones b\u00e1sicas de mezclado y molienda fina. Muchos perfeccionamientos en el sector de la cer\u00e1mica tosca y fina solo han sido [&hellip;]<\/p>\n","protected":false},"author":1,"featured_media":0,"parent":26,"menu_order":0,"comment_status":"closed","ping_status":"closed","template":"","meta":{"footnotes":""},"class_list":["post-32","page","type-page","status-publish","hentry"],"yoast_head":"<!-- This site is optimized with the Yoast SEO plugin v26.6 - https:\/\/yoast.com\/wordpress\/plugins\/seo\/ -->\n<title>Cer\u00e1mica - Eirich de Brasil<\/title>\n<meta name=\"robots\" content=\"index, follow, max-snippet:-1, max-image-preview:large, max-video-preview:-1\" \/>\n<link rel=\"canonical\" href=\"https:\/\/eirich.com.br\/es\/aplicaciones\/ceramica\/\" \/>\n<meta property=\"og:locale\" content=\"es_ES\" \/>\n<meta property=\"og:type\" content=\"article\" \/>\n<meta property=\"og:title\" content=\"Cer\u00e1mica - Eirich de Brasil\" \/>\n<meta property=\"og:description\" content=\"Tecnolog\u00eda de preparaci\u00f3n para la industria cer\u00e1mica. Desde hace muchas d\u00e9cadas, Eirich proporciona tecnolog\u00eda punta a la industria cer\u00e1mica de para la preparaci\u00f3n de materias primas y masas. Su actividad se concentra en las operaciones b\u00e1sicas de mezclado y molienda fina. Muchos perfeccionamientos en el sector de la cer\u00e1mica tosca y fina solo han sido [&hellip;]\" \/>\n<meta property=\"og:url\" content=\"https:\/\/eirich.com.br\/es\/aplicaciones\/ceramica\/\" \/>\n<meta property=\"og:site_name\" content=\"Eirich de Brasil\" \/>\n<meta property=\"article:modified_time\" content=\"2019-02-14T18:30:15+00:00\" \/>\n<meta name=\"twitter:card\" content=\"summary_large_image\" \/>\n<meta name=\"twitter:label1\" content=\"Tiempo de lectura\" \/>\n\t<meta name=\"twitter:data1\" content=\"1 minuto\" \/>\n<script type=\"application\/ld+json\" class=\"yoast-schema-graph\">{\"@context\":\"https:\/\/schema.org\",\"@graph\":[{\"@type\":\"WebPage\",\"@id\":\"https:\/\/eirich.com.br\/es\/aplicaciones\/ceramica\/\",\"url\":\"https:\/\/eirich.com.br\/es\/aplicaciones\/ceramica\/\",\"name\":\"Cer\u00e1mica - Eirich de Brasil\",\"isPartOf\":{\"@id\":\"https:\/\/eirich.com.br\/es\/#website\"},\"datePublished\":\"2016-06-29T20:09:44+00:00\",\"dateModified\":\"2019-02-14T18:30:15+00:00\",\"breadcrumb\":{\"@id\":\"https:\/\/eirich.com.br\/es\/aplicaciones\/ceramica\/#breadcrumb\"},\"inLanguage\":\"es\",\"potentialAction\":[{\"@type\":\"ReadAction\",\"target\":[\"https:\/\/eirich.com.br\/es\/aplicaciones\/ceramica\/\"]}]},{\"@type\":\"BreadcrumbList\",\"@id\":\"https:\/\/eirich.com.br\/es\/aplicaciones\/ceramica\/#breadcrumb\",\"itemListElement\":[{\"@type\":\"ListItem\",\"position\":1,\"name\":\"In\u00edcio\",\"item\":\"https:\/\/eirich.com.br\/es\/\"},{\"@type\":\"ListItem\",\"position\":2,\"name\":\"Aplicaciones\",\"item\":\"https:\/\/eirich.com.br\/es\/aplicaciones\/\"},{\"@type\":\"ListItem\",\"position\":3,\"name\":\"Cer\u00e1mica\"}]},{\"@type\":\"WebSite\",\"@id\":\"https:\/\/eirich.com.br\/es\/#website\",\"url\":\"https:\/\/eirich.com.br\/es\/\",\"name\":\"Eirich de Brasil\",\"description\":\"Pionero en la tecnolog\u00eda de mezclado, granulaci\u00f3n, granulaci\u00f3n y molienda fina.\",\"potentialAction\":[{\"@type\":\"SearchAction\",\"target\":{\"@type\":\"EntryPoint\",\"urlTemplate\":\"https:\/\/eirich.com.br\/es\/?s={search_term_string}\"},\"query-input\":{\"@type\":\"PropertyValueSpecification\",\"valueRequired\":true,\"valueName\":\"search_term_string\"}}],\"inLanguage\":\"es\"}]}<\/script>\n<!-- \/ Yoast SEO plugin. -->","yoast_head_json":{"title":"Cer\u00e1mica - Eirich de Brasil","robots":{"index":"index","follow":"follow","max-snippet":"max-snippet:-1","max-image-preview":"max-image-preview:large","max-video-preview":"max-video-preview:-1"},"canonical":"https:\/\/eirich.com.br\/es\/aplicaciones\/ceramica\/","og_locale":"es_ES","og_type":"article","og_title":"Cer\u00e1mica - Eirich de Brasil","og_description":"Tecnolog\u00eda de preparaci\u00f3n para la industria cer\u00e1mica. Desde hace muchas d\u00e9cadas, Eirich proporciona tecnolog\u00eda punta a la industria cer\u00e1mica de para la preparaci\u00f3n de materias primas y masas. Su actividad se concentra en las operaciones b\u00e1sicas de mezclado y molienda fina. Muchos perfeccionamientos en el sector de la cer\u00e1mica tosca y fina solo han sido [&hellip;]","og_url":"https:\/\/eirich.com.br\/es\/aplicaciones\/ceramica\/","og_site_name":"Eirich de Brasil","article_modified_time":"2019-02-14T18:30:15+00:00","twitter_card":"summary_large_image","twitter_misc":{"Tiempo de lectura":"1 minuto"},"schema":{"@context":"https:\/\/schema.org","@graph":[{"@type":"WebPage","@id":"https:\/\/eirich.com.br\/es\/aplicaciones\/ceramica\/","url":"https:\/\/eirich.com.br\/es\/aplicaciones\/ceramica\/","name":"Cer\u00e1mica - Eirich de Brasil","isPartOf":{"@id":"https:\/\/eirich.com.br\/es\/#website"},"datePublished":"2016-06-29T20:09:44+00:00","dateModified":"2019-02-14T18:30:15+00:00","breadcrumb":{"@id":"https:\/\/eirich.com.br\/es\/aplicaciones\/ceramica\/#breadcrumb"},"inLanguage":"es","potentialAction":[{"@type":"ReadAction","target":["https:\/\/eirich.com.br\/es\/aplicaciones\/ceramica\/"]}]},{"@type":"BreadcrumbList","@id":"https:\/\/eirich.com.br\/es\/aplicaciones\/ceramica\/#breadcrumb","itemListElement":[{"@type":"ListItem","position":1,"name":"In\u00edcio","item":"https:\/\/eirich.com.br\/es\/"},{"@type":"ListItem","position":2,"name":"Aplicaciones","item":"https:\/\/eirich.com.br\/es\/aplicaciones\/"},{"@type":"ListItem","position":3,"name":"Cer\u00e1mica"}]},{"@type":"WebSite","@id":"https:\/\/eirich.com.br\/es\/#website","url":"https:\/\/eirich.com.br\/es\/","name":"Eirich de Brasil","description":"Pionero en la tecnolog\u00eda de mezclado, granulaci\u00f3n, granulaci\u00f3n y molienda fina.","potentialAction":[{"@type":"SearchAction","target":{"@type":"EntryPoint","urlTemplate":"https:\/\/eirich.com.br\/es\/?s={search_term_string}"},"query-input":{"@type":"PropertyValueSpecification","valueRequired":true,"valueName":"search_term_string"}}],"inLanguage":"es"}]}},"_links":{"self":[{"href":"https:\/\/eirich.com.br\/es\/wp-json\/wp\/v2\/pages\/32","targetHints":{"allow":["GET"]}}],"collection":[{"href":"https:\/\/eirich.com.br\/es\/wp-json\/wp\/v2\/pages"}],"about":[{"href":"https:\/\/eirich.com.br\/es\/wp-json\/wp\/v2\/types\/page"}],"author":[{"embeddable":true,"href":"https:\/\/eirich.com.br\/es\/wp-json\/wp\/v2\/users\/1"}],"replies":[{"embeddable":true,"href":"https:\/\/eirich.com.br\/es\/wp-json\/wp\/v2\/comments?post=32"}],"version-history":[{"count":5,"href":"https:\/\/eirich.com.br\/es\/wp-json\/wp\/v2\/pages\/32\/revisions"}],"predecessor-version":[{"id":615,"href":"https:\/\/eirich.com.br\/es\/wp-json\/wp\/v2\/pages\/32\/revisions\/615"}],"up":[{"embeddable":true,"href":"https:\/\/eirich.com.br\/es\/wp-json\/wp\/v2\/pages\/26"}],"wp:attachment":[{"href":"https:\/\/eirich.com.br\/es\/wp-json\/wp\/v2\/media?parent=32"}],"curies":[{"name":"wp","href":"https:\/\/api.w.org\/{rel}","templated":true}]}}