{"id":28,"date":"2016-06-29T17:08:46","date_gmt":"2016-06-29T20:08:46","guid":{"rendered":"https:\/\/eirich.com.br\/es\/?page_id=28"},"modified":"2019-02-15T10:58:47","modified_gmt":"2019-02-15T12:58:47","slug":"fertilizantes","status":"publish","type":"page","link":"https:\/\/eirich.com.br\/es\/aplicaciones\/fertilizantes\/","title":{"rendered":"Fertilizantes"},"content":{"rendered":"<h3>Soluciones de sistema Eirich para la agroind\u00fastria: producci\u00f3n de fertilizantes y acondicionadores del suelo<\/h3>\n<p>Eirich ofrece soluciones innovadoras en el \u00e1mbito de los productos fertilizantes y se comprende a s\u00ed mismo como socio competente de la industria de los fertilizantes.<\/p>\n<p>Independientement del volumen global de su proyecto, el suministro de Eirich abarca desde los sistemas de granulaci\u00f3n individuales hasta las plantas completas para la producci\u00f3n de fertilizantes llave en mano.<\/p>\n<p>El \u00fanico sistema de mezclado de Eirich permite producir granulados estables al almacenamiento que poseen las caracter\u00edsticas especificadas.<\/p>\n<p><strong>Los puntos m\u00e1s destacados de la t\u00e9cnica de preparaci\u00f3n de Eirich:<\/strong><\/p>\n<ul>\n<li>Mezclado, granulaci\u00f3n, recubrimiento en una sola m\u00e1quina<\/li>\n<li>Distribuci\u00f3n \u00f3ptima de oligoelementos y aditivos<\/li>\n<li>Utilizaci\u00f3n de materias primas secundarias en forma de tortas de filtraci\u00f3n, lodos, soluciones de sales nutritivas<\/li>\n<li>Proceso de granulaci\u00f3n respetuoso del medio ambiente, ausencia de emisiones de polvo\/aerosoles<\/li>\n<li>Producci\u00f3n dirigida de abonos de larga duraci\u00f3n<\/li>\n<\/ul>\n<p><strong>Para m\u00e1s informaci\u00f3n, v\u00e9ase aqu\u00ed:<\/strong><\/p>\n<ul>\n<li><a href=\"https:\/\/eirich.com.br\/es\/aplicaciones\/fertilizantes\/materias-primas\">Materias primas<\/a><\/li>\n<li><a href=\"https:\/\/eirich.com.br\/es\/aplicaciones\/fertilizantes\/diseno-de-fertilizantes\">Dise\u00f1o de fertilizantes<\/a><\/li>\n<li><a href=\"https:\/\/eirich.com.br\/es\/aplicaciones\/fertilizantes\/concepto-de-sistema\">Concepto de sistema<\/a><\/li>\n<\/ul>\n","protected":false},"excerpt":{"rendered":"<p>Soluciones de sistema Eirich para la agroind\u00fastria: producci\u00f3n de fertilizantes y acondicionadores del suelo Eirich ofrece soluciones innovadoras en el \u00e1mbito de los productos fertilizantes y se comprende a s\u00ed mismo como socio competente de la industria de los fertilizantes. Independientement del volumen global de su proyecto, el suministro de Eirich abarca desde los sistemas [&hellip;]<\/p>\n","protected":false},"author":1,"featured_media":0,"parent":26,"menu_order":4,"comment_status":"closed","ping_status":"closed","template":"","meta":{"footnotes":""},"class_list":["post-28","page","type-page","status-publish","hentry"],"yoast_head":"<!-- This site is optimized with the Yoast SEO plugin v26.6 - https:\/\/yoast.com\/wordpress\/plugins\/seo\/ -->\n<title>Fertilizantes - Eirich de Brasil<\/title>\n<meta name=\"robots\" content=\"index, follow, max-snippet:-1, max-image-preview:large, max-video-preview:-1\" \/>\n<link rel=\"canonical\" href=\"https:\/\/eirich.com.br\/es\/aplicaciones\/fertilizantes\/\" \/>\n<meta property=\"og:locale\" content=\"es_ES\" \/>\n<meta property=\"og:type\" content=\"article\" \/>\n<meta property=\"og:title\" content=\"Fertilizantes - Eirich de Brasil\" \/>\n<meta property=\"og:description\" content=\"Soluciones de sistema Eirich para la agroind\u00fastria: producci\u00f3n de fertilizantes y acondicionadores del suelo Eirich ofrece soluciones innovadoras en el \u00e1mbito de los productos fertilizantes y se comprende a s\u00ed mismo como socio competente de la industria de los fertilizantes. Independientement del volumen global de su proyecto, el suministro de Eirich abarca desde los sistemas [&hellip;]\" \/>\n<meta property=\"og:url\" content=\"https:\/\/eirich.com.br\/es\/aplicaciones\/fertilizantes\/\" \/>\n<meta property=\"og:site_name\" content=\"Eirich de Brasil\" \/>\n<meta property=\"article:modified_time\" content=\"2019-02-15T12:58:47+00:00\" \/>\n<meta name=\"twitter:card\" content=\"summary_large_image\" \/>\n<meta name=\"twitter:label1\" content=\"Tiempo de lectura\" \/>\n\t<meta name=\"twitter:data1\" content=\"1 minuto\" \/>\n<script type=\"application\/ld+json\" class=\"yoast-schema-graph\">{\"@context\":\"https:\/\/schema.org\",\"@graph\":[{\"@type\":\"WebPage\",\"@id\":\"https:\/\/eirich.com.br\/es\/aplicaciones\/fertilizantes\/\",\"url\":\"https:\/\/eirich.com.br\/es\/aplicaciones\/fertilizantes\/\",\"name\":\"Fertilizantes - Eirich de Brasil\",\"isPartOf\":{\"@id\":\"https:\/\/eirich.com.br\/es\/#website\"},\"datePublished\":\"2016-06-29T20:08:46+00:00\",\"dateModified\":\"2019-02-15T12:58:47+00:00\",\"breadcrumb\":{\"@id\":\"https:\/\/eirich.com.br\/es\/aplicaciones\/fertilizantes\/#breadcrumb\"},\"inLanguage\":\"es\",\"potentialAction\":[{\"@type\":\"ReadAction\",\"target\":[\"https:\/\/eirich.com.br\/es\/aplicaciones\/fertilizantes\/\"]}]},{\"@type\":\"BreadcrumbList\",\"@id\":\"https:\/\/eirich.com.br\/es\/aplicaciones\/fertilizantes\/#breadcrumb\",\"itemListElement\":[{\"@type\":\"ListItem\",\"position\":1,\"name\":\"In\u00edcio\",\"item\":\"https:\/\/eirich.com.br\/es\/\"},{\"@type\":\"ListItem\",\"position\":2,\"name\":\"Aplicaciones\",\"item\":\"https:\/\/eirich.com.br\/es\/aplicaciones\/\"},{\"@type\":\"ListItem\",\"position\":3,\"name\":\"Fertilizantes\"}]},{\"@type\":\"WebSite\",\"@id\":\"https:\/\/eirich.com.br\/es\/#website\",\"url\":\"https:\/\/eirich.com.br\/es\/\",\"name\":\"Eirich de Brasil\",\"description\":\"Pionero en la tecnolog\u00eda de mezclado, granulaci\u00f3n, granulaci\u00f3n y molienda fina.\",\"potentialAction\":[{\"@type\":\"SearchAction\",\"target\":{\"@type\":\"EntryPoint\",\"urlTemplate\":\"https:\/\/eirich.com.br\/es\/?s={search_term_string}\"},\"query-input\":{\"@type\":\"PropertyValueSpecification\",\"valueRequired\":true,\"valueName\":\"search_term_string\"}}],\"inLanguage\":\"es\"}]}<\/script>\n<!-- \/ Yoast SEO plugin. -->","yoast_head_json":{"title":"Fertilizantes - Eirich de Brasil","robots":{"index":"index","follow":"follow","max-snippet":"max-snippet:-1","max-image-preview":"max-image-preview:large","max-video-preview":"max-video-preview:-1"},"canonical":"https:\/\/eirich.com.br\/es\/aplicaciones\/fertilizantes\/","og_locale":"es_ES","og_type":"article","og_title":"Fertilizantes - Eirich de Brasil","og_description":"Soluciones de sistema Eirich para la agroind\u00fastria: producci\u00f3n de fertilizantes y acondicionadores del suelo Eirich ofrece soluciones innovadoras en el \u00e1mbito de los productos fertilizantes y se comprende a s\u00ed mismo como socio competente de la industria de los fertilizantes. Independientement del volumen global de su proyecto, el suministro de Eirich abarca desde los sistemas [&hellip;]","og_url":"https:\/\/eirich.com.br\/es\/aplicaciones\/fertilizantes\/","og_site_name":"Eirich de Brasil","article_modified_time":"2019-02-15T12:58:47+00:00","twitter_card":"summary_large_image","twitter_misc":{"Tiempo de lectura":"1 minuto"},"schema":{"@context":"https:\/\/schema.org","@graph":[{"@type":"WebPage","@id":"https:\/\/eirich.com.br\/es\/aplicaciones\/fertilizantes\/","url":"https:\/\/eirich.com.br\/es\/aplicaciones\/fertilizantes\/","name":"Fertilizantes - Eirich de Brasil","isPartOf":{"@id":"https:\/\/eirich.com.br\/es\/#website"},"datePublished":"2016-06-29T20:08:46+00:00","dateModified":"2019-02-15T12:58:47+00:00","breadcrumb":{"@id":"https:\/\/eirich.com.br\/es\/aplicaciones\/fertilizantes\/#breadcrumb"},"inLanguage":"es","potentialAction":[{"@type":"ReadAction","target":["https:\/\/eirich.com.br\/es\/aplicaciones\/fertilizantes\/"]}]},{"@type":"BreadcrumbList","@id":"https:\/\/eirich.com.br\/es\/aplicaciones\/fertilizantes\/#breadcrumb","itemListElement":[{"@type":"ListItem","position":1,"name":"In\u00edcio","item":"https:\/\/eirich.com.br\/es\/"},{"@type":"ListItem","position":2,"name":"Aplicaciones","item":"https:\/\/eirich.com.br\/es\/aplicaciones\/"},{"@type":"ListItem","position":3,"name":"Fertilizantes"}]},{"@type":"WebSite","@id":"https:\/\/eirich.com.br\/es\/#website","url":"https:\/\/eirich.com.br\/es\/","name":"Eirich de Brasil","description":"Pionero en la tecnolog\u00eda de mezclado, granulaci\u00f3n, granulaci\u00f3n y molienda fina.","potentialAction":[{"@type":"SearchAction","target":{"@type":"EntryPoint","urlTemplate":"https:\/\/eirich.com.br\/es\/?s={search_term_string}"},"query-input":{"@type":"PropertyValueSpecification","valueRequired":true,"valueName":"search_term_string"}}],"inLanguage":"es"}]}},"_links":{"self":[{"href":"https:\/\/eirich.com.br\/es\/wp-json\/wp\/v2\/pages\/28","targetHints":{"allow":["GET"]}}],"collection":[{"href":"https:\/\/eirich.com.br\/es\/wp-json\/wp\/v2\/pages"}],"about":[{"href":"https:\/\/eirich.com.br\/es\/wp-json\/wp\/v2\/types\/page"}],"author":[{"embeddable":true,"href":"https:\/\/eirich.com.br\/es\/wp-json\/wp\/v2\/users\/1"}],"replies":[{"embeddable":true,"href":"https:\/\/eirich.com.br\/es\/wp-json\/wp\/v2\/comments?post=28"}],"version-history":[{"count":4,"href":"https:\/\/eirich.com.br\/es\/wp-json\/wp\/v2\/pages\/28\/revisions"}],"predecessor-version":[{"id":631,"href":"https:\/\/eirich.com.br\/es\/wp-json\/wp\/v2\/pages\/28\/revisions\/631"}],"up":[{"embeddable":true,"href":"https:\/\/eirich.com.br\/es\/wp-json\/wp\/v2\/pages\/26"}],"wp:attachment":[{"href":"https:\/\/eirich.com.br\/es\/wp-json\/wp\/v2\/media?parent=28"}],"curies":[{"name":"wp","href":"https:\/\/api.w.org\/{rel}","templated":true}]}}