{"id":26,"date":"2016-06-29T16:27:21","date_gmt":"2016-06-29T19:27:21","guid":{"rendered":"https:\/\/eirich.com.br\/es\/?page_id=26"},"modified":"2017-06-11T15:30:29","modified_gmt":"2017-06-11T18:30:29","slug":"aplicaciones","status":"publish","type":"page","link":"https:\/\/eirich.com.br\/es\/aplicaciones\/","title":{"rendered":"Aplicaciones"},"content":{"rendered":"<h3>Tecnolog\u00eda industrial de mistura y molienda fina<\/h3>\n<p><strong>Tradici\u00f3n y innovaci\u00f3n desde 1863<\/strong><\/p>\n<p>Know-how de fabricaci\u00f3n en tecnolog\u00eda industrial de preparaci\u00f3n en <strong>mezcla<\/strong>, <strong>granulaci\u00f3n<\/strong>, <strong>reacci\u00f3n<\/strong> e <strong>molienda<\/strong> <strong>fina<\/strong> desarrollado en m\u00e1s de 150 a\u00f1os.<\/p>\n<p>Grand capacidad y expertise en <strong>mezcladores<\/strong> y otros equipos para procesamiento industrial de materias-primas, productos semiacabados e finales, como:<\/p>\n<p><strong>Alimentos y Bebidas:<\/strong> mezcla y procesamiento de materiales s\u00f3lidos, en polvo y pastosos, con o sin adici\u00f3n de grasas.<\/p>\n<p><strong>Agronegocios:<\/strong> alimentaci\u00f3n animal, pet food, productos veterinarios, fertilizantes, pesticidas.<\/p>\n<p><strong>Materiales de construcci\u00f3n:<\/strong> cemento, hormig\u00f3n, mortero, yeso.<\/p>\n<p><strong>Cer\u00e1mica:<\/strong> refractarios, suelos, revestimientos, cer\u00e1mica fina, cer\u00e1mica t\u00e9cnica.<\/p>\n<p><strong>Productos farmac\u00e9uticos y nutrac\u00eauticos:<\/strong> vitaminas, hierbas medicinales, pasta de dientes, anti\u00e1cidos.<\/p>\n<p><strong>Fundici\u00f3n:<\/strong> arena verde para fundici\u00f3n.<\/p>\n<p><strong>Qu\u00edmica e Industrial:<\/strong> fertilizantes, herbicidas, propulsores airbag, sales para acuarios, silicio de grado solar, pintura de silicona para las carreteras, resinas de pl\u00e1stico, t\u00f3ner, pl\u00e1sticos, pilas de carpetas, desechos de hospitales, detergentes, desecantes, pigmentos, pinturas, jabones y recubrimientos.<\/p>\n<p><strong>Metalurgia, miner\u00eda y siderurgia:<\/strong> minerales, polvo de metal, co-productos de reciclaje.<\/p>\n<p><strong>Tratamiento de superficies:<\/strong> pigmentos, pintura en polvo, cemento, cola, componentes de recubrimiento.<\/p>\n<p><strong>Vidrio:<\/strong> vidrio plano, templado, expandida, fibra de vidrio, esmaltes, pl\u00e1sticos, reciclaje.<\/p>\n<p><strong>Y muchos otros m\u00e1s!<\/strong><\/p>\n","protected":false},"excerpt":{"rendered":"<p>Tecnolog\u00eda industrial de mistura y molienda fina Tradici\u00f3n y innovaci\u00f3n desde 1863 Know-how de fabricaci\u00f3n en tecnolog\u00eda industrial de preparaci\u00f3n en mezcla, granulaci\u00f3n, reacci\u00f3n e molienda fina desarrollado en m\u00e1s de 150 a\u00f1os. Grand capacidad y expertise en mezcladores y otros equipos para procesamiento industrial de materias-primas, productos semiacabados e finales, como: Alimentos y Bebidas: [&hellip;]<\/p>\n","protected":false},"author":1,"featured_media":199,"parent":0,"menu_order":3,"comment_status":"closed","ping_status":"closed","template":"","meta":{"footnotes":""},"class_list":["post-26","page","type-page","status-publish","has-post-thumbnail","hentry"],"yoast_head":"<!-- This site is optimized with the Yoast SEO plugin v26.6 - https:\/\/yoast.com\/wordpress\/plugins\/seo\/ -->\n<title>Aplicaciones - Eirich de Brasil<\/title>\n<meta name=\"robots\" content=\"index, follow, max-snippet:-1, max-image-preview:large, max-video-preview:-1\" \/>\n<link rel=\"canonical\" href=\"https:\/\/eirich.com.br\/es\/aplicaciones\/\" \/>\n<meta property=\"og:locale\" content=\"es_ES\" \/>\n<meta property=\"og:type\" content=\"article\" \/>\n<meta property=\"og:title\" content=\"Aplicaciones - Eirich de Brasil\" \/>\n<meta property=\"og:description\" content=\"Tecnolog\u00eda industrial de mistura y molienda fina Tradici\u00f3n y innovaci\u00f3n desde 1863 Know-how de fabricaci\u00f3n en tecnolog\u00eda industrial de preparaci\u00f3n en mezcla, granulaci\u00f3n, reacci\u00f3n e molienda fina desarrollado en m\u00e1s de 150 a\u00f1os. Grand capacidad y expertise en mezcladores y otros equipos para procesamiento industrial de materias-primas, productos semiacabados e finales, como: Alimentos y Bebidas: [&hellip;]\" \/>\n<meta property=\"og:url\" content=\"https:\/\/eirich.com.br\/es\/aplicaciones\/\" \/>\n<meta property=\"og:site_name\" content=\"Eirich de Brasil\" \/>\n<meta property=\"article:modified_time\" content=\"2017-06-11T18:30:29+00:00\" \/>\n<meta property=\"og:image\" content=\"https:\/\/eirich.com.br\/es\/wp-content\/uploads\/sites\/3\/2016\/07\/header-aplications-eirich-aplicacoes-aplicaciones.jpg\" \/>\n\t<meta property=\"og:image:width\" content=\"1772\" \/>\n\t<meta property=\"og:image:height\" content=\"400\" \/>\n\t<meta property=\"og:image:type\" content=\"image\/jpeg\" \/>\n<meta name=\"twitter:card\" content=\"summary_large_image\" \/>\n<meta name=\"twitter:label1\" content=\"Tiempo de lectura\" \/>\n\t<meta name=\"twitter:data1\" content=\"1 minuto\" \/>\n<script type=\"application\/ld+json\" class=\"yoast-schema-graph\">{\"@context\":\"https:\/\/schema.org\",\"@graph\":[{\"@type\":\"WebPage\",\"@id\":\"https:\/\/eirich.com.br\/es\/aplicaciones\/\",\"url\":\"https:\/\/eirich.com.br\/es\/aplicaciones\/\",\"name\":\"Aplicaciones - Eirich de Brasil\",\"isPartOf\":{\"@id\":\"https:\/\/eirich.com.br\/es\/#website\"},\"primaryImageOfPage\":{\"@id\":\"https:\/\/eirich.com.br\/es\/aplicaciones\/#primaryimage\"},\"image\":{\"@id\":\"https:\/\/eirich.com.br\/es\/aplicaciones\/#primaryimage\"},\"thumbnailUrl\":\"https:\/\/eirich.com.br\/es\/wp-content\/uploads\/sites\/3\/2016\/07\/header-aplications-eirich-aplicacoes-aplicaciones.jpg\",\"datePublished\":\"2016-06-29T19:27:21+00:00\",\"dateModified\":\"2017-06-11T18:30:29+00:00\",\"breadcrumb\":{\"@id\":\"https:\/\/eirich.com.br\/es\/aplicaciones\/#breadcrumb\"},\"inLanguage\":\"es\",\"potentialAction\":[{\"@type\":\"ReadAction\",\"target\":[\"https:\/\/eirich.com.br\/es\/aplicaciones\/\"]}]},{\"@type\":\"ImageObject\",\"inLanguage\":\"es\",\"@id\":\"https:\/\/eirich.com.br\/es\/aplicaciones\/#primaryimage\",\"url\":\"https:\/\/eirich.com.br\/es\/wp-content\/uploads\/sites\/3\/2016\/07\/header-aplications-eirich-aplicacoes-aplicaciones.jpg\",\"contentUrl\":\"https:\/\/eirich.com.br\/es\/wp-content\/uploads\/sites\/3\/2016\/07\/header-aplications-eirich-aplicacoes-aplicaciones.jpg\",\"width\":1772,\"height\":400},{\"@type\":\"BreadcrumbList\",\"@id\":\"https:\/\/eirich.com.br\/es\/aplicaciones\/#breadcrumb\",\"itemListElement\":[{\"@type\":\"ListItem\",\"position\":1,\"name\":\"In\u00edcio\",\"item\":\"https:\/\/eirich.com.br\/es\/\"},{\"@type\":\"ListItem\",\"position\":2,\"name\":\"Aplicaciones\"}]},{\"@type\":\"WebSite\",\"@id\":\"https:\/\/eirich.com.br\/es\/#website\",\"url\":\"https:\/\/eirich.com.br\/es\/\",\"name\":\"Eirich de Brasil\",\"description\":\"Pionero en la tecnolog\u00eda de mezclado, granulaci\u00f3n, granulaci\u00f3n y molienda fina.\",\"potentialAction\":[{\"@type\":\"SearchAction\",\"target\":{\"@type\":\"EntryPoint\",\"urlTemplate\":\"https:\/\/eirich.com.br\/es\/?s={search_term_string}\"},\"query-input\":{\"@type\":\"PropertyValueSpecification\",\"valueRequired\":true,\"valueName\":\"search_term_string\"}}],\"inLanguage\":\"es\"}]}<\/script>\n<!-- \/ Yoast SEO plugin. -->","yoast_head_json":{"title":"Aplicaciones - Eirich de Brasil","robots":{"index":"index","follow":"follow","max-snippet":"max-snippet:-1","max-image-preview":"max-image-preview:large","max-video-preview":"max-video-preview:-1"},"canonical":"https:\/\/eirich.com.br\/es\/aplicaciones\/","og_locale":"es_ES","og_type":"article","og_title":"Aplicaciones - Eirich de Brasil","og_description":"Tecnolog\u00eda industrial de mistura y molienda fina Tradici\u00f3n y innovaci\u00f3n desde 1863 Know-how de fabricaci\u00f3n en tecnolog\u00eda industrial de preparaci\u00f3n en mezcla, granulaci\u00f3n, reacci\u00f3n e molienda fina desarrollado en m\u00e1s de 150 a\u00f1os. Grand capacidad y expertise en mezcladores y otros equipos para procesamiento industrial de materias-primas, productos semiacabados e finales, como: Alimentos y Bebidas: [&hellip;]","og_url":"https:\/\/eirich.com.br\/es\/aplicaciones\/","og_site_name":"Eirich de Brasil","article_modified_time":"2017-06-11T18:30:29+00:00","og_image":[{"width":1772,"height":400,"url":"https:\/\/eirich.com.br\/es\/wp-content\/uploads\/sites\/3\/2016\/07\/header-aplications-eirich-aplicacoes-aplicaciones.jpg","type":"image\/jpeg"}],"twitter_card":"summary_large_image","twitter_misc":{"Tiempo de lectura":"1 minuto"},"schema":{"@context":"https:\/\/schema.org","@graph":[{"@type":"WebPage","@id":"https:\/\/eirich.com.br\/es\/aplicaciones\/","url":"https:\/\/eirich.com.br\/es\/aplicaciones\/","name":"Aplicaciones - Eirich de Brasil","isPartOf":{"@id":"https:\/\/eirich.com.br\/es\/#website"},"primaryImageOfPage":{"@id":"https:\/\/eirich.com.br\/es\/aplicaciones\/#primaryimage"},"image":{"@id":"https:\/\/eirich.com.br\/es\/aplicaciones\/#primaryimage"},"thumbnailUrl":"https:\/\/eirich.com.br\/es\/wp-content\/uploads\/sites\/3\/2016\/07\/header-aplications-eirich-aplicacoes-aplicaciones.jpg","datePublished":"2016-06-29T19:27:21+00:00","dateModified":"2017-06-11T18:30:29+00:00","breadcrumb":{"@id":"https:\/\/eirich.com.br\/es\/aplicaciones\/#breadcrumb"},"inLanguage":"es","potentialAction":[{"@type":"ReadAction","target":["https:\/\/eirich.com.br\/es\/aplicaciones\/"]}]},{"@type":"ImageObject","inLanguage":"es","@id":"https:\/\/eirich.com.br\/es\/aplicaciones\/#primaryimage","url":"https:\/\/eirich.com.br\/es\/wp-content\/uploads\/sites\/3\/2016\/07\/header-aplications-eirich-aplicacoes-aplicaciones.jpg","contentUrl":"https:\/\/eirich.com.br\/es\/wp-content\/uploads\/sites\/3\/2016\/07\/header-aplications-eirich-aplicacoes-aplicaciones.jpg","width":1772,"height":400},{"@type":"BreadcrumbList","@id":"https:\/\/eirich.com.br\/es\/aplicaciones\/#breadcrumb","itemListElement":[{"@type":"ListItem","position":1,"name":"In\u00edcio","item":"https:\/\/eirich.com.br\/es\/"},{"@type":"ListItem","position":2,"name":"Aplicaciones"}]},{"@type":"WebSite","@id":"https:\/\/eirich.com.br\/es\/#website","url":"https:\/\/eirich.com.br\/es\/","name":"Eirich de Brasil","description":"Pionero en la tecnolog\u00eda de mezclado, granulaci\u00f3n, granulaci\u00f3n y molienda fina.","potentialAction":[{"@type":"SearchAction","target":{"@type":"EntryPoint","urlTemplate":"https:\/\/eirich.com.br\/es\/?s={search_term_string}"},"query-input":{"@type":"PropertyValueSpecification","valueRequired":true,"valueName":"search_term_string"}}],"inLanguage":"es"}]}},"_links":{"self":[{"href":"https:\/\/eirich.com.br\/es\/wp-json\/wp\/v2\/pages\/26","targetHints":{"allow":["GET"]}}],"collection":[{"href":"https:\/\/eirich.com.br\/es\/wp-json\/wp\/v2\/pages"}],"about":[{"href":"https:\/\/eirich.com.br\/es\/wp-json\/wp\/v2\/types\/page"}],"author":[{"embeddable":true,"href":"https:\/\/eirich.com.br\/es\/wp-json\/wp\/v2\/users\/1"}],"replies":[{"embeddable":true,"href":"https:\/\/eirich.com.br\/es\/wp-json\/wp\/v2\/comments?post=26"}],"version-history":[{"count":4,"href":"https:\/\/eirich.com.br\/es\/wp-json\/wp\/v2\/pages\/26\/revisions"}],"predecessor-version":[{"id":206,"href":"https:\/\/eirich.com.br\/es\/wp-json\/wp\/v2\/pages\/26\/revisions\/206"}],"wp:featuredmedia":[{"embeddable":true,"href":"https:\/\/eirich.com.br\/es\/wp-json\/wp\/v2\/media\/199"}],"wp:attachment":[{"href":"https:\/\/eirich.com.br\/es\/wp-json\/wp\/v2\/media?parent=26"}],"curies":[{"name":"wp","href":"https:\/\/api.w.org\/{rel}","templated":true}]}}