{"id":24,"date":"2016-06-29T16:26:07","date_gmt":"2016-06-29T19:26:07","guid":{"rendered":"https:\/\/eirich.com.br\/es\/?page_id=24"},"modified":"2016-07-27T11:20:07","modified_gmt":"2016-07-27T14:20:07","slug":"eirich-brasil","status":"publish","type":"page","link":"https:\/\/eirich.com.br\/es\/maschinenfabrik-gustav-eirich\/eirich-brasil\/","title":{"rendered":"Eirich Brasil"},"content":{"rendered":"<p>Fundado en 1863, en Alemania, presente en todos los continentes, el Grupo Eirich es pionero en el desarrollo de soluciones de mezclado, granulaci\u00f3n, pelotizaci\u00f3n y molienda fina.<\/p>\n<p>Presentes en Brasil con f\u00e1brica propia desde 1973, todos los equipos Eirich son fabricados localmente, adem\u00e1s de <a href=\"https:\/\/eirich.com.br\/es\/sevicios-eirich\/ingenieria-de-planta\/\">instalaciones completas<\/a> y <a href=\"https:\/\/eirich.com.br\/es\/sevicios-eirich\/repuestos-y-servicios\/\">repuestos originales<\/a>. Contamos tambi\u00e9n con asistencia t\u00e9cnica local, optimizaci\u00f3n de procesos y de ensayos laboratoriales realizados en el <a href=\"https:\/\/eirich.com.br\/es\/sevicios-eirich\/centro-de-testes\/\">Centro de Testes<\/a>.<\/p>\n<p>La l\u00ednea Eirich puede ser encontrada en m\u00e1s de 50.000 de instalaciones en funcionamiento para las m\u00e1s diversas y desafiadoras aplicaciones en todo el mundo, atendiendo las industrias agroqu\u00edmica, alimenticia, construcci\u00f3n civil, cer\u00e1mica, fundici\u00f3n, metalurgia, mineraci\u00f3n, tratamiento de residuos, tratamiento de superficies, vidrio, entre otras.<\/p>\n<p>M\u00e1s informaciones en:\u00a0aplicaciones Eirich.<\/p>\n<h3>Fabricados en Brasil<\/h3>\n<p>Todos los equipos Eirich son <strong>100% fabricados en Brasil<\/strong>, adecuados a las normas t\u00e9cnicas nacionales e internacionales, y acreditados para financiamiento de compra a trav\u00e9s del <strong><a href=\"http:\/\/www.bndes.gov.br\/SiteBNDES\/bndes\/bndes_es\/\" target=\"_blank\">BNDES<\/a><\/strong> (El Banco de Desarrollo de Brasil).<\/p>\n<h3>Localizaci\u00f3n<\/h3>\n<p>Eirich Industrial Ltda.<br \/>\nEstrada Velha de Itu, 1.500 \u2013 Jandira<br \/>\nS\u00e3o Paulo \u2013 Brasil<\/p>\n<p>+ 55 11 4619-8900<br \/>\n<a href=\"mailto:vendas@eirich.com.br\">vendas@eirich.com.br<\/a><\/p>\n","protected":false},"excerpt":{"rendered":"<p>Fundado en 1863, en Alemania, presente en todos los continentes, el Grupo Eirich es pionero en el desarrollo de soluciones de mezclado, granulaci\u00f3n, pelotizaci\u00f3n y molienda fina. Presentes en Brasil con f\u00e1brica propia desde 1973, todos los equipos Eirich son fabricados localmente, adem\u00e1s de instalaciones completas y repuestos originales. Contamos tambi\u00e9n con asistencia t\u00e9cnica local, [&hellip;]<\/p>\n","protected":false},"author":1,"featured_media":124,"parent":12,"menu_order":1,"comment_status":"closed","ping_status":"closed","template":"","meta":{"footnotes":""},"class_list":["post-24","page","type-page","status-publish","has-post-thumbnail","hentry"],"yoast_head":"<!-- This site is optimized with the Yoast SEO plugin v26.6 - https:\/\/yoast.com\/wordpress\/plugins\/seo\/ -->\n<title>Eirich Brasil - Eirich de Brasil<\/title>\n<meta name=\"robots\" content=\"index, follow, max-snippet:-1, max-image-preview:large, max-video-preview:-1\" \/>\n<link rel=\"canonical\" href=\"https:\/\/eirich.com.br\/es\/maschinenfabrik-gustav-eirich\/eirich-brasil\/\" \/>\n<meta property=\"og:locale\" content=\"es_ES\" \/>\n<meta property=\"og:type\" content=\"article\" \/>\n<meta property=\"og:title\" content=\"Eirich Brasil - Eirich de Brasil\" \/>\n<meta property=\"og:description\" content=\"Fundado en 1863, en Alemania, presente en todos los continentes, el Grupo Eirich es pionero en el desarrollo de soluciones de mezclado, granulaci\u00f3n, pelotizaci\u00f3n y molienda fina. Presentes en Brasil con f\u00e1brica propia desde 1973, todos los equipos Eirich son fabricados localmente, adem\u00e1s de instalaciones completas y repuestos originales. Contamos tambi\u00e9n con asistencia t\u00e9cnica local, [&hellip;]\" \/>\n<meta property=\"og:url\" content=\"https:\/\/eirich.com.br\/es\/maschinenfabrik-gustav-eirich\/eirich-brasil\/\" \/>\n<meta property=\"og:site_name\" content=\"Eirich de Brasil\" \/>\n<meta property=\"article:modified_time\" content=\"2016-07-27T14:20:07+00:00\" \/>\n<meta property=\"og:image\" content=\"https:\/\/eirich.com.br\/es\/wp-content\/uploads\/sites\/3\/2016\/06\/GrupoEirich_Eirich_Brasil.jpg\" \/>\n\t<meta property=\"og:image:width\" content=\"1772\" \/>\n\t<meta property=\"og:image:height\" content=\"400\" \/>\n\t<meta property=\"og:image:type\" content=\"image\/jpeg\" \/>\n<meta name=\"twitter:card\" content=\"summary_large_image\" \/>\n<meta name=\"twitter:label1\" content=\"Tiempo de lectura\" \/>\n\t<meta name=\"twitter:data1\" content=\"1 minuto\" \/>\n<script type=\"application\/ld+json\" class=\"yoast-schema-graph\">{\"@context\":\"https:\/\/schema.org\",\"@graph\":[{\"@type\":\"WebPage\",\"@id\":\"https:\/\/eirich.com.br\/es\/maschinenfabrik-gustav-eirich\/eirich-brasil\/\",\"url\":\"https:\/\/eirich.com.br\/es\/maschinenfabrik-gustav-eirich\/eirich-brasil\/\",\"name\":\"Eirich Brasil - Eirich de Brasil\",\"isPartOf\":{\"@id\":\"https:\/\/eirich.com.br\/es\/#website\"},\"primaryImageOfPage\":{\"@id\":\"https:\/\/eirich.com.br\/es\/maschinenfabrik-gustav-eirich\/eirich-brasil\/#primaryimage\"},\"image\":{\"@id\":\"https:\/\/eirich.com.br\/es\/maschinenfabrik-gustav-eirich\/eirich-brasil\/#primaryimage\"},\"thumbnailUrl\":\"https:\/\/eirich.com.br\/es\/wp-content\/uploads\/sites\/3\/2016\/06\/GrupoEirich_Eirich_Brasil.jpg\",\"datePublished\":\"2016-06-29T19:26:07+00:00\",\"dateModified\":\"2016-07-27T14:20:07+00:00\",\"breadcrumb\":{\"@id\":\"https:\/\/eirich.com.br\/es\/maschinenfabrik-gustav-eirich\/eirich-brasil\/#breadcrumb\"},\"inLanguage\":\"es\",\"potentialAction\":[{\"@type\":\"ReadAction\",\"target\":[\"https:\/\/eirich.com.br\/es\/maschinenfabrik-gustav-eirich\/eirich-brasil\/\"]}]},{\"@type\":\"ImageObject\",\"inLanguage\":\"es\",\"@id\":\"https:\/\/eirich.com.br\/es\/maschinenfabrik-gustav-eirich\/eirich-brasil\/#primaryimage\",\"url\":\"https:\/\/eirich.com.br\/es\/wp-content\/uploads\/sites\/3\/2016\/06\/GrupoEirich_Eirich_Brasil.jpg\",\"contentUrl\":\"https:\/\/eirich.com.br\/es\/wp-content\/uploads\/sites\/3\/2016\/06\/GrupoEirich_Eirich_Brasil.jpg\",\"width\":1772,\"height\":400},{\"@type\":\"BreadcrumbList\",\"@id\":\"https:\/\/eirich.com.br\/es\/maschinenfabrik-gustav-eirich\/eirich-brasil\/#breadcrumb\",\"itemListElement\":[{\"@type\":\"ListItem\",\"position\":1,\"name\":\"In\u00edcio\",\"item\":\"https:\/\/eirich.com.br\/es\/\"},{\"@type\":\"ListItem\",\"position\":2,\"name\":\"Maschinenfabrik Gustav Eirich\",\"item\":\"https:\/\/eirich.com.br\/es\/maschinenfabrik-gustav-eirich\/\"},{\"@type\":\"ListItem\",\"position\":3,\"name\":\"Eirich Brasil\"}]},{\"@type\":\"WebSite\",\"@id\":\"https:\/\/eirich.com.br\/es\/#website\",\"url\":\"https:\/\/eirich.com.br\/es\/\",\"name\":\"Eirich de Brasil\",\"description\":\"Pionero en la tecnolog\u00eda de mezclado, granulaci\u00f3n, granulaci\u00f3n y molienda fina.\",\"potentialAction\":[{\"@type\":\"SearchAction\",\"target\":{\"@type\":\"EntryPoint\",\"urlTemplate\":\"https:\/\/eirich.com.br\/es\/?s={search_term_string}\"},\"query-input\":{\"@type\":\"PropertyValueSpecification\",\"valueRequired\":true,\"valueName\":\"search_term_string\"}}],\"inLanguage\":\"es\"}]}<\/script>\n<!-- \/ Yoast SEO plugin. -->","yoast_head_json":{"title":"Eirich Brasil - Eirich de Brasil","robots":{"index":"index","follow":"follow","max-snippet":"max-snippet:-1","max-image-preview":"max-image-preview:large","max-video-preview":"max-video-preview:-1"},"canonical":"https:\/\/eirich.com.br\/es\/maschinenfabrik-gustav-eirich\/eirich-brasil\/","og_locale":"es_ES","og_type":"article","og_title":"Eirich Brasil - Eirich de Brasil","og_description":"Fundado en 1863, en Alemania, presente en todos los continentes, el Grupo Eirich es pionero en el desarrollo de soluciones de mezclado, granulaci\u00f3n, pelotizaci\u00f3n y molienda fina. Presentes en Brasil con f\u00e1brica propia desde 1973, todos los equipos Eirich son fabricados localmente, adem\u00e1s de instalaciones completas y repuestos originales. Contamos tambi\u00e9n con asistencia t\u00e9cnica local, [&hellip;]","og_url":"https:\/\/eirich.com.br\/es\/maschinenfabrik-gustav-eirich\/eirich-brasil\/","og_site_name":"Eirich de Brasil","article_modified_time":"2016-07-27T14:20:07+00:00","og_image":[{"width":1772,"height":400,"url":"https:\/\/eirich.com.br\/es\/wp-content\/uploads\/sites\/3\/2016\/06\/GrupoEirich_Eirich_Brasil.jpg","type":"image\/jpeg"}],"twitter_card":"summary_large_image","twitter_misc":{"Tiempo de lectura":"1 minuto"},"schema":{"@context":"https:\/\/schema.org","@graph":[{"@type":"WebPage","@id":"https:\/\/eirich.com.br\/es\/maschinenfabrik-gustav-eirich\/eirich-brasil\/","url":"https:\/\/eirich.com.br\/es\/maschinenfabrik-gustav-eirich\/eirich-brasil\/","name":"Eirich Brasil - Eirich de Brasil","isPartOf":{"@id":"https:\/\/eirich.com.br\/es\/#website"},"primaryImageOfPage":{"@id":"https:\/\/eirich.com.br\/es\/maschinenfabrik-gustav-eirich\/eirich-brasil\/#primaryimage"},"image":{"@id":"https:\/\/eirich.com.br\/es\/maschinenfabrik-gustav-eirich\/eirich-brasil\/#primaryimage"},"thumbnailUrl":"https:\/\/eirich.com.br\/es\/wp-content\/uploads\/sites\/3\/2016\/06\/GrupoEirich_Eirich_Brasil.jpg","datePublished":"2016-06-29T19:26:07+00:00","dateModified":"2016-07-27T14:20:07+00:00","breadcrumb":{"@id":"https:\/\/eirich.com.br\/es\/maschinenfabrik-gustav-eirich\/eirich-brasil\/#breadcrumb"},"inLanguage":"es","potentialAction":[{"@type":"ReadAction","target":["https:\/\/eirich.com.br\/es\/maschinenfabrik-gustav-eirich\/eirich-brasil\/"]}]},{"@type":"ImageObject","inLanguage":"es","@id":"https:\/\/eirich.com.br\/es\/maschinenfabrik-gustav-eirich\/eirich-brasil\/#primaryimage","url":"https:\/\/eirich.com.br\/es\/wp-content\/uploads\/sites\/3\/2016\/06\/GrupoEirich_Eirich_Brasil.jpg","contentUrl":"https:\/\/eirich.com.br\/es\/wp-content\/uploads\/sites\/3\/2016\/06\/GrupoEirich_Eirich_Brasil.jpg","width":1772,"height":400},{"@type":"BreadcrumbList","@id":"https:\/\/eirich.com.br\/es\/maschinenfabrik-gustav-eirich\/eirich-brasil\/#breadcrumb","itemListElement":[{"@type":"ListItem","position":1,"name":"In\u00edcio","item":"https:\/\/eirich.com.br\/es\/"},{"@type":"ListItem","position":2,"name":"Maschinenfabrik Gustav Eirich","item":"https:\/\/eirich.com.br\/es\/maschinenfabrik-gustav-eirich\/"},{"@type":"ListItem","position":3,"name":"Eirich Brasil"}]},{"@type":"WebSite","@id":"https:\/\/eirich.com.br\/es\/#website","url":"https:\/\/eirich.com.br\/es\/","name":"Eirich de Brasil","description":"Pionero en la tecnolog\u00eda de mezclado, granulaci\u00f3n, granulaci\u00f3n y molienda fina.","potentialAction":[{"@type":"SearchAction","target":{"@type":"EntryPoint","urlTemplate":"https:\/\/eirich.com.br\/es\/?s={search_term_string}"},"query-input":{"@type":"PropertyValueSpecification","valueRequired":true,"valueName":"search_term_string"}}],"inLanguage":"es"}]}},"_links":{"self":[{"href":"https:\/\/eirich.com.br\/es\/wp-json\/wp\/v2\/pages\/24","targetHints":{"allow":["GET"]}}],"collection":[{"href":"https:\/\/eirich.com.br\/es\/wp-json\/wp\/v2\/pages"}],"about":[{"href":"https:\/\/eirich.com.br\/es\/wp-json\/wp\/v2\/types\/page"}],"author":[{"embeddable":true,"href":"https:\/\/eirich.com.br\/es\/wp-json\/wp\/v2\/users\/1"}],"replies":[{"embeddable":true,"href":"https:\/\/eirich.com.br\/es\/wp-json\/wp\/v2\/comments?post=24"}],"version-history":[{"count":4,"href":"https:\/\/eirich.com.br\/es\/wp-json\/wp\/v2\/pages\/24\/revisions"}],"predecessor-version":[{"id":305,"href":"https:\/\/eirich.com.br\/es\/wp-json\/wp\/v2\/pages\/24\/revisions\/305"}],"up":[{"embeddable":true,"href":"https:\/\/eirich.com.br\/es\/wp-json\/wp\/v2\/pages\/12"}],"wp:featuredmedia":[{"embeddable":true,"href":"https:\/\/eirich.com.br\/es\/wp-json\/wp\/v2\/media\/124"}],"wp:attachment":[{"href":"https:\/\/eirich.com.br\/es\/wp-json\/wp\/v2\/media?parent=24"}],"curies":[{"name":"wp","href":"https:\/\/api.w.org\/{rel}","templated":true}]}}