{"id":22,"date":"2016-06-29T16:23:37","date_gmt":"2016-06-29T19:23:37","guid":{"rendered":"https:\/\/eirich.com.br\/es\/?page_id=22"},"modified":"2016-07-22T11:48:54","modified_gmt":"2016-07-22T14:48:54","slug":"ingenieria-de-planta","status":"publish","type":"page","link":"https:\/\/eirich.com.br\/es\/servicios-eirich\/ingenieria-de-planta\/","title":{"rendered":"Ingenier\u00eda de Planta"},"content":{"rendered":"<p>Las soluciones en ingenier\u00eda de las plantas completas Eirich son desarrolladas por equipos de ingenieros y t\u00e9cnicos que trabajan con las especificaciones de acuerdo con la necesidad del cliente, sea para nuevos proyectos, conversiones, modernizaciones, relocalizaciones o extensiones de plantas ya existentes.<\/p>\n<p>La presencia global permite a las empresas del Grupo Eirich el conocimiento necesario para que todas las condiciones, padrones y reglamentaciones aplicables en el pa\u00eds de destino sean plenamente cumplidos en el proyecto.<\/p>\n<p>El concepto de planta inteligente y optimizada reduce los plazos de instalaci\u00f3n y puesta en marcha, y garantiza un nivel m\u00ednimo de interrupciones de proceso para mantenimiento\/implantaci\u00f3n, cada vez que las plantas existentes sean ampliadas o modernizadas durante la producci\u00f3n.<\/p>\n<hr \/>\n<h3>Plantas completas<\/h3>\n<div id='gallery-1' class='gallery galleryid-22 gallery-columns-4 gallery-size-medium'><figure class='gallery-item'>\n            <div class='gallery-icon landscape'>\n                <a \n                            href='https:\/\/eirich.com.br\/es\/wp-content\/uploads\/sites\/3\/2016\/06\/plantas-completas_ceramica.jpg' \n                            target='_blank' \n                            data-sizes='576x575'\n                        >\n                        <img \n                            src='https:\/\/eirich.com.br\/es\/wp-content\/uploads\/sites\/3\/2016\/06\/plantas-completas_ceramica.jpg' \n                            class='attachment-medium size-medium' \n                            width='576' \n                            height='575' \n                            alt='' \/>\n                        <\/a>\n            <\/div><\/figure><figure class='gallery-item'>\n            <div class='gallery-icon landscape'>\n                <a \n                            href='https:\/\/eirich.com.br\/es\/wp-content\/uploads\/sites\/3\/2016\/06\/plantas-completas_foundry.jpg' \n                            target='_blank' \n                            data-sizes='576x575'\n                        >\n                        <img \n                            src='https:\/\/eirich.com.br\/es\/wp-content\/uploads\/sites\/3\/2016\/06\/plantas-completas_foundry.jpg' \n                            class='attachment-medium size-medium' \n                            width='576' \n                            height='575' \n                            alt='' \/>\n                        <\/a>\n            <\/div><\/figure><figure class='gallery-item'>\n            <div class='gallery-icon landscape'>\n                <a \n                            href='https:\/\/eirich.com.br\/es\/wp-content\/uploads\/sites\/3\/2016\/06\/plantas-completas_foundry_evactherm.jpg' \n                            target='_blank' \n                            data-sizes='576x575'\n                        >\n                        <img \n                            src='https:\/\/eirich.com.br\/es\/wp-content\/uploads\/sites\/3\/2016\/06\/plantas-completas_foundry_evactherm.jpg' \n                            class='attachment-medium size-medium' \n                            width='576' \n                            height='575' \n                            alt='' \/>\n                        <\/a>\n            <\/div><\/figure><figure class='gallery-item'>\n            <div class='gallery-icon landscape'>\n                <a \n                            href='https:\/\/eirich.com.br\/es\/wp-content\/uploads\/sites\/3\/2016\/06\/Preparation-plant-for-the-granulation-of-fertilizers.jpg' \n                            target='_blank' \n                            data-sizes='576x575'\n                        >\n                        <img \n                            src='https:\/\/eirich.com.br\/es\/wp-content\/uploads\/sites\/3\/2016\/06\/Preparation-plant-for-the-granulation-of-fertilizers.jpg' \n                            class='attachment-medium size-medium' \n                            width='576' \n                            height='575' \n                            alt='' \/>\n                        <\/a>\n            <\/div><\/figure>\n        <\/div>\n\n<hr \/>\n<h3>Modernizaci\u00f3n de plantas, reforma y retroalimentaci\u00f3n de equipos<\/h3>\n<p>A trav\u00e9s de nuestro gran know-how en ingenier\u00eda, fabricaci\u00f3n y servicios, el portfolio de Eirich engloba soluciones t\u00e9cnicas ideales de optimizaci\u00f3n, con calidad y eficiencia de costo para la modernizaci\u00f3n de plantas ya existentes, retroalimentaci\u00f3n o reforma de equipos Eirich.<\/p>\n<h3>Para m\u00e1s informaciones<\/h3>\n<p>Entre en contacto para m\u00e1s informaciones a respecto de modernizaci\u00f3n de plantas, reforma y retroalimentaci\u00f3n de equipos Eirich.<\/p>\n<p>55 11 4619-8900 | <a href=\"mailto:vendas@eirich.com.br\">vendas@eirich.com.br<\/a><\/p>\n","protected":false},"excerpt":{"rendered":"<p>Las soluciones en ingenier\u00eda de las plantas completas Eirich son desarrolladas por equipos de ingenieros y t\u00e9cnicos que trabajan con las especificaciones de acuerdo con la necesidad del cliente, sea para nuevos proyectos, conversiones, modernizaciones, relocalizaciones o extensiones de plantas ya existentes. La presencia global permite a las empresas del Grupo Eirich el conocimiento necesario [&hellip;]<\/p>\n","protected":false},"author":1,"featured_media":227,"parent":10,"menu_order":3,"comment_status":"closed","ping_status":"closed","template":"","meta":{"footnotes":""},"class_list":["post-22","page","type-page","status-publish","has-post-thumbnail","hentry"],"yoast_head":"<!-- This site is optimized with the Yoast SEO plugin v26.6 - https:\/\/yoast.com\/wordpress\/plugins\/seo\/ -->\n<title>Ingenier\u00eda de Planta - Eirich de Brasil<\/title>\n<meta name=\"robots\" content=\"index, follow, max-snippet:-1, max-image-preview:large, max-video-preview:-1\" \/>\n<link rel=\"canonical\" href=\"https:\/\/eirich.com.br\/es\/servicios-eirich\/ingenieria-de-planta\/\" \/>\n<meta property=\"og:locale\" content=\"es_ES\" \/>\n<meta property=\"og:type\" content=\"article\" \/>\n<meta property=\"og:title\" content=\"Ingenier\u00eda de Planta - Eirich de Brasil\" \/>\n<meta property=\"og:description\" content=\"Las soluciones en ingenier\u00eda de las plantas completas Eirich son desarrolladas por equipos de ingenieros y t\u00e9cnicos que trabajan con las especificaciones de acuerdo con la necesidad del cliente, sea para nuevos proyectos, conversiones, modernizaciones, relocalizaciones o extensiones de plantas ya existentes. La presencia global permite a las empresas del Grupo Eirich el conocimiento necesario [&hellip;]\" \/>\n<meta property=\"og:url\" content=\"https:\/\/eirich.com.br\/es\/servicios-eirich\/ingenieria-de-planta\/\" \/>\n<meta property=\"og:site_name\" content=\"Eirich de Brasil\" \/>\n<meta property=\"article:modified_time\" content=\"2016-07-22T14:48:54+00:00\" \/>\n<meta property=\"og:image\" content=\"https:\/\/eirich.com.br\/es\/wp-content\/uploads\/sites\/3\/2016\/06\/header-ingenieria-planta-eirich.jpg\" \/>\n\t<meta property=\"og:image:width\" content=\"1772\" \/>\n\t<meta property=\"og:image:height\" content=\"400\" \/>\n\t<meta property=\"og:image:type\" content=\"image\/jpeg\" \/>\n<meta name=\"twitter:card\" content=\"summary_large_image\" \/>\n<meta name=\"twitter:label1\" content=\"Tiempo de lectura\" \/>\n\t<meta name=\"twitter:data1\" content=\"1 minuto\" \/>\n<script type=\"application\/ld+json\" class=\"yoast-schema-graph\">{\"@context\":\"https:\/\/schema.org\",\"@graph\":[{\"@type\":\"WebPage\",\"@id\":\"https:\/\/eirich.com.br\/es\/servicios-eirich\/ingenieria-de-planta\/\",\"url\":\"https:\/\/eirich.com.br\/es\/servicios-eirich\/ingenieria-de-planta\/\",\"name\":\"Ingenier\u00eda de Planta - Eirich de Brasil\",\"isPartOf\":{\"@id\":\"https:\/\/eirich.com.br\/es\/#website\"},\"primaryImageOfPage\":{\"@id\":\"https:\/\/eirich.com.br\/es\/servicios-eirich\/ingenieria-de-planta\/#primaryimage\"},\"image\":{\"@id\":\"https:\/\/eirich.com.br\/es\/servicios-eirich\/ingenieria-de-planta\/#primaryimage\"},\"thumbnailUrl\":\"https:\/\/eirich.com.br\/es\/wp-content\/uploads\/sites\/3\/2016\/06\/header-ingenieria-planta-eirich.jpg\",\"datePublished\":\"2016-06-29T19:23:37+00:00\",\"dateModified\":\"2016-07-22T14:48:54+00:00\",\"breadcrumb\":{\"@id\":\"https:\/\/eirich.com.br\/es\/servicios-eirich\/ingenieria-de-planta\/#breadcrumb\"},\"inLanguage\":\"es\",\"potentialAction\":[{\"@type\":\"ReadAction\",\"target\":[\"https:\/\/eirich.com.br\/es\/servicios-eirich\/ingenieria-de-planta\/\"]}]},{\"@type\":\"ImageObject\",\"inLanguage\":\"es\",\"@id\":\"https:\/\/eirich.com.br\/es\/servicios-eirich\/ingenieria-de-planta\/#primaryimage\",\"url\":\"https:\/\/eirich.com.br\/es\/wp-content\/uploads\/sites\/3\/2016\/06\/header-ingenieria-planta-eirich.jpg\",\"contentUrl\":\"https:\/\/eirich.com.br\/es\/wp-content\/uploads\/sites\/3\/2016\/06\/header-ingenieria-planta-eirich.jpg\",\"width\":1772,\"height\":400},{\"@type\":\"BreadcrumbList\",\"@id\":\"https:\/\/eirich.com.br\/es\/servicios-eirich\/ingenieria-de-planta\/#breadcrumb\",\"itemListElement\":[{\"@type\":\"ListItem\",\"position\":1,\"name\":\"In\u00edcio\",\"item\":\"https:\/\/eirich.com.br\/es\/\"},{\"@type\":\"ListItem\",\"position\":2,\"name\":\"Servicios\",\"item\":\"https:\/\/eirich.com.br\/es\/servicios-eirich\/\"},{\"@type\":\"ListItem\",\"position\":3,\"name\":\"Ingenier\u00eda de Planta\"}]},{\"@type\":\"WebSite\",\"@id\":\"https:\/\/eirich.com.br\/es\/#website\",\"url\":\"https:\/\/eirich.com.br\/es\/\",\"name\":\"Eirich de Brasil\",\"description\":\"Pionero en la tecnolog\u00eda de mezclado, granulaci\u00f3n, granulaci\u00f3n y molienda fina.\",\"potentialAction\":[{\"@type\":\"SearchAction\",\"target\":{\"@type\":\"EntryPoint\",\"urlTemplate\":\"https:\/\/eirich.com.br\/es\/?s={search_term_string}\"},\"query-input\":{\"@type\":\"PropertyValueSpecification\",\"valueRequired\":true,\"valueName\":\"search_term_string\"}}],\"inLanguage\":\"es\"}]}<\/script>\n<!-- \/ Yoast SEO plugin. -->","yoast_head_json":{"title":"Ingenier\u00eda de Planta - Eirich de Brasil","robots":{"index":"index","follow":"follow","max-snippet":"max-snippet:-1","max-image-preview":"max-image-preview:large","max-video-preview":"max-video-preview:-1"},"canonical":"https:\/\/eirich.com.br\/es\/servicios-eirich\/ingenieria-de-planta\/","og_locale":"es_ES","og_type":"article","og_title":"Ingenier\u00eda de Planta - Eirich de Brasil","og_description":"Las soluciones en ingenier\u00eda de las plantas completas Eirich son desarrolladas por equipos de ingenieros y t\u00e9cnicos que trabajan con las especificaciones de acuerdo con la necesidad del cliente, sea para nuevos proyectos, conversiones, modernizaciones, relocalizaciones o extensiones de plantas ya existentes. La presencia global permite a las empresas del Grupo Eirich el conocimiento necesario [&hellip;]","og_url":"https:\/\/eirich.com.br\/es\/servicios-eirich\/ingenieria-de-planta\/","og_site_name":"Eirich de Brasil","article_modified_time":"2016-07-22T14:48:54+00:00","og_image":[{"width":1772,"height":400,"url":"https:\/\/eirich.com.br\/es\/wp-content\/uploads\/sites\/3\/2016\/06\/header-ingenieria-planta-eirich.jpg","type":"image\/jpeg"}],"twitter_card":"summary_large_image","twitter_misc":{"Tiempo de lectura":"1 minuto"},"schema":{"@context":"https:\/\/schema.org","@graph":[{"@type":"WebPage","@id":"https:\/\/eirich.com.br\/es\/servicios-eirich\/ingenieria-de-planta\/","url":"https:\/\/eirich.com.br\/es\/servicios-eirich\/ingenieria-de-planta\/","name":"Ingenier\u00eda de Planta - Eirich de Brasil","isPartOf":{"@id":"https:\/\/eirich.com.br\/es\/#website"},"primaryImageOfPage":{"@id":"https:\/\/eirich.com.br\/es\/servicios-eirich\/ingenieria-de-planta\/#primaryimage"},"image":{"@id":"https:\/\/eirich.com.br\/es\/servicios-eirich\/ingenieria-de-planta\/#primaryimage"},"thumbnailUrl":"https:\/\/eirich.com.br\/es\/wp-content\/uploads\/sites\/3\/2016\/06\/header-ingenieria-planta-eirich.jpg","datePublished":"2016-06-29T19:23:37+00:00","dateModified":"2016-07-22T14:48:54+00:00","breadcrumb":{"@id":"https:\/\/eirich.com.br\/es\/servicios-eirich\/ingenieria-de-planta\/#breadcrumb"},"inLanguage":"es","potentialAction":[{"@type":"ReadAction","target":["https:\/\/eirich.com.br\/es\/servicios-eirich\/ingenieria-de-planta\/"]}]},{"@type":"ImageObject","inLanguage":"es","@id":"https:\/\/eirich.com.br\/es\/servicios-eirich\/ingenieria-de-planta\/#primaryimage","url":"https:\/\/eirich.com.br\/es\/wp-content\/uploads\/sites\/3\/2016\/06\/header-ingenieria-planta-eirich.jpg","contentUrl":"https:\/\/eirich.com.br\/es\/wp-content\/uploads\/sites\/3\/2016\/06\/header-ingenieria-planta-eirich.jpg","width":1772,"height":400},{"@type":"BreadcrumbList","@id":"https:\/\/eirich.com.br\/es\/servicios-eirich\/ingenieria-de-planta\/#breadcrumb","itemListElement":[{"@type":"ListItem","position":1,"name":"In\u00edcio","item":"https:\/\/eirich.com.br\/es\/"},{"@type":"ListItem","position":2,"name":"Servicios","item":"https:\/\/eirich.com.br\/es\/servicios-eirich\/"},{"@type":"ListItem","position":3,"name":"Ingenier\u00eda de Planta"}]},{"@type":"WebSite","@id":"https:\/\/eirich.com.br\/es\/#website","url":"https:\/\/eirich.com.br\/es\/","name":"Eirich de Brasil","description":"Pionero en la tecnolog\u00eda de mezclado, granulaci\u00f3n, granulaci\u00f3n y molienda fina.","potentialAction":[{"@type":"SearchAction","target":{"@type":"EntryPoint","urlTemplate":"https:\/\/eirich.com.br\/es\/?s={search_term_string}"},"query-input":{"@type":"PropertyValueSpecification","valueRequired":true,"valueName":"search_term_string"}}],"inLanguage":"es"}]}},"_links":{"self":[{"href":"https:\/\/eirich.com.br\/es\/wp-json\/wp\/v2\/pages\/22","targetHints":{"allow":["GET"]}}],"collection":[{"href":"https:\/\/eirich.com.br\/es\/wp-json\/wp\/v2\/pages"}],"about":[{"href":"https:\/\/eirich.com.br\/es\/wp-json\/wp\/v2\/types\/page"}],"author":[{"embeddable":true,"href":"https:\/\/eirich.com.br\/es\/wp-json\/wp\/v2\/users\/1"}],"replies":[{"embeddable":true,"href":"https:\/\/eirich.com.br\/es\/wp-json\/wp\/v2\/comments?post=22"}],"version-history":[{"count":7,"href":"https:\/\/eirich.com.br\/es\/wp-json\/wp\/v2\/pages\/22\/revisions"}],"predecessor-version":[{"id":217,"href":"https:\/\/eirich.com.br\/es\/wp-json\/wp\/v2\/pages\/22\/revisions\/217"}],"up":[{"embeddable":true,"href":"https:\/\/eirich.com.br\/es\/wp-json\/wp\/v2\/pages\/10"}],"wp:featuredmedia":[{"embeddable":true,"href":"https:\/\/eirich.com.br\/es\/wp-json\/wp\/v2\/media\/227"}],"wp:attachment":[{"href":"https:\/\/eirich.com.br\/es\/wp-json\/wp\/v2\/media?parent=22"}],"curies":[{"name":"wp","href":"https:\/\/api.w.org\/{rel}","templated":true}]}}