{"id":20,"date":"2016-06-29T16:22:46","date_gmt":"2016-06-29T19:22:46","guid":{"rendered":"https:\/\/eirich.com.br\/es\/?page_id=20"},"modified":"2016-07-27T11:33:04","modified_gmt":"2016-07-27T14:33:04","slug":"repuestos-y-servicios","status":"publish","type":"page","link":"https:\/\/eirich.com.br\/es\/servicios-eirich\/repuestos-y-servicios\/","title":{"rendered":"Repuestos y Servicios"},"content":{"rendered":"<h3>Mantenimiento Preventivo<\/h3>\n<p>La confiabilidad y estabilidad de los procesos productivos son esenciales para mantener la producci\u00f3n con flujo estable y libre de problemas como paradas no programadas, mal funcionamiento de equipos, riesgos a las personas envueltas y muchos otros.<\/p>\n<p>Al monitorear regularmente la condici\u00f3n mec\u00e1nica de los equipos y su\u00a0rendimiento operacional, obtendr\u00e1 los datos necesarios para asegurar un\u00a0intervalo m\u00e1ximo entre las reparaciones y minimizar los costos con las paradas indeseadas.<\/p>\n<hr \/>\n<h3>Asistencia T\u00e9cnica<\/h3>\n<p>La inspecci\u00f3n t\u00e9cnica por parte de un profesional Eirich permite evaluar las condiciones del equipo a fin de establecer un plan de mantenimiento de reparaciones y substituci\u00f3n de piezas.<\/p>\n<p>Toda empresa preocupada con el mantenimiento preventivo sabe que para mantener sus equipos en pleno funcionamiento es fundamental emplear repuestos originales, producidos con los mismos padrones de calidad de las utilizadas en la fabricaci\u00f3n, garantizando as\u00ed la integridad, confiabilidad y durabilidad de su equipo Eirich.<\/p>\n<hr \/>\n<h3>Repuestos originales Eirich<\/h3>\n<ul>\n<li>Desarrollados especialmente para su m\u00e1quina o sistema.<\/li>\n<li>Proyectadas para una prolongada vida \u00fatil, proporcionan el mejor desempe\u00f1o del equipo.<\/li>\n<li>Producidas en nuestra propia f\u00e1brica.<\/li>\n<li>Cumplen los m\u00e1s altos padrones de calidad.<\/li>\n<\/ul>\n<hr \/>\n<h3>Entre en contacto con\u00a0Eirich en Brasil<\/h3>\n<p>Mantenimiento con repuestos originales y supervisi\u00f3n Eirich es la mejor garant\u00eda de operaci\u00f3n con el menor tiempo de paradas.<\/p>\n<p>Entre en contacto con nosotros y agende una visita t\u00e9cnica de los profesionales Eirich.<br \/>\n55 11 4619-8907 | <a href=\"mailto:vendas@eirich.com.br\">vendas@eirich.com.br<\/a><\/p>\n","protected":false},"excerpt":{"rendered":"<p>Mantenimiento Preventivo La confiabilidad y estabilidad de los procesos productivos son esenciales para mantener la producci\u00f3n con flujo estable y libre de problemas como paradas no programadas, mal funcionamiento de equipos, riesgos a las personas envueltas y muchos otros. Al monitorear regularmente la condici\u00f3n mec\u00e1nica de los equipos y su\u00a0rendimiento operacional, obtendr\u00e1 los datos necesarios [&hellip;]<\/p>\n","protected":false},"author":1,"featured_media":214,"parent":10,"menu_order":2,"comment_status":"closed","ping_status":"closed","template":"","meta":{"footnotes":""},"class_list":["post-20","page","type-page","status-publish","has-post-thumbnail","hentry"],"yoast_head":"<!-- This site is optimized with the Yoast SEO plugin v26.6 - https:\/\/yoast.com\/wordpress\/plugins\/seo\/ -->\n<title>Repuestos y Servicios - Eirich de Brasil<\/title>\n<meta name=\"robots\" content=\"index, follow, max-snippet:-1, max-image-preview:large, max-video-preview:-1\" \/>\n<link rel=\"canonical\" href=\"https:\/\/eirich.com.br\/es\/servicios-eirich\/repuestos-y-servicios\/\" \/>\n<meta property=\"og:locale\" content=\"es_ES\" \/>\n<meta property=\"og:type\" content=\"article\" \/>\n<meta property=\"og:title\" content=\"Repuestos y Servicios - Eirich de Brasil\" \/>\n<meta property=\"og:description\" content=\"Mantenimiento Preventivo La confiabilidad y estabilidad de los procesos productivos son esenciales para mantener la producci\u00f3n con flujo estable y libre de problemas como paradas no programadas, mal funcionamiento de equipos, riesgos a las personas envueltas y muchos otros. Al monitorear regularmente la condici\u00f3n mec\u00e1nica de los equipos y su\u00a0rendimiento operacional, obtendr\u00e1 los datos necesarios [&hellip;]\" \/>\n<meta property=\"og:url\" content=\"https:\/\/eirich.com.br\/es\/servicios-eirich\/repuestos-y-servicios\/\" \/>\n<meta property=\"og:site_name\" content=\"Eirich de Brasil\" \/>\n<meta property=\"article:modified_time\" content=\"2016-07-27T14:33:04+00:00\" \/>\n<meta property=\"og:image\" content=\"https:\/\/eirich.com.br\/es\/wp-content\/uploads\/sites\/3\/2016\/06\/header-1772-x-400-repuestos-servicios-eirich-brasil-1.jpg\" \/>\n\t<meta property=\"og:image:width\" content=\"1772\" \/>\n\t<meta property=\"og:image:height\" content=\"400\" \/>\n\t<meta property=\"og:image:type\" content=\"image\/jpeg\" \/>\n<meta name=\"twitter:card\" content=\"summary_large_image\" \/>\n<meta name=\"twitter:label1\" content=\"Tiempo de lectura\" \/>\n\t<meta name=\"twitter:data1\" content=\"1 minuto\" \/>\n<script type=\"application\/ld+json\" class=\"yoast-schema-graph\">{\"@context\":\"https:\/\/schema.org\",\"@graph\":[{\"@type\":\"WebPage\",\"@id\":\"https:\/\/eirich.com.br\/es\/servicios-eirich\/repuestos-y-servicios\/\",\"url\":\"https:\/\/eirich.com.br\/es\/servicios-eirich\/repuestos-y-servicios\/\",\"name\":\"Repuestos y Servicios - Eirich de Brasil\",\"isPartOf\":{\"@id\":\"https:\/\/eirich.com.br\/es\/#website\"},\"primaryImageOfPage\":{\"@id\":\"https:\/\/eirich.com.br\/es\/servicios-eirich\/repuestos-y-servicios\/#primaryimage\"},\"image\":{\"@id\":\"https:\/\/eirich.com.br\/es\/servicios-eirich\/repuestos-y-servicios\/#primaryimage\"},\"thumbnailUrl\":\"https:\/\/eirich.com.br\/es\/wp-content\/uploads\/sites\/3\/2016\/06\/header-1772-x-400-repuestos-servicios-eirich-brasil-1.jpg\",\"datePublished\":\"2016-06-29T19:22:46+00:00\",\"dateModified\":\"2016-07-27T14:33:04+00:00\",\"breadcrumb\":{\"@id\":\"https:\/\/eirich.com.br\/es\/servicios-eirich\/repuestos-y-servicios\/#breadcrumb\"},\"inLanguage\":\"es\",\"potentialAction\":[{\"@type\":\"ReadAction\",\"target\":[\"https:\/\/eirich.com.br\/es\/servicios-eirich\/repuestos-y-servicios\/\"]}]},{\"@type\":\"ImageObject\",\"inLanguage\":\"es\",\"@id\":\"https:\/\/eirich.com.br\/es\/servicios-eirich\/repuestos-y-servicios\/#primaryimage\",\"url\":\"https:\/\/eirich.com.br\/es\/wp-content\/uploads\/sites\/3\/2016\/06\/header-1772-x-400-repuestos-servicios-eirich-brasil-1.jpg\",\"contentUrl\":\"https:\/\/eirich.com.br\/es\/wp-content\/uploads\/sites\/3\/2016\/06\/header-1772-x-400-repuestos-servicios-eirich-brasil-1.jpg\",\"width\":1772,\"height\":400},{\"@type\":\"BreadcrumbList\",\"@id\":\"https:\/\/eirich.com.br\/es\/servicios-eirich\/repuestos-y-servicios\/#breadcrumb\",\"itemListElement\":[{\"@type\":\"ListItem\",\"position\":1,\"name\":\"In\u00edcio\",\"item\":\"https:\/\/eirich.com.br\/es\/\"},{\"@type\":\"ListItem\",\"position\":2,\"name\":\"Servicios\",\"item\":\"https:\/\/eirich.com.br\/es\/servicios-eirich\/\"},{\"@type\":\"ListItem\",\"position\":3,\"name\":\"Repuestos y Servicios\"}]},{\"@type\":\"WebSite\",\"@id\":\"https:\/\/eirich.com.br\/es\/#website\",\"url\":\"https:\/\/eirich.com.br\/es\/\",\"name\":\"Eirich de Brasil\",\"description\":\"Pionero en la tecnolog\u00eda de mezclado, granulaci\u00f3n, granulaci\u00f3n y molienda fina.\",\"potentialAction\":[{\"@type\":\"SearchAction\",\"target\":{\"@type\":\"EntryPoint\",\"urlTemplate\":\"https:\/\/eirich.com.br\/es\/?s={search_term_string}\"},\"query-input\":{\"@type\":\"PropertyValueSpecification\",\"valueRequired\":true,\"valueName\":\"search_term_string\"}}],\"inLanguage\":\"es\"}]}<\/script>\n<!-- \/ Yoast SEO plugin. -->","yoast_head_json":{"title":"Repuestos y Servicios - Eirich de Brasil","robots":{"index":"index","follow":"follow","max-snippet":"max-snippet:-1","max-image-preview":"max-image-preview:large","max-video-preview":"max-video-preview:-1"},"canonical":"https:\/\/eirich.com.br\/es\/servicios-eirich\/repuestos-y-servicios\/","og_locale":"es_ES","og_type":"article","og_title":"Repuestos y Servicios - Eirich de Brasil","og_description":"Mantenimiento Preventivo La confiabilidad y estabilidad de los procesos productivos son esenciales para mantener la producci\u00f3n con flujo estable y libre de problemas como paradas no programadas, mal funcionamiento de equipos, riesgos a las personas envueltas y muchos otros. Al monitorear regularmente la condici\u00f3n mec\u00e1nica de los equipos y su\u00a0rendimiento operacional, obtendr\u00e1 los datos necesarios [&hellip;]","og_url":"https:\/\/eirich.com.br\/es\/servicios-eirich\/repuestos-y-servicios\/","og_site_name":"Eirich de Brasil","article_modified_time":"2016-07-27T14:33:04+00:00","og_image":[{"width":1772,"height":400,"url":"https:\/\/eirich.com.br\/es\/wp-content\/uploads\/sites\/3\/2016\/06\/header-1772-x-400-repuestos-servicios-eirich-brasil-1.jpg","type":"image\/jpeg"}],"twitter_card":"summary_large_image","twitter_misc":{"Tiempo de lectura":"1 minuto"},"schema":{"@context":"https:\/\/schema.org","@graph":[{"@type":"WebPage","@id":"https:\/\/eirich.com.br\/es\/servicios-eirich\/repuestos-y-servicios\/","url":"https:\/\/eirich.com.br\/es\/servicios-eirich\/repuestos-y-servicios\/","name":"Repuestos y Servicios - Eirich de Brasil","isPartOf":{"@id":"https:\/\/eirich.com.br\/es\/#website"},"primaryImageOfPage":{"@id":"https:\/\/eirich.com.br\/es\/servicios-eirich\/repuestos-y-servicios\/#primaryimage"},"image":{"@id":"https:\/\/eirich.com.br\/es\/servicios-eirich\/repuestos-y-servicios\/#primaryimage"},"thumbnailUrl":"https:\/\/eirich.com.br\/es\/wp-content\/uploads\/sites\/3\/2016\/06\/header-1772-x-400-repuestos-servicios-eirich-brasil-1.jpg","datePublished":"2016-06-29T19:22:46+00:00","dateModified":"2016-07-27T14:33:04+00:00","breadcrumb":{"@id":"https:\/\/eirich.com.br\/es\/servicios-eirich\/repuestos-y-servicios\/#breadcrumb"},"inLanguage":"es","potentialAction":[{"@type":"ReadAction","target":["https:\/\/eirich.com.br\/es\/servicios-eirich\/repuestos-y-servicios\/"]}]},{"@type":"ImageObject","inLanguage":"es","@id":"https:\/\/eirich.com.br\/es\/servicios-eirich\/repuestos-y-servicios\/#primaryimage","url":"https:\/\/eirich.com.br\/es\/wp-content\/uploads\/sites\/3\/2016\/06\/header-1772-x-400-repuestos-servicios-eirich-brasil-1.jpg","contentUrl":"https:\/\/eirich.com.br\/es\/wp-content\/uploads\/sites\/3\/2016\/06\/header-1772-x-400-repuestos-servicios-eirich-brasil-1.jpg","width":1772,"height":400},{"@type":"BreadcrumbList","@id":"https:\/\/eirich.com.br\/es\/servicios-eirich\/repuestos-y-servicios\/#breadcrumb","itemListElement":[{"@type":"ListItem","position":1,"name":"In\u00edcio","item":"https:\/\/eirich.com.br\/es\/"},{"@type":"ListItem","position":2,"name":"Servicios","item":"https:\/\/eirich.com.br\/es\/servicios-eirich\/"},{"@type":"ListItem","position":3,"name":"Repuestos y Servicios"}]},{"@type":"WebSite","@id":"https:\/\/eirich.com.br\/es\/#website","url":"https:\/\/eirich.com.br\/es\/","name":"Eirich de Brasil","description":"Pionero en la tecnolog\u00eda de mezclado, granulaci\u00f3n, granulaci\u00f3n y molienda fina.","potentialAction":[{"@type":"SearchAction","target":{"@type":"EntryPoint","urlTemplate":"https:\/\/eirich.com.br\/es\/?s={search_term_string}"},"query-input":{"@type":"PropertyValueSpecification","valueRequired":true,"valueName":"search_term_string"}}],"inLanguage":"es"}]}},"_links":{"self":[{"href":"https:\/\/eirich.com.br\/es\/wp-json\/wp\/v2\/pages\/20","targetHints":{"allow":["GET"]}}],"collection":[{"href":"https:\/\/eirich.com.br\/es\/wp-json\/wp\/v2\/pages"}],"about":[{"href":"https:\/\/eirich.com.br\/es\/wp-json\/wp\/v2\/types\/page"}],"author":[{"embeddable":true,"href":"https:\/\/eirich.com.br\/es\/wp-json\/wp\/v2\/users\/1"}],"replies":[{"embeddable":true,"href":"https:\/\/eirich.com.br\/es\/wp-json\/wp\/v2\/comments?post=20"}],"version-history":[{"count":7,"href":"https:\/\/eirich.com.br\/es\/wp-json\/wp\/v2\/pages\/20\/revisions"}],"predecessor-version":[{"id":309,"href":"https:\/\/eirich.com.br\/es\/wp-json\/wp\/v2\/pages\/20\/revisions\/309"}],"up":[{"embeddable":true,"href":"https:\/\/eirich.com.br\/es\/wp-json\/wp\/v2\/pages\/10"}],"wp:featuredmedia":[{"embeddable":true,"href":"https:\/\/eirich.com.br\/es\/wp-json\/wp\/v2\/media\/214"}],"wp:attachment":[{"href":"https:\/\/eirich.com.br\/es\/wp-json\/wp\/v2\/media?parent=20"}],"curies":[{"name":"wp","href":"https:\/\/api.w.org\/{rel}","templated":true}]}}