{"id":18,"date":"2016-06-29T16:21:48","date_gmt":"2016-06-29T19:21:48","guid":{"rendered":"https:\/\/eirich.com.br\/es\/?page_id=18"},"modified":"2016-07-27T11:26:50","modified_gmt":"2016-07-27T14:26:50","slug":"centro-de-testes","status":"publish","type":"page","link":"https:\/\/eirich.com.br\/es\/servicios-eirich\/centro-de-testes\/","title":{"rendered":"Centro de Testes"},"content":{"rendered":"<p>C\u00f3mo saber cu\u00e1l mezclador es el m\u00e1s eficiente para su tipo de mezcla? Mezclador Intensivo? Mezclador Horizontal? Cu\u00e1l configuraci\u00f3n va a optimizar su proceso?<\/p>\n<p>Desarrollo de soluciones en proceso de mezcla, granulaci\u00f3n, reacci\u00f3n y recubrimiento, adaptadas para cada aplicaci\u00f3n y producto, garantizando en todos los casos la m\u00e1s adecuada tecnolog\u00eda Eirich.<\/p>\n<p>En el centro de testes Eirich, localizado en S\u00e3o Paulo\u00a0su empresa encontrar\u00e1 una estructura completa con equipos industriales y de bancada.<\/p>\n<p>Cons\u00faltenos tambi\u00e9n sobre la disponibilidad de locaci\u00f3n de los equipos para la realizaci\u00f3n de testes en su f\u00e1brica.<\/p>\n<h3>Informaciones adicionales:<\/h3>\n<p>+ 55 11 4619-8907 | <a href=\"mailto:vendas@eirich.com.br\">vendas@eirich.com.br<\/a><\/p>\n","protected":false},"excerpt":{"rendered":"<p>C\u00f3mo saber cu\u00e1l mezclador es el m\u00e1s eficiente para su tipo de mezcla? Mezclador Intensivo? Mezclador Horizontal? Cu\u00e1l configuraci\u00f3n va a optimizar su proceso? Desarrollo de soluciones en proceso de mezcla, granulaci\u00f3n, reacci\u00f3n y recubrimiento, adaptadas para cada aplicaci\u00f3n y producto, garantizando en todos los casos la m\u00e1s adecuada tecnolog\u00eda Eirich. En el centro de [&hellip;]<\/p>\n","protected":false},"author":1,"featured_media":210,"parent":10,"menu_order":1,"comment_status":"closed","ping_status":"closed","template":"","meta":{"footnotes":""},"class_list":["post-18","page","type-page","status-publish","has-post-thumbnail","hentry"],"yoast_head":"<!-- This site is optimized with the Yoast SEO plugin v26.6 - https:\/\/yoast.com\/wordpress\/plugins\/seo\/ -->\n<title>Centro de Testes - Eirich de Brasil<\/title>\n<meta name=\"robots\" content=\"index, follow, max-snippet:-1, max-image-preview:large, max-video-preview:-1\" \/>\n<link rel=\"canonical\" href=\"https:\/\/eirich.com.br\/es\/servicios-eirich\/centro-de-testes\/\" \/>\n<meta property=\"og:locale\" content=\"es_ES\" \/>\n<meta property=\"og:type\" content=\"article\" \/>\n<meta property=\"og:title\" content=\"Centro de Testes - Eirich de Brasil\" \/>\n<meta property=\"og:description\" content=\"C\u00f3mo saber cu\u00e1l mezclador es el m\u00e1s eficiente para su tipo de mezcla? Mezclador Intensivo? Mezclador Horizontal? Cu\u00e1l configuraci\u00f3n va a optimizar su proceso? Desarrollo de soluciones en proceso de mezcla, granulaci\u00f3n, reacci\u00f3n y recubrimiento, adaptadas para cada aplicaci\u00f3n y producto, garantizando en todos los casos la m\u00e1s adecuada tecnolog\u00eda Eirich. En el centro de [&hellip;]\" \/>\n<meta property=\"og:url\" content=\"https:\/\/eirich.com.br\/es\/servicios-eirich\/centro-de-testes\/\" \/>\n<meta property=\"og:site_name\" content=\"Eirich de Brasil\" \/>\n<meta property=\"article:modified_time\" content=\"2016-07-27T14:26:50+00:00\" \/>\n<meta property=\"og:image\" content=\"https:\/\/eirich.com.br\/es\/wp-content\/uploads\/sites\/3\/2016\/06\/header-1772-x-400-centro-testes-eirich.jpg\" \/>\n\t<meta property=\"og:image:width\" content=\"1772\" \/>\n\t<meta property=\"og:image:height\" content=\"400\" \/>\n\t<meta property=\"og:image:type\" content=\"image\/jpeg\" \/>\n<meta name=\"twitter:card\" content=\"summary_large_image\" \/>\n<meta name=\"twitter:label1\" content=\"Tiempo de lectura\" \/>\n\t<meta name=\"twitter:data1\" content=\"1 minuto\" \/>\n<script type=\"application\/ld+json\" class=\"yoast-schema-graph\">{\"@context\":\"https:\/\/schema.org\",\"@graph\":[{\"@type\":\"WebPage\",\"@id\":\"https:\/\/eirich.com.br\/es\/servicios-eirich\/centro-de-testes\/\",\"url\":\"https:\/\/eirich.com.br\/es\/servicios-eirich\/centro-de-testes\/\",\"name\":\"Centro de Testes - Eirich de Brasil\",\"isPartOf\":{\"@id\":\"https:\/\/eirich.com.br\/es\/#website\"},\"primaryImageOfPage\":{\"@id\":\"https:\/\/eirich.com.br\/es\/servicios-eirich\/centro-de-testes\/#primaryimage\"},\"image\":{\"@id\":\"https:\/\/eirich.com.br\/es\/servicios-eirich\/centro-de-testes\/#primaryimage\"},\"thumbnailUrl\":\"https:\/\/eirich.com.br\/es\/wp-content\/uploads\/sites\/3\/2016\/06\/header-1772-x-400-centro-testes-eirich.jpg\",\"datePublished\":\"2016-06-29T19:21:48+00:00\",\"dateModified\":\"2016-07-27T14:26:50+00:00\",\"breadcrumb\":{\"@id\":\"https:\/\/eirich.com.br\/es\/servicios-eirich\/centro-de-testes\/#breadcrumb\"},\"inLanguage\":\"es\",\"potentialAction\":[{\"@type\":\"ReadAction\",\"target\":[\"https:\/\/eirich.com.br\/es\/servicios-eirich\/centro-de-testes\/\"]}]},{\"@type\":\"ImageObject\",\"inLanguage\":\"es\",\"@id\":\"https:\/\/eirich.com.br\/es\/servicios-eirich\/centro-de-testes\/#primaryimage\",\"url\":\"https:\/\/eirich.com.br\/es\/wp-content\/uploads\/sites\/3\/2016\/06\/header-1772-x-400-centro-testes-eirich.jpg\",\"contentUrl\":\"https:\/\/eirich.com.br\/es\/wp-content\/uploads\/sites\/3\/2016\/06\/header-1772-x-400-centro-testes-eirich.jpg\",\"width\":1772,\"height\":400},{\"@type\":\"BreadcrumbList\",\"@id\":\"https:\/\/eirich.com.br\/es\/servicios-eirich\/centro-de-testes\/#breadcrumb\",\"itemListElement\":[{\"@type\":\"ListItem\",\"position\":1,\"name\":\"In\u00edcio\",\"item\":\"https:\/\/eirich.com.br\/es\/\"},{\"@type\":\"ListItem\",\"position\":2,\"name\":\"Servicios\",\"item\":\"https:\/\/eirich.com.br\/es\/servicios-eirich\/\"},{\"@type\":\"ListItem\",\"position\":3,\"name\":\"Centro de Testes\"}]},{\"@type\":\"WebSite\",\"@id\":\"https:\/\/eirich.com.br\/es\/#website\",\"url\":\"https:\/\/eirich.com.br\/es\/\",\"name\":\"Eirich de Brasil\",\"description\":\"Pionero en la tecnolog\u00eda de mezclado, granulaci\u00f3n, granulaci\u00f3n y molienda fina.\",\"potentialAction\":[{\"@type\":\"SearchAction\",\"target\":{\"@type\":\"EntryPoint\",\"urlTemplate\":\"https:\/\/eirich.com.br\/es\/?s={search_term_string}\"},\"query-input\":{\"@type\":\"PropertyValueSpecification\",\"valueRequired\":true,\"valueName\":\"search_term_string\"}}],\"inLanguage\":\"es\"}]}<\/script>\n<!-- \/ Yoast SEO plugin. -->","yoast_head_json":{"title":"Centro de Testes - Eirich de Brasil","robots":{"index":"index","follow":"follow","max-snippet":"max-snippet:-1","max-image-preview":"max-image-preview:large","max-video-preview":"max-video-preview:-1"},"canonical":"https:\/\/eirich.com.br\/es\/servicios-eirich\/centro-de-testes\/","og_locale":"es_ES","og_type":"article","og_title":"Centro de Testes - Eirich de Brasil","og_description":"C\u00f3mo saber cu\u00e1l mezclador es el m\u00e1s eficiente para su tipo de mezcla? Mezclador Intensivo? Mezclador Horizontal? Cu\u00e1l configuraci\u00f3n va a optimizar su proceso? Desarrollo de soluciones en proceso de mezcla, granulaci\u00f3n, reacci\u00f3n y recubrimiento, adaptadas para cada aplicaci\u00f3n y producto, garantizando en todos los casos la m\u00e1s adecuada tecnolog\u00eda Eirich. En el centro de [&hellip;]","og_url":"https:\/\/eirich.com.br\/es\/servicios-eirich\/centro-de-testes\/","og_site_name":"Eirich de Brasil","article_modified_time":"2016-07-27T14:26:50+00:00","og_image":[{"width":1772,"height":400,"url":"https:\/\/eirich.com.br\/es\/wp-content\/uploads\/sites\/3\/2016\/06\/header-1772-x-400-centro-testes-eirich.jpg","type":"image\/jpeg"}],"twitter_card":"summary_large_image","twitter_misc":{"Tiempo de lectura":"1 minuto"},"schema":{"@context":"https:\/\/schema.org","@graph":[{"@type":"WebPage","@id":"https:\/\/eirich.com.br\/es\/servicios-eirich\/centro-de-testes\/","url":"https:\/\/eirich.com.br\/es\/servicios-eirich\/centro-de-testes\/","name":"Centro de Testes - Eirich de Brasil","isPartOf":{"@id":"https:\/\/eirich.com.br\/es\/#website"},"primaryImageOfPage":{"@id":"https:\/\/eirich.com.br\/es\/servicios-eirich\/centro-de-testes\/#primaryimage"},"image":{"@id":"https:\/\/eirich.com.br\/es\/servicios-eirich\/centro-de-testes\/#primaryimage"},"thumbnailUrl":"https:\/\/eirich.com.br\/es\/wp-content\/uploads\/sites\/3\/2016\/06\/header-1772-x-400-centro-testes-eirich.jpg","datePublished":"2016-06-29T19:21:48+00:00","dateModified":"2016-07-27T14:26:50+00:00","breadcrumb":{"@id":"https:\/\/eirich.com.br\/es\/servicios-eirich\/centro-de-testes\/#breadcrumb"},"inLanguage":"es","potentialAction":[{"@type":"ReadAction","target":["https:\/\/eirich.com.br\/es\/servicios-eirich\/centro-de-testes\/"]}]},{"@type":"ImageObject","inLanguage":"es","@id":"https:\/\/eirich.com.br\/es\/servicios-eirich\/centro-de-testes\/#primaryimage","url":"https:\/\/eirich.com.br\/es\/wp-content\/uploads\/sites\/3\/2016\/06\/header-1772-x-400-centro-testes-eirich.jpg","contentUrl":"https:\/\/eirich.com.br\/es\/wp-content\/uploads\/sites\/3\/2016\/06\/header-1772-x-400-centro-testes-eirich.jpg","width":1772,"height":400},{"@type":"BreadcrumbList","@id":"https:\/\/eirich.com.br\/es\/servicios-eirich\/centro-de-testes\/#breadcrumb","itemListElement":[{"@type":"ListItem","position":1,"name":"In\u00edcio","item":"https:\/\/eirich.com.br\/es\/"},{"@type":"ListItem","position":2,"name":"Servicios","item":"https:\/\/eirich.com.br\/es\/servicios-eirich\/"},{"@type":"ListItem","position":3,"name":"Centro de Testes"}]},{"@type":"WebSite","@id":"https:\/\/eirich.com.br\/es\/#website","url":"https:\/\/eirich.com.br\/es\/","name":"Eirich de Brasil","description":"Pionero en la tecnolog\u00eda de mezclado, granulaci\u00f3n, granulaci\u00f3n y molienda fina.","potentialAction":[{"@type":"SearchAction","target":{"@type":"EntryPoint","urlTemplate":"https:\/\/eirich.com.br\/es\/?s={search_term_string}"},"query-input":{"@type":"PropertyValueSpecification","valueRequired":true,"valueName":"search_term_string"}}],"inLanguage":"es"}]}},"_links":{"self":[{"href":"https:\/\/eirich.com.br\/es\/wp-json\/wp\/v2\/pages\/18","targetHints":{"allow":["GET"]}}],"collection":[{"href":"https:\/\/eirich.com.br\/es\/wp-json\/wp\/v2\/pages"}],"about":[{"href":"https:\/\/eirich.com.br\/es\/wp-json\/wp\/v2\/types\/page"}],"author":[{"embeddable":true,"href":"https:\/\/eirich.com.br\/es\/wp-json\/wp\/v2\/users\/1"}],"replies":[{"embeddable":true,"href":"https:\/\/eirich.com.br\/es\/wp-json\/wp\/v2\/comments?post=18"}],"version-history":[{"count":5,"href":"https:\/\/eirich.com.br\/es\/wp-json\/wp\/v2\/pages\/18\/revisions"}],"predecessor-version":[{"id":308,"href":"https:\/\/eirich.com.br\/es\/wp-json\/wp\/v2\/pages\/18\/revisions\/308"}],"up":[{"embeddable":true,"href":"https:\/\/eirich.com.br\/es\/wp-json\/wp\/v2\/pages\/10"}],"wp:featuredmedia":[{"embeddable":true,"href":"https:\/\/eirich.com.br\/es\/wp-json\/wp\/v2\/media\/210"}],"wp:attachment":[{"href":"https:\/\/eirich.com.br\/es\/wp-json\/wp\/v2\/media?parent=18"}],"curies":[{"name":"wp","href":"https:\/\/api.w.org\/{rel}","templated":true}]}}