{"id":161,"date":"2016-07-18T16:52:45","date_gmt":"2016-07-18T19:52:45","guid":{"rendered":"https:\/\/eirich.com.br\/es\/?page_id=161"},"modified":"2022-05-16T14:55:12","modified_gmt":"2022-05-16T17:55:12","slug":"empresas-del-grupo-eirich","status":"publish","type":"page","link":"https:\/\/eirich.com.br\/es\/maschinenfabrik-gustav-eirich\/empresas-del-grupo-eirich\/","title":{"rendered":"Empresas del Grupo"},"content":{"rendered":"<h3>El Grupo Eirich en el mundo: know-how al alcance de todos los clientes<\/h3>\n<p>&nbsp;<br \/>\nL\u00edder en tecnolog\u00eda de procesamiento de materiales, est\u00e1 presente en el mundo con una amplia gama de productos y servicios, particularmente enfocada en tecnolog\u00eda de mezcla y molienda fina, con know-how desarrollado a lo largo de sus m\u00e1s de 150 a\u00f1os.<\/p>\n<p>Las empresas del Grupo Eirich son socias tecnol\u00f3gicas y ofrecen un conjunto de soluciones de una \u00fanica fuente para los usuarios de sistemas de preparaci\u00f3n de materiales.<\/p>\n<p>Esa sociedad es plural en todo el grupo y va desde la planificaci\u00f3n del proyecto y su implementaci\u00f3n hasta los servicios post-venta, ofreciendo siempre repuestos originales durante toda la vida operacional de la planta.<\/p>\n<h3>Presencia\u00a0directa en 12 paises<\/h3>\n<p>&nbsp;<\/p>\n<p><img loading=\"lazy\" decoding=\"async\" class=\"img-responsive borda-cinza alignleft wp-image-190 size-full\" src=\"https:\/\/eirich.com.br\/wp-content\/uploads\/2016\/06\/Alemanha.jpg\" alt=\"Alemanha\" width=\"45\" height=\"27\" \/><a href=\"http:\/\/www.eirich.com\/en\/germany-en\" target=\"_blank\" rel=\"noopener\">Maschinenfabrik Gustav Eirich | Hardheim, Alemanha<\/a><\/p>\n<hr class=\"separador1\" \/>\n<p><img loading=\"lazy\" decoding=\"async\" class=\"img-responsive borda-cinza alignleft wp-image-192 size-full\" src=\"https:\/\/eirich.com.br\/wp-content\/uploads\/2016\/06\/Brasil.jpg\" alt=\"Brasil\" width=\"45\" height=\"32\" \/><a href=\"http:\/\/www.eirich.com\/en\/brazil-en\" target=\"_blank\" rel=\"noopener\">Eirich Industrial Ltda. | San Pablo, Brasil<\/a><\/p>\n<hr class=\"separador1\" \/>\n<p><img loading=\"lazy\" decoding=\"async\" class=\"img-responsive borda-cinza alignleft wp-image-194 size-full\" src=\"https:\/\/eirich.com.br\/wp-content\/uploads\/2016\/06\/Franca.jpg\" alt=\"Franca\" width=\"45\" height=\"30\" \/><a href=\"http:\/\/www.eirich.com\/en\/france-en\" target=\"_blank\" rel=\"noopener\">Eirich France SAS | Saint-Priest \/ Lion, Francia<\/a><\/p>\n<hr class=\"separador1\" \/>\n<p><img loading=\"lazy\" decoding=\"async\" class=\"img-responsive borda-cinza alignleft wp-image-196 size-full\" src=\"https:\/\/eirich.com.br\/wp-content\/uploads\/2016\/06\/India.jpg\" alt=\"India\" width=\"45\" height=\"30\" \/><a href=\"http:\/\/www.eirich.com\/en\/india-en\" target=\"_blank\" rel=\"noopener\">Eirich India Pvt. Ltd. \/ Eirich Automation Systems Pvt. Ltd. Mumbai, India<\/a><\/p>\n<hr class=\"separador1\" \/>\n<p><img loading=\"lazy\" decoding=\"async\" class=\"img-responsive borda-cinza alignleft wp-image-197 size-full\" src=\"https:\/\/eirich.com.br\/wp-content\/uploads\/2016\/06\/Japao.jpg\" alt=\"Japao\" width=\"45\" height=\"30\" \/><a href=\"http:\/\/www.eirich.com\/en\/japan-en\" target=\"_blank\" rel=\"noopener\">Nippon Eirich Co., Ltd. | Narita, Jap\u00f3n<\/a><\/p>\n<hr class=\"separador1\" \/>\n<p><img loading=\"lazy\" decoding=\"async\" class=\"img-responsive borda-cinza alignleft wp-image-198 size-full\" src=\"https:\/\/eirich.com.br\/wp-content\/uploads\/2016\/06\/Estados_Unidos.jpg\" alt=\"Estados_Unidos\" width=\"45\" height=\"24\" \/><a href=\"http:\/\/www.eirich.com\/en\/companies-usa\" target=\"_blank\" rel=\"noopener\">Eirich Machines Inc. | Gurnee IL \/ Chicago, EE UU.<\/a><\/p>\n<hr class=\"separador1\" \/>\n<p><img loading=\"lazy\" decoding=\"async\" class=\"img-responsive borda-cinza alignleft wp-image-199 size-full\" src=\"https:\/\/eirich.com.br\/wp-content\/uploads\/2016\/06\/Africa_do_Sul.jpg\" alt=\"Africa_do_Sul\" width=\"45\" height=\"30\" \/><a href=\"http:\/\/www.eirich.com\/en\/south-africa-en\" target=\"_blank\" rel=\"noopener\">Birkenmayer (Pty.) Ltd. | Isando \/ Joanesburgo, Sud\u00e1frica<\/a><\/p>\n<hr class=\"separador1\" \/>\n<p><img loading=\"lazy\" decoding=\"async\" class=\"img-responsive borda-cinza alignleft wp-image-200 size-full\" src=\"https:\/\/eirich.com.br\/wp-content\/uploads\/2016\/06\/China.jpg\" alt=\"China\" width=\"45\" height=\"30\" \/><a href=\"http:\/\/www.eirich.com\/en\/eirich-group-china\" target=\"_blank\" rel=\"noopener\">Eirich Group China Ltd. | Hongkong, Shanghai, Beijing, China<\/a><\/p>\n<hr class=\"separador1\" \/>\n<p><img loading=\"lazy\" decoding=\"async\" class=\"img-responsive borda-cinza alignleft wp-image-200 size-full\" src=\"https:\/\/eirich.com.br\/wp-content\/uploads\/2016\/06\/China.jpg\" alt=\"China\" width=\"45\" height=\"30\" \/><a href=\"http:\/\/www.eirich.com\/en\/eirich-machinery-jiangyin\" target=\"_blank\" rel=\"noopener\">Eirich Machinery Jiangyin Co., Ltd. | Jiangyin, Provincia de Jiangsu, China<\/a><\/p>\n<hr class=\"separador1\" \/>\n<p><img loading=\"lazy\" decoding=\"async\" class=\"img-responsive borda-cinza alignleft wp-image-201 size-full\" src=\"https:\/\/eirich.com.br\/wp-content\/uploads\/2016\/06\/Coreia.jpg\" alt=\"Coreia\" width=\"45\" height=\"30\" \/><a href=\"http:\/\/www.eirich.com\/en\/republic-korea-en\" target=\"_blank\" rel=\"noopener\">Eirich East Asia\/Pacific | Se\u00fal, Rep\u00fablica de Corea<\/a><\/p>\n<hr class=\"separador1\" \/>\n<p><img loading=\"lazy\" decoding=\"async\" class=\"img-responsive borda-cinza alignleft wp-image-558 size-full\" src=\"https:\/\/eirich.com.br\/wp-content\/uploads\/2016\/06\/Cazaquistao.jpg\" alt=\"Cazaquistao\" width=\"45\" height=\"23\" \/><a href=\"http:\/\/www.eirich.com\/en\/kazakhstan\" target=\"_blank\" rel=\"noopener\">Eirich East Europe GmbH | Almaty, Kazajst\u00e1n<\/a><\/p>\n<hr class=\"separador1\" \/>\n<p><img loading=\"lazy\" decoding=\"async\" class=\"img-responsive borda-cinza alignleft wp-image-559 size-full\" src=\"https:\/\/eirich.com.br\/wp-content\/uploads\/2016\/06\/Ucrania.jpg\" alt=\"Ucrania\" width=\"45\" height=\"30\" \/><a href=\"http:\/\/www.eirich.com\/en\/ukraine\" target=\"_blank\" rel=\"noopener\">OOO Eirich Maschinentechnik | Dnepropetrovsk, Ucrania<\/a><\/p>\n<hr class=\"separador1\" \/>\n<p><img loading=\"lazy\" decoding=\"async\" class=\"img-responsive borda-cinza alignleft wp-image-561 size-full\" src=\"https:\/\/eirich.com.br\/wp-content\/uploads\/2016\/06\/Italia.jpg\" alt=\"Italia\" width=\"45\" height=\"30\" \/><a href=\"http:\/\/www.eirich.com\/en\/italy\" target=\"_blank\" rel=\"noopener\">Eirich Impianti S.R.L | Locate di Triulzi, Mil\u00e1n, Italia<\/a><\/p>\n<hr class=\"separador1\" \/>\n","protected":false},"excerpt":{"rendered":"<p>El Grupo Eirich en el mundo: know-how al alcance de todos los clientes &nbsp; L\u00edder en tecnolog\u00eda de procesamiento de materiales, est\u00e1 presente en el mundo con una amplia gama de productos y servicios, particularmente enfocada en tecnolog\u00eda de mezcla y molienda fina, con know-how desarrollado a lo largo de sus m\u00e1s de 150 a\u00f1os. [&hellip;]<\/p>\n","protected":false},"author":1,"featured_media":288,"parent":12,"menu_order":3,"comment_status":"closed","ping_status":"closed","template":"","meta":{"footnotes":""},"class_list":["post-161","page","type-page","status-publish","has-post-thumbnail","hentry"],"yoast_head":"<!-- This site is optimized with the Yoast SEO plugin v26.6 - https:\/\/yoast.com\/wordpress\/plugins\/seo\/ -->\n<title>Empresas del Grupo - Eirich de Brasil<\/title>\n<meta name=\"description\" content=\"Las empresas del Grupo Eirich son socias tecnol\u00f3gicas y ofrecen un conjunto de soluciones de una \u00fanica fuente para los usuarios de sistemas de preparaci\u00f3n de materiales.\" \/>\n<meta name=\"robots\" content=\"index, follow, max-snippet:-1, max-image-preview:large, max-video-preview:-1\" \/>\n<link rel=\"canonical\" href=\"https:\/\/eirich.com.br\/es\/maschinenfabrik-gustav-eirich\/empresas-del-grupo-eirich\/\" \/>\n<meta property=\"og:locale\" content=\"es_ES\" \/>\n<meta property=\"og:type\" content=\"article\" \/>\n<meta property=\"og:title\" content=\"Empresas del Grupo - Eirich de Brasil\" \/>\n<meta property=\"og:description\" content=\"Las empresas del Grupo Eirich son socias tecnol\u00f3gicas y ofrecen un conjunto de soluciones de una \u00fanica fuente para los usuarios de sistemas de preparaci\u00f3n de materiales.\" \/>\n<meta property=\"og:url\" content=\"https:\/\/eirich.com.br\/es\/maschinenfabrik-gustav-eirich\/empresas-del-grupo-eirich\/\" \/>\n<meta property=\"og:site_name\" content=\"Eirich de Brasil\" \/>\n<meta property=\"article:modified_time\" content=\"2022-05-16T17:55:12+00:00\" \/>\n<meta property=\"og:image\" content=\"https:\/\/eirich.com.br\/es\/wp-content\/uploads\/sites\/3\/2016\/06\/Grupo_Eirich_MGustavEirich.jpg\" \/>\n\t<meta property=\"og:image:width\" content=\"1772\" \/>\n\t<meta property=\"og:image:height\" content=\"400\" \/>\n\t<meta property=\"og:image:type\" content=\"image\/jpeg\" \/>\n<meta name=\"twitter:card\" content=\"summary_large_image\" \/>\n<meta name=\"twitter:label1\" content=\"Tiempo de lectura\" \/>\n\t<meta name=\"twitter:data1\" content=\"1 minuto\" \/>\n<script type=\"application\/ld+json\" class=\"yoast-schema-graph\">{\"@context\":\"https:\/\/schema.org\",\"@graph\":[{\"@type\":\"WebPage\",\"@id\":\"https:\/\/eirich.com.br\/es\/maschinenfabrik-gustav-eirich\/empresas-del-grupo-eirich\/\",\"url\":\"https:\/\/eirich.com.br\/es\/maschinenfabrik-gustav-eirich\/empresas-del-grupo-eirich\/\",\"name\":\"Empresas del Grupo - Eirich de Brasil\",\"isPartOf\":{\"@id\":\"https:\/\/eirich.com.br\/es\/#website\"},\"primaryImageOfPage\":{\"@id\":\"https:\/\/eirich.com.br\/es\/maschinenfabrik-gustav-eirich\/empresas-del-grupo-eirich\/#primaryimage\"},\"image\":{\"@id\":\"https:\/\/eirich.com.br\/es\/maschinenfabrik-gustav-eirich\/empresas-del-grupo-eirich\/#primaryimage\"},\"thumbnailUrl\":\"https:\/\/eirich.com.br\/es\/wp-content\/uploads\/sites\/3\/2016\/06\/Grupo_Eirich_MGustavEirich.jpg\",\"datePublished\":\"2016-07-18T19:52:45+00:00\",\"dateModified\":\"2022-05-16T17:55:12+00:00\",\"description\":\"Las empresas del Grupo Eirich son socias tecnol\u00f3gicas y ofrecen un conjunto de soluciones de una \u00fanica fuente para los usuarios de sistemas de preparaci\u00f3n de materiales.\",\"breadcrumb\":{\"@id\":\"https:\/\/eirich.com.br\/es\/maschinenfabrik-gustav-eirich\/empresas-del-grupo-eirich\/#breadcrumb\"},\"inLanguage\":\"es\",\"potentialAction\":[{\"@type\":\"ReadAction\",\"target\":[\"https:\/\/eirich.com.br\/es\/maschinenfabrik-gustav-eirich\/empresas-del-grupo-eirich\/\"]}]},{\"@type\":\"ImageObject\",\"inLanguage\":\"es\",\"@id\":\"https:\/\/eirich.com.br\/es\/maschinenfabrik-gustav-eirich\/empresas-del-grupo-eirich\/#primaryimage\",\"url\":\"https:\/\/eirich.com.br\/es\/wp-content\/uploads\/sites\/3\/2016\/06\/Grupo_Eirich_MGustavEirich.jpg\",\"contentUrl\":\"https:\/\/eirich.com.br\/es\/wp-content\/uploads\/sites\/3\/2016\/06\/Grupo_Eirich_MGustavEirich.jpg\",\"width\":1772,\"height\":400},{\"@type\":\"BreadcrumbList\",\"@id\":\"https:\/\/eirich.com.br\/es\/maschinenfabrik-gustav-eirich\/empresas-del-grupo-eirich\/#breadcrumb\",\"itemListElement\":[{\"@type\":\"ListItem\",\"position\":1,\"name\":\"In\u00edcio\",\"item\":\"https:\/\/eirich.com.br\/es\/\"},{\"@type\":\"ListItem\",\"position\":2,\"name\":\"Maschinenfabrik Gustav Eirich\",\"item\":\"https:\/\/eirich.com.br\/es\/maschinenfabrik-gustav-eirich\/\"},{\"@type\":\"ListItem\",\"position\":3,\"name\":\"Empresas del Grupo\"}]},{\"@type\":\"WebSite\",\"@id\":\"https:\/\/eirich.com.br\/es\/#website\",\"url\":\"https:\/\/eirich.com.br\/es\/\",\"name\":\"Eirich de Brasil\",\"description\":\"Pionero en la tecnolog\u00eda de mezclado, granulaci\u00f3n, granulaci\u00f3n y molienda fina.\",\"potentialAction\":[{\"@type\":\"SearchAction\",\"target\":{\"@type\":\"EntryPoint\",\"urlTemplate\":\"https:\/\/eirich.com.br\/es\/?s={search_term_string}\"},\"query-input\":{\"@type\":\"PropertyValueSpecification\",\"valueRequired\":true,\"valueName\":\"search_term_string\"}}],\"inLanguage\":\"es\"}]}<\/script>\n<!-- \/ Yoast SEO plugin. -->","yoast_head_json":{"title":"Empresas del Grupo - Eirich de Brasil","description":"Las empresas del Grupo Eirich son socias tecnol\u00f3gicas y ofrecen un conjunto de soluciones de una \u00fanica fuente para los usuarios de sistemas de preparaci\u00f3n de materiales.","robots":{"index":"index","follow":"follow","max-snippet":"max-snippet:-1","max-image-preview":"max-image-preview:large","max-video-preview":"max-video-preview:-1"},"canonical":"https:\/\/eirich.com.br\/es\/maschinenfabrik-gustav-eirich\/empresas-del-grupo-eirich\/","og_locale":"es_ES","og_type":"article","og_title":"Empresas del Grupo - Eirich de Brasil","og_description":"Las empresas del Grupo Eirich son socias tecnol\u00f3gicas y ofrecen un conjunto de soluciones de una \u00fanica fuente para los usuarios de sistemas de preparaci\u00f3n de materiales.","og_url":"https:\/\/eirich.com.br\/es\/maschinenfabrik-gustav-eirich\/empresas-del-grupo-eirich\/","og_site_name":"Eirich de Brasil","article_modified_time":"2022-05-16T17:55:12+00:00","og_image":[{"width":1772,"height":400,"url":"https:\/\/eirich.com.br\/es\/wp-content\/uploads\/sites\/3\/2016\/06\/Grupo_Eirich_MGustavEirich.jpg","type":"image\/jpeg"}],"twitter_card":"summary_large_image","twitter_misc":{"Tiempo de lectura":"1 minuto"},"schema":{"@context":"https:\/\/schema.org","@graph":[{"@type":"WebPage","@id":"https:\/\/eirich.com.br\/es\/maschinenfabrik-gustav-eirich\/empresas-del-grupo-eirich\/","url":"https:\/\/eirich.com.br\/es\/maschinenfabrik-gustav-eirich\/empresas-del-grupo-eirich\/","name":"Empresas del Grupo - Eirich de Brasil","isPartOf":{"@id":"https:\/\/eirich.com.br\/es\/#website"},"primaryImageOfPage":{"@id":"https:\/\/eirich.com.br\/es\/maschinenfabrik-gustav-eirich\/empresas-del-grupo-eirich\/#primaryimage"},"image":{"@id":"https:\/\/eirich.com.br\/es\/maschinenfabrik-gustav-eirich\/empresas-del-grupo-eirich\/#primaryimage"},"thumbnailUrl":"https:\/\/eirich.com.br\/es\/wp-content\/uploads\/sites\/3\/2016\/06\/Grupo_Eirich_MGustavEirich.jpg","datePublished":"2016-07-18T19:52:45+00:00","dateModified":"2022-05-16T17:55:12+00:00","description":"Las empresas del Grupo Eirich son socias tecnol\u00f3gicas y ofrecen un conjunto de soluciones de una \u00fanica fuente para los usuarios de sistemas de preparaci\u00f3n de materiales.","breadcrumb":{"@id":"https:\/\/eirich.com.br\/es\/maschinenfabrik-gustav-eirich\/empresas-del-grupo-eirich\/#breadcrumb"},"inLanguage":"es","potentialAction":[{"@type":"ReadAction","target":["https:\/\/eirich.com.br\/es\/maschinenfabrik-gustav-eirich\/empresas-del-grupo-eirich\/"]}]},{"@type":"ImageObject","inLanguage":"es","@id":"https:\/\/eirich.com.br\/es\/maschinenfabrik-gustav-eirich\/empresas-del-grupo-eirich\/#primaryimage","url":"https:\/\/eirich.com.br\/es\/wp-content\/uploads\/sites\/3\/2016\/06\/Grupo_Eirich_MGustavEirich.jpg","contentUrl":"https:\/\/eirich.com.br\/es\/wp-content\/uploads\/sites\/3\/2016\/06\/Grupo_Eirich_MGustavEirich.jpg","width":1772,"height":400},{"@type":"BreadcrumbList","@id":"https:\/\/eirich.com.br\/es\/maschinenfabrik-gustav-eirich\/empresas-del-grupo-eirich\/#breadcrumb","itemListElement":[{"@type":"ListItem","position":1,"name":"In\u00edcio","item":"https:\/\/eirich.com.br\/es\/"},{"@type":"ListItem","position":2,"name":"Maschinenfabrik Gustav Eirich","item":"https:\/\/eirich.com.br\/es\/maschinenfabrik-gustav-eirich\/"},{"@type":"ListItem","position":3,"name":"Empresas del Grupo"}]},{"@type":"WebSite","@id":"https:\/\/eirich.com.br\/es\/#website","url":"https:\/\/eirich.com.br\/es\/","name":"Eirich de Brasil","description":"Pionero en la tecnolog\u00eda de mezclado, granulaci\u00f3n, granulaci\u00f3n y molienda fina.","potentialAction":[{"@type":"SearchAction","target":{"@type":"EntryPoint","urlTemplate":"https:\/\/eirich.com.br\/es\/?s={search_term_string}"},"query-input":{"@type":"PropertyValueSpecification","valueRequired":true,"valueName":"search_term_string"}}],"inLanguage":"es"}]}},"_links":{"self":[{"href":"https:\/\/eirich.com.br\/es\/wp-json\/wp\/v2\/pages\/161","targetHints":{"allow":["GET"]}}],"collection":[{"href":"https:\/\/eirich.com.br\/es\/wp-json\/wp\/v2\/pages"}],"about":[{"href":"https:\/\/eirich.com.br\/es\/wp-json\/wp\/v2\/types\/page"}],"author":[{"embeddable":true,"href":"https:\/\/eirich.com.br\/es\/wp-json\/wp\/v2\/users\/1"}],"replies":[{"embeddable":true,"href":"https:\/\/eirich.com.br\/es\/wp-json\/wp\/v2\/comments?post=161"}],"version-history":[{"count":11,"href":"https:\/\/eirich.com.br\/es\/wp-json\/wp\/v2\/pages\/161\/revisions"}],"predecessor-version":[{"id":967,"href":"https:\/\/eirich.com.br\/es\/wp-json\/wp\/v2\/pages\/161\/revisions\/967"}],"up":[{"embeddable":true,"href":"https:\/\/eirich.com.br\/es\/wp-json\/wp\/v2\/pages\/12"}],"wp:featuredmedia":[{"embeddable":true,"href":"https:\/\/eirich.com.br\/es\/wp-json\/wp\/v2\/media\/288"}],"wp:attachment":[{"href":"https:\/\/eirich.com.br\/es\/wp-json\/wp\/v2\/media?parent=161"}],"curies":[{"name":"wp","href":"https:\/\/api.w.org\/{rel}","templated":true}]}}