{"id":16,"date":"2016-06-29T16:20:49","date_gmt":"2016-06-29T19:20:49","guid":{"rendered":"https:\/\/eirich.com.br\/es\/?page_id=16"},"modified":"2023-09-15T12:04:29","modified_gmt":"2023-09-15T15:04:29","slug":"tecnologia-eirich","status":"publish","type":"page","link":"https:\/\/eirich.com.br\/es\/equipamentos\/tecnologia-eirich\/","title":{"rendered":"Tecnolog\u00eda Eirich"},"content":{"rendered":"<p>Presente en todos los continentes, el Grupo Eirich es un l\u00edder mundial en <strong>tecnolog\u00eda de procesamiento industrial de alta precisi\u00f3n<\/strong>, sobre todo<strong> mezclado<\/strong>, <strong>granulaci\u00f3n<\/strong>, <strong>peletizaci\u00f3n<\/strong> <strong>y la molienda fina<\/strong>, desarrollado durante m\u00e1s de 150 a\u00f1os de experiencia.<\/p>\n<p>Con la mejor reputaci\u00f3n en procesos de mezcla del mercado, Eirich fabrica la m\u00e1s amplia l\u00ednea de mezcladores horizontales, verticales e inclinados, con una base instalada que supera las 50.000 instalaciones en operaci\u00f3n en todo el mundo, para las m\u00e1s diversas industrias como <strong>agroqu\u00edmicos<\/strong>, <strong>alimentos<\/strong>, <strong>construcci\u00f3n<\/strong>, <strong>cer\u00e1mica<\/strong>, <strong>fundici\u00f3n<\/strong>, <strong>metalurgia<\/strong>, <strong>miner\u00eda<\/strong>, <strong>tratamiento de residuos<\/strong>, <strong>vidrio y otros<\/strong>.<\/p>\n<div class=\"row\"><div class=\"col-sm-4\">\n                <h3>Mezcladoras Intensivas<\/h3>\n                <div>\n                    <a href=\"\/es\/tecnologia\/mezcladoras-intensivas\/\">\n                        <img decoding=\"async\" \n                        class=\"img-responsive aligncenter\" \n                        src=\"https:\/\/eirich.com.br\/es\/wp-content\/uploads\/2016\/06\/FD8757_1211635.jpg\" \n                        width=\"\" height=\"\" \n                        alt=\"Mezcladoras Intensivas\">\n                    <\/a>\n                <\/div>\n            <\/div>\n<div class=\"col-sm-4\">\n                <h3>Mezcladoras Horizontales<\/h3>\n                <div>\n                    <a href=\"\/es\/tecnologia\/mezcladoras-horizontales\/\">\n                        <img decoding=\"async\" \n                        class=\"img-responsive aligncenter\" \n                        src=\"https:\/\/eirich.com.br\/es\/wp-content\/uploads\/2016\/06\/OPTIMABLEND_menor.jpg\" \n                        width=\"\" height=\"\" \n                        alt=\"Mezcladoras Horizontales\">\n                    <\/a>\n                <\/div>\n            <\/div>\n<div class=\"col-sm-4\">\n                <h3>Molinos Verticais<\/h3>\n                <div>\n                    <a href=\"\/es\/tecnologia\/molino-vertical\/\">\n                        <img decoding=\"async\" \n                        class=\"img-responsive aligncenter\" \n                        src=\"https:\/\/eirich.com.br\/es\/wp-content\/uploads\/2016\/06\/TowerMill_1500_IronOre_200910618.jpg\" \n                        width=\"\" height=\"\" \n                        alt=\"Molinos Verticais\">\n                    <\/a>\n                <\/div>\n            <\/div><\/div>\n","protected":false},"excerpt":{"rendered":"<p>Presente en todos los continentes, el Grupo Eirich es un l\u00edder mundial en tecnolog\u00eda de procesamiento industrial de alta precisi\u00f3n, sobre todo mezclado, granulaci\u00f3n, peletizaci\u00f3n y la molienda fina, desarrollado durante m\u00e1s de 150 a\u00f1os de experiencia. Con la mejor reputaci\u00f3n en procesos de mezcla del mercado, Eirich fabrica la m\u00e1s amplia l\u00ednea de mezcladores [&hellip;]<\/p>\n","protected":false},"author":1,"featured_media":197,"parent":8,"menu_order":0,"comment_status":"closed","ping_status":"closed","template":"","meta":{"footnotes":""},"class_list":["post-16","page","type-page","status-publish","has-post-thumbnail","hentry"],"yoast_head":"<!-- This site is optimized with the Yoast SEO plugin v26.6 - https:\/\/yoast.com\/wordpress\/plugins\/seo\/ -->\n<title>Tecnolog\u00eda Eirich - Eirich de Brasil<\/title>\n<meta name=\"robots\" content=\"index, follow, max-snippet:-1, max-image-preview:large, max-video-preview:-1\" \/>\n<link rel=\"canonical\" href=\"https:\/\/eirich.com.br\/es\/equipamentos\/tecnologia-eirich\/\" \/>\n<meta property=\"og:locale\" content=\"es_ES\" \/>\n<meta property=\"og:type\" content=\"article\" \/>\n<meta property=\"og:title\" content=\"Tecnolog\u00eda Eirich - Eirich de Brasil\" \/>\n<meta property=\"og:description\" content=\"Presente en todos los continentes, el Grupo Eirich es un l\u00edder mundial en tecnolog\u00eda de procesamiento industrial de alta precisi\u00f3n, sobre todo mezclado, granulaci\u00f3n, peletizaci\u00f3n y la molienda fina, desarrollado durante m\u00e1s de 150 a\u00f1os de experiencia. Con la mejor reputaci\u00f3n en procesos de mezcla del mercado, Eirich fabrica la m\u00e1s amplia l\u00ednea de mezcladores [&hellip;]\" \/>\n<meta property=\"og:url\" content=\"https:\/\/eirich.com.br\/es\/equipamentos\/tecnologia-eirich\/\" \/>\n<meta property=\"og:site_name\" content=\"Eirich de Brasil\" \/>\n<meta property=\"article:modified_time\" content=\"2023-09-15T15:04:29+00:00\" \/>\n<meta property=\"og:image\" content=\"https:\/\/eirich.com.br\/es\/wp-content\/uploads\/sites\/3\/2016\/07\/Home_1_slider.jpg\" \/>\n\t<meta property=\"og:image:width\" content=\"1772\" \/>\n\t<meta property=\"og:image:height\" content=\"400\" \/>\n\t<meta property=\"og:image:type\" content=\"image\/jpeg\" \/>\n<meta name=\"twitter:card\" content=\"summary_large_image\" \/>\n<meta name=\"twitter:label1\" content=\"Tiempo de lectura\" \/>\n\t<meta name=\"twitter:data1\" content=\"1 minuto\" \/>\n<script type=\"application\/ld+json\" class=\"yoast-schema-graph\">{\"@context\":\"https:\/\/schema.org\",\"@graph\":[{\"@type\":\"WebPage\",\"@id\":\"https:\/\/eirich.com.br\/es\/equipamentos\/tecnologia-eirich\/\",\"url\":\"https:\/\/eirich.com.br\/es\/equipamentos\/tecnologia-eirich\/\",\"name\":\"Tecnolog\u00eda Eirich - Eirich de Brasil\",\"isPartOf\":{\"@id\":\"https:\/\/eirich.com.br\/es\/#website\"},\"primaryImageOfPage\":{\"@id\":\"https:\/\/eirich.com.br\/es\/equipamentos\/tecnologia-eirich\/#primaryimage\"},\"image\":{\"@id\":\"https:\/\/eirich.com.br\/es\/equipamentos\/tecnologia-eirich\/#primaryimage\"},\"thumbnailUrl\":\"https:\/\/eirich.com.br\/es\/wp-content\/uploads\/sites\/3\/2016\/07\/Home_1_slider.jpg\",\"datePublished\":\"2016-06-29T19:20:49+00:00\",\"dateModified\":\"2023-09-15T15:04:29+00:00\",\"breadcrumb\":{\"@id\":\"https:\/\/eirich.com.br\/es\/equipamentos\/tecnologia-eirich\/#breadcrumb\"},\"inLanguage\":\"es\",\"potentialAction\":[{\"@type\":\"ReadAction\",\"target\":[\"https:\/\/eirich.com.br\/es\/equipamentos\/tecnologia-eirich\/\"]}]},{\"@type\":\"ImageObject\",\"inLanguage\":\"es\",\"@id\":\"https:\/\/eirich.com.br\/es\/equipamentos\/tecnologia-eirich\/#primaryimage\",\"url\":\"https:\/\/eirich.com.br\/es\/wp-content\/uploads\/sites\/3\/2016\/07\/Home_1_slider.jpg\",\"contentUrl\":\"https:\/\/eirich.com.br\/es\/wp-content\/uploads\/sites\/3\/2016\/07\/Home_1_slider.jpg\",\"width\":1772,\"height\":400},{\"@type\":\"BreadcrumbList\",\"@id\":\"https:\/\/eirich.com.br\/es\/equipamentos\/tecnologia-eirich\/#breadcrumb\",\"itemListElement\":[{\"@type\":\"ListItem\",\"position\":1,\"name\":\"In\u00edcio\",\"item\":\"https:\/\/eirich.com.br\/es\/\"},{\"@type\":\"ListItem\",\"position\":2,\"name\":\"Equipos\",\"item\":\"https:\/\/eirich.com.br\/es\/equipamentos\/\"},{\"@type\":\"ListItem\",\"position\":3,\"name\":\"Tecnolog\u00eda Eirich\"}]},{\"@type\":\"WebSite\",\"@id\":\"https:\/\/eirich.com.br\/es\/#website\",\"url\":\"https:\/\/eirich.com.br\/es\/\",\"name\":\"Eirich de Brasil\",\"description\":\"Pionero en la tecnolog\u00eda de mezclado, granulaci\u00f3n, granulaci\u00f3n y molienda fina.\",\"potentialAction\":[{\"@type\":\"SearchAction\",\"target\":{\"@type\":\"EntryPoint\",\"urlTemplate\":\"https:\/\/eirich.com.br\/es\/?s={search_term_string}\"},\"query-input\":{\"@type\":\"PropertyValueSpecification\",\"valueRequired\":true,\"valueName\":\"search_term_string\"}}],\"inLanguage\":\"es\"}]}<\/script>\n<!-- \/ Yoast SEO plugin. -->","yoast_head_json":{"title":"Tecnolog\u00eda Eirich - Eirich de Brasil","robots":{"index":"index","follow":"follow","max-snippet":"max-snippet:-1","max-image-preview":"max-image-preview:large","max-video-preview":"max-video-preview:-1"},"canonical":"https:\/\/eirich.com.br\/es\/equipamentos\/tecnologia-eirich\/","og_locale":"es_ES","og_type":"article","og_title":"Tecnolog\u00eda Eirich - Eirich de Brasil","og_description":"Presente en todos los continentes, el Grupo Eirich es un l\u00edder mundial en tecnolog\u00eda de procesamiento industrial de alta precisi\u00f3n, sobre todo mezclado, granulaci\u00f3n, peletizaci\u00f3n y la molienda fina, desarrollado durante m\u00e1s de 150 a\u00f1os de experiencia. Con la mejor reputaci\u00f3n en procesos de mezcla del mercado, Eirich fabrica la m\u00e1s amplia l\u00ednea de mezcladores [&hellip;]","og_url":"https:\/\/eirich.com.br\/es\/equipamentos\/tecnologia-eirich\/","og_site_name":"Eirich de Brasil","article_modified_time":"2023-09-15T15:04:29+00:00","og_image":[{"width":1772,"height":400,"url":"https:\/\/eirich.com.br\/es\/wp-content\/uploads\/sites\/3\/2016\/07\/Home_1_slider.jpg","type":"image\/jpeg"}],"twitter_card":"summary_large_image","twitter_misc":{"Tiempo de lectura":"1 minuto"},"schema":{"@context":"https:\/\/schema.org","@graph":[{"@type":"WebPage","@id":"https:\/\/eirich.com.br\/es\/equipamentos\/tecnologia-eirich\/","url":"https:\/\/eirich.com.br\/es\/equipamentos\/tecnologia-eirich\/","name":"Tecnolog\u00eda Eirich - Eirich de Brasil","isPartOf":{"@id":"https:\/\/eirich.com.br\/es\/#website"},"primaryImageOfPage":{"@id":"https:\/\/eirich.com.br\/es\/equipamentos\/tecnologia-eirich\/#primaryimage"},"image":{"@id":"https:\/\/eirich.com.br\/es\/equipamentos\/tecnologia-eirich\/#primaryimage"},"thumbnailUrl":"https:\/\/eirich.com.br\/es\/wp-content\/uploads\/sites\/3\/2016\/07\/Home_1_slider.jpg","datePublished":"2016-06-29T19:20:49+00:00","dateModified":"2023-09-15T15:04:29+00:00","breadcrumb":{"@id":"https:\/\/eirich.com.br\/es\/equipamentos\/tecnologia-eirich\/#breadcrumb"},"inLanguage":"es","potentialAction":[{"@type":"ReadAction","target":["https:\/\/eirich.com.br\/es\/equipamentos\/tecnologia-eirich\/"]}]},{"@type":"ImageObject","inLanguage":"es","@id":"https:\/\/eirich.com.br\/es\/equipamentos\/tecnologia-eirich\/#primaryimage","url":"https:\/\/eirich.com.br\/es\/wp-content\/uploads\/sites\/3\/2016\/07\/Home_1_slider.jpg","contentUrl":"https:\/\/eirich.com.br\/es\/wp-content\/uploads\/sites\/3\/2016\/07\/Home_1_slider.jpg","width":1772,"height":400},{"@type":"BreadcrumbList","@id":"https:\/\/eirich.com.br\/es\/equipamentos\/tecnologia-eirich\/#breadcrumb","itemListElement":[{"@type":"ListItem","position":1,"name":"In\u00edcio","item":"https:\/\/eirich.com.br\/es\/"},{"@type":"ListItem","position":2,"name":"Equipos","item":"https:\/\/eirich.com.br\/es\/equipamentos\/"},{"@type":"ListItem","position":3,"name":"Tecnolog\u00eda Eirich"}]},{"@type":"WebSite","@id":"https:\/\/eirich.com.br\/es\/#website","url":"https:\/\/eirich.com.br\/es\/","name":"Eirich de Brasil","description":"Pionero en la tecnolog\u00eda de mezclado, granulaci\u00f3n, granulaci\u00f3n y molienda fina.","potentialAction":[{"@type":"SearchAction","target":{"@type":"EntryPoint","urlTemplate":"https:\/\/eirich.com.br\/es\/?s={search_term_string}"},"query-input":{"@type":"PropertyValueSpecification","valueRequired":true,"valueName":"search_term_string"}}],"inLanguage":"es"}]}},"_links":{"self":[{"href":"https:\/\/eirich.com.br\/es\/wp-json\/wp\/v2\/pages\/16","targetHints":{"allow":["GET"]}}],"collection":[{"href":"https:\/\/eirich.com.br\/es\/wp-json\/wp\/v2\/pages"}],"about":[{"href":"https:\/\/eirich.com.br\/es\/wp-json\/wp\/v2\/types\/page"}],"author":[{"embeddable":true,"href":"https:\/\/eirich.com.br\/es\/wp-json\/wp\/v2\/users\/1"}],"replies":[{"embeddable":true,"href":"https:\/\/eirich.com.br\/es\/wp-json\/wp\/v2\/comments?post=16"}],"version-history":[{"count":27,"href":"https:\/\/eirich.com.br\/es\/wp-json\/wp\/v2\/pages\/16\/revisions"}],"predecessor-version":[{"id":1053,"href":"https:\/\/eirich.com.br\/es\/wp-json\/wp\/v2\/pages\/16\/revisions\/1053"}],"up":[{"embeddable":true,"href":"https:\/\/eirich.com.br\/es\/wp-json\/wp\/v2\/pages\/8"}],"wp:featuredmedia":[{"embeddable":true,"href":"https:\/\/eirich.com.br\/es\/wp-json\/wp\/v2\/media\/197"}],"wp:attachment":[{"href":"https:\/\/eirich.com.br\/es\/wp-json\/wp\/v2\/media?parent=16"}],"curies":[{"name":"wp","href":"https:\/\/api.w.org\/{rel}","templated":true}]}}