{"id":14,"date":"2016-06-29T16:20:07","date_gmt":"2016-06-29T19:20:07","guid":{"rendered":"https:\/\/eirich.com.br\/es\/?page_id=14"},"modified":"2026-02-13T15:21:56","modified_gmt":"2026-02-13T18:21:56","slug":"contato","status":"publish","type":"page","link":"https:\/\/eirich.com.br\/es\/contato\/","title":{"rendered":"Contacto"},"content":{"rendered":"<p>Eirich cuida de usted y respeta su privacidad. Valoramos la confianza y la responsabilidad en todas nuestras relaciones. Descubra c\u00f3mo tratamos los datos personales y c\u00f3mo valoramos la privacidad en nuestra <strong><a href=\"https:\/\/eirich.com.br\/politica-de-privacidade\/\">Pol\u00edtica de Gobernanza de Datos<\/a><\/strong>.<\/p>\n<hr \/>\n<div id=\"resposta-formulario\"><\/div>\t\t\t<form action=\"https:\/\/eirich.com.br\/es\/wp-json\/wp\/v2\/pages\/14#resposta-formulario\" method=\"post\" class=\"form-contact\" id=\"formulario\" >\r\n\t\t\t\t<div class=\"form_messages\"><\/div>\t\t\t\t\t\t\t\t<input type=\"hidden\" name=\"form_name\" value=\"contato_form\" \/>\r\n\t\t\t<input type='hidden' name='type' value='frontend' \/>\n<input type='hidden' name='object_type' value='post' \/>\n<input type='hidden' name='object_id' value='0' \/>\n<input type='hidden' name='form_name' value='contato_form' \/>\n<div class='fieldsets'><fieldset id='contact-first-block' class='group_container row'>\t\t\t\t\t<div class=\"form-group boros_form_element boros_element_textarea layout_bootstrap4 col-md-12\" id=\"mensagem_control\">\r\n\t\t\t\t\t\t<label for='mensagem'>Deje su mensaje *<\/label>\t\t\t\t\t\t<textarea  name='mensagem' id='mensagem' class='boros_form_input input_textarea  form-control ipt_textarea ' rel='mensagem' required='required' data-type='frontend' data-object_type='post' data-object_id='0' data-form_name='contato_form' data-group='contact-first-block' data-in_duplicate_group='0' data-name='mensagem' data-parent='0'><\/textarea>\t\t\t\t\t\t\t\t\t\t\t<\/div>\r\n\t\t\t\t\t\t\t\t\t\t<div class=\"form-group boros_form_element boros_element_text layout_bootstrap4 col-md-6\" id=\"nome_control\">\r\n\t\t\t\t\t\t<label for='nome'>Nombre *<\/label>\t\t\t\t\t\t<input type='text' value='' name='nome' id='nome' class='boros_form_input input_text  form-control  ' rel='nome' placeholder='' required='required' data-type='frontend' data-object_type='post' data-object_id='0' data-form_name='contato_form' data-group='contact-first-block' data-in_duplicate_group='0' data-name='nome' data-parent='0' \/>\t\t\t\t\t\t\t\t\t\t\t<\/div>\r\n\t\t\t\t\t\t\t\t\t\t<div class=\"form-group boros_form_element boros_element_text layout_bootstrap4 col-md-6\" id=\"empresa_control\">\r\n\t\t\t\t\t\t<label for='empresa'>Empresa<\/label>\t\t\t\t\t\t<input type='text' value='' name='empresa' id='empresa' class='boros_form_input input_text  form-control  ' rel='empresa' data-type='frontend' data-object_type='post' data-object_id='0' data-form_name='contato_form' data-group='contact-first-block' data-in_duplicate_group='0' data-name='empresa' data-parent='0' \/>\t\t\t\t\t\t\t\t\t\t\t<\/div>\r\n\t\t\t\t\t\t\t\t\t\t<div class=\"form-group boros_form_element boros_element_text layout_bootstrap4 col-md-6\" id=\"email_control\">\r\n\t\t\t\t\t\t<label for='email'>Correo electr\u00f3nico *<\/label>\t\t\t\t\t\t<input type='email' value='' name='email' id='email' class='boros_form_input input_text  form-control  ' rel='email' placeholder='' required='required' data-type='frontend' data-object_type='post' data-object_id='0' data-form_name='contato_form' data-group='contact-first-block' data-in_duplicate_group='0' data-name='email' data-parent='0' \/>\t\t\t\t\t\t\t\t\t\t\t<\/div>\r\n\t\t\t\t\t\t\t\t\t\t<div class=\"form-group boros_form_element boros_element_text layout_bootstrap4 col-md-2\" id=\"ddd_control\">\r\n\t\t\t\t\t\t<label for='ddd'>DDI + DDD *<\/label>\t\t\t\t\t\t<input type='text' value='' name='ddd' id='ddd' class='boros_form_input input_text  form-control  ' rel='ddd' required='required' data-type='frontend' data-object_type='post' data-object_id='0' data-form_name='contato_form' data-group='contact-first-block' data-in_duplicate_group='0' data-name='ddd' data-parent='0' \/>\t\t\t\t\t\t\t\t\t\t\t<\/div>\r\n\t\t\t\t\t\t\t\t\t\t<div class=\"form-group boros_form_element boros_element_text layout_bootstrap4 col-md-4\" id=\"telefone_control\">\r\n\t\t\t\t\t\t<label for='telefone'>Tel\u00e9fono *<\/label>\t\t\t\t\t\t<input type='text' value='' name='telefone' id='telefone' class='boros_form_input input_text  form-control  ' rel='telefone' required='required' data-type='frontend' data-object_type='post' data-object_id='0' data-form_name='contato_form' data-group='contact-first-block' data-in_duplicate_group='0' data-name='telefone' data-parent='0' \/>\t\t\t\t\t\t\t\t\t\t\t<\/div>\r\n\t\t\t\t\t\t\t\t\t\t<div class=\"form-group boros_form_element boros_element_select layout_bootstrap4 col-md-12\" id=\"setor_control\">\r\n\t\t\t\t\t\t<label for='setor'>Seleccione el departamento con el que desea contactar<\/label>\t\t\t\t\t\t<select  name='setor' id='setor' class='boros_form_input input_select  form-control  ' rel='setor' required='required' data-type='frontend' data-object_type='post' data-object_id='0' data-form_name='contato_form' data-group='contact-first-block' data-in_duplicate_group='0' data-name='setor' data-parent='0'><option value='' selected='selected'>&mdash;<\/option>\n<option value='Atendimento Geral'>Servicios generales<\/option>\n<option value='Carreiras'>Carrera<\/option>\n<option value='Centro de Testes'>Centro de Testes<\/option>\n<option value='Compras'>Compras<\/option>\n<option value='Vendas - Equipamentos'>Ventas - Equipo<\/option>\n<option value='Vendas - Assist\u00eancia T\u00e9cnica e Pe\u00e7as de Reposi\u00e7\u00e3o'>Ventas - Asistencia T\u00e9cnica y Repuestos<\/option>\n<option value='Planta de Servi\u00e7os'>Planta de Servicios<\/option>\n<\/select>\t\t\t\t\t\t\t\t\t\t\t<\/div>\r\n\t\t\t\t\t<\/fieldset><fieldset id='contact-second-block' class='group_container row'>\t\t\t\t\t<div class=\"form-group boros_form_element boros_element_grecaptcha layout_bootstrap4 col-md-6\" id=\"g-recaptcha-response_control\">\r\n\t\t\t\t\t\t\t\t\t\t\t\t<div class='grecaptcha_render ' id='grecaptcha-2'><\/div>\t\t\t\t\t\t\t\t\t\t\t<\/div>\r\n\t\t\t\t\t\t\t\t\t\t<div class=\"form-group boros_form_element boros_element_checkbox layout_bootstrap4 col-md-4\" id=\"newsletter_control\">\r\n\t\t\t\t\t\t\t\t\t\t\t\t<div class='form-check'><input type='checkbox'  name='newsletter' id='newsletter' class='boros_form_input input_checkbox   ' rel='newsletter' data-type='frontend' data-object_type='post' data-object_id='0' data-form_name='contato_form' data-group='contact-second-block' data-in_duplicate_group='0' data-name='newsletter' data-parent='0' value='1'  id='newsletter' class='form-check-input' \/><label clas='form-check-label' for='newsletter'> Suscribirse a nuestro bolet\u00edn de noticias<\/label><\/div>\t\t\t\t\t\t\t\t\t\t\t<\/div>\r\n\t\t\t\t\t\t\t\t\t\t<div class=\"form-group boros_form_element boros_element_submit layout_bootstrap4 col-md-2\" id=\"submit_control\">\r\n\t\t\t\t\t\t\t\t\t\t\t\t<input type='submit' value='ENVIAR' name='submit' id='submit' class='boros_form_input input_submit  btn btn-eirich btn-lg  ' rel='submit' data-type='frontend' data-object_type='post' data-object_id='0' data-form_name='contato_form' data-group='contact-second-block' data-in_duplicate_group='0' data-name='submit' data-parent='0' \/>\t\t\t\t\t\t\t\t\t\t\t<\/div>\r\n\t\t\t\t\t<\/fieldset><\/div>\t\t\t<\/form>\r\n\t\t\t\n<hr \/>\n<p><strong>O para hablar sobre:<\/strong><\/p>\n<p><strong>Mezcladores Intensivos y Horizontales &#8211; todas las aplicaciones\u00a0<\/strong><br \/>\nLuiz Mendes | <a href=\"mailto:luiz.mendes@eirich.com.br\">luiz.mendes@eirich.com.br<\/a> | <a href=\"https:\/\/wa.me\/551146198902\">+55 11 99107-8932<\/a><\/p>\n<p><strong>Repuestos y Servicios\u00a0<\/strong><br \/>\nAntonio Nakashima | <a href=\"mailto:antonio.nakashima@eirich.com.br\">antonio.nakashima@eirich.com.br<\/a> |\u00a0<a href=\"https:\/\/wa.me\/551146198902\">+55 11 99107-1689<\/a><\/p>\n<p><strong>Centro de Testes<\/strong><br \/>\nPedro Godoy | <a href=\"mailto:pedro.godoy@eirich.com.br\">pedro.godoy@eirich.com.br<\/a> |\u00a0<a href=\"https:\/\/wa.me\/551146198902\">+55 11 97174-9603<\/a><\/p>\n<p><strong>Representante Eirich en Latino America:<\/strong><\/p>\n<p>Si desea ser un <strong>Representante Eirich<\/strong>, complete este <a href=\"http:\/\/http-eirich-com-br.rds.land\/representante-eirich\"><strong>formulario haciendo clic aqu\u00ed.<\/strong><\/a><\/p>\n<hr \/>\n    <h3>Nuestra sede en Brasil<\/h3>\n\n    <address>\n        <p>Estrada Velha de Itu, 1.500<br \/>\nJd. Alvorada &#8211; Jandira &#8211; SP &#8211; Brasil<\/p>\n        <a href=\"https:\/\/www.google.com\/maps\/place\/Eirich+Industrial+Ltda\/@-23.521702,-46.919571,12z\/data=!4m5!3m4!1s0x0:0xd23b668c3e369110!8m2!3d-23.5217018!4d-46.9195709?hl=pt-BR\">Ver mapa<\/a> \n    <\/address>\n\n    <div class=\"embed-responsive embed-responsive-16by9\">\n        <iframe loading=\"lazy\" src=\"https:\/\/www.google.com\/maps\/embed?pb=!1m14!1m8!1m3!1d29266.3037281305!2d-46.919683!3d-23.522143!3m2!1i1024!2i768!4f13.1!3m3!1m2!1s0x94cf04177fb436df%3A0xd23b668c3e369110!2sEirich+Industrial+Ltda!5e0!3m2!1spt-BR!2sus!4v1465937277987\" width=\"600\" height=\"450\" frameborder=\"0\" style=\"border:0\" allowfullscreen><\/iframe>\n    <\/div>\n    \n","protected":false},"excerpt":{"rendered":"<p>Eirich cuida de usted y respeta su privacidad. Valoramos la confianza y la responsabilidad en todas nuestras relaciones. Descubra c\u00f3mo tratamos los datos personales y c\u00f3mo valoramos la privacidad en nuestra Pol\u00edtica de Gobernanza de Datos. O para hablar sobre: Mezcladores Intensivos y Horizontales &#8211; todas las aplicaciones\u00a0 Luiz Mendes | luiz.mendes@eirich.com.br | +55 11 [&hellip;]<\/p>\n","protected":false},"author":1,"featured_media":0,"parent":0,"menu_order":8,"comment_status":"closed","ping_status":"closed","template":"","meta":{"footnotes":""},"class_list":["post-14","page","type-page","status-publish","hentry"],"yoast_head":"<!-- This site is optimized with the Yoast SEO plugin v26.6 - https:\/\/yoast.com\/wordpress\/plugins\/seo\/ -->\n<title>Contacto - Eirich de Brasil<\/title>\n<meta name=\"description\" content=\"Accede a la p\u00e1gina y llena el formulario para solicitar cotizaciones, hacer preguntas sobre productos, enviar tu curr\u00edculum y mucho m\u00e1s!\" \/>\n<meta name=\"robots\" content=\"index, follow, max-snippet:-1, max-image-preview:large, max-video-preview:-1\" \/>\n<link rel=\"canonical\" href=\"https:\/\/eirich.com.br\/es\/contato\/\" \/>\n<meta property=\"og:locale\" content=\"es_ES\" \/>\n<meta property=\"og:type\" content=\"article\" \/>\n<meta property=\"og:title\" content=\"Contacto - Eirich de Brasil\" \/>\n<meta property=\"og:description\" content=\"Accede a la p\u00e1gina y llena el formulario para solicitar cotizaciones, hacer preguntas sobre productos, enviar tu curr\u00edculum y mucho m\u00e1s!\" \/>\n<meta property=\"og:url\" content=\"https:\/\/eirich.com.br\/es\/contato\/\" \/>\n<meta property=\"og:site_name\" content=\"Eirich de Brasil\" \/>\n<meta property=\"article:modified_time\" content=\"2026-02-13T18:21:56+00:00\" \/>\n<meta name=\"twitter:card\" content=\"summary_large_image\" \/>\n<meta name=\"twitter:label1\" content=\"Tiempo de lectura\" \/>\n\t<meta name=\"twitter:data1\" content=\"1 minuto\" \/>\n<script type=\"application\/ld+json\" class=\"yoast-schema-graph\">{\"@context\":\"https:\/\/schema.org\",\"@graph\":[{\"@type\":\"WebPage\",\"@id\":\"https:\/\/eirich.com.br\/es\/contato\/\",\"url\":\"https:\/\/eirich.com.br\/es\/contato\/\",\"name\":\"Contacto - Eirich de Brasil\",\"isPartOf\":{\"@id\":\"https:\/\/eirich.com.br\/es\/#website\"},\"datePublished\":\"2016-06-29T19:20:07+00:00\",\"dateModified\":\"2026-02-13T18:21:56+00:00\",\"description\":\"Accede a la p\u00e1gina y llena el formulario para solicitar cotizaciones, hacer preguntas sobre productos, enviar tu curr\u00edculum y mucho m\u00e1s!\",\"breadcrumb\":{\"@id\":\"https:\/\/eirich.com.br\/es\/contato\/#breadcrumb\"},\"inLanguage\":\"es\",\"potentialAction\":[{\"@type\":\"ReadAction\",\"target\":[\"https:\/\/eirich.com.br\/es\/contato\/\"]}]},{\"@type\":\"BreadcrumbList\",\"@id\":\"https:\/\/eirich.com.br\/es\/contato\/#breadcrumb\",\"itemListElement\":[{\"@type\":\"ListItem\",\"position\":1,\"name\":\"In\u00edcio\",\"item\":\"https:\/\/eirich.com.br\/es\/\"},{\"@type\":\"ListItem\",\"position\":2,\"name\":\"Contacto\"}]},{\"@type\":\"WebSite\",\"@id\":\"https:\/\/eirich.com.br\/es\/#website\",\"url\":\"https:\/\/eirich.com.br\/es\/\",\"name\":\"Eirich de Brasil\",\"description\":\"Pionero en la tecnolog\u00eda de mezclado, granulaci\u00f3n, granulaci\u00f3n y molienda fina.\",\"potentialAction\":[{\"@type\":\"SearchAction\",\"target\":{\"@type\":\"EntryPoint\",\"urlTemplate\":\"https:\/\/eirich.com.br\/es\/?s={search_term_string}\"},\"query-input\":{\"@type\":\"PropertyValueSpecification\",\"valueRequired\":true,\"valueName\":\"search_term_string\"}}],\"inLanguage\":\"es\"}]}<\/script>\n<!-- \/ Yoast SEO plugin. -->","yoast_head_json":{"title":"Contacto - Eirich de Brasil","description":"Accede a la p\u00e1gina y llena el formulario para solicitar cotizaciones, hacer preguntas sobre productos, enviar tu curr\u00edculum y mucho m\u00e1s!","robots":{"index":"index","follow":"follow","max-snippet":"max-snippet:-1","max-image-preview":"max-image-preview:large","max-video-preview":"max-video-preview:-1"},"canonical":"https:\/\/eirich.com.br\/es\/contato\/","og_locale":"es_ES","og_type":"article","og_title":"Contacto - Eirich de Brasil","og_description":"Accede a la p\u00e1gina y llena el formulario para solicitar cotizaciones, hacer preguntas sobre productos, enviar tu curr\u00edculum y mucho m\u00e1s!","og_url":"https:\/\/eirich.com.br\/es\/contato\/","og_site_name":"Eirich de Brasil","article_modified_time":"2026-02-13T18:21:56+00:00","twitter_card":"summary_large_image","twitter_misc":{"Tiempo de lectura":"1 minuto"},"schema":{"@context":"https:\/\/schema.org","@graph":[{"@type":"WebPage","@id":"https:\/\/eirich.com.br\/es\/contato\/","url":"https:\/\/eirich.com.br\/es\/contato\/","name":"Contacto - Eirich de Brasil","isPartOf":{"@id":"https:\/\/eirich.com.br\/es\/#website"},"datePublished":"2016-06-29T19:20:07+00:00","dateModified":"2026-02-13T18:21:56+00:00","description":"Accede a la p\u00e1gina y llena el formulario para solicitar cotizaciones, hacer preguntas sobre productos, enviar tu curr\u00edculum y mucho m\u00e1s!","breadcrumb":{"@id":"https:\/\/eirich.com.br\/es\/contato\/#breadcrumb"},"inLanguage":"es","potentialAction":[{"@type":"ReadAction","target":["https:\/\/eirich.com.br\/es\/contato\/"]}]},{"@type":"BreadcrumbList","@id":"https:\/\/eirich.com.br\/es\/contato\/#breadcrumb","itemListElement":[{"@type":"ListItem","position":1,"name":"In\u00edcio","item":"https:\/\/eirich.com.br\/es\/"},{"@type":"ListItem","position":2,"name":"Contacto"}]},{"@type":"WebSite","@id":"https:\/\/eirich.com.br\/es\/#website","url":"https:\/\/eirich.com.br\/es\/","name":"Eirich de Brasil","description":"Pionero en la tecnolog\u00eda de mezclado, granulaci\u00f3n, granulaci\u00f3n y molienda fina.","potentialAction":[{"@type":"SearchAction","target":{"@type":"EntryPoint","urlTemplate":"https:\/\/eirich.com.br\/es\/?s={search_term_string}"},"query-input":{"@type":"PropertyValueSpecification","valueRequired":true,"valueName":"search_term_string"}}],"inLanguage":"es"}]}},"_links":{"self":[{"href":"https:\/\/eirich.com.br\/es\/wp-json\/wp\/v2\/pages\/14","targetHints":{"allow":["GET"]}}],"collection":[{"href":"https:\/\/eirich.com.br\/es\/wp-json\/wp\/v2\/pages"}],"about":[{"href":"https:\/\/eirich.com.br\/es\/wp-json\/wp\/v2\/types\/page"}],"author":[{"embeddable":true,"href":"https:\/\/eirich.com.br\/es\/wp-json\/wp\/v2\/users\/1"}],"replies":[{"embeddable":true,"href":"https:\/\/eirich.com.br\/es\/wp-json\/wp\/v2\/comments?post=14"}],"version-history":[{"count":8,"href":"https:\/\/eirich.com.br\/es\/wp-json\/wp\/v2\/pages\/14\/revisions"}],"predecessor-version":[{"id":1204,"href":"https:\/\/eirich.com.br\/es\/wp-json\/wp\/v2\/pages\/14\/revisions\/1204"}],"wp:attachment":[{"href":"https:\/\/eirich.com.br\/es\/wp-json\/wp\/v2\/media?parent=14"}],"curies":[{"name":"wp","href":"https:\/\/api.w.org\/{rel}","templated":true}]}}