{"id":12,"date":"2016-06-29T16:19:27","date_gmt":"2016-06-29T19:19:27","guid":{"rendered":"https:\/\/eirich.com.br\/es\/?page_id=12"},"modified":"2023-09-15T18:24:48","modified_gmt":"2023-09-15T21:24:48","slug":"maschinenfabrik-gustav-eirich","status":"publish","type":"page","link":"https:\/\/eirich.com.br\/es\/maschinenfabrik-gustav-eirich\/","title":{"rendered":"Maschinenfabrik Gustav Eirich"},"content":{"rendered":"<h2>O Grupo Eirich. Tradici\u00f3n e innovaci\u00f3n desde 1863.<\/h2>\n<p>&nbsp;<\/p>\n<p><strong><img loading=\"lazy\" decoding=\"async\" class=\"img-responsive alignleft wp-image-120 \" src=\"https:\/\/eirich.com.br\/wp-content\/uploads\/2016\/06\/Gustav-Eirich.jpg\" alt=\"Gustav-Eirich\" width=\"320\" height=\"385\" \/>Maschinenfabrik Gustav Eirich <\/strong>fue fundada en 1863 como un taller de molinos. Con el paso del tiempo se desarroll\u00f3 como un grupo internacional de empresas con operaciones en todo el mundo. El Grupo Eirich permanece fiel a la filosof\u00eda de los fundadores:<strong><br \/>\n<\/strong><\/p>\n<blockquote><p>\u201cOfrecerle a los clientes los mejores avances tecnol\u00f3gicos\u201d.<\/p><\/blockquote>\n<p><strong>Eirich<\/strong>, l\u00edder en tecnolog\u00eda de procesamiento de materiales, est\u00e1 presente en el mundo con una amplia gama de productos y servicios, centrado\u00a0especialmente en la tecnolog\u00eda de mezclado, granulaci\u00f3n, la reacci\u00f3n y la molienda fina, con el know-how desarrollado durante m\u00e1s de 150 a\u00f1os de cooperaci\u00f3n mutua entre los usuarios de la industria, centros de investigaci\u00f3n, desarrollo\u00a0y universidades.<\/p>\n<p><strong>Hardheim &#8211; el\u00a0centro estrat\u00e9gico<\/strong><\/p>\n<p>La matriz de Hardheim es el centro estrat\u00e9gico del grupo, y juntamente\u00a0con las instalaciones de\u00a0K\u00fclsheim, conforma un equipo de 770 empleados, responsables por\u00a0la producci\u00f3n, el Centro de Tecnolog\u00eda, Ventas y Servicios. El intenso trabajo de desarrollo en las \u00e1reas de sistemas de tecnolog\u00eda de procesos, maquinaria, ingenier\u00eda y de control le permiten desarrollar productos innovadores que emplean tecnolog\u00edas propias, promoviendo el desarrollo de nuevos procesos y soluciones espec\u00edficas para cada aplicaci\u00f3n, personalizadas con cada cliente.<\/p>\n<p>&nbsp;<\/p>\n<div id='gallery-1' class='gallery galleryid-12 gallery-columns-3 gallery-size-thumbnail'><figure class='gallery-item'>\n            <div class='gallery-icon landscape'>\n                <a \n                            href='https:\/\/eirich.com.br\/es\/wp-content\/uploads\/sites\/3\/2016\/06\/Founders_house-eirich.jpg' \n                            target='_blank' \n                            data-sizes='1063x964'\n                        >\n                        <img \n                            src='https:\/\/eirich.com.br\/es\/wp-content\/uploads\/sites\/3\/2016\/06\/Founders_house-eirich-283x190.jpg' \n                            class='attachment-thumbnail size-thumbnail' \n                            width='283' \n                            height='190' \n                            alt='' \/>\n                        <\/a>\n            <\/div>\n                <figcaption class='wp-caption-text gallery-caption' id='gallery-1-283'>\n                Casa de los fundadores &#8211; d\u00edas actuales\n                <\/figcaption><\/figure><figure class='gallery-item'>\n            <div class='gallery-icon portrait'>\n                <a \n                            href='https:\/\/eirich.com.br\/es\/wp-content\/uploads\/sites\/3\/2016\/06\/Founders_house-eirich-old.jpg' \n                            target='_blank' \n                            data-sizes='672x1019'\n                        >\n                        <img \n                            src='https:\/\/eirich.com.br\/es\/wp-content\/uploads\/sites\/3\/2016\/06\/Founders_house-eirich-old-283x190.jpg' \n                            class='attachment-thumbnail size-thumbnail' \n                            width='283' \n                            height='190' \n                            alt='' \/>\n                        <\/a>\n            <\/div>\n                <figcaption class='wp-caption-text gallery-caption' id='gallery-1-277'>\n                Casa de los fundadores de Eirich\n                <\/figcaption><\/figure><figure class='gallery-item'>\n            <div class='gallery-icon landscape'>\n                <a \n                            href='https:\/\/eirich.com.br\/es\/wp-content\/uploads\/sites\/3\/2016\/06\/eirich-harheim.jpg' \n                            target='_blank' \n                            data-sizes='1346x898'\n                        >\n                        <img \n                            src='https:\/\/eirich.com.br\/es\/wp-content\/uploads\/sites\/3\/2016\/06\/eirich-harheim-283x190.jpg' \n                            class='attachment-thumbnail size-thumbnail' \n                            width='283' \n                            height='190' \n                            alt='' \/>\n                        <\/a>\n            <\/div>\n                <figcaption class='wp-caption-text gallery-caption' id='gallery-1-284'>\n                Vista de la f\u00e1brica en Hardheim\n                <\/figcaption><\/figure><figure class='gallery-item'>\n            <div class='gallery-icon landscape'>\n                <a \n                            href='https:\/\/eirich.com.br\/es\/wp-content\/uploads\/sites\/3\/2016\/06\/office-eirich-hardheim.jpg' \n                            target='_blank' \n                            data-sizes='1250x544'\n                        >\n                        <img \n                            src='https:\/\/eirich.com.br\/es\/wp-content\/uploads\/sites\/3\/2016\/06\/office-eirich-hardheim-283x190.jpg' \n                            class='attachment-thumbnail size-thumbnail' \n                            width='283' \n                            height='190' \n                            alt='' \/>\n                        <\/a>\n            <\/div>\n                <figcaption class='wp-caption-text gallery-caption' id='gallery-1-286'>\n                Oficina en Hardheim\n                <\/figcaption><\/figure><figure class='gallery-item'>\n            <div class='gallery-icon landscape'>\n                <a \n                            href='https:\/\/eirich.com.br\/es\/wp-content\/uploads\/sites\/3\/2016\/06\/nova-fabrica-founders-house.jpg' \n                            target='_blank' \n                            data-sizes='1908x861'\n                        >\n                        <img \n                            src='https:\/\/eirich.com.br\/es\/wp-content\/uploads\/sites\/3\/2016\/06\/nova-fabrica-founders-house-283x190.jpg' \n                            class='attachment-thumbnail size-thumbnail' \n                            width='283' \n                            height='190' \n                            alt='' \/>\n                        <\/a>\n            <\/div>\n                <figcaption class='wp-caption-text gallery-caption' id='gallery-1-282'>\n                Nueva f\u00e1brica al lado de la casa de los fundadores\n                <\/figcaption><\/figure><figure class='gallery-item'>\n            <div class='gallery-icon landscape'>\n                <a \n                            href='https:\/\/eirich.com.br\/es\/wp-content\/uploads\/sites\/3\/2016\/06\/centro-logistico-eirich-harheim-.jpg' \n                            target='_blank' \n                            data-sizes='1859x1239'\n                        >\n                        <img \n                            src='https:\/\/eirich.com.br\/es\/wp-content\/uploads\/sites\/3\/2016\/06\/centro-logistico-eirich-harheim--283x190.jpg' \n                            class='attachment-thumbnail size-thumbnail' \n                            width='283' \n                            height='190' \n                            alt='' \/>\n                        <\/a>\n            <\/div>\n                <figcaption class='wp-caption-text gallery-caption' id='gallery-1-281'>\n                Centro de Logistica Eirich en K\u00fclshiem\n                <\/figcaption><\/figure><figure class='gallery-item'>\n            <div class='gallery-icon portrait'>\n                <a \n                            href='https:\/\/eirich.com.br\/es\/wp-content\/uploads\/sites\/3\/2016\/06\/eirich-mixers-first-model-scaled.jpg' \n                            target='_blank' \n                            data-sizes='1849x2560'\n                        >\n                        <img \n                            src='https:\/\/eirich.com.br\/es\/wp-content\/uploads\/sites\/3\/2016\/06\/eirich-mixers-first-model-283x190.jpg' \n                            class='attachment-thumbnail size-thumbnail' \n                            width='283' \n                            height='190' \n                            alt='' \/>\n                        <\/a>\n            <\/div>\n                <figcaption class='wp-caption-text gallery-caption' id='gallery-1-280'>\n                Los primeros equipos\n                <\/figcaption><\/figure><figure class='gallery-item'>\n            <div class='gallery-icon portrait'>\n                <a \n                            href='https:\/\/eirich.com.br\/es\/wp-content\/uploads\/sites\/3\/2016\/06\/eirich-mixers-1843-scaled.jpg' \n                            target='_blank' \n                            data-sizes='1854x2560'\n                        >\n                        <img \n                            src='https:\/\/eirich.com.br\/es\/wp-content\/uploads\/sites\/3\/2016\/06\/eirich-mixers-1843-283x190.jpg' \n                            class='attachment-thumbnail size-thumbnail' \n                            width='283' \n                            height='190' \n                            alt='' \/>\n                        <\/a>\n            <\/div>\n                <figcaption class='wp-caption-text gallery-caption' id='gallery-1-279'>\n                Los primeros equipos\n                <\/figcaption><\/figure>\n        <\/div>\n\n<hr \/>\n<p>M\u00e1s informaciones: <a href=\"https:\/\/www.eirich.com\/\" target=\"_blank\" rel=\"noopener\">www.eirich.com<\/a><\/p>\n","protected":false},"excerpt":{"rendered":"<p>O Grupo Eirich. Tradici\u00f3n e innovaci\u00f3n desde 1863. &nbsp; Maschinenfabrik Gustav Eirich fue fundada en 1863 como un taller de molinos. Con el paso del tiempo se desarroll\u00f3 como un grupo internacional de empresas con operaciones en todo el mundo. El Grupo Eirich permanece fiel a la filosof\u00eda de los fundadores: \u201cOfrecerle a los clientes [&hellip;]<\/p>\n","protected":false},"author":1,"featured_media":288,"parent":0,"menu_order":6,"comment_status":"closed","ping_status":"closed","template":"","meta":{"footnotes":""},"class_list":["post-12","page","type-page","status-publish","has-post-thumbnail","hentry"],"yoast_head":"<!-- This site is optimized with the Yoast SEO plugin v26.6 - https:\/\/yoast.com\/wordpress\/plugins\/seo\/ -->\n<title>Maschinenfabrik Gustav Eirich - Eirich de Brasil<\/title>\n<meta name=\"robots\" content=\"index, follow, max-snippet:-1, max-image-preview:large, max-video-preview:-1\" \/>\n<link rel=\"canonical\" href=\"https:\/\/eirich.com.br\/es\/maschinenfabrik-gustav-eirich\/\" \/>\n<meta property=\"og:locale\" content=\"es_ES\" \/>\n<meta property=\"og:type\" content=\"article\" \/>\n<meta property=\"og:title\" content=\"Maschinenfabrik Gustav Eirich - Eirich de Brasil\" \/>\n<meta property=\"og:description\" content=\"O Grupo Eirich. Tradici\u00f3n e innovaci\u00f3n desde 1863. &nbsp; Maschinenfabrik Gustav Eirich fue fundada en 1863 como un taller de molinos. Con el paso del tiempo se desarroll\u00f3 como un grupo internacional de empresas con operaciones en todo el mundo. El Grupo Eirich permanece fiel a la filosof\u00eda de los fundadores: \u201cOfrecerle a los clientes [&hellip;]\" \/>\n<meta property=\"og:url\" content=\"https:\/\/eirich.com.br\/es\/maschinenfabrik-gustav-eirich\/\" \/>\n<meta property=\"og:site_name\" content=\"Eirich de Brasil\" \/>\n<meta property=\"article:modified_time\" content=\"2023-09-15T21:24:48+00:00\" \/>\n<meta property=\"og:image\" content=\"https:\/\/eirich.com.br\/es\/wp-content\/uploads\/sites\/3\/2016\/06\/Grupo_Eirich_MGustavEirich.jpg\" \/>\n\t<meta property=\"og:image:width\" content=\"1772\" \/>\n\t<meta property=\"og:image:height\" content=\"400\" \/>\n\t<meta property=\"og:image:type\" content=\"image\/jpeg\" \/>\n<meta name=\"twitter:card\" content=\"summary_large_image\" \/>\n<meta name=\"twitter:label1\" content=\"Tiempo de lectura\" \/>\n\t<meta name=\"twitter:data1\" content=\"2 minutos\" \/>\n<script type=\"application\/ld+json\" class=\"yoast-schema-graph\">{\"@context\":\"https:\/\/schema.org\",\"@graph\":[{\"@type\":\"WebPage\",\"@id\":\"https:\/\/eirich.com.br\/es\/maschinenfabrik-gustav-eirich\/\",\"url\":\"https:\/\/eirich.com.br\/es\/maschinenfabrik-gustav-eirich\/\",\"name\":\"Maschinenfabrik Gustav Eirich - Eirich de Brasil\",\"isPartOf\":{\"@id\":\"https:\/\/eirich.com.br\/es\/#website\"},\"primaryImageOfPage\":{\"@id\":\"https:\/\/eirich.com.br\/es\/maschinenfabrik-gustav-eirich\/#primaryimage\"},\"image\":{\"@id\":\"https:\/\/eirich.com.br\/es\/maschinenfabrik-gustav-eirich\/#primaryimage\"},\"thumbnailUrl\":\"https:\/\/eirich.com.br\/es\/wp-content\/uploads\/sites\/3\/2016\/06\/Grupo_Eirich_MGustavEirich.jpg\",\"datePublished\":\"2016-06-29T19:19:27+00:00\",\"dateModified\":\"2023-09-15T21:24:48+00:00\",\"breadcrumb\":{\"@id\":\"https:\/\/eirich.com.br\/es\/maschinenfabrik-gustav-eirich\/#breadcrumb\"},\"inLanguage\":\"es\",\"potentialAction\":[{\"@type\":\"ReadAction\",\"target\":[\"https:\/\/eirich.com.br\/es\/maschinenfabrik-gustav-eirich\/\"]}]},{\"@type\":\"ImageObject\",\"inLanguage\":\"es\",\"@id\":\"https:\/\/eirich.com.br\/es\/maschinenfabrik-gustav-eirich\/#primaryimage\",\"url\":\"https:\/\/eirich.com.br\/es\/wp-content\/uploads\/sites\/3\/2016\/06\/Grupo_Eirich_MGustavEirich.jpg\",\"contentUrl\":\"https:\/\/eirich.com.br\/es\/wp-content\/uploads\/sites\/3\/2016\/06\/Grupo_Eirich_MGustavEirich.jpg\",\"width\":1772,\"height\":400},{\"@type\":\"BreadcrumbList\",\"@id\":\"https:\/\/eirich.com.br\/es\/maschinenfabrik-gustav-eirich\/#breadcrumb\",\"itemListElement\":[{\"@type\":\"ListItem\",\"position\":1,\"name\":\"In\u00edcio\",\"item\":\"https:\/\/eirich.com.br\/es\/\"},{\"@type\":\"ListItem\",\"position\":2,\"name\":\"Maschinenfabrik Gustav Eirich\"}]},{\"@type\":\"WebSite\",\"@id\":\"https:\/\/eirich.com.br\/es\/#website\",\"url\":\"https:\/\/eirich.com.br\/es\/\",\"name\":\"Eirich de Brasil\",\"description\":\"Pionero en la tecnolog\u00eda de mezclado, granulaci\u00f3n, granulaci\u00f3n y molienda fina.\",\"potentialAction\":[{\"@type\":\"SearchAction\",\"target\":{\"@type\":\"EntryPoint\",\"urlTemplate\":\"https:\/\/eirich.com.br\/es\/?s={search_term_string}\"},\"query-input\":{\"@type\":\"PropertyValueSpecification\",\"valueRequired\":true,\"valueName\":\"search_term_string\"}}],\"inLanguage\":\"es\"}]}<\/script>\n<!-- \/ Yoast SEO plugin. -->","yoast_head_json":{"title":"Maschinenfabrik Gustav Eirich - Eirich de Brasil","robots":{"index":"index","follow":"follow","max-snippet":"max-snippet:-1","max-image-preview":"max-image-preview:large","max-video-preview":"max-video-preview:-1"},"canonical":"https:\/\/eirich.com.br\/es\/maschinenfabrik-gustav-eirich\/","og_locale":"es_ES","og_type":"article","og_title":"Maschinenfabrik Gustav Eirich - Eirich de Brasil","og_description":"O Grupo Eirich. Tradici\u00f3n e innovaci\u00f3n desde 1863. &nbsp; Maschinenfabrik Gustav Eirich fue fundada en 1863 como un taller de molinos. Con el paso del tiempo se desarroll\u00f3 como un grupo internacional de empresas con operaciones en todo el mundo. El Grupo Eirich permanece fiel a la filosof\u00eda de los fundadores: \u201cOfrecerle a los clientes [&hellip;]","og_url":"https:\/\/eirich.com.br\/es\/maschinenfabrik-gustav-eirich\/","og_site_name":"Eirich de Brasil","article_modified_time":"2023-09-15T21:24:48+00:00","og_image":[{"width":1772,"height":400,"url":"https:\/\/eirich.com.br\/es\/wp-content\/uploads\/sites\/3\/2016\/06\/Grupo_Eirich_MGustavEirich.jpg","type":"image\/jpeg"}],"twitter_card":"summary_large_image","twitter_misc":{"Tiempo de lectura":"2 minutos"},"schema":{"@context":"https:\/\/schema.org","@graph":[{"@type":"WebPage","@id":"https:\/\/eirich.com.br\/es\/maschinenfabrik-gustav-eirich\/","url":"https:\/\/eirich.com.br\/es\/maschinenfabrik-gustav-eirich\/","name":"Maschinenfabrik Gustav Eirich - Eirich de Brasil","isPartOf":{"@id":"https:\/\/eirich.com.br\/es\/#website"},"primaryImageOfPage":{"@id":"https:\/\/eirich.com.br\/es\/maschinenfabrik-gustav-eirich\/#primaryimage"},"image":{"@id":"https:\/\/eirich.com.br\/es\/maschinenfabrik-gustav-eirich\/#primaryimage"},"thumbnailUrl":"https:\/\/eirich.com.br\/es\/wp-content\/uploads\/sites\/3\/2016\/06\/Grupo_Eirich_MGustavEirich.jpg","datePublished":"2016-06-29T19:19:27+00:00","dateModified":"2023-09-15T21:24:48+00:00","breadcrumb":{"@id":"https:\/\/eirich.com.br\/es\/maschinenfabrik-gustav-eirich\/#breadcrumb"},"inLanguage":"es","potentialAction":[{"@type":"ReadAction","target":["https:\/\/eirich.com.br\/es\/maschinenfabrik-gustav-eirich\/"]}]},{"@type":"ImageObject","inLanguage":"es","@id":"https:\/\/eirich.com.br\/es\/maschinenfabrik-gustav-eirich\/#primaryimage","url":"https:\/\/eirich.com.br\/es\/wp-content\/uploads\/sites\/3\/2016\/06\/Grupo_Eirich_MGustavEirich.jpg","contentUrl":"https:\/\/eirich.com.br\/es\/wp-content\/uploads\/sites\/3\/2016\/06\/Grupo_Eirich_MGustavEirich.jpg","width":1772,"height":400},{"@type":"BreadcrumbList","@id":"https:\/\/eirich.com.br\/es\/maschinenfabrik-gustav-eirich\/#breadcrumb","itemListElement":[{"@type":"ListItem","position":1,"name":"In\u00edcio","item":"https:\/\/eirich.com.br\/es\/"},{"@type":"ListItem","position":2,"name":"Maschinenfabrik Gustav Eirich"}]},{"@type":"WebSite","@id":"https:\/\/eirich.com.br\/es\/#website","url":"https:\/\/eirich.com.br\/es\/","name":"Eirich de Brasil","description":"Pionero en la tecnolog\u00eda de mezclado, granulaci\u00f3n, granulaci\u00f3n y molienda fina.","potentialAction":[{"@type":"SearchAction","target":{"@type":"EntryPoint","urlTemplate":"https:\/\/eirich.com.br\/es\/?s={search_term_string}"},"query-input":{"@type":"PropertyValueSpecification","valueRequired":true,"valueName":"search_term_string"}}],"inLanguage":"es"}]}},"_links":{"self":[{"href":"https:\/\/eirich.com.br\/es\/wp-json\/wp\/v2\/pages\/12","targetHints":{"allow":["GET"]}}],"collection":[{"href":"https:\/\/eirich.com.br\/es\/wp-json\/wp\/v2\/pages"}],"about":[{"href":"https:\/\/eirich.com.br\/es\/wp-json\/wp\/v2\/types\/page"}],"author":[{"embeddable":true,"href":"https:\/\/eirich.com.br\/es\/wp-json\/wp\/v2\/users\/1"}],"replies":[{"embeddable":true,"href":"https:\/\/eirich.com.br\/es\/wp-json\/wp\/v2\/comments?post=12"}],"version-history":[{"count":14,"href":"https:\/\/eirich.com.br\/es\/wp-json\/wp\/v2\/pages\/12\/revisions"}],"predecessor-version":[{"id":1060,"href":"https:\/\/eirich.com.br\/es\/wp-json\/wp\/v2\/pages\/12\/revisions\/1060"}],"wp:featuredmedia":[{"embeddable":true,"href":"https:\/\/eirich.com.br\/es\/wp-json\/wp\/v2\/media\/288"}],"wp:attachment":[{"href":"https:\/\/eirich.com.br\/es\/wp-json\/wp\/v2\/media?parent=12"}],"curies":[{"name":"wp","href":"https:\/\/api.w.org\/{rel}","templated":true}]}}