{"id":119,"date":"2016-07-08T10:16:05","date_gmt":"2016-07-08T13:16:05","guid":{"rendered":"https:\/\/eirich.com.br\/es\/?page_id=119"},"modified":"2023-09-15T18:28:54","modified_gmt":"2023-09-15T21:28:54","slug":"estructura","status":"publish","type":"page","link":"https:\/\/eirich.com.br\/es\/maschinenfabrik-gustav-eirich\/eirich-brasil\/estructura\/","title":{"rendered":"Estructura"},"content":{"rendered":"<div id='gallery-1' class='gallery galleryid-119 gallery-columns-3 gallery-size-thumbnail'><figure class='gallery-item'>\n            <div class='gallery-icon landscape'>\n                <a \n                            href='https:\/\/eirich.com.br\/es\/wp-content\/uploads\/sites\/3\/2016\/07\/DJI_0175.png' \n                            target='_blank' \n                            data-sizes='2362x1329'\n                        >\n                        <img \n                            src='https:\/\/eirich.com.br\/es\/wp-content\/uploads\/sites\/3\/2016\/07\/DJI_0175-283x190.png' \n                            class='attachment-thumbnail size-thumbnail' \n                            width='283' \n                            height='190' \n                            alt='' \/>\n                        <\/a>\n            <\/div>\n                <figcaption class='wp-caption-text gallery-caption' id='gallery-1-494'>\n                Vista a\u00e9rea, 2018\n                <\/figcaption><\/figure><figure class='gallery-item'>\n            <div class='gallery-icon landscape'>\n                <a \n                            href='https:\/\/eirich.com.br\/es\/wp-content\/uploads\/sites\/3\/2016\/07\/IMG_5529-scaled.jpg' \n                            target='_blank' \n                            data-sizes='2560x1920'\n                        >\n                        <img \n                            src='https:\/\/eirich.com.br\/es\/wp-content\/uploads\/sites\/3\/2016\/07\/IMG_5529-283x190.jpg' \n                            class='attachment-thumbnail size-thumbnail' \n                            width='283' \n                            height='190' \n                            alt='' \/>\n                        <\/a>\n            <\/div>\n                <figcaption class='wp-caption-text gallery-caption' id='gallery-1-493'>\n                Recepci\u00f3n\n                <\/figcaption><\/figure><figure class='gallery-item'>\n            <div class='gallery-icon landscape'>\n                <a \n                            href='https:\/\/eirich.com.br\/es\/wp-content\/uploads\/sites\/3\/2016\/07\/DJI_0211-scaled.jpg' \n                            target='_blank' \n                            data-sizes='2560x1440'\n                        >\n                        <img \n                            src='https:\/\/eirich.com.br\/es\/wp-content\/uploads\/sites\/3\/2016\/07\/DJI_0211-283x190.jpg' \n                            class='attachment-thumbnail size-thumbnail' \n                            width='283' \n                            height='190' \n                            alt='' \/>\n                        <\/a>\n            <\/div>\n                <figcaption class='wp-caption-text gallery-caption' id='gallery-1-492'>\n                Vista a\u00e9rea, 2018\n                <\/figcaption><\/figure><figure class='gallery-item'>\n            <div class='gallery-icon landscape'>\n                <a \n                            href='https:\/\/eirich.com.br\/es\/wp-content\/uploads\/sites\/3\/2016\/07\/Vista-aerea-EI.jpg' \n                            target='_blank' \n                            data-sizes='1200x800'\n                        >\n                        <img \n                            src='https:\/\/eirich.com.br\/es\/wp-content\/uploads\/sites\/3\/2016\/07\/Vista-aerea-EI-283x190.jpg' \n                            class='attachment-thumbnail size-thumbnail' \n                            width='283' \n                            height='190' \n                            alt='' \/>\n                        <\/a>\n            <\/div>\n                <figcaption class='wp-caption-text gallery-caption' id='gallery-1-502'>\n                Vista a\u00e9rea, 2009\n                <\/figcaption><\/figure><figure class='gallery-item'>\n            <div class='gallery-icon landscape'>\n                <a \n                            href='https:\/\/eirich.com.br\/es\/wp-content\/uploads\/sites\/3\/2016\/07\/Eirich-Industrial-1896.jpg' \n                            target='_blank' \n                            data-sizes='1200x898'\n                        >\n                        <img \n                            src='https:\/\/eirich.com.br\/es\/wp-content\/uploads\/sites\/3\/2016\/07\/Eirich-Industrial-1896-283x190.jpg' \n                            class='attachment-thumbnail size-thumbnail' \n                            width='283' \n                            height='190' \n                            alt='' \/>\n                        <\/a>\n            <\/div>\n                <figcaption class='wp-caption-text gallery-caption' id='gallery-1-501'>\n                Vista a\u00e9rea, 1986\n                <\/figcaption><\/figure><figure class='gallery-item'>\n            <div class='gallery-icon landscape'>\n                <a \n                            href='https:\/\/eirich.com.br\/es\/wp-content\/uploads\/sites\/3\/2016\/07\/eirich-barra-funda-1973.jpg' \n                            target='_blank' \n                            data-sizes='1271x877'\n                        >\n                        <img \n                            src='https:\/\/eirich.com.br\/es\/wp-content\/uploads\/sites\/3\/2016\/07\/eirich-barra-funda-1973-283x190.jpg' \n                            class='attachment-thumbnail size-thumbnail' \n                            width='283' \n                            height='190' \n                            alt='' \/>\n                        <\/a>\n            <\/div>\n                <figcaption class='wp-caption-text gallery-caption' id='gallery-1-500'>\n                Antigua f\u00e1brica en la decada de 1980\n                <\/figcaption><\/figure><figure class='gallery-item'>\n            <div class='gallery-icon landscape'>\n                <a \n                            href='https:\/\/eirich.com.br\/es\/wp-content\/uploads\/sites\/3\/2016\/07\/Centro-de-testes-Misturadores-Horizontais-Eirich-Brasil.jpg' \n                            target='_blank' \n                            data-sizes='1200x897'\n                        >\n                        <img \n                            src='https:\/\/eirich.com.br\/es\/wp-content\/uploads\/sites\/3\/2016\/07\/Centro-de-testes-Misturadores-Horizontais-Eirich-Brasil-283x190.jpg' \n                            class='attachment-thumbnail size-thumbnail' \n                            width='283' \n                            height='190' \n                            alt='' \/>\n                        <\/a>\n            <\/div>\n                <figcaption class='wp-caption-text gallery-caption' id='gallery-1-186'>\n                Mezcladores Horizontales en el Centro de Testes, Brasil\n                <\/figcaption><\/figure><figure class='gallery-item'>\n            <div class='gallery-icon portrait'>\n                <a \n                            href='https:\/\/eirich.com.br\/es\/wp-content\/uploads\/sites\/3\/2016\/07\/Misturador-Intensivo-R08W-Centro-de-Testes-Eirich-Brasil.jpg' \n                            target='_blank' \n                            data-sizes='1200x1600'\n                        >\n                        <img \n                            src='https:\/\/eirich.com.br\/es\/wp-content\/uploads\/sites\/3\/2016\/07\/Misturador-Intensivo-R08W-Centro-de-Testes-Eirich-Brasil-283x190.jpg' \n                            class='attachment-thumbnail size-thumbnail' \n                            width='283' \n                            height='190' \n                            alt='' \/>\n                        <\/a>\n            <\/div>\n                <figcaption class='wp-caption-text gallery-caption' id='gallery-1-191'>\n                Mezclador Intensivo en el Centro de Testes, Brasil\n                <\/figcaption><\/figure><figure class='gallery-item'>\n            <div class='gallery-icon landscape'>\n                <a \n                            href='https:\/\/eirich.com.br\/es\/wp-content\/uploads\/sites\/3\/2016\/07\/Corte-plasma-Eirich-Brasil.jpg' \n                            target='_blank' \n                            data-sizes='1200x900'\n                        >\n                        <img \n                            src='https:\/\/eirich.com.br\/es\/wp-content\/uploads\/sites\/3\/2016\/07\/Corte-plasma-Eirich-Brasil-283x190.jpg' \n                            class='attachment-thumbnail size-thumbnail' \n                            width='283' \n                            height='190' \n                            alt='' \/>\n                        <\/a>\n            <\/div>\n                <figcaption class='wp-caption-text gallery-caption' id='gallery-1-187'>\n                Corte de Plasma\n                <\/figcaption><\/figure><figure class='gallery-item'>\n            <div class='gallery-icon landscape'>\n                <a \n                            href='https:\/\/eirich.com.br\/es\/wp-content\/uploads\/sites\/3\/2016\/07\/Solda-eirich-brasil.jpg' \n                            target='_blank' \n                            data-sizes='1200x797'\n                        >\n                        <img \n                            src='https:\/\/eirich.com.br\/es\/wp-content\/uploads\/sites\/3\/2016\/07\/Solda-eirich-brasil-283x190.jpg' \n                            class='attachment-thumbnail size-thumbnail' \n                            width='283' \n                            height='190' \n                            alt='' \/>\n                        <\/a>\n            <\/div>\n                <figcaption class='wp-caption-text gallery-caption' id='gallery-1-193'>\n                Producci\u00f3n\n                <\/figcaption><\/figure><figure class='gallery-item'>\n            <div class='gallery-icon landscape'>\n                <a \n                            href='https:\/\/eirich.com.br\/es\/wp-content\/uploads\/sites\/3\/2016\/07\/Solda2-Eirich-Brasil.jpg' \n                            target='_blank' \n                            data-sizes='1200x797'\n                        >\n                        <img \n                            src='https:\/\/eirich.com.br\/es\/wp-content\/uploads\/sites\/3\/2016\/07\/Solda2-Eirich-Brasil-283x190.jpg' \n                            class='attachment-thumbnail size-thumbnail' \n                            width='283' \n                            height='190' \n                            alt='' \/>\n                        <\/a>\n            <\/div>\n                <figcaption class='wp-caption-text gallery-caption' id='gallery-1-192'>\n                Soldadura\n                <\/figcaption><\/figure><figure class='gallery-item'>\n            <div class='gallery-icon landscape'>\n                <a \n                            href='https:\/\/eirich.com.br\/es\/wp-content\/uploads\/sites\/3\/2016\/07\/Almoxarifado-Eirich-Brasil-scaled.jpg' \n                            target='_blank' \n                            data-sizes='2560x1700'\n                        >\n                        <img \n                            src='https:\/\/eirich.com.br\/es\/wp-content\/uploads\/sites\/3\/2016\/07\/Almoxarifado-Eirich-Brasil-283x190.jpg' \n                            class='attachment-thumbnail size-thumbnail' \n                            width='283' \n                            height='190' \n                            alt='' \/>\n                        <\/a>\n            <\/div>\n                <figcaption class='wp-caption-text gallery-caption' id='gallery-1-185'>\n                Almac\u00e9n\n                <\/figcaption><\/figure>\n        <\/div>\n\n","protected":false},"excerpt":{"rendered":"","protected":false},"author":1,"featured_media":0,"parent":24,"menu_order":3,"comment_status":"closed","ping_status":"closed","template":"","meta":{"footnotes":""},"class_list":["post-119","page","type-page","status-publish","hentry"],"yoast_head":"<!-- This site is optimized with the Yoast SEO plugin v26.6 - https:\/\/yoast.com\/wordpress\/plugins\/seo\/ -->\n<title>Estructura - Eirich de Brasil<\/title>\n<meta name=\"robots\" content=\"index, follow, max-snippet:-1, max-image-preview:large, max-video-preview:-1\" \/>\n<link rel=\"canonical\" href=\"https:\/\/eirich.com.br\/es\/maschinenfabrik-gustav-eirich\/eirich-brasil\/estructura\/\" \/>\n<meta property=\"og:locale\" content=\"es_ES\" \/>\n<meta property=\"og:type\" content=\"article\" \/>\n<meta property=\"og:title\" content=\"Estructura - Eirich de Brasil\" \/>\n<meta property=\"og:url\" content=\"https:\/\/eirich.com.br\/es\/maschinenfabrik-gustav-eirich\/eirich-brasil\/estructura\/\" \/>\n<meta property=\"og:site_name\" content=\"Eirich de Brasil\" \/>\n<meta property=\"article:modified_time\" content=\"2023-09-15T21:28:54+00:00\" \/>\n<meta property=\"og:image\" content=\"https:\/\/eirich.com.br\/es\/wp-content\/uploads\/sites\/3\/2016\/07\/DJI_0175-283x190.png\" \/>\n<meta name=\"twitter:card\" content=\"summary_large_image\" \/>\n<meta name=\"twitter:label1\" content=\"Tiempo de lectura\" \/>\n\t<meta name=\"twitter:data1\" content=\"1 minuto\" \/>\n<script type=\"application\/ld+json\" class=\"yoast-schema-graph\">{\"@context\":\"https:\/\/schema.org\",\"@graph\":[{\"@type\":\"WebPage\",\"@id\":\"https:\/\/eirich.com.br\/es\/maschinenfabrik-gustav-eirich\/eirich-brasil\/estructura\/\",\"url\":\"https:\/\/eirich.com.br\/es\/maschinenfabrik-gustav-eirich\/eirich-brasil\/estructura\/\",\"name\":\"Estructura - Eirich de Brasil\",\"isPartOf\":{\"@id\":\"https:\/\/eirich.com.br\/es\/#website\"},\"datePublished\":\"2016-07-08T13:16:05+00:00\",\"dateModified\":\"2023-09-15T21:28:54+00:00\",\"breadcrumb\":{\"@id\":\"https:\/\/eirich.com.br\/es\/maschinenfabrik-gustav-eirich\/eirich-brasil\/estructura\/#breadcrumb\"},\"inLanguage\":\"es\",\"potentialAction\":[{\"@type\":\"ReadAction\",\"target\":[\"https:\/\/eirich.com.br\/es\/maschinenfabrik-gustav-eirich\/eirich-brasil\/estructura\/\"]}]},{\"@type\":\"BreadcrumbList\",\"@id\":\"https:\/\/eirich.com.br\/es\/maschinenfabrik-gustav-eirich\/eirich-brasil\/estructura\/#breadcrumb\",\"itemListElement\":[{\"@type\":\"ListItem\",\"position\":1,\"name\":\"In\u00edcio\",\"item\":\"https:\/\/eirich.com.br\/es\/\"},{\"@type\":\"ListItem\",\"position\":2,\"name\":\"Maschinenfabrik Gustav Eirich\",\"item\":\"https:\/\/eirich.com.br\/es\/maschinenfabrik-gustav-eirich\/\"},{\"@type\":\"ListItem\",\"position\":3,\"name\":\"Eirich Brasil\",\"item\":\"https:\/\/eirich.com.br\/es\/maschinenfabrik-gustav-eirich\/eirich-brasil\/\"},{\"@type\":\"ListItem\",\"position\":4,\"name\":\"Estructura\"}]},{\"@type\":\"WebSite\",\"@id\":\"https:\/\/eirich.com.br\/es\/#website\",\"url\":\"https:\/\/eirich.com.br\/es\/\",\"name\":\"Eirich de Brasil\",\"description\":\"Pionero en la tecnolog\u00eda de mezclado, granulaci\u00f3n, granulaci\u00f3n y molienda fina.\",\"potentialAction\":[{\"@type\":\"SearchAction\",\"target\":{\"@type\":\"EntryPoint\",\"urlTemplate\":\"https:\/\/eirich.com.br\/es\/?s={search_term_string}\"},\"query-input\":{\"@type\":\"PropertyValueSpecification\",\"valueRequired\":true,\"valueName\":\"search_term_string\"}}],\"inLanguage\":\"es\"}]}<\/script>\n<!-- \/ Yoast SEO plugin. -->","yoast_head_json":{"title":"Estructura - Eirich de Brasil","robots":{"index":"index","follow":"follow","max-snippet":"max-snippet:-1","max-image-preview":"max-image-preview:large","max-video-preview":"max-video-preview:-1"},"canonical":"https:\/\/eirich.com.br\/es\/maschinenfabrik-gustav-eirich\/eirich-brasil\/estructura\/","og_locale":"es_ES","og_type":"article","og_title":"Estructura - Eirich de Brasil","og_url":"https:\/\/eirich.com.br\/es\/maschinenfabrik-gustav-eirich\/eirich-brasil\/estructura\/","og_site_name":"Eirich de Brasil","article_modified_time":"2023-09-15T21:28:54+00:00","og_image":[{"url":"https:\/\/eirich.com.br\/es\/wp-content\/uploads\/sites\/3\/2016\/07\/DJI_0175-283x190.png","type":"","width":"","height":""}],"twitter_card":"summary_large_image","twitter_misc":{"Tiempo de lectura":"1 minuto"},"schema":{"@context":"https:\/\/schema.org","@graph":[{"@type":"WebPage","@id":"https:\/\/eirich.com.br\/es\/maschinenfabrik-gustav-eirich\/eirich-brasil\/estructura\/","url":"https:\/\/eirich.com.br\/es\/maschinenfabrik-gustav-eirich\/eirich-brasil\/estructura\/","name":"Estructura - Eirich de Brasil","isPartOf":{"@id":"https:\/\/eirich.com.br\/es\/#website"},"datePublished":"2016-07-08T13:16:05+00:00","dateModified":"2023-09-15T21:28:54+00:00","breadcrumb":{"@id":"https:\/\/eirich.com.br\/es\/maschinenfabrik-gustav-eirich\/eirich-brasil\/estructura\/#breadcrumb"},"inLanguage":"es","potentialAction":[{"@type":"ReadAction","target":["https:\/\/eirich.com.br\/es\/maschinenfabrik-gustav-eirich\/eirich-brasil\/estructura\/"]}]},{"@type":"BreadcrumbList","@id":"https:\/\/eirich.com.br\/es\/maschinenfabrik-gustav-eirich\/eirich-brasil\/estructura\/#breadcrumb","itemListElement":[{"@type":"ListItem","position":1,"name":"In\u00edcio","item":"https:\/\/eirich.com.br\/es\/"},{"@type":"ListItem","position":2,"name":"Maschinenfabrik Gustav Eirich","item":"https:\/\/eirich.com.br\/es\/maschinenfabrik-gustav-eirich\/"},{"@type":"ListItem","position":3,"name":"Eirich Brasil","item":"https:\/\/eirich.com.br\/es\/maschinenfabrik-gustav-eirich\/eirich-brasil\/"},{"@type":"ListItem","position":4,"name":"Estructura"}]},{"@type":"WebSite","@id":"https:\/\/eirich.com.br\/es\/#website","url":"https:\/\/eirich.com.br\/es\/","name":"Eirich de Brasil","description":"Pionero en la tecnolog\u00eda de mezclado, granulaci\u00f3n, granulaci\u00f3n y molienda fina.","potentialAction":[{"@type":"SearchAction","target":{"@type":"EntryPoint","urlTemplate":"https:\/\/eirich.com.br\/es\/?s={search_term_string}"},"query-input":{"@type":"PropertyValueSpecification","valueRequired":true,"valueName":"search_term_string"}}],"inLanguage":"es"}]}},"_links":{"self":[{"href":"https:\/\/eirich.com.br\/es\/wp-json\/wp\/v2\/pages\/119","targetHints":{"allow":["GET"]}}],"collection":[{"href":"https:\/\/eirich.com.br\/es\/wp-json\/wp\/v2\/pages"}],"about":[{"href":"https:\/\/eirich.com.br\/es\/wp-json\/wp\/v2\/types\/page"}],"author":[{"embeddable":true,"href":"https:\/\/eirich.com.br\/es\/wp-json\/wp\/v2\/users\/1"}],"replies":[{"embeddable":true,"href":"https:\/\/eirich.com.br\/es\/wp-json\/wp\/v2\/comments?post=119"}],"version-history":[{"count":6,"href":"https:\/\/eirich.com.br\/es\/wp-json\/wp\/v2\/pages\/119\/revisions"}],"predecessor-version":[{"id":1061,"href":"https:\/\/eirich.com.br\/es\/wp-json\/wp\/v2\/pages\/119\/revisions\/1061"}],"up":[{"embeddable":true,"href":"https:\/\/eirich.com.br\/es\/wp-json\/wp\/v2\/pages\/24"}],"wp:attachment":[{"href":"https:\/\/eirich.com.br\/es\/wp-json\/wp\/v2\/media?parent=119"}],"curies":[{"name":"wp","href":"https:\/\/api.w.org\/{rel}","templated":true}]}}