{"id":117,"date":"2016-07-08T10:15:49","date_gmt":"2016-07-08T13:15:49","guid":{"rendered":"https:\/\/eirich.com.br\/es\/?page_id=117"},"modified":"2023-09-15T18:19:40","modified_gmt":"2023-09-15T21:19:40","slug":"certificaciones","status":"publish","type":"page","link":"https:\/\/eirich.com.br\/es\/maschinenfabrik-gustav-eirich\/eirich-brasil\/certificaciones\/","title":{"rendered":"Certificaciones"},"content":{"rendered":"<h3>Pol\u00edtica de Calidad Eirich:<\/h3>\n<ul>\n<li>Garantizar la Satisfacci\u00f3n de los Clientes a trav\u00e9s de una atenci\u00f3n adecuada, el cumplimiento de los plazos y la calidad de nuestros productos y servicios.<\/li>\n<li>Compromiso con la Mejora Continua del Sistema de Gesti\u00f3n de la Calidad, por medio del cumplimiento de los Objetivos y Metas establecidas.<\/li>\n<\/ul>\n<div id='gallery-1' class='gallery galleryid-117 gallery-columns-2 gallery-size-large'><figure class='gallery-item'>\n            <div class='gallery-icon portrait'>\n                <a \n                            href='https:\/\/eirich.com.br\/es\/wp-content\/uploads\/sites\/3\/2022\/08\/iso-2025-brsp2-007873-genericcertificate-final-pt.jpg' \n                            target='_blank' \n                            data-sizes='595x770'\n                        >\n                        <img \n                            src='https:\/\/eirich.com.br\/es\/wp-content\/uploads\/sites\/3\/2022\/08\/iso-2025-brsp2-007873-genericcertificate-final-pt.jpg' \n                            class='attachment-large size-large' \n                            width='595' \n                            height='770' \n                            alt='' \/>\n                        <\/a>\n            <\/div>\n                <figcaption class='wp-caption-text gallery-caption' id='gallery-1-985'>\n                ISO 9001:2015 INMETRO\n                <\/figcaption><\/figure><figure class='gallery-item'>\n            <div class='gallery-icon portrait'>\n                <a \n                            href='https:\/\/eirich.com.br\/es\/wp-content\/uploads\/sites\/3\/2022\/08\/iso-2025-brsp2-007874-genericcertificate-final-en.jpg' \n                            target='_blank' \n                            data-sizes='595x770'\n                        >\n                        <img \n                            src='https:\/\/eirich.com.br\/es\/wp-content\/uploads\/sites\/3\/2022\/08\/iso-2025-brsp2-007874-genericcertificate-final-en.jpg' \n                            class='attachment-large size-large' \n                            width='595' \n                            height='770' \n                            alt='' \/>\n                        <\/a>\n            <\/div>\n                <figcaption class='wp-caption-text gallery-caption' id='gallery-1-980'>\n                ISO 9001:2015 UKAS\n                <\/figcaption><\/figure>\n        <\/div>\n\n","protected":false},"excerpt":{"rendered":"<p>Pol\u00edtica de Calidad Eirich: Garantizar la Satisfacci\u00f3n de los Clientes a trav\u00e9s de una atenci\u00f3n adecuada, el cumplimiento de los plazos y la calidad de nuestros productos y servicios. Compromiso con la Mejora Continua del Sistema de Gesti\u00f3n de la Calidad, por medio del cumplimiento de los Objetivos y Metas establecidas.<\/p>\n","protected":false},"author":1,"featured_media":0,"parent":24,"menu_order":0,"comment_status":"closed","ping_status":"closed","template":"","meta":{"footnotes":""},"class_list":["post-117","page","type-page","status-publish","hentry"],"yoast_head":"<!-- This site is optimized with the Yoast SEO plugin v26.6 - https:\/\/yoast.com\/wordpress\/plugins\/seo\/ -->\n<title>Certificaciones - Eirich de Brasil<\/title>\n<meta name=\"description\" content=\"La Pol\u00edtica de Calidad Eirich garantiza la Satisfacci\u00f3n de los Clientes a trav\u00e9s de una atenci\u00f3n adecuada, el cumplimiento de los plazos +\" \/>\n<meta name=\"robots\" content=\"index, follow, max-snippet:-1, max-image-preview:large, max-video-preview:-1\" \/>\n<link rel=\"canonical\" href=\"https:\/\/eirich.com.br\/es\/maschinenfabrik-gustav-eirich\/eirich-brasil\/certificaciones\/\" \/>\n<meta property=\"og:locale\" content=\"es_ES\" \/>\n<meta property=\"og:type\" content=\"article\" \/>\n<meta property=\"og:title\" content=\"Certificaciones - Eirich de Brasil\" \/>\n<meta property=\"og:description\" content=\"La Pol\u00edtica de Calidad Eirich garantiza la Satisfacci\u00f3n de los Clientes a trav\u00e9s de una atenci\u00f3n adecuada, el cumplimiento de los plazos +\" \/>\n<meta property=\"og:url\" content=\"https:\/\/eirich.com.br\/es\/maschinenfabrik-gustav-eirich\/eirich-brasil\/certificaciones\/\" \/>\n<meta property=\"og:site_name\" content=\"Eirich de Brasil\" \/>\n<meta property=\"article:modified_time\" content=\"2023-09-15T21:19:40+00:00\" \/>\n<meta property=\"og:image\" content=\"https:\/\/eirich.com.br\/es\/wp-content\/uploads\/sites\/3\/2022\/08\/iso-2025-brsp2-007873-genericcertificate-final-pt.jpg\" \/>\n<meta name=\"twitter:card\" content=\"summary_large_image\" \/>\n<meta name=\"twitter:label1\" content=\"Tiempo de lectura\" \/>\n\t<meta name=\"twitter:data1\" content=\"1 minuto\" \/>\n<script type=\"application\/ld+json\" class=\"yoast-schema-graph\">{\"@context\":\"https:\/\/schema.org\",\"@graph\":[{\"@type\":\"WebPage\",\"@id\":\"https:\/\/eirich.com.br\/es\/maschinenfabrik-gustav-eirich\/eirich-brasil\/certificaciones\/\",\"url\":\"https:\/\/eirich.com.br\/es\/maschinenfabrik-gustav-eirich\/eirich-brasil\/certificaciones\/\",\"name\":\"Certificaciones - Eirich de Brasil\",\"isPartOf\":{\"@id\":\"https:\/\/eirich.com.br\/es\/#website\"},\"datePublished\":\"2016-07-08T13:15:49+00:00\",\"dateModified\":\"2023-09-15T21:19:40+00:00\",\"description\":\"La Pol\u00edtica de Calidad Eirich garantiza la Satisfacci\u00f3n de los Clientes a trav\u00e9s de una atenci\u00f3n adecuada, el cumplimiento de los plazos +\",\"breadcrumb\":{\"@id\":\"https:\/\/eirich.com.br\/es\/maschinenfabrik-gustav-eirich\/eirich-brasil\/certificaciones\/#breadcrumb\"},\"inLanguage\":\"es\",\"potentialAction\":[{\"@type\":\"ReadAction\",\"target\":[\"https:\/\/eirich.com.br\/es\/maschinenfabrik-gustav-eirich\/eirich-brasil\/certificaciones\/\"]}]},{\"@type\":\"BreadcrumbList\",\"@id\":\"https:\/\/eirich.com.br\/es\/maschinenfabrik-gustav-eirich\/eirich-brasil\/certificaciones\/#breadcrumb\",\"itemListElement\":[{\"@type\":\"ListItem\",\"position\":1,\"name\":\"In\u00edcio\",\"item\":\"https:\/\/eirich.com.br\/es\/\"},{\"@type\":\"ListItem\",\"position\":2,\"name\":\"Maschinenfabrik Gustav Eirich\",\"item\":\"https:\/\/eirich.com.br\/es\/maschinenfabrik-gustav-eirich\/\"},{\"@type\":\"ListItem\",\"position\":3,\"name\":\"Eirich Brasil\",\"item\":\"https:\/\/eirich.com.br\/es\/maschinenfabrik-gustav-eirich\/eirich-brasil\/\"},{\"@type\":\"ListItem\",\"position\":4,\"name\":\"Certificaciones\"}]},{\"@type\":\"WebSite\",\"@id\":\"https:\/\/eirich.com.br\/es\/#website\",\"url\":\"https:\/\/eirich.com.br\/es\/\",\"name\":\"Eirich de Brasil\",\"description\":\"Pionero en la tecnolog\u00eda de mezclado, granulaci\u00f3n, granulaci\u00f3n y molienda fina.\",\"potentialAction\":[{\"@type\":\"SearchAction\",\"target\":{\"@type\":\"EntryPoint\",\"urlTemplate\":\"https:\/\/eirich.com.br\/es\/?s={search_term_string}\"},\"query-input\":{\"@type\":\"PropertyValueSpecification\",\"valueRequired\":true,\"valueName\":\"search_term_string\"}}],\"inLanguage\":\"es\"}]}<\/script>\n<!-- \/ Yoast SEO plugin. -->","yoast_head_json":{"title":"Certificaciones - Eirich de Brasil","description":"La Pol\u00edtica de Calidad Eirich garantiza la Satisfacci\u00f3n de los Clientes a trav\u00e9s de una atenci\u00f3n adecuada, el cumplimiento de los plazos +","robots":{"index":"index","follow":"follow","max-snippet":"max-snippet:-1","max-image-preview":"max-image-preview:large","max-video-preview":"max-video-preview:-1"},"canonical":"https:\/\/eirich.com.br\/es\/maschinenfabrik-gustav-eirich\/eirich-brasil\/certificaciones\/","og_locale":"es_ES","og_type":"article","og_title":"Certificaciones - Eirich de Brasil","og_description":"La Pol\u00edtica de Calidad Eirich garantiza la Satisfacci\u00f3n de los Clientes a trav\u00e9s de una atenci\u00f3n adecuada, el cumplimiento de los plazos +","og_url":"https:\/\/eirich.com.br\/es\/maschinenfabrik-gustav-eirich\/eirich-brasil\/certificaciones\/","og_site_name":"Eirich de Brasil","article_modified_time":"2023-09-15T21:19:40+00:00","og_image":[{"url":"https:\/\/eirich.com.br\/es\/wp-content\/uploads\/sites\/3\/2022\/08\/iso-2025-brsp2-007873-genericcertificate-final-pt.jpg","type":"","width":"","height":""}],"twitter_card":"summary_large_image","twitter_misc":{"Tiempo de lectura":"1 minuto"},"schema":{"@context":"https:\/\/schema.org","@graph":[{"@type":"WebPage","@id":"https:\/\/eirich.com.br\/es\/maschinenfabrik-gustav-eirich\/eirich-brasil\/certificaciones\/","url":"https:\/\/eirich.com.br\/es\/maschinenfabrik-gustav-eirich\/eirich-brasil\/certificaciones\/","name":"Certificaciones - Eirich de Brasil","isPartOf":{"@id":"https:\/\/eirich.com.br\/es\/#website"},"datePublished":"2016-07-08T13:15:49+00:00","dateModified":"2023-09-15T21:19:40+00:00","description":"La Pol\u00edtica de Calidad Eirich garantiza la Satisfacci\u00f3n de los Clientes a trav\u00e9s de una atenci\u00f3n adecuada, el cumplimiento de los plazos +","breadcrumb":{"@id":"https:\/\/eirich.com.br\/es\/maschinenfabrik-gustav-eirich\/eirich-brasil\/certificaciones\/#breadcrumb"},"inLanguage":"es","potentialAction":[{"@type":"ReadAction","target":["https:\/\/eirich.com.br\/es\/maschinenfabrik-gustav-eirich\/eirich-brasil\/certificaciones\/"]}]},{"@type":"BreadcrumbList","@id":"https:\/\/eirich.com.br\/es\/maschinenfabrik-gustav-eirich\/eirich-brasil\/certificaciones\/#breadcrumb","itemListElement":[{"@type":"ListItem","position":1,"name":"In\u00edcio","item":"https:\/\/eirich.com.br\/es\/"},{"@type":"ListItem","position":2,"name":"Maschinenfabrik Gustav Eirich","item":"https:\/\/eirich.com.br\/es\/maschinenfabrik-gustav-eirich\/"},{"@type":"ListItem","position":3,"name":"Eirich Brasil","item":"https:\/\/eirich.com.br\/es\/maschinenfabrik-gustav-eirich\/eirich-brasil\/"},{"@type":"ListItem","position":4,"name":"Certificaciones"}]},{"@type":"WebSite","@id":"https:\/\/eirich.com.br\/es\/#website","url":"https:\/\/eirich.com.br\/es\/","name":"Eirich de Brasil","description":"Pionero en la tecnolog\u00eda de mezclado, granulaci\u00f3n, granulaci\u00f3n y molienda fina.","potentialAction":[{"@type":"SearchAction","target":{"@type":"EntryPoint","urlTemplate":"https:\/\/eirich.com.br\/es\/?s={search_term_string}"},"query-input":{"@type":"PropertyValueSpecification","valueRequired":true,"valueName":"search_term_string"}}],"inLanguage":"es"}]}},"_links":{"self":[{"href":"https:\/\/eirich.com.br\/es\/wp-json\/wp\/v2\/pages\/117","targetHints":{"allow":["GET"]}}],"collection":[{"href":"https:\/\/eirich.com.br\/es\/wp-json\/wp\/v2\/pages"}],"about":[{"href":"https:\/\/eirich.com.br\/es\/wp-json\/wp\/v2\/types\/page"}],"author":[{"embeddable":true,"href":"https:\/\/eirich.com.br\/es\/wp-json\/wp\/v2\/users\/1"}],"replies":[{"embeddable":true,"href":"https:\/\/eirich.com.br\/es\/wp-json\/wp\/v2\/comments?post=117"}],"version-history":[{"count":12,"href":"https:\/\/eirich.com.br\/es\/wp-json\/wp\/v2\/pages\/117\/revisions"}],"predecessor-version":[{"id":986,"href":"https:\/\/eirich.com.br\/es\/wp-json\/wp\/v2\/pages\/117\/revisions\/986"}],"up":[{"embeddable":true,"href":"https:\/\/eirich.com.br\/es\/wp-json\/wp\/v2\/pages\/24"}],"wp:attachment":[{"href":"https:\/\/eirich.com.br\/es\/wp-json\/wp\/v2\/media?parent=117"}],"curies":[{"name":"wp","href":"https:\/\/api.w.org\/{rel}","templated":true}]}}