{"id":1107,"date":"2024-05-22T16:07:42","date_gmt":"2024-05-22T19:07:42","guid":{"rendered":"https:\/\/eirich.com.br\/es\/?page_id=1107"},"modified":"2024-05-22T17:10:16","modified_gmt":"2024-05-22T20:10:16","slug":"planta-de-servicios-eirich-2","status":"publish","type":"page","link":"https:\/\/eirich.com.br\/es\/servicios-eirich\/planta-de-servicios-eirich-2\/","title":{"rendered":"Planta de Servicios Eirich"},"content":{"rendered":"<p><strong>Mezclado, Molienda y Granulaci\u00f3n<\/strong><\/p>\n<p>Reconocida en el mercado de fertilizantes por su sistema de mezcla, reacci\u00f3n, granulaci\u00f3n y recubrimiento \u2013 todo en una sola m\u00e1quina \u2013 Eirich ofrece ahora tambi\u00e9n, en su propia f\u00e1brica en Jandira\/SP, una planta de servicio completa que incluye: Molino TurboGrinder, Mezcladora Intensiva, Disco de Pelotizacci\u00f3n, adem\u00e1s de sistema de secado y perif\u00e9ricos.<\/p>\n<p>La nueva planta de servicios de Eirich es la soluci\u00f3n ideal para la producci\u00f3n a escala industrial y semiindustrial, ya sea para pruebas, validaci\u00f3n o prestaci\u00f3n de servicios.<\/p>\n<hr \/>\n<p><strong>La tecnolog\u00eda de preparaci\u00f3n de Eirich se utiliza en las siguientes operaciones:<\/strong><\/p>\n<ul>\n<li>Homogeneizaci\u00f3n<\/li>\n<li>Mezcla<\/li>\n<li>Dispersi\u00f3n<\/li>\n<li>Granulaci\u00f3n \/ Pelotizacci\u00f3n \/ Aglomeraci\u00f3n<\/li>\n<li>Amasadura<\/li>\n<li>El secado<\/li>\n<li>Reacciones<\/li>\n<li>Molienda fina y ultrafina<\/li>\n<\/ul>\n<hr \/>\n<p>La <strong>Planta de Servicios de Eirich<\/strong> es un proyecto pionero dentro del propio Grupo Eirich y fue dise\u00f1ado despu\u00e9s de un extenso estudio de mercado que encontr\u00f3 una oportunidad para ofrecer a nuestros clientes, que por diversas razones, en ocasiones, no pueden invertir en la compra de equipos de alto nivel. , ya sea moliendo, mezclando o granulando. Por ello, <strong>decidimos invertir en un proyecto audaz: una planta de servicio completa en nuestras instalaciones<\/strong>, que nos permita ofrecer, bajo demanda, a nuestros clientes, tecnolog\u00eda de punta, flexibilidad de procesamiento y un equipo experimentado y altamente calificado, ofreciendo la combinaci\u00f3n perfecta. para aplicaciones m\u00e1s diversas.<\/p>\n<hr \/>\n<p><strong>La Planta de Servicios de Eirich est\u00e1 compuesta por:<\/strong><\/p>\n<ul>\n<li><a href=\"https:\/\/eirich.com.br\/es\/equipamento\/mezclador-intensivo-tipo-r-eirich\/\"><strong>Mezclador intensivo RV-12<\/strong><\/a><\/li>\n<li><strong>Molino Eirich TurboGrinder<\/strong><\/li>\n<li><a href=\"https:\/\/eirich.com.br\/es\/aplicaciones\/metalurgia\/preparacion-de-pelets-y-micropelets\/\"><strong>Plato Peletotizador\/Disco Pelotizador o Granulador<\/strong><\/a><\/li>\n<li><strong>Adem\u00e1s de perif\u00e9ricos<\/strong><\/li>\n<\/ul>\n<hr \/>\n<p><strong>\u00bfQuieres saber c\u00f3mo contactar con nuestros servicios? Haga clic en el bot\u00f3n de WhatsApp en la parte inferior de la p\u00e1gina o complete el formulario a continuaci\u00f3n y le devolveremos su mensaje:<\/strong><\/p>\n<div id=\"resposta-formulario\"><\/div>\t\t\t<form action=\"https:\/\/eirich.com.br\/es\/wp-json\/wp\/v2\/pages\/1107#resposta-formulario\" method=\"post\" class=\"form-contact\" id=\"formulario\" >\r\n\t\t\t\t<div class=\"form_messages\"><\/div>\t\t\t\t\t\t\t\t<input type=\"hidden\" name=\"form_name\" value=\"contato_form\" \/>\r\n\t\t\t<input type='hidden' name='type' value='frontend' \/>\n<input type='hidden' name='object_type' value='post' \/>\n<input type='hidden' name='object_id' value='0' \/>\n<input type='hidden' name='form_name' value='contato_form' \/>\n<div class='fieldsets'><fieldset id='contact-first-block' class='group_container row'>\t\t\t\t\t<div class=\"form-group boros_form_element boros_element_textarea layout_bootstrap4 col-md-12\" id=\"mensagem_control\">\r\n\t\t\t\t\t\t<label for='mensagem'>Deje su mensaje *<\/label>\t\t\t\t\t\t<textarea  name='mensagem' id='mensagem' class='boros_form_input input_textarea  form-control ipt_textarea ' rel='mensagem' required='required' data-type='frontend' data-object_type='post' data-object_id='0' data-form_name='contato_form' data-group='contact-first-block' data-in_duplicate_group='0' data-name='mensagem' data-parent='0'><\/textarea>\t\t\t\t\t\t\t\t\t\t\t<\/div>\r\n\t\t\t\t\t\t\t\t\t\t<div class=\"form-group boros_form_element boros_element_text layout_bootstrap4 col-md-6\" id=\"nome_control\">\r\n\t\t\t\t\t\t<label for='nome'>Nombre *<\/label>\t\t\t\t\t\t<input type='text' value='' name='nome' id='nome' class='boros_form_input input_text  form-control  ' rel='nome' placeholder='' required='required' data-type='frontend' data-object_type='post' data-object_id='0' data-form_name='contato_form' data-group='contact-first-block' data-in_duplicate_group='0' data-name='nome' data-parent='0' \/>\t\t\t\t\t\t\t\t\t\t\t<\/div>\r\n\t\t\t\t\t\t\t\t\t\t<div class=\"form-group boros_form_element boros_element_text layout_bootstrap4 col-md-6\" id=\"empresa_control\">\r\n\t\t\t\t\t\t<label for='empresa'>Empresa<\/label>\t\t\t\t\t\t<input type='text' value='' name='empresa' id='empresa' class='boros_form_input input_text  form-control  ' rel='empresa' data-type='frontend' data-object_type='post' data-object_id='0' data-form_name='contato_form' data-group='contact-first-block' data-in_duplicate_group='0' data-name='empresa' data-parent='0' \/>\t\t\t\t\t\t\t\t\t\t\t<\/div>\r\n\t\t\t\t\t\t\t\t\t\t<div class=\"form-group boros_form_element boros_element_text layout_bootstrap4 col-md-6\" id=\"email_control\">\r\n\t\t\t\t\t\t<label for='email'>Correo electr\u00f3nico *<\/label>\t\t\t\t\t\t<input type='email' value='' name='email' id='email' class='boros_form_input input_text  form-control  ' rel='email' placeholder='' required='required' data-type='frontend' data-object_type='post' data-object_id='0' data-form_name='contato_form' data-group='contact-first-block' data-in_duplicate_group='0' data-name='email' data-parent='0' \/>\t\t\t\t\t\t\t\t\t\t\t<\/div>\r\n\t\t\t\t\t\t\t\t\t\t<div class=\"form-group boros_form_element boros_element_text layout_bootstrap4 col-md-2\" id=\"ddd_control\">\r\n\t\t\t\t\t\t<label for='ddd'>DDI + DDD *<\/label>\t\t\t\t\t\t<input type='text' value='' name='ddd' id='ddd' class='boros_form_input input_text  form-control  ' rel='ddd' required='required' data-type='frontend' data-object_type='post' data-object_id='0' data-form_name='contato_form' data-group='contact-first-block' data-in_duplicate_group='0' data-name='ddd' data-parent='0' \/>\t\t\t\t\t\t\t\t\t\t\t<\/div>\r\n\t\t\t\t\t\t\t\t\t\t<div class=\"form-group boros_form_element boros_element_text layout_bootstrap4 col-md-4\" id=\"telefone_control\">\r\n\t\t\t\t\t\t<label for='telefone'>Tel\u00e9fono *<\/label>\t\t\t\t\t\t<input type='text' value='' name='telefone' id='telefone' class='boros_form_input input_text  form-control  ' rel='telefone' required='required' data-type='frontend' data-object_type='post' data-object_id='0' data-form_name='contato_form' data-group='contact-first-block' data-in_duplicate_group='0' data-name='telefone' data-parent='0' \/>\t\t\t\t\t\t\t\t\t\t\t<\/div>\r\n\t\t\t\t\t\t\t\t\t\t<div class=\"form-group boros_form_element boros_element_select layout_bootstrap4 col-md-12\" id=\"setor_control\">\r\n\t\t\t\t\t\t<label for='setor'>Seleccione el departamento con el que desea contactar<\/label>\t\t\t\t\t\t<select  name='setor' id='setor' class='boros_form_input input_select  form-control  ' rel='setor' required='required' data-type='frontend' data-object_type='post' data-object_id='0' data-form_name='contato_form' data-group='contact-first-block' data-in_duplicate_group='0' data-name='setor' data-parent='0'><option value='' selected='selected'>&mdash;<\/option>\n<option value='Atendimento Geral'>Servicios generales<\/option>\n<option value='Carreiras'>Carrera<\/option>\n<option value='Centro de Testes'>Centro de Testes<\/option>\n<option value='Compras'>Compras<\/option>\n<option value='Vendas - Equipamentos'>Ventas - Equipo<\/option>\n<option value='Vendas - Assist\u00eancia T\u00e9cnica e Pe\u00e7as de Reposi\u00e7\u00e3o'>Ventas - Asistencia T\u00e9cnica y Repuestos<\/option>\n<option value='Planta de Servi\u00e7os'>Planta de Servicios<\/option>\n<\/select>\t\t\t\t\t\t\t\t\t\t\t<\/div>\r\n\t\t\t\t\t<\/fieldset><fieldset id='contact-second-block' class='group_container row'>\t\t\t\t\t<div class=\"form-group boros_form_element boros_element_grecaptcha layout_bootstrap4 col-md-6\" id=\"g-recaptcha-response_control\">\r\n\t\t\t\t\t\t\t\t\t\t\t\t<div class='grecaptcha_render ' id='grecaptcha-2'><\/div>\t\t\t\t\t\t\t\t\t\t\t<\/div>\r\n\t\t\t\t\t\t\t\t\t\t<div class=\"form-group boros_form_element boros_element_checkbox layout_bootstrap4 col-md-4\" id=\"newsletter_control\">\r\n\t\t\t\t\t\t\t\t\t\t\t\t<div class='form-check'><input type='checkbox'  name='newsletter' id='newsletter' class='boros_form_input input_checkbox   ' rel='newsletter' data-type='frontend' data-object_type='post' data-object_id='0' data-form_name='contato_form' data-group='contact-second-block' data-in_duplicate_group='0' data-name='newsletter' data-parent='0' value='1'  id='newsletter' class='form-check-input' \/><label clas='form-check-label' for='newsletter'> Suscribirse a nuestro bolet\u00edn de noticias<\/label><\/div>\t\t\t\t\t\t\t\t\t\t\t<\/div>\r\n\t\t\t\t\t\t\t\t\t\t<div class=\"form-group boros_form_element boros_element_submit layout_bootstrap4 col-md-2\" id=\"submit_control\">\r\n\t\t\t\t\t\t\t\t\t\t\t\t<input type='submit' value='ENVIAR' name='submit' id='submit' class='boros_form_input input_submit  btn btn-eirich btn-lg  ' rel='submit' data-type='frontend' data-object_type='post' data-object_id='0' data-form_name='contato_form' data-group='contact-second-block' data-in_duplicate_group='0' data-name='submit' data-parent='0' \/>\t\t\t\t\t\t\t\t\t\t\t<\/div>\r\n\t\t\t\t\t<\/fieldset><\/div>\t\t\t<\/form>\r\n\t\t\t\n","protected":false},"excerpt":{"rendered":"<p>Mezclado, Molienda y Granulaci\u00f3n Reconocida en el mercado de fertilizantes por su sistema de mezcla, reacci\u00f3n, granulaci\u00f3n y recubrimiento \u2013 todo en una sola m\u00e1quina \u2013 Eirich ofrece ahora tambi\u00e9n, en su propia f\u00e1brica en Jandira\/SP, una planta de servicio completa que incluye: Molino TurboGrinder, Mezcladora Intensiva, Disco de Pelotizacci\u00f3n, adem\u00e1s de sistema de secado [&hellip;]<\/p>\n","protected":false},"author":1,"featured_media":0,"parent":10,"menu_order":0,"comment_status":"closed","ping_status":"closed","template":"","meta":{"footnotes":""},"class_list":["post-1107","page","type-page","status-publish","hentry"],"yoast_head":"<!-- This site is optimized with the Yoast SEO plugin v26.6 - https:\/\/yoast.com\/wordpress\/plugins\/seo\/ -->\n<title>Planta de Servicios Eirich - Eirich de Brasil<\/title>\n<meta name=\"description\" content=\"Planta de servicio completa en Eirich: Molino, Mezclador Intensivo, Placa Granuladora, as\u00ed como sistema de secado y perif\u00e9ricos.\" \/>\n<meta name=\"robots\" content=\"index, follow, max-snippet:-1, max-image-preview:large, max-video-preview:-1\" \/>\n<link rel=\"canonical\" href=\"https:\/\/eirich.com.br\/es\/servicios-eirich\/planta-de-servicios-eirich-2\/\" \/>\n<meta property=\"og:locale\" content=\"es_ES\" \/>\n<meta property=\"og:type\" content=\"article\" \/>\n<meta property=\"og:title\" content=\"Planta de Servicios Eirich - Eirich de Brasil\" \/>\n<meta property=\"og:description\" content=\"Planta de servicio completa en Eirich: Molino, Mezclador Intensivo, Placa Granuladora, as\u00ed como sistema de secado y perif\u00e9ricos.\" \/>\n<meta property=\"og:url\" content=\"https:\/\/eirich.com.br\/es\/servicios-eirich\/planta-de-servicios-eirich-2\/\" \/>\n<meta property=\"og:site_name\" content=\"Eirich de Brasil\" \/>\n<meta property=\"article:modified_time\" content=\"2024-05-22T20:10:16+00:00\" \/>\n<meta name=\"twitter:card\" content=\"summary_large_image\" \/>\n<meta name=\"twitter:label1\" content=\"Tiempo de lectura\" \/>\n\t<meta name=\"twitter:data1\" content=\"2 minutos\" \/>\n<script type=\"application\/ld+json\" class=\"yoast-schema-graph\">{\"@context\":\"https:\/\/schema.org\",\"@graph\":[{\"@type\":\"WebPage\",\"@id\":\"https:\/\/eirich.com.br\/es\/servicios-eirich\/planta-de-servicios-eirich-2\/\",\"url\":\"https:\/\/eirich.com.br\/es\/servicios-eirich\/planta-de-servicios-eirich-2\/\",\"name\":\"Planta de Servicios Eirich - Eirich de Brasil\",\"isPartOf\":{\"@id\":\"https:\/\/eirich.com.br\/es\/#website\"},\"datePublished\":\"2024-05-22T19:07:42+00:00\",\"dateModified\":\"2024-05-22T20:10:16+00:00\",\"description\":\"Planta de servicio completa en Eirich: Molino, Mezclador Intensivo, Placa Granuladora, as\u00ed como sistema de secado y perif\u00e9ricos.\",\"breadcrumb\":{\"@id\":\"https:\/\/eirich.com.br\/es\/servicios-eirich\/planta-de-servicios-eirich-2\/#breadcrumb\"},\"inLanguage\":\"es\",\"potentialAction\":[{\"@type\":\"ReadAction\",\"target\":[\"https:\/\/eirich.com.br\/es\/servicios-eirich\/planta-de-servicios-eirich-2\/\"]}]},{\"@type\":\"BreadcrumbList\",\"@id\":\"https:\/\/eirich.com.br\/es\/servicios-eirich\/planta-de-servicios-eirich-2\/#breadcrumb\",\"itemListElement\":[{\"@type\":\"ListItem\",\"position\":1,\"name\":\"In\u00edcio\",\"item\":\"https:\/\/eirich.com.br\/es\/\"},{\"@type\":\"ListItem\",\"position\":2,\"name\":\"Servicios\",\"item\":\"https:\/\/eirich.com.br\/es\/servicios-eirich\/\"},{\"@type\":\"ListItem\",\"position\":3,\"name\":\"Planta de Servicios Eirich\"}]},{\"@type\":\"WebSite\",\"@id\":\"https:\/\/eirich.com.br\/es\/#website\",\"url\":\"https:\/\/eirich.com.br\/es\/\",\"name\":\"Eirich de Brasil\",\"description\":\"Pionero en la tecnolog\u00eda de mezclado, granulaci\u00f3n, granulaci\u00f3n y molienda fina.\",\"potentialAction\":[{\"@type\":\"SearchAction\",\"target\":{\"@type\":\"EntryPoint\",\"urlTemplate\":\"https:\/\/eirich.com.br\/es\/?s={search_term_string}\"},\"query-input\":{\"@type\":\"PropertyValueSpecification\",\"valueRequired\":true,\"valueName\":\"search_term_string\"}}],\"inLanguage\":\"es\"}]}<\/script>\n<!-- \/ Yoast SEO plugin. -->","yoast_head_json":{"title":"Planta de Servicios Eirich - Eirich de Brasil","description":"Planta de servicio completa en Eirich: Molino, Mezclador Intensivo, Placa Granuladora, as\u00ed como sistema de secado y perif\u00e9ricos.","robots":{"index":"index","follow":"follow","max-snippet":"max-snippet:-1","max-image-preview":"max-image-preview:large","max-video-preview":"max-video-preview:-1"},"canonical":"https:\/\/eirich.com.br\/es\/servicios-eirich\/planta-de-servicios-eirich-2\/","og_locale":"es_ES","og_type":"article","og_title":"Planta de Servicios Eirich - Eirich de Brasil","og_description":"Planta de servicio completa en Eirich: Molino, Mezclador Intensivo, Placa Granuladora, as\u00ed como sistema de secado y perif\u00e9ricos.","og_url":"https:\/\/eirich.com.br\/es\/servicios-eirich\/planta-de-servicios-eirich-2\/","og_site_name":"Eirich de Brasil","article_modified_time":"2024-05-22T20:10:16+00:00","twitter_card":"summary_large_image","twitter_misc":{"Tiempo de lectura":"2 minutos"},"schema":{"@context":"https:\/\/schema.org","@graph":[{"@type":"WebPage","@id":"https:\/\/eirich.com.br\/es\/servicios-eirich\/planta-de-servicios-eirich-2\/","url":"https:\/\/eirich.com.br\/es\/servicios-eirich\/planta-de-servicios-eirich-2\/","name":"Planta de Servicios Eirich - Eirich de Brasil","isPartOf":{"@id":"https:\/\/eirich.com.br\/es\/#website"},"datePublished":"2024-05-22T19:07:42+00:00","dateModified":"2024-05-22T20:10:16+00:00","description":"Planta de servicio completa en Eirich: Molino, Mezclador Intensivo, Placa Granuladora, as\u00ed como sistema de secado y perif\u00e9ricos.","breadcrumb":{"@id":"https:\/\/eirich.com.br\/es\/servicios-eirich\/planta-de-servicios-eirich-2\/#breadcrumb"},"inLanguage":"es","potentialAction":[{"@type":"ReadAction","target":["https:\/\/eirich.com.br\/es\/servicios-eirich\/planta-de-servicios-eirich-2\/"]}]},{"@type":"BreadcrumbList","@id":"https:\/\/eirich.com.br\/es\/servicios-eirich\/planta-de-servicios-eirich-2\/#breadcrumb","itemListElement":[{"@type":"ListItem","position":1,"name":"In\u00edcio","item":"https:\/\/eirich.com.br\/es\/"},{"@type":"ListItem","position":2,"name":"Servicios","item":"https:\/\/eirich.com.br\/es\/servicios-eirich\/"},{"@type":"ListItem","position":3,"name":"Planta de Servicios Eirich"}]},{"@type":"WebSite","@id":"https:\/\/eirich.com.br\/es\/#website","url":"https:\/\/eirich.com.br\/es\/","name":"Eirich de Brasil","description":"Pionero en la tecnolog\u00eda de mezclado, granulaci\u00f3n, granulaci\u00f3n y molienda fina.","potentialAction":[{"@type":"SearchAction","target":{"@type":"EntryPoint","urlTemplate":"https:\/\/eirich.com.br\/es\/?s={search_term_string}"},"query-input":{"@type":"PropertyValueSpecification","valueRequired":true,"valueName":"search_term_string"}}],"inLanguage":"es"}]}},"_links":{"self":[{"href":"https:\/\/eirich.com.br\/es\/wp-json\/wp\/v2\/pages\/1107","targetHints":{"allow":["GET"]}}],"collection":[{"href":"https:\/\/eirich.com.br\/es\/wp-json\/wp\/v2\/pages"}],"about":[{"href":"https:\/\/eirich.com.br\/es\/wp-json\/wp\/v2\/types\/page"}],"author":[{"embeddable":true,"href":"https:\/\/eirich.com.br\/es\/wp-json\/wp\/v2\/users\/1"}],"replies":[{"embeddable":true,"href":"https:\/\/eirich.com.br\/es\/wp-json\/wp\/v2\/comments?post=1107"}],"version-history":[{"count":5,"href":"https:\/\/eirich.com.br\/es\/wp-json\/wp\/v2\/pages\/1107\/revisions"}],"predecessor-version":[{"id":1112,"href":"https:\/\/eirich.com.br\/es\/wp-json\/wp\/v2\/pages\/1107\/revisions\/1112"}],"up":[{"embeddable":true,"href":"https:\/\/eirich.com.br\/es\/wp-json\/wp\/v2\/pages\/10"}],"wp:attachment":[{"href":"https:\/\/eirich.com.br\/es\/wp-json\/wp\/v2\/media?parent=1107"}],"curies":[{"name":"wp","href":"https:\/\/api.w.org\/{rel}","templated":true}]}}