{"id":1102,"date":"2024-05-22T15:54:56","date_gmt":"2024-05-22T18:54:56","guid":{"rendered":"https:\/\/eirich.com.br\/es\/?page_id=1102"},"modified":"2024-05-22T16:00:36","modified_gmt":"2024-05-22T19:00:36","slug":"programa-mantenimiento-preventivo-eirich","status":"publish","type":"page","link":"https:\/\/eirich.com.br\/es\/servicios-eirich\/programa-mantenimiento-preventivo-eirich\/","title":{"rendered":"Programa\u200b Mantenimiento Preventivo"},"content":{"rendered":"<h1><strong>O que \u00e9 el Programa\u200b Mantenimiento Preventivo Eirich?<\/strong><\/h1>\n<p>Toda empresa preocupada por el mantenimiento preventivo sabe que para mantener sus equipos industriales en pleno funcionamiento, es fundamental utilizar repuestos originales, producidos bajo los mismos est\u00e1ndares de calidad que los utilizados en la fabricaci\u00f3n, garantizando as\u00ed la integridad, confiabilidad, durabilidad de sus mezcladora Eirich.<\/p>\n<p>La inspecci\u00f3n t\u00e9cnica por parte de un profesional de Eirich que le permitir\u00e1 evaluar con precisi\u00f3n las condiciones de la mezcladora, con el fin de proporcionar un plan de mantenimiento para reparaciones y reemplazo de repuestos originales Eirich.<\/p>\n<hr \/>\n<p><strong>El programa de Mantenimiento Preventivo Eirich\u200b promueve<\/strong><\/p>\n<p><strong>\u200bBeneficios directos:\u200b<\/strong><\/p>\n<ul>\n<li>Descuento en repuestos\u200b<\/li>\n<li>Descuento en la contrataci\u00f3n de servicios\u200b<\/li>\n<li>Rendimiento mejorado del equipo\u200b<\/li>\n<li>Menos tiempo de inactividad por mantenimiento\u200b<\/li>\n<li>Menor incidencia de tiempo de inactividad\u200b<\/li>\n<li>Aumento de la vida \u00fatil de los equipos y\/o piezas de desgaste<\/li>\n<\/ul>\n<p><strong>Ventajas:<\/strong><\/p>\n<ul>\n<li>Rendimiento de las inversiones\u200b<\/li>\n<li>Para un programa de mantenimiento planificado, coordinado con otros sistemas en las operaciones de fabricaci\u00f3n, el retorno de la inversi\u00f3n puede oscilar entre una y tres veces la cantidad gastada en el sistema.\u200b<\/li>\n<li>\u200bReducci\u00f3n de fallas mec\u00e1nicas\u200b<\/li>\n<li>Un programa de mantenimiento preventivo minimiza las fallas mec\u00e1nicas.\u200b<\/li>\n<li>Reducci\u00f3n de costos y tiempo de inactividad no programado\u200b<\/li>\n<li>Ahorro en gastos de reparaci\u00f3n (mano de obra y materiales), que van del 10 al 40% del coste total anual cuando se aplica mantenimiento preventivo.\u200b<\/li>\n<li>Extender la vida \u00fatil y reducir el tiempo de inactividad no planificado puede generar ahorros de hasta el 60 % de la depreciaci\u00f3n esperada.<\/li>\n<\/ul>\n<hr \/>\n<p><strong>Quiere saber c\u00f3mo su empresa puede obtener estos servicios? \u00a1Contacta con nuestros vendedores!<\/strong><\/p>\n<div id=\"resposta-formulario\"><\/div>\t\t\t<form action=\"https:\/\/eirich.com.br\/es\/wp-json\/wp\/v2\/pages\/1102#resposta-formulario\" method=\"post\" class=\"form-contact\" id=\"formulario\" >\r\n\t\t\t\t<div class=\"form_messages\"><\/div>\t\t\t\t\t\t\t\t<input type=\"hidden\" name=\"form_name\" value=\"contato_form\" \/>\r\n\t\t\t<input type='hidden' name='type' value='frontend' \/>\n<input type='hidden' name='object_type' value='post' \/>\n<input type='hidden' name='object_id' value='0' \/>\n<input type='hidden' name='form_name' value='contato_form' \/>\n<div class='fieldsets'><fieldset id='contact-first-block' class='group_container row'>\t\t\t\t\t<div class=\"form-group boros_form_element boros_element_textarea layout_bootstrap4 col-md-12\" id=\"mensagem_control\">\r\n\t\t\t\t\t\t<label for='mensagem'>Deje su mensaje *<\/label>\t\t\t\t\t\t<textarea  name='mensagem' id='mensagem' class='boros_form_input input_textarea  form-control ipt_textarea ' rel='mensagem' required='required' data-type='frontend' data-object_type='post' data-object_id='0' data-form_name='contato_form' data-group='contact-first-block' data-in_duplicate_group='0' data-name='mensagem' data-parent='0'><\/textarea>\t\t\t\t\t\t\t\t\t\t\t<\/div>\r\n\t\t\t\t\t\t\t\t\t\t<div class=\"form-group boros_form_element boros_element_text layout_bootstrap4 col-md-6\" id=\"nome_control\">\r\n\t\t\t\t\t\t<label for='nome'>Nombre *<\/label>\t\t\t\t\t\t<input type='text' value='' name='nome' id='nome' class='boros_form_input input_text  form-control  ' rel='nome' placeholder='' required='required' data-type='frontend' data-object_type='post' data-object_id='0' data-form_name='contato_form' data-group='contact-first-block' data-in_duplicate_group='0' data-name='nome' data-parent='0' \/>\t\t\t\t\t\t\t\t\t\t\t<\/div>\r\n\t\t\t\t\t\t\t\t\t\t<div class=\"form-group boros_form_element boros_element_text layout_bootstrap4 col-md-6\" id=\"empresa_control\">\r\n\t\t\t\t\t\t<label for='empresa'>Empresa<\/label>\t\t\t\t\t\t<input type='text' value='' name='empresa' id='empresa' class='boros_form_input input_text  form-control  ' rel='empresa' data-type='frontend' data-object_type='post' data-object_id='0' data-form_name='contato_form' data-group='contact-first-block' data-in_duplicate_group='0' data-name='empresa' data-parent='0' \/>\t\t\t\t\t\t\t\t\t\t\t<\/div>\r\n\t\t\t\t\t\t\t\t\t\t<div class=\"form-group boros_form_element boros_element_text layout_bootstrap4 col-md-6\" id=\"email_control\">\r\n\t\t\t\t\t\t<label for='email'>Correo electr\u00f3nico *<\/label>\t\t\t\t\t\t<input type='email' value='' name='email' id='email' class='boros_form_input input_text  form-control  ' rel='email' placeholder='' required='required' data-type='frontend' data-object_type='post' data-object_id='0' data-form_name='contato_form' data-group='contact-first-block' data-in_duplicate_group='0' data-name='email' data-parent='0' \/>\t\t\t\t\t\t\t\t\t\t\t<\/div>\r\n\t\t\t\t\t\t\t\t\t\t<div class=\"form-group boros_form_element boros_element_text layout_bootstrap4 col-md-2\" id=\"ddd_control\">\r\n\t\t\t\t\t\t<label for='ddd'>DDI + DDD *<\/label>\t\t\t\t\t\t<input type='text' value='' name='ddd' id='ddd' class='boros_form_input input_text  form-control  ' rel='ddd' required='required' data-type='frontend' data-object_type='post' data-object_id='0' data-form_name='contato_form' data-group='contact-first-block' data-in_duplicate_group='0' data-name='ddd' data-parent='0' \/>\t\t\t\t\t\t\t\t\t\t\t<\/div>\r\n\t\t\t\t\t\t\t\t\t\t<div class=\"form-group boros_form_element boros_element_text layout_bootstrap4 col-md-4\" id=\"telefone_control\">\r\n\t\t\t\t\t\t<label for='telefone'>Tel\u00e9fono *<\/label>\t\t\t\t\t\t<input type='text' value='' name='telefone' id='telefone' class='boros_form_input input_text  form-control  ' rel='telefone' required='required' data-type='frontend' data-object_type='post' data-object_id='0' data-form_name='contato_form' data-group='contact-first-block' data-in_duplicate_group='0' data-name='telefone' data-parent='0' \/>\t\t\t\t\t\t\t\t\t\t\t<\/div>\r\n\t\t\t\t\t\t\t\t\t\t<div class=\"form-group boros_form_element boros_element_select layout_bootstrap4 col-md-12\" id=\"setor_control\">\r\n\t\t\t\t\t\t<label for='setor'>Seleccione el departamento con el que desea contactar<\/label>\t\t\t\t\t\t<select  name='setor' id='setor' class='boros_form_input input_select  form-control  ' rel='setor' required='required' data-type='frontend' data-object_type='post' data-object_id='0' data-form_name='contato_form' data-group='contact-first-block' data-in_duplicate_group='0' data-name='setor' data-parent='0'><option value='' selected='selected'>&mdash;<\/option>\n<option value='Atendimento Geral'>Servicios generales<\/option>\n<option value='Carreiras'>Carrera<\/option>\n<option value='Centro de Testes'>Centro de Testes<\/option>\n<option value='Compras'>Compras<\/option>\n<option value='Vendas - Equipamentos'>Ventas - Equipo<\/option>\n<option value='Vendas - Assist\u00eancia T\u00e9cnica e Pe\u00e7as de Reposi\u00e7\u00e3o'>Ventas - Asistencia T\u00e9cnica y Repuestos<\/option>\n<option value='Planta de Servi\u00e7os'>Planta de Servicios<\/option>\n<\/select>\t\t\t\t\t\t\t\t\t\t\t<\/div>\r\n\t\t\t\t\t<\/fieldset><fieldset id='contact-second-block' class='group_container row'>\t\t\t\t\t<div class=\"form-group boros_form_element boros_element_grecaptcha layout_bootstrap4 col-md-6\" id=\"g-recaptcha-response_control\">\r\n\t\t\t\t\t\t\t\t\t\t\t\t<div class='grecaptcha_render ' id='grecaptcha-2'><\/div>\t\t\t\t\t\t\t\t\t\t\t<\/div>\r\n\t\t\t\t\t\t\t\t\t\t<div class=\"form-group boros_form_element boros_element_checkbox layout_bootstrap4 col-md-4\" id=\"newsletter_control\">\r\n\t\t\t\t\t\t\t\t\t\t\t\t<div class='form-check'><input type='checkbox'  name='newsletter' id='newsletter' class='boros_form_input input_checkbox   ' rel='newsletter' data-type='frontend' data-object_type='post' data-object_id='0' data-form_name='contato_form' data-group='contact-second-block' data-in_duplicate_group='0' data-name='newsletter' data-parent='0' value='1'  id='newsletter' class='form-check-input' \/><label clas='form-check-label' for='newsletter'> Suscribirse a nuestro bolet\u00edn de noticias<\/label><\/div>\t\t\t\t\t\t\t\t\t\t\t<\/div>\r\n\t\t\t\t\t\t\t\t\t\t<div class=\"form-group boros_form_element boros_element_submit layout_bootstrap4 col-md-2\" id=\"submit_control\">\r\n\t\t\t\t\t\t\t\t\t\t\t\t<input type='submit' value='ENVIAR' name='submit' id='submit' class='boros_form_input input_submit  btn btn-eirich btn-lg  ' rel='submit' data-type='frontend' data-object_type='post' data-object_id='0' data-form_name='contato_form' data-group='contact-second-block' data-in_duplicate_group='0' data-name='submit' data-parent='0' \/>\t\t\t\t\t\t\t\t\t\t\t<\/div>\r\n\t\t\t\t\t<\/fieldset><\/div>\t\t\t<\/form>\r\n\t\t\t\n","protected":false},"excerpt":{"rendered":"<p>O que \u00e9 el Programa\u200b Mantenimiento Preventivo Eirich? Toda empresa preocupada por el mantenimiento preventivo sabe que para mantener sus equipos industriales en pleno funcionamiento, es fundamental utilizar repuestos originales, producidos bajo los mismos est\u00e1ndares de calidad que los utilizados en la fabricaci\u00f3n, garantizando as\u00ed la integridad, confiabilidad, durabilidad de sus mezcladora Eirich. La inspecci\u00f3n [&hellip;]<\/p>\n","protected":false},"author":1,"featured_media":0,"parent":10,"menu_order":0,"comment_status":"closed","ping_status":"closed","template":"","meta":{"footnotes":""},"class_list":["post-1102","page","type-page","status-publish","hentry"],"yoast_head":"<!-- This site is optimized with the Yoast SEO plugin v26.6 - https:\/\/yoast.com\/wordpress\/plugins\/seo\/ -->\n<title>Programa\u200b Mantenimiento Preventivo - Eirich de Brasil<\/title>\n<meta name=\"description\" content=\"Programa\u200b Mantenimiento Preventivo que garantiza inspecci\u00f3n t\u00e9cnica por parte de un profesional Eirich y d\u00e1 descuento en piezas y servicios!\" \/>\n<meta name=\"robots\" content=\"index, follow, max-snippet:-1, max-image-preview:large, max-video-preview:-1\" \/>\n<link rel=\"canonical\" href=\"https:\/\/eirich.com.br\/es\/servicios-eirich\/programa-mantenimiento-preventivo-eirich\/\" \/>\n<meta property=\"og:locale\" content=\"es_ES\" \/>\n<meta property=\"og:type\" content=\"article\" \/>\n<meta property=\"og:title\" content=\"Programa\u200b Mantenimiento Preventivo - Eirich de Brasil\" \/>\n<meta property=\"og:description\" content=\"Programa\u200b Mantenimiento Preventivo que garantiza inspecci\u00f3n t\u00e9cnica por parte de un profesional Eirich y d\u00e1 descuento en piezas y servicios!\" \/>\n<meta property=\"og:url\" content=\"https:\/\/eirich.com.br\/es\/servicios-eirich\/programa-mantenimiento-preventivo-eirich\/\" \/>\n<meta property=\"og:site_name\" content=\"Eirich de Brasil\" \/>\n<meta property=\"article:modified_time\" content=\"2024-05-22T19:00:36+00:00\" \/>\n<meta name=\"twitter:card\" content=\"summary_large_image\" \/>\n<meta name=\"twitter:label1\" content=\"Tiempo de lectura\" \/>\n\t<meta name=\"twitter:data1\" content=\"2 minutos\" \/>\n<script type=\"application\/ld+json\" class=\"yoast-schema-graph\">{\"@context\":\"https:\/\/schema.org\",\"@graph\":[{\"@type\":\"WebPage\",\"@id\":\"https:\/\/eirich.com.br\/es\/servicios-eirich\/programa-mantenimiento-preventivo-eirich\/\",\"url\":\"https:\/\/eirich.com.br\/es\/servicios-eirich\/programa-mantenimiento-preventivo-eirich\/\",\"name\":\"Programa\u200b Mantenimiento Preventivo - Eirich de Brasil\",\"isPartOf\":{\"@id\":\"https:\/\/eirich.com.br\/es\/#website\"},\"datePublished\":\"2024-05-22T18:54:56+00:00\",\"dateModified\":\"2024-05-22T19:00:36+00:00\",\"description\":\"Programa\u200b Mantenimiento Preventivo que garantiza inspecci\u00f3n t\u00e9cnica por parte de un profesional Eirich y d\u00e1 descuento en piezas y servicios!\",\"breadcrumb\":{\"@id\":\"https:\/\/eirich.com.br\/es\/servicios-eirich\/programa-mantenimiento-preventivo-eirich\/#breadcrumb\"},\"inLanguage\":\"es\",\"potentialAction\":[{\"@type\":\"ReadAction\",\"target\":[\"https:\/\/eirich.com.br\/es\/servicios-eirich\/programa-mantenimiento-preventivo-eirich\/\"]}]},{\"@type\":\"BreadcrumbList\",\"@id\":\"https:\/\/eirich.com.br\/es\/servicios-eirich\/programa-mantenimiento-preventivo-eirich\/#breadcrumb\",\"itemListElement\":[{\"@type\":\"ListItem\",\"position\":1,\"name\":\"In\u00edcio\",\"item\":\"https:\/\/eirich.com.br\/es\/\"},{\"@type\":\"ListItem\",\"position\":2,\"name\":\"Servicios\",\"item\":\"https:\/\/eirich.com.br\/es\/servicios-eirich\/\"},{\"@type\":\"ListItem\",\"position\":3,\"name\":\"Programa\u200b Mantenimiento Preventivo\"}]},{\"@type\":\"WebSite\",\"@id\":\"https:\/\/eirich.com.br\/es\/#website\",\"url\":\"https:\/\/eirich.com.br\/es\/\",\"name\":\"Eirich de Brasil\",\"description\":\"Pionero en la tecnolog\u00eda de mezclado, granulaci\u00f3n, granulaci\u00f3n y molienda fina.\",\"potentialAction\":[{\"@type\":\"SearchAction\",\"target\":{\"@type\":\"EntryPoint\",\"urlTemplate\":\"https:\/\/eirich.com.br\/es\/?s={search_term_string}\"},\"query-input\":{\"@type\":\"PropertyValueSpecification\",\"valueRequired\":true,\"valueName\":\"search_term_string\"}}],\"inLanguage\":\"es\"}]}<\/script>\n<!-- \/ Yoast SEO plugin. -->","yoast_head_json":{"title":"Programa\u200b Mantenimiento Preventivo - Eirich de Brasil","description":"Programa\u200b Mantenimiento Preventivo que garantiza inspecci\u00f3n t\u00e9cnica por parte de un profesional Eirich y d\u00e1 descuento en piezas y servicios!","robots":{"index":"index","follow":"follow","max-snippet":"max-snippet:-1","max-image-preview":"max-image-preview:large","max-video-preview":"max-video-preview:-1"},"canonical":"https:\/\/eirich.com.br\/es\/servicios-eirich\/programa-mantenimiento-preventivo-eirich\/","og_locale":"es_ES","og_type":"article","og_title":"Programa\u200b Mantenimiento Preventivo - Eirich de Brasil","og_description":"Programa\u200b Mantenimiento Preventivo que garantiza inspecci\u00f3n t\u00e9cnica por parte de un profesional Eirich y d\u00e1 descuento en piezas y servicios!","og_url":"https:\/\/eirich.com.br\/es\/servicios-eirich\/programa-mantenimiento-preventivo-eirich\/","og_site_name":"Eirich de Brasil","article_modified_time":"2024-05-22T19:00:36+00:00","twitter_card":"summary_large_image","twitter_misc":{"Tiempo de lectura":"2 minutos"},"schema":{"@context":"https:\/\/schema.org","@graph":[{"@type":"WebPage","@id":"https:\/\/eirich.com.br\/es\/servicios-eirich\/programa-mantenimiento-preventivo-eirich\/","url":"https:\/\/eirich.com.br\/es\/servicios-eirich\/programa-mantenimiento-preventivo-eirich\/","name":"Programa\u200b Mantenimiento Preventivo - Eirich de Brasil","isPartOf":{"@id":"https:\/\/eirich.com.br\/es\/#website"},"datePublished":"2024-05-22T18:54:56+00:00","dateModified":"2024-05-22T19:00:36+00:00","description":"Programa\u200b Mantenimiento Preventivo que garantiza inspecci\u00f3n t\u00e9cnica por parte de un profesional Eirich y d\u00e1 descuento en piezas y servicios!","breadcrumb":{"@id":"https:\/\/eirich.com.br\/es\/servicios-eirich\/programa-mantenimiento-preventivo-eirich\/#breadcrumb"},"inLanguage":"es","potentialAction":[{"@type":"ReadAction","target":["https:\/\/eirich.com.br\/es\/servicios-eirich\/programa-mantenimiento-preventivo-eirich\/"]}]},{"@type":"BreadcrumbList","@id":"https:\/\/eirich.com.br\/es\/servicios-eirich\/programa-mantenimiento-preventivo-eirich\/#breadcrumb","itemListElement":[{"@type":"ListItem","position":1,"name":"In\u00edcio","item":"https:\/\/eirich.com.br\/es\/"},{"@type":"ListItem","position":2,"name":"Servicios","item":"https:\/\/eirich.com.br\/es\/servicios-eirich\/"},{"@type":"ListItem","position":3,"name":"Programa\u200b Mantenimiento Preventivo"}]},{"@type":"WebSite","@id":"https:\/\/eirich.com.br\/es\/#website","url":"https:\/\/eirich.com.br\/es\/","name":"Eirich de Brasil","description":"Pionero en la tecnolog\u00eda de mezclado, granulaci\u00f3n, granulaci\u00f3n y molienda fina.","potentialAction":[{"@type":"SearchAction","target":{"@type":"EntryPoint","urlTemplate":"https:\/\/eirich.com.br\/es\/?s={search_term_string}"},"query-input":{"@type":"PropertyValueSpecification","valueRequired":true,"valueName":"search_term_string"}}],"inLanguage":"es"}]}},"_links":{"self":[{"href":"https:\/\/eirich.com.br\/es\/wp-json\/wp\/v2\/pages\/1102","targetHints":{"allow":["GET"]}}],"collection":[{"href":"https:\/\/eirich.com.br\/es\/wp-json\/wp\/v2\/pages"}],"about":[{"href":"https:\/\/eirich.com.br\/es\/wp-json\/wp\/v2\/types\/page"}],"author":[{"embeddable":true,"href":"https:\/\/eirich.com.br\/es\/wp-json\/wp\/v2\/users\/1"}],"replies":[{"embeddable":true,"href":"https:\/\/eirich.com.br\/es\/wp-json\/wp\/v2\/comments?post=1102"}],"version-history":[{"count":4,"href":"https:\/\/eirich.com.br\/es\/wp-json\/wp\/v2\/pages\/1102\/revisions"}],"predecessor-version":[{"id":1106,"href":"https:\/\/eirich.com.br\/es\/wp-json\/wp\/v2\/pages\/1102\/revisions\/1106"}],"up":[{"embeddable":true,"href":"https:\/\/eirich.com.br\/es\/wp-json\/wp\/v2\/pages\/10"}],"wp:attachment":[{"href":"https:\/\/eirich.com.br\/es\/wp-json\/wp\/v2\/media?parent=1102"}],"curies":[{"name":"wp","href":"https:\/\/api.w.org\/{rel}","templated":true}]}}