{"id":1099,"date":"2024-05-15T11:27:56","date_gmt":"2024-05-15T14:27:56","guid":{"rendered":"https:\/\/eirich.com.br\/es\/?page_id=1099"},"modified":"2024-05-15T11:27:56","modified_gmt":"2024-05-15T14:27:56","slug":"planta-de-servicios-eirich","status":"publish","type":"page","link":"https:\/\/eirich.com.br\/es\/servicios-eirich\/planta-de-servicios-eirich\/","title":{"rendered":"Planta de Servicios Eirich"},"content":{"rendered":"<h2 class=\"\" data-sourcepos=\"1:1-1:33\">Planta de Servicios de Mezcla, Molienda y Granulaci\u00f3n<\/h2>\n<p data-sourcepos=\"3:1-3:97\">Reconocida en el mercado de fertilizantes por su sistema de mezcla, reacci\u00f3n, granulaci\u00f3n y recubrimiento, todo en una sola m\u00e1quina, Eirich ahora tambi\u00e9n ofrece, en su propia f\u00e1brica en Jandira\/SP, una planta completa de servicios que incluye: Molino TurboGrinder, Mezclador Intensivo, Disco Granulador, adem\u00e1s de sistema de secado y perif\u00e9ricos.<\/p>\n<p data-sourcepos=\"5:1-5:31\">La nueva planta de servicios Eirich es la soluci\u00f3n ideal para producciones a escala industrial y semiindustrial, ya sea para pruebas, validaciones o prestaci\u00f3n de servicios.<\/p>\n<p data-sourcepos=\"7:1-7:28\">La tecnolog\u00eda de preparaci\u00f3n Eirich se utiliza tanto para operaciones por lotes como para procesos continuos en las siguientes operaciones:<\/p>\n<ul>\n<li data-sourcepos=\"9:1-17:345\">Homogeneizaci\u00f3n<\/li>\n<li data-sourcepos=\"9:1-17:345\">Mezcla<\/li>\n<li data-sourcepos=\"9:1-17:345\">Dispersi\u00f3n<\/li>\n<li data-sourcepos=\"9:1-17:345\">Granulaci\u00f3n \/ Peletizaci\u00f3n \/ Aglomeraci\u00f3n<\/li>\n<li data-sourcepos=\"9:1-17:345\">Amasado<\/li>\n<li data-sourcepos=\"9:1-17:345\">Secado<\/li>\n<li data-sourcepos=\"9:1-17:345\">Reacciones<\/li>\n<li data-sourcepos=\"9:1-17:345\">Molienda fina y ultrafina<\/li>\n<\/ul>\n<p data-sourcepos=\"9:1-17:345\">La Planta de Servicios Eirich fue concebida tras un amplio estudio de mercado que constat\u00f3 una oportunidad para ofrecer a nuestros clientes, que por diversas razones, a veces se encuentran imposibilitados de invertir en la compra de equipos de alto nivel, ya sea de molienda, mezcla o granulaci\u00f3n. Por lo tanto, decidimos invertir en un proyecto audaz: una planta completa de servicios en nuestras instalaciones, permitiendo ofrecer, bajo demanda, a sus clientes tecnolog\u00eda de punta, flexibilidad de procesamiento y un equipo experimentado y altamente calificado, ofreciendo la combinaci\u00f3n perfecta para nuestros clientes de las m\u00e1s diversas aplicaciones.<\/p>\n<p data-sourcepos=\"19:1-19:49\"><strong>La Planta de Servicios Eirich est\u00e1 compuesta por:<\/strong><\/p>\n<p data-sourcepos=\"21:1-24:21\"><strong>Mezclador Intensivo RV-12 <\/strong><\/p>\n<p data-sourcepos=\"21:1-24:21\"><strong>Molino Eirich TurboGrinder <\/strong><\/p>\n<p data-sourcepos=\"21:1-24:21\"><strong>Disco de Peletizaci\u00f3n \/ Disco de Granulaci\u00f3n <\/strong><\/p>\n<p data-sourcepos=\"21:1-24:21\"><strong>Adem\u00e1s de perif\u00e9ricos<\/strong><\/p>\n<hr \/>\n<p data-sourcepos=\"26:1-26:173\">\u00bfQuiere saber c\u00f3mo contactar con nuestros servicios? Rellene el siguiente formulario y le responderemos su mensaje:<\/p>\n<div id=\"resposta-formulario\"><\/div>\t\t\t<form action=\"https:\/\/eirich.com.br\/es\/wp-json\/wp\/v2\/pages\/1099#resposta-formulario\" method=\"post\" class=\"form-contact\" id=\"formulario\" >\r\n\t\t\t\t<div class=\"form_messages\"><\/div>\t\t\t\t\t\t\t\t<input type=\"hidden\" name=\"form_name\" value=\"contato_form\" \/>\r\n\t\t\t<input type='hidden' name='type' value='frontend' \/>\n<input type='hidden' name='object_type' value='post' \/>\n<input type='hidden' name='object_id' value='0' \/>\n<input type='hidden' name='form_name' value='contato_form' \/>\n<div class='fieldsets'><fieldset id='contact-first-block' class='group_container row'>\t\t\t\t\t<div class=\"form-group boros_form_element boros_element_textarea layout_bootstrap4 col-md-12\" id=\"mensagem_control\">\r\n\t\t\t\t\t\t<label for='mensagem'>Deje su mensaje *<\/label>\t\t\t\t\t\t<textarea  name='mensagem' id='mensagem' class='boros_form_input input_textarea  form-control ipt_textarea ' rel='mensagem' required='required' data-type='frontend' data-object_type='post' data-object_id='0' data-form_name='contato_form' data-group='contact-first-block' data-in_duplicate_group='0' data-name='mensagem' data-parent='0'><\/textarea>\t\t\t\t\t\t\t\t\t\t\t<\/div>\r\n\t\t\t\t\t\t\t\t\t\t<div class=\"form-group boros_form_element boros_element_text layout_bootstrap4 col-md-6\" id=\"nome_control\">\r\n\t\t\t\t\t\t<label for='nome'>Nombre *<\/label>\t\t\t\t\t\t<input type='text' value='' name='nome' id='nome' class='boros_form_input input_text  form-control  ' rel='nome' placeholder='' required='required' data-type='frontend' data-object_type='post' data-object_id='0' data-form_name='contato_form' data-group='contact-first-block' data-in_duplicate_group='0' data-name='nome' data-parent='0' \/>\t\t\t\t\t\t\t\t\t\t\t<\/div>\r\n\t\t\t\t\t\t\t\t\t\t<div class=\"form-group boros_form_element boros_element_text layout_bootstrap4 col-md-6\" id=\"empresa_control\">\r\n\t\t\t\t\t\t<label for='empresa'>Empresa<\/label>\t\t\t\t\t\t<input type='text' value='' name='empresa' id='empresa' class='boros_form_input input_text  form-control  ' rel='empresa' data-type='frontend' data-object_type='post' data-object_id='0' data-form_name='contato_form' data-group='contact-first-block' data-in_duplicate_group='0' data-name='empresa' data-parent='0' \/>\t\t\t\t\t\t\t\t\t\t\t<\/div>\r\n\t\t\t\t\t\t\t\t\t\t<div class=\"form-group boros_form_element boros_element_text layout_bootstrap4 col-md-6\" id=\"email_control\">\r\n\t\t\t\t\t\t<label for='email'>Correo electr\u00f3nico *<\/label>\t\t\t\t\t\t<input type='email' value='' name='email' id='email' class='boros_form_input input_text  form-control  ' rel='email' placeholder='' required='required' data-type='frontend' data-object_type='post' data-object_id='0' data-form_name='contato_form' data-group='contact-first-block' data-in_duplicate_group='0' data-name='email' data-parent='0' \/>\t\t\t\t\t\t\t\t\t\t\t<\/div>\r\n\t\t\t\t\t\t\t\t\t\t<div class=\"form-group boros_form_element boros_element_text layout_bootstrap4 col-md-2\" id=\"ddd_control\">\r\n\t\t\t\t\t\t<label for='ddd'>DDI + DDD *<\/label>\t\t\t\t\t\t<input type='text' value='' name='ddd' id='ddd' class='boros_form_input input_text  form-control  ' rel='ddd' required='required' data-type='frontend' data-object_type='post' data-object_id='0' data-form_name='contato_form' data-group='contact-first-block' data-in_duplicate_group='0' data-name='ddd' data-parent='0' \/>\t\t\t\t\t\t\t\t\t\t\t<\/div>\r\n\t\t\t\t\t\t\t\t\t\t<div class=\"form-group boros_form_element boros_element_text layout_bootstrap4 col-md-4\" id=\"telefone_control\">\r\n\t\t\t\t\t\t<label for='telefone'>Tel\u00e9fono *<\/label>\t\t\t\t\t\t<input type='text' value='' name='telefone' id='telefone' class='boros_form_input input_text  form-control  ' rel='telefone' required='required' data-type='frontend' data-object_type='post' data-object_id='0' data-form_name='contato_form' data-group='contact-first-block' data-in_duplicate_group='0' data-name='telefone' data-parent='0' \/>\t\t\t\t\t\t\t\t\t\t\t<\/div>\r\n\t\t\t\t\t\t\t\t\t\t<div class=\"form-group boros_form_element boros_element_select layout_bootstrap4 col-md-12\" id=\"setor_control\">\r\n\t\t\t\t\t\t<label for='setor'>Seleccione el departamento con el que desea contactar<\/label>\t\t\t\t\t\t<select  name='setor' id='setor' class='boros_form_input input_select  form-control  ' rel='setor' required='required' data-type='frontend' data-object_type='post' data-object_id='0' data-form_name='contato_form' data-group='contact-first-block' data-in_duplicate_group='0' data-name='setor' data-parent='0'><option value='' selected='selected'>&mdash;<\/option>\n<option value='Atendimento Geral'>Servicios generales<\/option>\n<option value='Carreiras'>Carrera<\/option>\n<option value='Centro de Testes'>Centro de Testes<\/option>\n<option value='Compras'>Compras<\/option>\n<option value='Vendas - Equipamentos'>Ventas - Equipo<\/option>\n<option value='Vendas - Assist\u00eancia T\u00e9cnica e Pe\u00e7as de Reposi\u00e7\u00e3o'>Ventas - Asistencia T\u00e9cnica y Repuestos<\/option>\n<option value='Planta de Servi\u00e7os'>Planta de Servicios<\/option>\n<\/select>\t\t\t\t\t\t\t\t\t\t\t<\/div>\r\n\t\t\t\t\t<\/fieldset><fieldset id='contact-second-block' class='group_container row'>\t\t\t\t\t<div class=\"form-group boros_form_element boros_element_grecaptcha layout_bootstrap4 col-md-6\" id=\"g-recaptcha-response_control\">\r\n\t\t\t\t\t\t\t\t\t\t\t\t<div class='grecaptcha_render ' id='grecaptcha-2'><\/div>\t\t\t\t\t\t\t\t\t\t\t<\/div>\r\n\t\t\t\t\t\t\t\t\t\t<div class=\"form-group boros_form_element boros_element_checkbox layout_bootstrap4 col-md-4\" id=\"newsletter_control\">\r\n\t\t\t\t\t\t\t\t\t\t\t\t<div class='form-check'><input type='checkbox'  name='newsletter' id='newsletter' class='boros_form_input input_checkbox   ' rel='newsletter' data-type='frontend' data-object_type='post' data-object_id='0' data-form_name='contato_form' data-group='contact-second-block' data-in_duplicate_group='0' data-name='newsletter' data-parent='0' value='1'  id='newsletter' class='form-check-input' \/><label clas='form-check-label' for='newsletter'> Suscribirse a nuestro bolet\u00edn de noticias<\/label><\/div>\t\t\t\t\t\t\t\t\t\t\t<\/div>\r\n\t\t\t\t\t\t\t\t\t\t<div class=\"form-group boros_form_element boros_element_submit layout_bootstrap4 col-md-2\" id=\"submit_control\">\r\n\t\t\t\t\t\t\t\t\t\t\t\t<input type='submit' value='ENVIAR' name='submit' id='submit' class='boros_form_input input_submit  btn btn-eirich btn-lg  ' rel='submit' data-type='frontend' data-object_type='post' data-object_id='0' data-form_name='contato_form' data-group='contact-second-block' data-in_duplicate_group='0' data-name='submit' data-parent='0' \/>\t\t\t\t\t\t\t\t\t\t\t<\/div>\r\n\t\t\t\t\t<\/fieldset><\/div>\t\t\t<\/form>\r\n\t\t\t\n","protected":false},"excerpt":{"rendered":"<p>Planta de Servicios de Mezcla, Molienda y Granulaci\u00f3n Reconocida en el mercado de fertilizantes por su sistema de mezcla, reacci\u00f3n, granulaci\u00f3n y recubrimiento, todo en una sola m\u00e1quina, Eirich ahora tambi\u00e9n ofrece, en su propia f\u00e1brica en Jandira\/SP, una planta completa de servicios que incluye: Molino TurboGrinder, Mezclador Intensivo, Disco Granulador, adem\u00e1s de sistema de [&hellip;]<\/p>\n","protected":false},"author":1,"featured_media":0,"parent":10,"menu_order":0,"comment_status":"closed","ping_status":"closed","template":"","meta":{"footnotes":""},"class_list":["post-1099","page","type-page","status-publish","hentry"],"yoast_head":"<!-- This site is optimized with the Yoast SEO plugin v26.6 - https:\/\/yoast.com\/wordpress\/plugins\/seo\/ -->\n<title>Planta de Servicios Eirich - Eirich de Brasil<\/title>\n<meta name=\"robots\" content=\"index, follow, max-snippet:-1, max-image-preview:large, max-video-preview:-1\" \/>\n<link rel=\"canonical\" href=\"https:\/\/eirich.com.br\/es\/servicios-eirich\/planta-de-servicios-eirich\/\" \/>\n<meta property=\"og:locale\" content=\"es_ES\" \/>\n<meta property=\"og:type\" content=\"article\" \/>\n<meta property=\"og:title\" content=\"Planta de Servicios Eirich - Eirich de Brasil\" \/>\n<meta property=\"og:description\" content=\"Planta de Servicios de Mezcla, Molienda y Granulaci\u00f3n Reconocida en el mercado de fertilizantes por su sistema de mezcla, reacci\u00f3n, granulaci\u00f3n y recubrimiento, todo en una sola m\u00e1quina, Eirich ahora tambi\u00e9n ofrece, en su propia f\u00e1brica en Jandira\/SP, una planta completa de servicios que incluye: Molino TurboGrinder, Mezclador Intensivo, Disco Granulador, adem\u00e1s de sistema de [&hellip;]\" \/>\n<meta property=\"og:url\" content=\"https:\/\/eirich.com.br\/es\/servicios-eirich\/planta-de-servicios-eirich\/\" \/>\n<meta property=\"og:site_name\" content=\"Eirich de Brasil\" \/>\n<meta name=\"twitter:card\" content=\"summary_large_image\" \/>\n<meta name=\"twitter:label1\" content=\"Tiempo de lectura\" \/>\n\t<meta name=\"twitter:data1\" content=\"2 minutos\" \/>\n<script type=\"application\/ld+json\" class=\"yoast-schema-graph\">{\"@context\":\"https:\/\/schema.org\",\"@graph\":[{\"@type\":\"WebPage\",\"@id\":\"https:\/\/eirich.com.br\/es\/servicios-eirich\/planta-de-servicios-eirich\/\",\"url\":\"https:\/\/eirich.com.br\/es\/servicios-eirich\/planta-de-servicios-eirich\/\",\"name\":\"Planta de Servicios Eirich - Eirich de Brasil\",\"isPartOf\":{\"@id\":\"https:\/\/eirich.com.br\/es\/#website\"},\"datePublished\":\"2024-05-15T14:27:56+00:00\",\"breadcrumb\":{\"@id\":\"https:\/\/eirich.com.br\/es\/servicios-eirich\/planta-de-servicios-eirich\/#breadcrumb\"},\"inLanguage\":\"es\",\"potentialAction\":[{\"@type\":\"ReadAction\",\"target\":[\"https:\/\/eirich.com.br\/es\/servicios-eirich\/planta-de-servicios-eirich\/\"]}]},{\"@type\":\"BreadcrumbList\",\"@id\":\"https:\/\/eirich.com.br\/es\/servicios-eirich\/planta-de-servicios-eirich\/#breadcrumb\",\"itemListElement\":[{\"@type\":\"ListItem\",\"position\":1,\"name\":\"In\u00edcio\",\"item\":\"https:\/\/eirich.com.br\/es\/\"},{\"@type\":\"ListItem\",\"position\":2,\"name\":\"Servicios\",\"item\":\"https:\/\/eirich.com.br\/es\/servicios-eirich\/\"},{\"@type\":\"ListItem\",\"position\":3,\"name\":\"Planta de Servicios Eirich\"}]},{\"@type\":\"WebSite\",\"@id\":\"https:\/\/eirich.com.br\/es\/#website\",\"url\":\"https:\/\/eirich.com.br\/es\/\",\"name\":\"Eirich de Brasil\",\"description\":\"Pionero en la tecnolog\u00eda de mezclado, granulaci\u00f3n, granulaci\u00f3n y molienda fina.\",\"potentialAction\":[{\"@type\":\"SearchAction\",\"target\":{\"@type\":\"EntryPoint\",\"urlTemplate\":\"https:\/\/eirich.com.br\/es\/?s={search_term_string}\"},\"query-input\":{\"@type\":\"PropertyValueSpecification\",\"valueRequired\":true,\"valueName\":\"search_term_string\"}}],\"inLanguage\":\"es\"}]}<\/script>\n<!-- \/ Yoast SEO plugin. -->","yoast_head_json":{"title":"Planta de Servicios Eirich - Eirich de Brasil","robots":{"index":"index","follow":"follow","max-snippet":"max-snippet:-1","max-image-preview":"max-image-preview:large","max-video-preview":"max-video-preview:-1"},"canonical":"https:\/\/eirich.com.br\/es\/servicios-eirich\/planta-de-servicios-eirich\/","og_locale":"es_ES","og_type":"article","og_title":"Planta de Servicios Eirich - Eirich de Brasil","og_description":"Planta de Servicios de Mezcla, Molienda y Granulaci\u00f3n Reconocida en el mercado de fertilizantes por su sistema de mezcla, reacci\u00f3n, granulaci\u00f3n y recubrimiento, todo en una sola m\u00e1quina, Eirich ahora tambi\u00e9n ofrece, en su propia f\u00e1brica en Jandira\/SP, una planta completa de servicios que incluye: Molino TurboGrinder, Mezclador Intensivo, Disco Granulador, adem\u00e1s de sistema de [&hellip;]","og_url":"https:\/\/eirich.com.br\/es\/servicios-eirich\/planta-de-servicios-eirich\/","og_site_name":"Eirich de Brasil","twitter_card":"summary_large_image","twitter_misc":{"Tiempo de lectura":"2 minutos"},"schema":{"@context":"https:\/\/schema.org","@graph":[{"@type":"WebPage","@id":"https:\/\/eirich.com.br\/es\/servicios-eirich\/planta-de-servicios-eirich\/","url":"https:\/\/eirich.com.br\/es\/servicios-eirich\/planta-de-servicios-eirich\/","name":"Planta de Servicios Eirich - Eirich de Brasil","isPartOf":{"@id":"https:\/\/eirich.com.br\/es\/#website"},"datePublished":"2024-05-15T14:27:56+00:00","breadcrumb":{"@id":"https:\/\/eirich.com.br\/es\/servicios-eirich\/planta-de-servicios-eirich\/#breadcrumb"},"inLanguage":"es","potentialAction":[{"@type":"ReadAction","target":["https:\/\/eirich.com.br\/es\/servicios-eirich\/planta-de-servicios-eirich\/"]}]},{"@type":"BreadcrumbList","@id":"https:\/\/eirich.com.br\/es\/servicios-eirich\/planta-de-servicios-eirich\/#breadcrumb","itemListElement":[{"@type":"ListItem","position":1,"name":"In\u00edcio","item":"https:\/\/eirich.com.br\/es\/"},{"@type":"ListItem","position":2,"name":"Servicios","item":"https:\/\/eirich.com.br\/es\/servicios-eirich\/"},{"@type":"ListItem","position":3,"name":"Planta de Servicios Eirich"}]},{"@type":"WebSite","@id":"https:\/\/eirich.com.br\/es\/#website","url":"https:\/\/eirich.com.br\/es\/","name":"Eirich de Brasil","description":"Pionero en la tecnolog\u00eda de mezclado, granulaci\u00f3n, granulaci\u00f3n y molienda fina.","potentialAction":[{"@type":"SearchAction","target":{"@type":"EntryPoint","urlTemplate":"https:\/\/eirich.com.br\/es\/?s={search_term_string}"},"query-input":{"@type":"PropertyValueSpecification","valueRequired":true,"valueName":"search_term_string"}}],"inLanguage":"es"}]}},"_links":{"self":[{"href":"https:\/\/eirich.com.br\/es\/wp-json\/wp\/v2\/pages\/1099","targetHints":{"allow":["GET"]}}],"collection":[{"href":"https:\/\/eirich.com.br\/es\/wp-json\/wp\/v2\/pages"}],"about":[{"href":"https:\/\/eirich.com.br\/es\/wp-json\/wp\/v2\/types\/page"}],"author":[{"embeddable":true,"href":"https:\/\/eirich.com.br\/es\/wp-json\/wp\/v2\/users\/1"}],"replies":[{"embeddable":true,"href":"https:\/\/eirich.com.br\/es\/wp-json\/wp\/v2\/comments?post=1099"}],"version-history":[{"count":2,"href":"https:\/\/eirich.com.br\/es\/wp-json\/wp\/v2\/pages\/1099\/revisions"}],"predecessor-version":[{"id":1101,"href":"https:\/\/eirich.com.br\/es\/wp-json\/wp\/v2\/pages\/1099\/revisions\/1101"}],"up":[{"embeddable":true,"href":"https:\/\/eirich.com.br\/es\/wp-json\/wp\/v2\/pages\/10"}],"wp:attachment":[{"href":"https:\/\/eirich.com.br\/es\/wp-json\/wp\/v2\/media?parent=1099"}],"curies":[{"name":"wp","href":"https:\/\/api.w.org\/{rel}","templated":true}]}}