{"id":1048,"date":"2023-09-15T10:16:46","date_gmt":"2023-09-15T13:16:46","guid":{"rendered":"https:\/\/eirich.com.br\/es\/?page_id=1048"},"modified":"2023-09-15T10:16:46","modified_gmt":"2023-09-15T13:16:46","slug":"tecnologia-de-mezclado","status":"publish","type":"page","link":"https:\/\/eirich.com.br\/es\/tecnologia-de-mezclado\/","title":{"rendered":"Tecnolog\u00eda de Mezclado"},"content":{"rendered":"<h2>La tecnolog\u00eda de mezcla Eirich para todas las industrias<\/h2>\n<p>La mezcla en la industria de transformaci\u00f3n es esencial para garantizar la combinaci\u00f3n de ingredientes, lo cual es fundamental para obtener las propiedades deseadas del producto. Por esta raz\u00f3n, solemos decir que el producto final depende de la etapa de mezcla.<\/p>\n<p>Con una larga historia de innovaci\u00f3n y experiencia en la industria, el Grupo Eirich lleva m\u00e1s de 160 a\u00f1os desarrollando tecnolog\u00eda de mezcla industrial y es una empresa l\u00edder en el procesamiento de materiales.<\/p>\n<p>La patente de su sistema \u00fanico de mezcla en 1926, la estrecha colaboraci\u00f3n con los usuarios y la asociaci\u00f3n con institutos de investigaci\u00f3n y centros educativos son la base de la s\u00f3lida reputaci\u00f3n de los mezcladores intensivos de Eirich en todo el mundo.<\/p>\n<hr \/>\n<h3><a href=\"https:\/\/eirichbrasil.com.br\/es\/aplicaciones\/\">Conozca nuestras aplicaciones.<\/a><\/h3>\n<h3><a href=\"https:\/\/eirichbrasil.com.br\/es\/tecnologia\/mezcladoras-intensivas\/\">Conozca nuestros equipos de mezclado intensivo.<\/a><\/h3>\n<h3><a href=\"https:\/\/eirichbrasil.com.br\/es\/tecnologia\/mezcladoras-horizontales\/\">Conozca nuestros equipos de mezcla horizontal.<\/a><\/h3>\n<p>&nbsp;<\/p>\n<p>&nbsp;<\/p>\n<p>&nbsp;<\/p>\n","protected":false},"excerpt":{"rendered":"<p>La tecnolog\u00eda de mezcla Eirich para todas las industrias La mezcla en la industria de transformaci\u00f3n es esencial para garantizar la combinaci\u00f3n de ingredientes, lo cual es fundamental para obtener las propiedades deseadas del producto. Por esta raz\u00f3n, solemos decir que el producto final depende de la etapa de mezcla. Con una larga historia de [&hellip;]<\/p>\n","protected":false},"author":1,"featured_media":0,"parent":0,"menu_order":0,"comment_status":"closed","ping_status":"closed","template":"","meta":{"footnotes":""},"class_list":["post-1048","page","type-page","status-publish","hentry"],"yoast_head":"<!-- This site is optimized with the Yoast SEO plugin v26.6 - https:\/\/yoast.com\/wordpress\/plugins\/seo\/ -->\n<title>Tecnolog\u00eda de Mezclado - Eirich de Brasil<\/title>\n<meta name=\"robots\" content=\"index, follow, max-snippet:-1, max-image-preview:large, max-video-preview:-1\" \/>\n<link rel=\"canonical\" href=\"https:\/\/eirich.com.br\/es\/tecnologia-de-mezclado\/\" \/>\n<meta property=\"og:locale\" content=\"es_ES\" \/>\n<meta property=\"og:type\" content=\"article\" \/>\n<meta property=\"og:title\" content=\"Tecnolog\u00eda de Mezclado - Eirich de Brasil\" \/>\n<meta property=\"og:description\" content=\"La tecnolog\u00eda de mezcla Eirich para todas las industrias La mezcla en la industria de transformaci\u00f3n es esencial para garantizar la combinaci\u00f3n de ingredientes, lo cual es fundamental para obtener las propiedades deseadas del producto. Por esta raz\u00f3n, solemos decir que el producto final depende de la etapa de mezcla. Con una larga historia de [&hellip;]\" \/>\n<meta property=\"og:url\" content=\"https:\/\/eirich.com.br\/es\/tecnologia-de-mezclado\/\" \/>\n<meta property=\"og:site_name\" content=\"Eirich de Brasil\" \/>\n<meta name=\"twitter:card\" content=\"summary_large_image\" \/>\n<script type=\"application\/ld+json\" class=\"yoast-schema-graph\">{\"@context\":\"https:\/\/schema.org\",\"@graph\":[{\"@type\":\"WebPage\",\"@id\":\"https:\/\/eirich.com.br\/es\/tecnologia-de-mezclado\/\",\"url\":\"https:\/\/eirich.com.br\/es\/tecnologia-de-mezclado\/\",\"name\":\"Tecnolog\u00eda de Mezclado - Eirich de Brasil\",\"isPartOf\":{\"@id\":\"https:\/\/eirich.com.br\/es\/#website\"},\"datePublished\":\"2023-09-15T13:16:46+00:00\",\"breadcrumb\":{\"@id\":\"https:\/\/eirich.com.br\/es\/tecnologia-de-mezclado\/#breadcrumb\"},\"inLanguage\":\"es\",\"potentialAction\":[{\"@type\":\"ReadAction\",\"target\":[\"https:\/\/eirich.com.br\/es\/tecnologia-de-mezclado\/\"]}]},{\"@type\":\"BreadcrumbList\",\"@id\":\"https:\/\/eirich.com.br\/es\/tecnologia-de-mezclado\/#breadcrumb\",\"itemListElement\":[{\"@type\":\"ListItem\",\"position\":1,\"name\":\"In\u00edcio\",\"item\":\"https:\/\/eirich.com.br\/es\/\"},{\"@type\":\"ListItem\",\"position\":2,\"name\":\"Tecnolog\u00eda de Mezclado\"}]},{\"@type\":\"WebSite\",\"@id\":\"https:\/\/eirich.com.br\/es\/#website\",\"url\":\"https:\/\/eirich.com.br\/es\/\",\"name\":\"Eirich de Brasil\",\"description\":\"Pionero en la tecnolog\u00eda de mezclado, granulaci\u00f3n, granulaci\u00f3n y molienda fina.\",\"potentialAction\":[{\"@type\":\"SearchAction\",\"target\":{\"@type\":\"EntryPoint\",\"urlTemplate\":\"https:\/\/eirich.com.br\/es\/?s={search_term_string}\"},\"query-input\":{\"@type\":\"PropertyValueSpecification\",\"valueRequired\":true,\"valueName\":\"search_term_string\"}}],\"inLanguage\":\"es\"}]}<\/script>\n<!-- \/ Yoast SEO plugin. -->","yoast_head_json":{"title":"Tecnolog\u00eda de Mezclado - Eirich de Brasil","robots":{"index":"index","follow":"follow","max-snippet":"max-snippet:-1","max-image-preview":"max-image-preview:large","max-video-preview":"max-video-preview:-1"},"canonical":"https:\/\/eirich.com.br\/es\/tecnologia-de-mezclado\/","og_locale":"es_ES","og_type":"article","og_title":"Tecnolog\u00eda de Mezclado - Eirich de Brasil","og_description":"La tecnolog\u00eda de mezcla Eirich para todas las industrias La mezcla en la industria de transformaci\u00f3n es esencial para garantizar la combinaci\u00f3n de ingredientes, lo cual es fundamental para obtener las propiedades deseadas del producto. Por esta raz\u00f3n, solemos decir que el producto final depende de la etapa de mezcla. Con una larga historia de [&hellip;]","og_url":"https:\/\/eirich.com.br\/es\/tecnologia-de-mezclado\/","og_site_name":"Eirich de Brasil","twitter_card":"summary_large_image","schema":{"@context":"https:\/\/schema.org","@graph":[{"@type":"WebPage","@id":"https:\/\/eirich.com.br\/es\/tecnologia-de-mezclado\/","url":"https:\/\/eirich.com.br\/es\/tecnologia-de-mezclado\/","name":"Tecnolog\u00eda de Mezclado - Eirich de Brasil","isPartOf":{"@id":"https:\/\/eirich.com.br\/es\/#website"},"datePublished":"2023-09-15T13:16:46+00:00","breadcrumb":{"@id":"https:\/\/eirich.com.br\/es\/tecnologia-de-mezclado\/#breadcrumb"},"inLanguage":"es","potentialAction":[{"@type":"ReadAction","target":["https:\/\/eirich.com.br\/es\/tecnologia-de-mezclado\/"]}]},{"@type":"BreadcrumbList","@id":"https:\/\/eirich.com.br\/es\/tecnologia-de-mezclado\/#breadcrumb","itemListElement":[{"@type":"ListItem","position":1,"name":"In\u00edcio","item":"https:\/\/eirich.com.br\/es\/"},{"@type":"ListItem","position":2,"name":"Tecnolog\u00eda de Mezclado"}]},{"@type":"WebSite","@id":"https:\/\/eirich.com.br\/es\/#website","url":"https:\/\/eirich.com.br\/es\/","name":"Eirich de Brasil","description":"Pionero en la tecnolog\u00eda de mezclado, granulaci\u00f3n, granulaci\u00f3n y molienda fina.","potentialAction":[{"@type":"SearchAction","target":{"@type":"EntryPoint","urlTemplate":"https:\/\/eirich.com.br\/es\/?s={search_term_string}"},"query-input":{"@type":"PropertyValueSpecification","valueRequired":true,"valueName":"search_term_string"}}],"inLanguage":"es"}]}},"_links":{"self":[{"href":"https:\/\/eirich.com.br\/es\/wp-json\/wp\/v2\/pages\/1048","targetHints":{"allow":["GET"]}}],"collection":[{"href":"https:\/\/eirich.com.br\/es\/wp-json\/wp\/v2\/pages"}],"about":[{"href":"https:\/\/eirich.com.br\/es\/wp-json\/wp\/v2\/types\/page"}],"author":[{"embeddable":true,"href":"https:\/\/eirich.com.br\/es\/wp-json\/wp\/v2\/users\/1"}],"replies":[{"embeddable":true,"href":"https:\/\/eirich.com.br\/es\/wp-json\/wp\/v2\/comments?post=1048"}],"version-history":[{"count":1,"href":"https:\/\/eirich.com.br\/es\/wp-json\/wp\/v2\/pages\/1048\/revisions"}],"predecessor-version":[{"id":1049,"href":"https:\/\/eirich.com.br\/es\/wp-json\/wp\/v2\/pages\/1048\/revisions\/1049"}],"wp:attachment":[{"href":"https:\/\/eirich.com.br\/es\/wp-json\/wp\/v2\/media?parent=1048"}],"curies":[{"name":"wp","href":"https:\/\/api.w.org\/{rel}","templated":true}]}}