{"id":1046,"date":"2023-09-15T10:16:13","date_gmt":"2023-09-15T13:16:13","guid":{"rendered":"https:\/\/eirich.com.br\/es\/?page_id=1046"},"modified":"2023-09-15T10:16:13","modified_gmt":"2023-09-15T13:16:13","slug":"tecnologia-de-granulacion-y-peletizacion","status":"publish","type":"page","link":"https:\/\/eirich.com.br\/es\/tecnologia-de-granulacion-y-peletizacion\/","title":{"rendered":"Tecnolog\u00eda de Granulaci\u00f3n y Peletizaci\u00f3n"},"content":{"rendered":"<p>La granulaci\u00f3n es un proceso de transformaci\u00f3n de un material en peque\u00f1os gr\u00e1nulos, que son m\u00e1s f\u00e1ciles de manipular, transportar y almacenar.<\/p>\n<p>Los materiales granulados se utilizan en una amplia variedad de industrias, incluyendo la qu\u00edmica, la farmac\u00e9utica, la alimentaria y la construcci\u00f3n, y pueden ser empleados en diversas aplicaciones, como la producci\u00f3n de pl\u00e1sticos, la fabricaci\u00f3n de medicamentos y la construcci\u00f3n de materiales de construcci\u00f3n.<\/p>\n<p>Nuestros mezcladores intensivos, o mezcladores granuladores, ofrecen mezcla y granulaci\u00f3n en una sola m\u00e1quina. Eirich cuenta con un amplio conocimiento en tecnolog\u00eda de granulaci\u00f3n y peletizaci\u00f3n.<\/p>\n<p>Nuestros mezcladores intensivos est\u00e1n dise\u00f1ados para producir tama\u00f1os de gr\u00e1nulos previsibles y reproducibles, funcionando como mezcladores granuladores. Esto significa que solo se necesita una m\u00e1quina para ambos procesos de mezcla y granulaci\u00f3n. El proceso de granulaci\u00f3n completo en los mezcladores Eirich puede llevarse a cabo en condiciones atmosf\u00e9ricas normales o al vac\u00edo.<\/p>\n<p>En el campo de la peletizaci\u00f3n, tambi\u00e9n ofrecemos m\u00e1quinas avanzadas para la peletizaci\u00f3n de materiales, como los discos de peletizaci\u00f3n.<\/p>\n<hr \/>\n<h3><a href=\"https:\/\/eirich.com.br\/es\/aplicaciones\/\">Obtenga m\u00e1s informaci\u00f3n sobre nuestras aplicaciones [aqu\u00ed]<\/a>.<\/h3>\n<h3><a href=\"https:\/\/eirich.com.br\/es\/equipamentos\/tecnologia-eirich\/\">Conozca la tecnolog\u00eda de mezcla intensiva de Eirich [aqu\u00ed]<\/a>.<\/h3>\n<h3><a href=\"https:\/\/eirich.com.br\/equipamento\/disco-de-pelotizacao\/\">Vea nuestros equipos para la peletizaci\u00f3n de materiales [aqu\u00ed]<\/a>.<\/h3>\n","protected":false},"excerpt":{"rendered":"<p>La granulaci\u00f3n es un proceso de transformaci\u00f3n de un material en peque\u00f1os gr\u00e1nulos, que son m\u00e1s f\u00e1ciles de manipular, transportar y almacenar. Los materiales granulados se utilizan en una amplia variedad de industrias, incluyendo la qu\u00edmica, la farmac\u00e9utica, la alimentaria y la construcci\u00f3n, y pueden ser empleados en diversas aplicaciones, como la producci\u00f3n de pl\u00e1sticos, [&hellip;]<\/p>\n","protected":false},"author":1,"featured_media":0,"parent":0,"menu_order":0,"comment_status":"closed","ping_status":"closed","template":"","meta":{"footnotes":""},"class_list":["post-1046","page","type-page","status-publish","hentry"],"yoast_head":"<!-- This site is optimized with the Yoast SEO plugin v26.6 - https:\/\/yoast.com\/wordpress\/plugins\/seo\/ -->\n<title>Tecnolog\u00eda de Granulaci\u00f3n y Peletizaci\u00f3n - Eirich de Brasil<\/title>\n<meta name=\"robots\" content=\"index, follow, max-snippet:-1, max-image-preview:large, max-video-preview:-1\" \/>\n<link rel=\"canonical\" href=\"https:\/\/eirich.com.br\/es\/tecnologia-de-granulacion-y-peletizacion\/\" \/>\n<meta property=\"og:locale\" content=\"es_ES\" \/>\n<meta property=\"og:type\" content=\"article\" \/>\n<meta property=\"og:title\" content=\"Tecnolog\u00eda de Granulaci\u00f3n y Peletizaci\u00f3n - Eirich de Brasil\" \/>\n<meta property=\"og:description\" content=\"La granulaci\u00f3n es un proceso de transformaci\u00f3n de un material en peque\u00f1os gr\u00e1nulos, que son m\u00e1s f\u00e1ciles de manipular, transportar y almacenar. Los materiales granulados se utilizan en una amplia variedad de industrias, incluyendo la qu\u00edmica, la farmac\u00e9utica, la alimentaria y la construcci\u00f3n, y pueden ser empleados en diversas aplicaciones, como la producci\u00f3n de pl\u00e1sticos, [&hellip;]\" \/>\n<meta property=\"og:url\" content=\"https:\/\/eirich.com.br\/es\/tecnologia-de-granulacion-y-peletizacion\/\" \/>\n<meta property=\"og:site_name\" content=\"Eirich de Brasil\" \/>\n<meta name=\"twitter:card\" content=\"summary_large_image\" \/>\n<meta name=\"twitter:label1\" content=\"Tiempo de lectura\" \/>\n\t<meta name=\"twitter:data1\" content=\"1 minuto\" \/>\n<script type=\"application\/ld+json\" class=\"yoast-schema-graph\">{\"@context\":\"https:\/\/schema.org\",\"@graph\":[{\"@type\":\"WebPage\",\"@id\":\"https:\/\/eirich.com.br\/es\/tecnologia-de-granulacion-y-peletizacion\/\",\"url\":\"https:\/\/eirich.com.br\/es\/tecnologia-de-granulacion-y-peletizacion\/\",\"name\":\"Tecnolog\u00eda de Granulaci\u00f3n y Peletizaci\u00f3n - Eirich de Brasil\",\"isPartOf\":{\"@id\":\"https:\/\/eirich.com.br\/es\/#website\"},\"datePublished\":\"2023-09-15T13:16:13+00:00\",\"breadcrumb\":{\"@id\":\"https:\/\/eirich.com.br\/es\/tecnologia-de-granulacion-y-peletizacion\/#breadcrumb\"},\"inLanguage\":\"es\",\"potentialAction\":[{\"@type\":\"ReadAction\",\"target\":[\"https:\/\/eirich.com.br\/es\/tecnologia-de-granulacion-y-peletizacion\/\"]}]},{\"@type\":\"BreadcrumbList\",\"@id\":\"https:\/\/eirich.com.br\/es\/tecnologia-de-granulacion-y-peletizacion\/#breadcrumb\",\"itemListElement\":[{\"@type\":\"ListItem\",\"position\":1,\"name\":\"In\u00edcio\",\"item\":\"https:\/\/eirich.com.br\/es\/\"},{\"@type\":\"ListItem\",\"position\":2,\"name\":\"Tecnolog\u00eda de Granulaci\u00f3n y Peletizaci\u00f3n\"}]},{\"@type\":\"WebSite\",\"@id\":\"https:\/\/eirich.com.br\/es\/#website\",\"url\":\"https:\/\/eirich.com.br\/es\/\",\"name\":\"Eirich de Brasil\",\"description\":\"Pionero en la tecnolog\u00eda de mezclado, granulaci\u00f3n, granulaci\u00f3n y molienda fina.\",\"potentialAction\":[{\"@type\":\"SearchAction\",\"target\":{\"@type\":\"EntryPoint\",\"urlTemplate\":\"https:\/\/eirich.com.br\/es\/?s={search_term_string}\"},\"query-input\":{\"@type\":\"PropertyValueSpecification\",\"valueRequired\":true,\"valueName\":\"search_term_string\"}}],\"inLanguage\":\"es\"}]}<\/script>\n<!-- \/ Yoast SEO plugin. -->","yoast_head_json":{"title":"Tecnolog\u00eda de Granulaci\u00f3n y Peletizaci\u00f3n - Eirich de Brasil","robots":{"index":"index","follow":"follow","max-snippet":"max-snippet:-1","max-image-preview":"max-image-preview:large","max-video-preview":"max-video-preview:-1"},"canonical":"https:\/\/eirich.com.br\/es\/tecnologia-de-granulacion-y-peletizacion\/","og_locale":"es_ES","og_type":"article","og_title":"Tecnolog\u00eda de Granulaci\u00f3n y Peletizaci\u00f3n - Eirich de Brasil","og_description":"La granulaci\u00f3n es un proceso de transformaci\u00f3n de un material en peque\u00f1os gr\u00e1nulos, que son m\u00e1s f\u00e1ciles de manipular, transportar y almacenar. Los materiales granulados se utilizan en una amplia variedad de industrias, incluyendo la qu\u00edmica, la farmac\u00e9utica, la alimentaria y la construcci\u00f3n, y pueden ser empleados en diversas aplicaciones, como la producci\u00f3n de pl\u00e1sticos, [&hellip;]","og_url":"https:\/\/eirich.com.br\/es\/tecnologia-de-granulacion-y-peletizacion\/","og_site_name":"Eirich de Brasil","twitter_card":"summary_large_image","twitter_misc":{"Tiempo de lectura":"1 minuto"},"schema":{"@context":"https:\/\/schema.org","@graph":[{"@type":"WebPage","@id":"https:\/\/eirich.com.br\/es\/tecnologia-de-granulacion-y-peletizacion\/","url":"https:\/\/eirich.com.br\/es\/tecnologia-de-granulacion-y-peletizacion\/","name":"Tecnolog\u00eda de Granulaci\u00f3n y Peletizaci\u00f3n - Eirich de Brasil","isPartOf":{"@id":"https:\/\/eirich.com.br\/es\/#website"},"datePublished":"2023-09-15T13:16:13+00:00","breadcrumb":{"@id":"https:\/\/eirich.com.br\/es\/tecnologia-de-granulacion-y-peletizacion\/#breadcrumb"},"inLanguage":"es","potentialAction":[{"@type":"ReadAction","target":["https:\/\/eirich.com.br\/es\/tecnologia-de-granulacion-y-peletizacion\/"]}]},{"@type":"BreadcrumbList","@id":"https:\/\/eirich.com.br\/es\/tecnologia-de-granulacion-y-peletizacion\/#breadcrumb","itemListElement":[{"@type":"ListItem","position":1,"name":"In\u00edcio","item":"https:\/\/eirich.com.br\/es\/"},{"@type":"ListItem","position":2,"name":"Tecnolog\u00eda de Granulaci\u00f3n y Peletizaci\u00f3n"}]},{"@type":"WebSite","@id":"https:\/\/eirich.com.br\/es\/#website","url":"https:\/\/eirich.com.br\/es\/","name":"Eirich de Brasil","description":"Pionero en la tecnolog\u00eda de mezclado, granulaci\u00f3n, granulaci\u00f3n y molienda fina.","potentialAction":[{"@type":"SearchAction","target":{"@type":"EntryPoint","urlTemplate":"https:\/\/eirich.com.br\/es\/?s={search_term_string}"},"query-input":{"@type":"PropertyValueSpecification","valueRequired":true,"valueName":"search_term_string"}}],"inLanguage":"es"}]}},"_links":{"self":[{"href":"https:\/\/eirich.com.br\/es\/wp-json\/wp\/v2\/pages\/1046","targetHints":{"allow":["GET"]}}],"collection":[{"href":"https:\/\/eirich.com.br\/es\/wp-json\/wp\/v2\/pages"}],"about":[{"href":"https:\/\/eirich.com.br\/es\/wp-json\/wp\/v2\/types\/page"}],"author":[{"embeddable":true,"href":"https:\/\/eirich.com.br\/es\/wp-json\/wp\/v2\/users\/1"}],"replies":[{"embeddable":true,"href":"https:\/\/eirich.com.br\/es\/wp-json\/wp\/v2\/comments?post=1046"}],"version-history":[{"count":1,"href":"https:\/\/eirich.com.br\/es\/wp-json\/wp\/v2\/pages\/1046\/revisions"}],"predecessor-version":[{"id":1047,"href":"https:\/\/eirich.com.br\/es\/wp-json\/wp\/v2\/pages\/1046\/revisions\/1047"}],"wp:attachment":[{"href":"https:\/\/eirich.com.br\/es\/wp-json\/wp\/v2\/media?parent=1046"}],"curies":[{"name":"wp","href":"https:\/\/api.w.org\/{rel}","templated":true}]}}