{"id":1044,"date":"2023-09-15T10:15:03","date_gmt":"2023-09-15T13:15:03","guid":{"rendered":"https:\/\/eirich.com.br\/es\/?page_id=1044"},"modified":"2025-12-01T11:05:41","modified_gmt":"2025-12-01T14:05:41","slug":"tecnologia-de-molienda-eirich","status":"publish","type":"page","link":"https:\/\/eirich.com.br\/es\/tecnologia-de-molienda-eirich\/","title":{"rendered":"Tecnolog\u00eda de Molienda Eirich"},"content":{"rendered":"<h1>Tecnolog\u00eda de Molienda Eirich \u2013 soluciones eficaces, diversificadas y a medida<\/h1>\n<p>Preparaci\u00f3n de materias\u2011primas industriales con experiencia. Soluciones de molienda personalizadas y efectivas para minerales industriales, minerales, materias primas para cer\u00e1mica, vidrio y fertilizantes.<\/p>\n<div>Eirich ofrece una amplia gama de molinos y unidades complementarias para molienda muy fina de materiales, desde los m\u00e1s blandos hasta los m\u00e1s duros \u2014 con opciones de molienda seca o h\u00fameda, incluso para materiales altamente abrasivos. \u2028La selecci\u00f3n correcta del sistema de molienda influye directamente en la rentabilidad del proceso y en la calidad del producto final.<\/div>\n<div><\/div>\n<div><strong>Por qu\u00e9 elegir la tecnolog\u00eda de molienda Eirich<\/strong><\/div>\n<ul>\n<li>Soluciones personalizadas a cada aplicaci\u00f3n: no existe un molino universal; para cada tarea hay un sistema \u00f3ptimo.<\/li>\n<li>Flexibilidad de materiales: desde minerales industriales, materias primas para cer\u00e1mica, vidrio, fertilizantes \u2014 hasta pigmentos, cargas, y otros materiales especiales.<\/li>\n<li>Amplia experiencia hist\u00f3rica: con tradici\u00f3n desde 1863, Eirich ha desarrollado tecnolog\u00edas avanzadas de molienda en escala global.<\/li>\n<li>Capacidad de pruebas y optimizaci\u00f3n: centros de test permiten validar viabilidad, f\u00f3rmulas y rendimiento antes da implanta\u00e7\u00e3o em escala industrial.<\/li>\n<\/ul>\n<div><\/div>\n<div><strong>\u00c1reas de aplicaci\u00f3n t\u00edpicas<\/strong><\/div>\n<ul>\n<li>Materiales cer\u00e1micos e insumos para cer\u00e1mica<\/li>\n<li>Minerales industriais e min\u00e9rio de ferro, cobre, ouro, entre otros<\/li>\n<li>Vidros e mat\u00e9rias\u2011primas para vidro<\/li>\n<li>Fertilizantes e insumos agr\u00edcolas<\/li>\n<li>Pigmentos, cargas, aditivos e materiais especiais<\/li>\n<li>Materiais refrat\u00e1rios, \u00f3xidos e minerais diversos<\/li>\n<\/ul>\n<div><\/div>\n<div><strong>Enfoque t\u00e9cnico: molienda + clasificaci\u00f3n<\/strong><\/div>\n<div><\/div>\n<div>Eirich no ofrece apenas un molino: ofrece un sistema completo de molienda fina + clasificaci\u00f3n +, se necess\u00e1rio, secagem ou outros tratamentos complementares. \u2028Com este enfoque, \u00e9 poss\u00edvel alcan\u00e7ar a granulometria desejada, manter a consist\u00eancia da mat\u00e9ria\u2011prima e garantir efici\u00eancia do processo \u2013 reduzindo consumo energ\u00e9tico, desperd\u00edcio e assegurando qualidade.<\/div>\n<div><\/div>\n<div>Compromisso com a excel\u00eancia e suporte t\u00e9cnico<\/div>\n<div><\/div>\n<div>Nossa equipe t\u00e9cnica est\u00e1 dispon\u00edvel para avaliar seu desafio, definir o sistema mais adequado e oferecer suporte na implementa\u00e7\u00e3o e otimiza\u00e7\u00e3o \u2014 garantindo que o sistema de moagem atenda \u00e0s necessidades espec\u00edficas de sua aplica\u00e7\u00e3o.<\/div>\n<div><\/div>\n<div><strong>Conozca nuestros molinos:<\/strong><\/div>\n<div><strong><a href=\"https:\/\/eirich.com.br\/es\/equipamento\/molino-de-agitacion-vertical-towermill\/\" target=\"_blank\" rel=\"noopener\">TowerMill<\/a><\/strong><\/div>\n<div><a href=\"https:\/\/eirich.com.br\/es\/equipamento\/maxxmill-molino-de-bolas-eirich\/\"><strong>MaxxMill<\/strong><\/a><\/div>\n<div>TurboGrinder<\/div>\n<div>FluxxMill<\/div>\n<div>OrbitMill<\/div>\n<hr \/>\n<h3><a href=\"https:\/\/eirich.com.br\/es\/tecnologia\/tecnologia-molienda-fina\/\">Obtenga m\u00e1s informaci\u00f3n sobre nuestra l\u00ednea de molinos [aqu\u00ed]<\/a>.<\/h3>\n<h3><a href=\"https:\/\/eirich.com.br\/es\/aplicaciones\/\">Descubra en qu\u00e9 aplicaciones se puede utilizar nuestra tecnolog\u00eda de molienda.<\/a><\/h3>\n","protected":false},"excerpt":{"rendered":"<p>Tecnolog\u00eda de Molienda Eirich \u2013 soluciones eficaces, diversificadas y a medida Preparaci\u00f3n de materias\u2011primas industriales con experiencia. Soluciones de molienda personalizadas y efectivas para minerales industriales, minerales, materias primas para cer\u00e1mica, vidrio y fertilizantes. Eirich ofrece una amplia gama de molinos y unidades complementarias para molienda muy fina de materiales, desde los m\u00e1s blandos hasta [&hellip;]<\/p>\n","protected":false},"author":1,"featured_media":0,"parent":0,"menu_order":0,"comment_status":"closed","ping_status":"closed","template":"","meta":{"footnotes":""},"class_list":["post-1044","page","type-page","status-publish","hentry"],"yoast_head":"<!-- This site is optimized with the Yoast SEO plugin v26.6 - https:\/\/yoast.com\/wordpress\/plugins\/seo\/ -->\n<title>Tecnolog\u00eda de Molienda Eirich - Eirich de Brasil<\/title>\n<meta name=\"description\" content=\"Tecnolog\u00eda de molienda Eirich: soluciones a medida para molienda fina de minerales, cer\u00e1mica y materias primas industriales.\" \/>\n<meta name=\"robots\" content=\"index, follow, max-snippet:-1, max-image-preview:large, max-video-preview:-1\" \/>\n<link rel=\"canonical\" href=\"https:\/\/eirich.com.br\/es\/tecnologia-de-molienda-eirich\/\" \/>\n<meta property=\"og:locale\" content=\"es_ES\" \/>\n<meta property=\"og:type\" content=\"article\" \/>\n<meta property=\"og:title\" content=\"Tecnolog\u00eda de Molienda Eirich - Eirich de Brasil\" \/>\n<meta property=\"og:description\" content=\"Tecnolog\u00eda de molienda Eirich: soluciones a medida para molienda fina de minerales, cer\u00e1mica y materias primas industriales.\" \/>\n<meta property=\"og:url\" content=\"https:\/\/eirich.com.br\/es\/tecnologia-de-molienda-eirich\/\" \/>\n<meta property=\"og:site_name\" content=\"Eirich de Brasil\" \/>\n<meta property=\"article:modified_time\" content=\"2025-12-01T14:05:41+00:00\" \/>\n<meta name=\"twitter:card\" content=\"summary_large_image\" \/>\n<meta name=\"twitter:label1\" content=\"Tiempo de lectura\" \/>\n\t<meta name=\"twitter:data1\" content=\"2 minutos\" \/>\n<script type=\"application\/ld+json\" class=\"yoast-schema-graph\">{\"@context\":\"https:\/\/schema.org\",\"@graph\":[{\"@type\":\"WebPage\",\"@id\":\"https:\/\/eirich.com.br\/es\/tecnologia-de-molienda-eirich\/\",\"url\":\"https:\/\/eirich.com.br\/es\/tecnologia-de-molienda-eirich\/\",\"name\":\"Tecnolog\u00eda de Molienda Eirich - Eirich de Brasil\",\"isPartOf\":{\"@id\":\"https:\/\/eirich.com.br\/es\/#website\"},\"datePublished\":\"2023-09-15T13:15:03+00:00\",\"dateModified\":\"2025-12-01T14:05:41+00:00\",\"description\":\"Tecnolog\u00eda de molienda Eirich: soluciones a medida para molienda fina de minerales, cer\u00e1mica y materias primas industriales.\",\"breadcrumb\":{\"@id\":\"https:\/\/eirich.com.br\/es\/tecnologia-de-molienda-eirich\/#breadcrumb\"},\"inLanguage\":\"es\",\"potentialAction\":[{\"@type\":\"ReadAction\",\"target\":[\"https:\/\/eirich.com.br\/es\/tecnologia-de-molienda-eirich\/\"]}]},{\"@type\":\"BreadcrumbList\",\"@id\":\"https:\/\/eirich.com.br\/es\/tecnologia-de-molienda-eirich\/#breadcrumb\",\"itemListElement\":[{\"@type\":\"ListItem\",\"position\":1,\"name\":\"In\u00edcio\",\"item\":\"https:\/\/eirich.com.br\/es\/\"},{\"@type\":\"ListItem\",\"position\":2,\"name\":\"Tecnolog\u00eda de Molienda Eirich\"}]},{\"@type\":\"WebSite\",\"@id\":\"https:\/\/eirich.com.br\/es\/#website\",\"url\":\"https:\/\/eirich.com.br\/es\/\",\"name\":\"Eirich de Brasil\",\"description\":\"Pionero en la tecnolog\u00eda de mezclado, granulaci\u00f3n, granulaci\u00f3n y molienda fina.\",\"potentialAction\":[{\"@type\":\"SearchAction\",\"target\":{\"@type\":\"EntryPoint\",\"urlTemplate\":\"https:\/\/eirich.com.br\/es\/?s={search_term_string}\"},\"query-input\":{\"@type\":\"PropertyValueSpecification\",\"valueRequired\":true,\"valueName\":\"search_term_string\"}}],\"inLanguage\":\"es\"}]}<\/script>\n<!-- \/ Yoast SEO plugin. -->","yoast_head_json":{"title":"Tecnolog\u00eda de Molienda Eirich - Eirich de Brasil","description":"Tecnolog\u00eda de molienda Eirich: soluciones a medida para molienda fina de minerales, cer\u00e1mica y materias primas industriales.","robots":{"index":"index","follow":"follow","max-snippet":"max-snippet:-1","max-image-preview":"max-image-preview:large","max-video-preview":"max-video-preview:-1"},"canonical":"https:\/\/eirich.com.br\/es\/tecnologia-de-molienda-eirich\/","og_locale":"es_ES","og_type":"article","og_title":"Tecnolog\u00eda de Molienda Eirich - Eirich de Brasil","og_description":"Tecnolog\u00eda de molienda Eirich: soluciones a medida para molienda fina de minerales, cer\u00e1mica y materias primas industriales.","og_url":"https:\/\/eirich.com.br\/es\/tecnologia-de-molienda-eirich\/","og_site_name":"Eirich de Brasil","article_modified_time":"2025-12-01T14:05:41+00:00","twitter_card":"summary_large_image","twitter_misc":{"Tiempo de lectura":"2 minutos"},"schema":{"@context":"https:\/\/schema.org","@graph":[{"@type":"WebPage","@id":"https:\/\/eirich.com.br\/es\/tecnologia-de-molienda-eirich\/","url":"https:\/\/eirich.com.br\/es\/tecnologia-de-molienda-eirich\/","name":"Tecnolog\u00eda de Molienda Eirich - Eirich de Brasil","isPartOf":{"@id":"https:\/\/eirich.com.br\/es\/#website"},"datePublished":"2023-09-15T13:15:03+00:00","dateModified":"2025-12-01T14:05:41+00:00","description":"Tecnolog\u00eda de molienda Eirich: soluciones a medida para molienda fina de minerales, cer\u00e1mica y materias primas industriales.","breadcrumb":{"@id":"https:\/\/eirich.com.br\/es\/tecnologia-de-molienda-eirich\/#breadcrumb"},"inLanguage":"es","potentialAction":[{"@type":"ReadAction","target":["https:\/\/eirich.com.br\/es\/tecnologia-de-molienda-eirich\/"]}]},{"@type":"BreadcrumbList","@id":"https:\/\/eirich.com.br\/es\/tecnologia-de-molienda-eirich\/#breadcrumb","itemListElement":[{"@type":"ListItem","position":1,"name":"In\u00edcio","item":"https:\/\/eirich.com.br\/es\/"},{"@type":"ListItem","position":2,"name":"Tecnolog\u00eda de Molienda Eirich"}]},{"@type":"WebSite","@id":"https:\/\/eirich.com.br\/es\/#website","url":"https:\/\/eirich.com.br\/es\/","name":"Eirich de Brasil","description":"Pionero en la tecnolog\u00eda de mezclado, granulaci\u00f3n, granulaci\u00f3n y molienda fina.","potentialAction":[{"@type":"SearchAction","target":{"@type":"EntryPoint","urlTemplate":"https:\/\/eirich.com.br\/es\/?s={search_term_string}"},"query-input":{"@type":"PropertyValueSpecification","valueRequired":true,"valueName":"search_term_string"}}],"inLanguage":"es"}]}},"_links":{"self":[{"href":"https:\/\/eirich.com.br\/es\/wp-json\/wp\/v2\/pages\/1044","targetHints":{"allow":["GET"]}}],"collection":[{"href":"https:\/\/eirich.com.br\/es\/wp-json\/wp\/v2\/pages"}],"about":[{"href":"https:\/\/eirich.com.br\/es\/wp-json\/wp\/v2\/types\/page"}],"author":[{"embeddable":true,"href":"https:\/\/eirich.com.br\/es\/wp-json\/wp\/v2\/users\/1"}],"replies":[{"embeddable":true,"href":"https:\/\/eirich.com.br\/es\/wp-json\/wp\/v2\/comments?post=1044"}],"version-history":[{"count":3,"href":"https:\/\/eirich.com.br\/es\/wp-json\/wp\/v2\/pages\/1044\/revisions"}],"predecessor-version":[{"id":1181,"href":"https:\/\/eirich.com.br\/es\/wp-json\/wp\/v2\/pages\/1044\/revisions\/1181"}],"wp:attachment":[{"href":"https:\/\/eirich.com.br\/es\/wp-json\/wp\/v2\/media?parent=1044"}],"curies":[{"name":"wp","href":"https:\/\/api.w.org\/{rel}","templated":true}]}}