{"id":1033,"date":"2023-09-15T10:10:15","date_gmt":"2023-09-15T13:10:15","guid":{"rendered":"https:\/\/eirich.com.br\/es\/?page_id=1033"},"modified":"2023-09-15T14:36:31","modified_gmt":"2023-09-15T17:36:31","slug":"mapa-del-sitio","status":"publish","type":"page","link":"https:\/\/eirich.com.br\/es\/mapa-del-sitio\/","title":{"rendered":"Mapa del Sitio"},"content":{"rendered":"<div class=\"wsp-container\"><ul class=\"wsp-pages-list\">\n<li class=\"page_item page-item-431\"><a href=\"https:\/\/eirich.com.br\/es\/busqueda-de-satisfaccion\/\">B\u00fasqueda de Satisfacci\u00f3n<\/a><\/li>\n<li class=\"page_item page-item-1033\"><a href=\"https:\/\/eirich.com.br\/es\/mapa-del-sitio\/\">Mapa del Sitio<\/a><\/li>\n<li class=\"page_item page-item-1184\"><a href=\"https:\/\/eirich.com.br\/es\/molinos-eirich\/\">Molinos Eirich<\/a><\/li>\n<li class=\"page_item page-item-632\"><a href=\"https:\/\/eirich.com.br\/es\/refractarios\/\">Refractarios<\/a><\/li>\n<li class=\"page_item page-item-1046\"><a href=\"https:\/\/eirich.com.br\/es\/tecnologia-de-granulacion-y-peletizacion\/\">Tecnolog\u00eda de Granulaci\u00f3n y Peletizaci\u00f3n<\/a><\/li>\n<li class=\"page_item page-item-1048\"><a href=\"https:\/\/eirich.com.br\/es\/tecnologia-de-mezclado\/\">Tecnolog\u00eda de Mezclado<\/a><\/li>\n<li class=\"page_item page-item-1044\"><a href=\"https:\/\/eirich.com.br\/es\/tecnologia-de-molienda-eirich\/\">Tecnolog\u00eda de Molienda Eirich<\/a><\/li>\n<li class=\"page_item page-item-4\"><a href=\"https:\/\/eirich.com.br\/es\/\">Home<\/a><\/li>\n<li class=\"page_item page-item-8 page_item_has_children\"><a href=\"https:\/\/eirich.com.br\/es\/equipamentos\/\">Equipos<\/a>\n<ul class='children'>\n\t<li class=\"page_item page-item-16\"><a href=\"https:\/\/eirich.com.br\/es\/equipamentos\/tecnologia-eirich\/\">Tecnolog\u00eda Eirich<\/a><\/li>\n<\/ul>\n<\/li>\n<li class=\"page_item page-item-26 page_item_has_children\"><a href=\"https:\/\/eirich.com.br\/es\/aplicaciones\/\">Aplicaciones<\/a>\n<ul class='children'>\n\t<li class=\"page_item page-item-42 page_item_has_children\"><a href=\"https:\/\/eirich.com.br\/es\/aplicaciones\/baterias\/\">Baterias<\/a>\n\t<ul class='children'>\n\t\t<li class=\"page_item page-item-588\"><a href=\"https:\/\/eirich.com.br\/es\/aplicaciones\/baterias\/pastas-para-acumuladores\/\">Pastas para acumuladores<\/a><\/li>\n\t\t<li class=\"page_item page-item-591\"><a href=\"https:\/\/eirich.com.br\/es\/aplicaciones\/baterias\/baterias-de-iones-de-litio\/\">Bater\u00edas de iones de litio<\/a><\/li>\n\t<\/ul>\n<\/li>\n\t<li class=\"page_item page-item-32 page_item_has_children\"><a href=\"https:\/\/eirich.com.br\/es\/aplicaciones\/ceramica\/\">Cer\u00e1mica<\/a>\n\t<ul class='children'>\n\t\t<li class=\"page_item page-item-597\"><a href=\"https:\/\/eirich.com.br\/es\/aplicaciones\/ceramica\/ecoprep-eirich\/\">EcoPrep\u00ae Eirich<\/a><\/li>\n\t\t<li class=\"page_item page-item-599\"><a href=\"https:\/\/eirich.com.br\/es\/aplicaciones\/ceramica\/dispersion-y-disolucion\/\">Dispersi\u00f3n y disoluci\u00f3n<\/a><\/li>\n\t\t<li class=\"page_item page-item-603\"><a href=\"https:\/\/eirich.com.br\/es\/aplicaciones\/ceramica\/masas-plasticas\/\">Masas pl\u00e1sticas<\/a><\/li>\n\t\t<li class=\"page_item page-item-612\"><a href=\"https:\/\/eirich.com.br\/es\/aplicaciones\/ceramica\/materiales-especiales\/\">Materiales especiales<\/a><\/li>\n\t<\/ul>\n<\/li>\n\t<li class=\"page_item page-item-34 page_item_has_children\"><a href=\"https:\/\/eirich.com.br\/es\/aplicaciones\/fundicion\/\">Fundici\u00f3n<\/a>\n\t<ul class='children'>\n\t\t<li class=\"page_item page-item-682\"><a href=\"https:\/\/eirich.com.br\/es\/aplicaciones\/fundicion\/preparacion-de-arena-de-moldeo-con-refrigeracion-por-aire\/\">Preparaci\u00f3n de arena de moldeo con refrigeraci\u00f3n por aire<\/a><\/li>\n\t\t<li class=\"page_item page-item-684\"><a href=\"https:\/\/eirich.com.br\/es\/aplicaciones\/fundicion\/preparacion-de-arena-de-moldeo-al-vacio\/\">Preparaci\u00f3n de arena de moldeo al vac\u00edo<\/a><\/li>\n\t\t<li class=\"page_item page-item-688\"><a href=\"https:\/\/eirich.com.br\/es\/aplicaciones\/fundicion\/instalaciones-para-la-preparacion-de-arena-de-moldeo\/\">Instalaciones para la preparaci\u00f3n de arena de moldeo<\/a><\/li>\n\t\t<li class=\"page_item page-item-690\"><a href=\"https:\/\/eirich.com.br\/es\/aplicaciones\/fundicion\/aseguramiento-de-calidad\/\">Aseguramiento de calidad<\/a><\/li>\n\t<\/ul>\n<\/li>\n\t<li class=\"page_item page-item-36\"><a href=\"https:\/\/eirich.com.br\/es\/aplicaciones\/materiales-de-construccion\/\">Materiales de Construcci\u00f3n<\/a><\/li>\n\t<li class=\"page_item page-item-38 page_item_has_children\"><a href=\"https:\/\/eirich.com.br\/es\/aplicaciones\/metalurgia\/\">Metalurgia<\/a>\n\t<ul class='children'>\n\t\t<li class=\"page_item page-item-640\"><a href=\"https:\/\/eirich.com.br\/es\/aplicaciones\/metalurgia\/preparacion-de-pelets-y-micropelets\/\">Preparaci\u00f3n de pelets y micropelets<\/a><\/li>\n\t\t<li class=\"page_item page-item-647\"><a href=\"https:\/\/eirich.com.br\/es\/aplicaciones\/metalurgia\/preparacion-de-mezclas-sinterizadas\/\">Preparaci\u00f3n de mezclas sinterizadas<\/a><\/li>\n\t\t<li class=\"page_item page-item-652\"><a href=\"https:\/\/eirich.com.br\/es\/aplicaciones\/metalurgia\/reciclaje-de-residuos-valiosos\/\">Reciclaje de residuos valiosos<\/a><\/li>\n\t<\/ul>\n<\/li>\n\t<li class=\"page_item page-item-40\"><a href=\"https:\/\/eirich.com.br\/es\/aplicaciones\/mineracion\/\">Mineraci\u00f3n<\/a><\/li>\n\t<li class=\"page_item page-item-46\"><a href=\"https:\/\/eirich.com.br\/es\/aplicaciones\/proteccion-ambiental\/\">Protecci\u00f3n ambiental<\/a><\/li>\n\t<li class=\"page_item page-item-44\"><a href=\"https:\/\/eirich.com.br\/es\/aplicaciones\/siderurgia\/\">Siderurgia<\/a><\/li>\n\t<li class=\"page_item page-item-48\"><a href=\"https:\/\/eirich.com.br\/es\/aplicaciones\/vidrio\/\">Vidrio<\/a><\/li>\n\t<li class=\"page_item page-item-30\"><a href=\"https:\/\/eirich.com.br\/es\/aplicaciones\/alimenticia\/\">Alimenticia<\/a><\/li>\n\t<li class=\"page_item page-item-28 page_item_has_children\"><a href=\"https:\/\/eirich.com.br\/es\/aplicaciones\/fertilizantes\/\">Fertilizantes<\/a>\n\t<ul class='children'>\n\t\t<li class=\"page_item page-item-618\"><a href=\"https:\/\/eirich.com.br\/es\/aplicaciones\/fertilizantes\/materias-primas\/\">Materias primas<\/a><\/li>\n\t\t<li class=\"page_item page-item-621\"><a href=\"https:\/\/eirich.com.br\/es\/aplicaciones\/fertilizantes\/diseno-de-fertilizantes\/\">Dise\u00f1o de fertilizantes<\/a><\/li>\n\t\t<li class=\"page_item page-item-624\"><a href=\"https:\/\/eirich.com.br\/es\/aplicaciones\/fertilizantes\/concepto-de-sistema\/\">Concepto de sistema<\/a><\/li>\n\t<\/ul>\n<\/li>\n<\/ul>\n<\/li>\n<li class=\"page_item page-item-10 page_item_has_children\"><a href=\"https:\/\/eirich.com.br\/es\/servicios-eirich\/\">Servicios<\/a>\n<ul class='children'>\n\t<li class=\"page_item page-item-1211\"><a href=\"https:\/\/eirich.com.br\/es\/servicios-eirich\/planta-de-servicios\/\">Planta de Servicios<\/a><\/li>\n\t<li class=\"page_item page-item-1099\"><a href=\"https:\/\/eirich.com.br\/es\/servicios-eirich\/planta-de-servicios-eirich\/\">Planta de Servicios Eirich<\/a><\/li>\n\t<li class=\"page_item page-item-1107\"><a href=\"https:\/\/eirich.com.br\/es\/servicios-eirich\/planta-de-servicios-eirich-2\/\">Planta de Servicios Eirich<\/a><\/li>\n\t<li class=\"page_item page-item-1102\"><a href=\"https:\/\/eirich.com.br\/es\/servicios-eirich\/programa-mantenimiento-preventivo-eirich\/\">Programa\u200b Mantenimiento Preventivo<\/a><\/li>\n\t<li class=\"page_item page-item-18\"><a href=\"https:\/\/eirich.com.br\/es\/servicios-eirich\/centro-de-testes\/\">Centro de Testes<\/a><\/li>\n\t<li class=\"page_item page-item-20\"><a href=\"https:\/\/eirich.com.br\/es\/servicios-eirich\/repuestos-y-servicios\/\">Repuestos y Servicios<\/a><\/li>\n\t<li class=\"page_item page-item-22\"><a href=\"https:\/\/eirich.com.br\/es\/servicios-eirich\/ingenieria-de-planta\/\">Ingenier\u00eda de Planta<\/a><\/li>\n<\/ul>\n<\/li>\n<li class=\"page_item page-item-6 current_page_parent\"><a href=\"https:\/\/eirich.com.br\/es\/blog\/\">Blog<\/a><\/li>\n<li class=\"page_item page-item-12 page_item_has_children\"><a href=\"https:\/\/eirich.com.br\/es\/maschinenfabrik-gustav-eirich\/\">Maschinenfabrik Gustav Eirich<\/a>\n<ul class='children'>\n\t<li class=\"page_item page-item-24 page_item_has_children\"><a href=\"https:\/\/eirich.com.br\/es\/maschinenfabrik-gustav-eirich\/eirich-brasil\/\">Eirich Brasil<\/a>\n\t<ul class='children'>\n\t\t<li class=\"page_item page-item-117\"><a href=\"https:\/\/eirich.com.br\/es\/maschinenfabrik-gustav-eirich\/eirich-brasil\/certificaciones\/\">Certificaciones<\/a><\/li>\n\t\t<li class=\"page_item page-item-119\"><a href=\"https:\/\/eirich.com.br\/es\/maschinenfabrik-gustav-eirich\/eirich-brasil\/estructura\/\">Estructura<\/a><\/li>\n\t<\/ul>\n<\/li>\n\t<li class=\"page_item page-item-161\"><a href=\"https:\/\/eirich.com.br\/es\/maschinenfabrik-gustav-eirich\/empresas-del-grupo-eirich\/\">Empresas del Grupo<\/a><\/li>\n<\/ul>\n<\/li>\n<li class=\"page_item page-item-14\"><a href=\"https:\/\/eirich.com.br\/es\/contato\/\">Contacto<\/a><\/li>\n<li class=\"page_item page-item-72\"><a href=\"https:\/\/eirich.com.br\/es\/eventos\/\">Eventos<\/a><\/li>\n<\/ul>\n<\/div>\n","protected":false},"excerpt":{"rendered":"","protected":false},"author":1,"featured_media":0,"parent":0,"menu_order":0,"comment_status":"closed","ping_status":"closed","template":"","meta":{"footnotes":""},"class_list":["post-1033","page","type-page","status-publish","hentry"],"yoast_head":"<!-- This site is optimized with the Yoast SEO plugin v26.6 - https:\/\/yoast.com\/wordpress\/plugins\/seo\/ -->\n<title>Mapa del Sitio - Eirich de Brasil<\/title>\n<meta name=\"robots\" content=\"index, follow, max-snippet:-1, max-image-preview:large, max-video-preview:-1\" \/>\n<link rel=\"canonical\" href=\"https:\/\/eirich.com.br\/es\/mapa-del-sitio\/\" \/>\n<meta property=\"og:locale\" content=\"es_ES\" \/>\n<meta property=\"og:type\" content=\"article\" \/>\n<meta property=\"og:title\" content=\"Mapa del Sitio - Eirich de Brasil\" \/>\n<meta property=\"og:url\" content=\"https:\/\/eirich.com.br\/es\/mapa-del-sitio\/\" \/>\n<meta property=\"og:site_name\" content=\"Eirich de Brasil\" \/>\n<meta property=\"article:modified_time\" content=\"2023-09-15T17:36:31+00:00\" \/>\n<meta name=\"twitter:card\" content=\"summary_large_image\" \/>\n<script type=\"application\/ld+json\" class=\"yoast-schema-graph\">{\"@context\":\"https:\/\/schema.org\",\"@graph\":[{\"@type\":\"WebPage\",\"@id\":\"https:\/\/eirich.com.br\/es\/mapa-del-sitio\/\",\"url\":\"https:\/\/eirich.com.br\/es\/mapa-del-sitio\/\",\"name\":\"Mapa del Sitio - Eirich de Brasil\",\"isPartOf\":{\"@id\":\"https:\/\/eirich.com.br\/es\/#website\"},\"datePublished\":\"2023-09-15T13:10:15+00:00\",\"dateModified\":\"2023-09-15T17:36:31+00:00\",\"breadcrumb\":{\"@id\":\"https:\/\/eirich.com.br\/es\/mapa-del-sitio\/#breadcrumb\"},\"inLanguage\":\"es\",\"potentialAction\":[{\"@type\":\"ReadAction\",\"target\":[\"https:\/\/eirich.com.br\/es\/mapa-del-sitio\/\"]}]},{\"@type\":\"BreadcrumbList\",\"@id\":\"https:\/\/eirich.com.br\/es\/mapa-del-sitio\/#breadcrumb\",\"itemListElement\":[{\"@type\":\"ListItem\",\"position\":1,\"name\":\"In\u00edcio\",\"item\":\"https:\/\/eirich.com.br\/es\/\"},{\"@type\":\"ListItem\",\"position\":2,\"name\":\"Mapa del Sitio\"}]},{\"@type\":\"WebSite\",\"@id\":\"https:\/\/eirich.com.br\/es\/#website\",\"url\":\"https:\/\/eirich.com.br\/es\/\",\"name\":\"Eirich de Brasil\",\"description\":\"Pionero en la tecnolog\u00eda de mezclado, granulaci\u00f3n, granulaci\u00f3n y molienda fina.\",\"potentialAction\":[{\"@type\":\"SearchAction\",\"target\":{\"@type\":\"EntryPoint\",\"urlTemplate\":\"https:\/\/eirich.com.br\/es\/?s={search_term_string}\"},\"query-input\":{\"@type\":\"PropertyValueSpecification\",\"valueRequired\":true,\"valueName\":\"search_term_string\"}}],\"inLanguage\":\"es\"}]}<\/script>\n<!-- \/ Yoast SEO plugin. -->","yoast_head_json":{"title":"Mapa del Sitio - Eirich de Brasil","robots":{"index":"index","follow":"follow","max-snippet":"max-snippet:-1","max-image-preview":"max-image-preview:large","max-video-preview":"max-video-preview:-1"},"canonical":"https:\/\/eirich.com.br\/es\/mapa-del-sitio\/","og_locale":"es_ES","og_type":"article","og_title":"Mapa del Sitio - Eirich de Brasil","og_url":"https:\/\/eirich.com.br\/es\/mapa-del-sitio\/","og_site_name":"Eirich de Brasil","article_modified_time":"2023-09-15T17:36:31+00:00","twitter_card":"summary_large_image","schema":{"@context":"https:\/\/schema.org","@graph":[{"@type":"WebPage","@id":"https:\/\/eirich.com.br\/es\/mapa-del-sitio\/","url":"https:\/\/eirich.com.br\/es\/mapa-del-sitio\/","name":"Mapa del Sitio - Eirich de Brasil","isPartOf":{"@id":"https:\/\/eirich.com.br\/es\/#website"},"datePublished":"2023-09-15T13:10:15+00:00","dateModified":"2023-09-15T17:36:31+00:00","breadcrumb":{"@id":"https:\/\/eirich.com.br\/es\/mapa-del-sitio\/#breadcrumb"},"inLanguage":"es","potentialAction":[{"@type":"ReadAction","target":["https:\/\/eirich.com.br\/es\/mapa-del-sitio\/"]}]},{"@type":"BreadcrumbList","@id":"https:\/\/eirich.com.br\/es\/mapa-del-sitio\/#breadcrumb","itemListElement":[{"@type":"ListItem","position":1,"name":"In\u00edcio","item":"https:\/\/eirich.com.br\/es\/"},{"@type":"ListItem","position":2,"name":"Mapa del Sitio"}]},{"@type":"WebSite","@id":"https:\/\/eirich.com.br\/es\/#website","url":"https:\/\/eirich.com.br\/es\/","name":"Eirich de Brasil","description":"Pionero en la tecnolog\u00eda de mezclado, granulaci\u00f3n, granulaci\u00f3n y molienda fina.","potentialAction":[{"@type":"SearchAction","target":{"@type":"EntryPoint","urlTemplate":"https:\/\/eirich.com.br\/es\/?s={search_term_string}"},"query-input":{"@type":"PropertyValueSpecification","valueRequired":true,"valueName":"search_term_string"}}],"inLanguage":"es"}]}},"_links":{"self":[{"href":"https:\/\/eirich.com.br\/es\/wp-json\/wp\/v2\/pages\/1033","targetHints":{"allow":["GET"]}}],"collection":[{"href":"https:\/\/eirich.com.br\/es\/wp-json\/wp\/v2\/pages"}],"about":[{"href":"https:\/\/eirich.com.br\/es\/wp-json\/wp\/v2\/types\/page"}],"author":[{"embeddable":true,"href":"https:\/\/eirich.com.br\/es\/wp-json\/wp\/v2\/users\/1"}],"replies":[{"embeddable":true,"href":"https:\/\/eirich.com.br\/es\/wp-json\/wp\/v2\/comments?post=1033"}],"version-history":[{"count":4,"href":"https:\/\/eirich.com.br\/es\/wp-json\/wp\/v2\/pages\/1033\/revisions"}],"predecessor-version":[{"id":1054,"href":"https:\/\/eirich.com.br\/es\/wp-json\/wp\/v2\/pages\/1033\/revisions\/1054"}],"wp:attachment":[{"href":"https:\/\/eirich.com.br\/es\/wp-json\/wp\/v2\/media?parent=1033"}],"curies":[{"name":"wp","href":"https:\/\/api.w.org\/{rel}","templated":true}]}}