{"id":10,"date":"2016-06-29T16:16:18","date_gmt":"2016-06-29T19:16:18","guid":{"rendered":"https:\/\/eirich.com.br\/es\/?page_id=10"},"modified":"2016-07-27T11:52:43","modified_gmt":"2016-07-27T14:52:43","slug":"servicios-eirich","status":"publish","type":"page","link":"https:\/\/eirich.com.br\/es\/servicios-eirich\/","title":{"rendered":"Servicios"},"content":{"rendered":"<h3>Servicios en toda parte del mundo<\/h3>\n<p>Eirich ofrece una amplia cartera de servicios para dar suporte a sus m\u00e1quinas e instalaciones.<\/p>\n<ul>\n<li>Centros de testes Eirich en siete pa\u00edses, incluyendo la planta en Brasil.<\/li>\n<li>Repuestos originales y asistencia de alta calidad en todo el ciclo de vida de su equipo.<\/li>\n<li>Modernizaci\u00f3n de plantas, renovaci\u00f3n y adaptaci\u00f3n de equipos.<\/li>\n<\/ul>\n<p>Navega por el men\u00fa al lado para obtener m\u00e1s informaci\u00f3n acerca de cada servicio.<\/p>\n<h3>Para m\u00e1s informaciones<\/h3>\n<p>Entre en contacto con nosotros: <a href=\"mailto:vendas@eirich.com.br\">vendas@eirich.com.br<\/a> o + 55 11 4619-8900<\/p>\n","protected":false},"excerpt":{"rendered":"<p>Servicios en toda parte del mundo Eirich ofrece una amplia cartera de servicios para dar suporte a sus m\u00e1quinas e instalaciones. Centros de testes Eirich en siete pa\u00edses, incluyendo la planta en Brasil. Repuestos originales y asistencia de alta calidad en todo el ciclo de vida de su equipo. Modernizaci\u00f3n de plantas, renovaci\u00f3n y adaptaci\u00f3n [&hellip;]<\/p>\n","protected":false},"author":1,"featured_media":271,"parent":0,"menu_order":4,"comment_status":"closed","ping_status":"closed","template":"","meta":{"footnotes":""},"class_list":["post-10","page","type-page","status-publish","has-post-thumbnail","hentry"],"yoast_head":"<!-- This site is optimized with the Yoast SEO plugin v26.6 - https:\/\/yoast.com\/wordpress\/plugins\/seo\/ -->\n<title>Servicios - Eirich de Brasil<\/title>\n<meta name=\"robots\" content=\"index, follow, max-snippet:-1, max-image-preview:large, max-video-preview:-1\" \/>\n<link rel=\"canonical\" href=\"https:\/\/eirich.com.br\/es\/servicios-eirich\/\" \/>\n<meta property=\"og:locale\" content=\"es_ES\" \/>\n<meta property=\"og:type\" content=\"article\" \/>\n<meta property=\"og:title\" content=\"Servicios - Eirich de Brasil\" \/>\n<meta property=\"og:description\" content=\"Servicios en toda parte del mundo Eirich ofrece una amplia cartera de servicios para dar suporte a sus m\u00e1quinas e instalaciones. Centros de testes Eirich en siete pa\u00edses, incluyendo la planta en Brasil. Repuestos originales y asistencia de alta calidad en todo el ciclo de vida de su equipo. Modernizaci\u00f3n de plantas, renovaci\u00f3n y adaptaci\u00f3n [&hellip;]\" \/>\n<meta property=\"og:url\" content=\"https:\/\/eirich.com.br\/es\/servicios-eirich\/\" \/>\n<meta property=\"og:site_name\" content=\"Eirich de Brasil\" \/>\n<meta property=\"article:modified_time\" content=\"2016-07-27T14:52:43+00:00\" \/>\n<meta property=\"og:image\" content=\"https:\/\/eirich.com.br\/es\/wp-content\/uploads\/sites\/3\/2016\/06\/servicios-eirich-brasil-1.jpg\" \/>\n\t<meta property=\"og:image:width\" content=\"1772\" \/>\n\t<meta property=\"og:image:height\" content=\"400\" \/>\n\t<meta property=\"og:image:type\" content=\"image\/jpeg\" \/>\n<meta name=\"twitter:card\" content=\"summary_large_image\" \/>\n<script type=\"application\/ld+json\" class=\"yoast-schema-graph\">{\"@context\":\"https:\/\/schema.org\",\"@graph\":[{\"@type\":\"WebPage\",\"@id\":\"https:\/\/eirich.com.br\/es\/servicios-eirich\/\",\"url\":\"https:\/\/eirich.com.br\/es\/servicios-eirich\/\",\"name\":\"Servicios - Eirich de Brasil\",\"isPartOf\":{\"@id\":\"https:\/\/eirich.com.br\/es\/#website\"},\"primaryImageOfPage\":{\"@id\":\"https:\/\/eirich.com.br\/es\/servicios-eirich\/#primaryimage\"},\"image\":{\"@id\":\"https:\/\/eirich.com.br\/es\/servicios-eirich\/#primaryimage\"},\"thumbnailUrl\":\"https:\/\/eirich.com.br\/es\/wp-content\/uploads\/sites\/3\/2016\/06\/servicios-eirich-brasil-1.jpg\",\"datePublished\":\"2016-06-29T19:16:18+00:00\",\"dateModified\":\"2016-07-27T14:52:43+00:00\",\"breadcrumb\":{\"@id\":\"https:\/\/eirich.com.br\/es\/servicios-eirich\/#breadcrumb\"},\"inLanguage\":\"es\",\"potentialAction\":[{\"@type\":\"ReadAction\",\"target\":[\"https:\/\/eirich.com.br\/es\/servicios-eirich\/\"]}]},{\"@type\":\"ImageObject\",\"inLanguage\":\"es\",\"@id\":\"https:\/\/eirich.com.br\/es\/servicios-eirich\/#primaryimage\",\"url\":\"https:\/\/eirich.com.br\/es\/wp-content\/uploads\/sites\/3\/2016\/06\/servicios-eirich-brasil-1.jpg\",\"contentUrl\":\"https:\/\/eirich.com.br\/es\/wp-content\/uploads\/sites\/3\/2016\/06\/servicios-eirich-brasil-1.jpg\",\"width\":1772,\"height\":400},{\"@type\":\"BreadcrumbList\",\"@id\":\"https:\/\/eirich.com.br\/es\/servicios-eirich\/#breadcrumb\",\"itemListElement\":[{\"@type\":\"ListItem\",\"position\":1,\"name\":\"In\u00edcio\",\"item\":\"https:\/\/eirich.com.br\/es\/\"},{\"@type\":\"ListItem\",\"position\":2,\"name\":\"Servicios\"}]},{\"@type\":\"WebSite\",\"@id\":\"https:\/\/eirich.com.br\/es\/#website\",\"url\":\"https:\/\/eirich.com.br\/es\/\",\"name\":\"Eirich de Brasil\",\"description\":\"Pionero en la tecnolog\u00eda de mezclado, granulaci\u00f3n, granulaci\u00f3n y molienda fina.\",\"potentialAction\":[{\"@type\":\"SearchAction\",\"target\":{\"@type\":\"EntryPoint\",\"urlTemplate\":\"https:\/\/eirich.com.br\/es\/?s={search_term_string}\"},\"query-input\":{\"@type\":\"PropertyValueSpecification\",\"valueRequired\":true,\"valueName\":\"search_term_string\"}}],\"inLanguage\":\"es\"}]}<\/script>\n<!-- \/ Yoast SEO plugin. -->","yoast_head_json":{"title":"Servicios - Eirich de Brasil","robots":{"index":"index","follow":"follow","max-snippet":"max-snippet:-1","max-image-preview":"max-image-preview:large","max-video-preview":"max-video-preview:-1"},"canonical":"https:\/\/eirich.com.br\/es\/servicios-eirich\/","og_locale":"es_ES","og_type":"article","og_title":"Servicios - Eirich de Brasil","og_description":"Servicios en toda parte del mundo Eirich ofrece una amplia cartera de servicios para dar suporte a sus m\u00e1quinas e instalaciones. Centros de testes Eirich en siete pa\u00edses, incluyendo la planta en Brasil. Repuestos originales y asistencia de alta calidad en todo el ciclo de vida de su equipo. Modernizaci\u00f3n de plantas, renovaci\u00f3n y adaptaci\u00f3n [&hellip;]","og_url":"https:\/\/eirich.com.br\/es\/servicios-eirich\/","og_site_name":"Eirich de Brasil","article_modified_time":"2016-07-27T14:52:43+00:00","og_image":[{"width":1772,"height":400,"url":"https:\/\/eirich.com.br\/es\/wp-content\/uploads\/sites\/3\/2016\/06\/servicios-eirich-brasil-1.jpg","type":"image\/jpeg"}],"twitter_card":"summary_large_image","schema":{"@context":"https:\/\/schema.org","@graph":[{"@type":"WebPage","@id":"https:\/\/eirich.com.br\/es\/servicios-eirich\/","url":"https:\/\/eirich.com.br\/es\/servicios-eirich\/","name":"Servicios - Eirich de Brasil","isPartOf":{"@id":"https:\/\/eirich.com.br\/es\/#website"},"primaryImageOfPage":{"@id":"https:\/\/eirich.com.br\/es\/servicios-eirich\/#primaryimage"},"image":{"@id":"https:\/\/eirich.com.br\/es\/servicios-eirich\/#primaryimage"},"thumbnailUrl":"https:\/\/eirich.com.br\/es\/wp-content\/uploads\/sites\/3\/2016\/06\/servicios-eirich-brasil-1.jpg","datePublished":"2016-06-29T19:16:18+00:00","dateModified":"2016-07-27T14:52:43+00:00","breadcrumb":{"@id":"https:\/\/eirich.com.br\/es\/servicios-eirich\/#breadcrumb"},"inLanguage":"es","potentialAction":[{"@type":"ReadAction","target":["https:\/\/eirich.com.br\/es\/servicios-eirich\/"]}]},{"@type":"ImageObject","inLanguage":"es","@id":"https:\/\/eirich.com.br\/es\/servicios-eirich\/#primaryimage","url":"https:\/\/eirich.com.br\/es\/wp-content\/uploads\/sites\/3\/2016\/06\/servicios-eirich-brasil-1.jpg","contentUrl":"https:\/\/eirich.com.br\/es\/wp-content\/uploads\/sites\/3\/2016\/06\/servicios-eirich-brasil-1.jpg","width":1772,"height":400},{"@type":"BreadcrumbList","@id":"https:\/\/eirich.com.br\/es\/servicios-eirich\/#breadcrumb","itemListElement":[{"@type":"ListItem","position":1,"name":"In\u00edcio","item":"https:\/\/eirich.com.br\/es\/"},{"@type":"ListItem","position":2,"name":"Servicios"}]},{"@type":"WebSite","@id":"https:\/\/eirich.com.br\/es\/#website","url":"https:\/\/eirich.com.br\/es\/","name":"Eirich de Brasil","description":"Pionero en la tecnolog\u00eda de mezclado, granulaci\u00f3n, granulaci\u00f3n y molienda fina.","potentialAction":[{"@type":"SearchAction","target":{"@type":"EntryPoint","urlTemplate":"https:\/\/eirich.com.br\/es\/?s={search_term_string}"},"query-input":{"@type":"PropertyValueSpecification","valueRequired":true,"valueName":"search_term_string"}}],"inLanguage":"es"}]}},"_links":{"self":[{"href":"https:\/\/eirich.com.br\/es\/wp-json\/wp\/v2\/pages\/10","targetHints":{"allow":["GET"]}}],"collection":[{"href":"https:\/\/eirich.com.br\/es\/wp-json\/wp\/v2\/pages"}],"about":[{"href":"https:\/\/eirich.com.br\/es\/wp-json\/wp\/v2\/types\/page"}],"author":[{"embeddable":true,"href":"https:\/\/eirich.com.br\/es\/wp-json\/wp\/v2\/users\/1"}],"replies":[{"embeddable":true,"href":"https:\/\/eirich.com.br\/es\/wp-json\/wp\/v2\/comments?post=10"}],"version-history":[{"count":4,"href":"https:\/\/eirich.com.br\/es\/wp-json\/wp\/v2\/pages\/10\/revisions"}],"predecessor-version":[{"id":270,"href":"https:\/\/eirich.com.br\/es\/wp-json\/wp\/v2\/pages\/10\/revisions\/270"}],"wp:featuredmedia":[{"embeddable":true,"href":"https:\/\/eirich.com.br\/es\/wp-json\/wp\/v2\/media\/271"}],"wp:attachment":[{"href":"https:\/\/eirich.com.br\/es\/wp-json\/wp\/v2\/media?parent=10"}],"curies":[{"name":"wp","href":"https:\/\/api.w.org\/{rel}","templated":true}]}}